{"id":10028,"date":"2016-07-19T19:57:34","date_gmt":"2016-07-19T17:57:34","guid":{"rendered":"http:\/\/www.kloster-metten.de\/?page_id=10028"},"modified":"2017-09-17T08:26:25","modified_gmt":"2017-09-17T06:26:25","slug":"osterhofener-parklauf","status":"publish","type":"page","link":"https:\/\/www.kloster-metten.com\/?page_id=10028","title":{"rendered":"Osterhofener Parklauf"},"content":{"rendered":"<a href=\"https:\/\/www.kloster-metten.com\/wp-content\/uploads\/2016\/07\/Die-Mettener-Sch\u00fcler-vor-dem-Start_.jpg\"><img loading=\"lazy\" decoding=\"async\" class=\"alignnone size-medium wp-image-10029\" title=\"Die Mettener Sch\u00fcler vor dem Start_\" src=\"https:\/\/www.kloster-metten.com\/wp-content\/uploads\/2016\/07\/Die-Mettener-Sch\u00fcler-vor-dem-Start_-500x331.jpg\" alt=\"Die Mettener Sch\u00fcler vor dem Start_\" width=\"500\" height=\"331\" srcset=\"https:\/\/www.kloster-metten.com\/wp-content\/uploads\/2016\/07\/Die-Mettener-Sch\u00fcler-vor-dem-Start_-500x331.jpg 500w, https:\/\/www.kloster-metten.com\/wp-content\/uploads\/2016\/07\/Die-Mettener-Sch\u00fcler-vor-dem-Start_-768x509.jpg 768w, https:\/\/www.kloster-metten.com\/wp-content\/uploads\/2016\/07\/Die-Mettener-Sch\u00fcler-vor-dem-Start_-1024x678.jpg 1024w, https:\/\/www.kloster-metten.com\/wp-content\/uploads\/2016\/07\/Die-Mettener-Sch\u00fcler-vor-dem-Start_.jpg 1232w\" sizes=\"auto, (max-width: 500px) 100vw, 500px\" \/><\/a><h2>Osterhofener Parklauf<\/h2><p><\/p>\n<p>Samstag, 9. Juli, ein Nachmittag, der nach den regnerischen Wochen eindrucksvoll daran erinnert, dass doch eigentlich Sommer ist. Es ist der Tag des ersten Osterhofener Parklaufs. Unter den \u00fcber 500 Teilnehmern befinden sich auch 38 Sch\u00fclerinnen und Sch\u00fcler vom St.-Michaels-Gymnasium, die in sechs Teams an den Start gehen.<\/p>\n<p>Im Arbeitskreis Schule-Wirtschaft entstand 2015 die Idee eines &#8222;Schul- und Firmenlaufes&#8220; f\u00fcr den Landkreis Deggendorf mit dem Ziel, den Austausch der Schulen mit den Firmen in einer entspannten Atmosph\u00e4re anzuregen und zu intensivieren. Etwa die H\u00e4lfte der Teilnehmer am Osterhofener Parklauf entstammt dem Arbeitskreis.<\/p>\n<p>Die Mettener Sch\u00fcler laufen unter der Patenschaft der Streicher AG mit. Und sie schlagen sich wacker: \u00dcber 4000 Meter erreicht Niklas Meinzinger mit 19:18 Minuten den respektablen 44. Platz \u2013 bei 315 Startern \u2013 in der Gesamtwertung. Unter 160 L\u00e4ufern \u00fcber 7000 Meter kommt Lukas Gilch nach 34:21 Minuten als 43. ins Ziel. Anna M\u00e4rz, Julia Stettmer und Noah M\u00e4rz schaffen es in ihren Altersklassen aufs Podest. Doch eigentlich k\u00f6nnen sich alle als Sieger f\u00fchlen, denn bei Temperaturen \u00fcber 30\u00b0 C durchzuhalten, verdient h\u00f6chste Anerkennung.<\/p>\n<p>Die Veranstalter \u00fcberlegen, den Lauf auch in den kommenden Jahren durchzuf\u00fchren. Das St.-Michaels-Gymnasium wird auf jeden Fall wieder am Start sein.<\/p>\n\r\n\t\t<style type='text\/css'>\r\n\t\t\t#gallery-1 {\r\n\t\t\t\tmargin: auto;\r\n\t\t\t}\r\n\t\t\t#gallery-1 .gallery-item {\r\n\t\t\t\tfloat: left;\r\n\t\t\t\tmargin-top: 10px;\r\n\t\t\t\ttext-align: center;\r\n\t\t\t\twidth: 33%;\r\n\t\t\t}\r\n\t\t\t#gallery-1 hr {\r\n\t\t\t\theight: 1px;\r\n\t\t\t}\r\n\t\t\t#gallery-1 .gallery-caption {\r\n\t\t\t\tmargin-left: 0;\r\n\t\t\t}\r\n\t\t\t\/* see gallery_shortcode() in wp-includes\/media.php *\/\r\n\t\t<\/style>\n\t\t<div id='gallery-1' class='gallery galleryid-10028 gallery-columns-3 gallery-size-thumbnail'><hr class='null'><dl class='gallery-item'>\r\n\t\t\t<dt class='gallery-icon landscape'>\r\n\t\t\t\t<a title=\"Anna M\u00e4rz und Julia Stettmer_\"  href='https:\/\/www.kloster-metten.com\/?attachment_id=10030'><img loading=\"lazy\" decoding=\"async\" width=\"170\" height=\"115\" src=\"https:\/\/www.kloster-metten.com\/wp-content\/uploads\/2016\/07\/Anna-M\u00e4rz-und-Julia-Stettmer_-170x115.jpg\" class=\"attachment-thumbnail size-thumbnail\" alt=\"\" \/><\/a>\r\n\t\t\t<\/dt><\/dl><dl class='gallery-item'>\r\n\t\t\t<dt class='gallery-icon landscape'>\r\n\t\t\t\t<a title=\"Entspannt vor dem Rennen (2)_\"  href='https:\/\/www.kloster-metten.com\/?attachment_id=10031'><img loading=\"lazy\" decoding=\"async\" width=\"170\" height=\"115\" src=\"https:\/\/www.kloster-metten.com\/wp-content\/uploads\/2016\/07\/Entspannt-vor-dem-Rennen-2_-170x115.jpg\" class=\"attachment-thumbnail size-thumbnail\" alt=\"\" \/><\/a>\r\n\t\t\t<\/dt><\/dl><dl class='gallery-item'>\r\n\t\t\t<dt class='gallery-icon landscape'>\r\n\t\t\t\t<a title=\"Entspannt vor dem Rennen_\"  href='https:\/\/www.kloster-metten.com\/?attachment_id=10032'><img loading=\"lazy\" decoding=\"async\" width=\"170\" height=\"115\" src=\"https:\/\/www.kloster-metten.com\/wp-content\/uploads\/2016\/07\/Entspannt-vor-dem-Rennen_-170x115.jpg\" class=\"attachment-thumbnail size-thumbnail\" alt=\"\" \/><\/a>\r\n\t\t\t<\/dt><\/dl><br style=\"clear: both\" \/><dl class='gallery-item'>\r\n\t\t\t<dt class='gallery-icon landscape'>\r\n\t\t\t\t<a title=\"ersch\u00f6pft danach (2)_\"  href='https:\/\/www.kloster-metten.com\/?attachment_id=10033'><img loading=\"lazy\" decoding=\"async\" width=\"170\" height=\"115\" src=\"https:\/\/www.kloster-metten.com\/wp-content\/uploads\/2016\/07\/ersch\u00f6pft-danach-2_-170x115.jpg\" class=\"attachment-thumbnail size-thumbnail\" alt=\"\" \/><\/a>\r\n\t\t\t<\/dt><\/dl><dl class='gallery-item'>\r\n\t\t\t<dt class='gallery-icon landscape'>\r\n\t\t\t\t<a title=\"Ersch\u00f6pft danach_\"  href='https:\/\/www.kloster-metten.com\/?attachment_id=10034'><img loading=\"lazy\" decoding=\"async\" width=\"170\" height=\"115\" src=\"https:\/\/www.kloster-metten.com\/wp-content\/uploads\/2016\/07\/Ersch\u00f6pft-danach_-170x115.jpg\" class=\"attachment-thumbnail size-thumbnail\" alt=\"\" \/><\/a>\r\n\t\t\t<\/dt><\/dl><dl class='gallery-item'>\r\n\t\t\t<dt class='gallery-icon landscape'>\r\n\t\t\t\t<a title=\"Noah M\u00e4rz_\"  href='https:\/\/www.kloster-metten.com\/?attachment_id=10035'><img loading=\"lazy\" decoding=\"async\" width=\"170\" height=\"115\" src=\"https:\/\/www.kloster-metten.com\/wp-content\/uploads\/2016\/07\/Noah-M\u00e4rz_-170x115.jpg\" class=\"attachment-thumbnail size-thumbnail\" alt=\"\" \/><\/a>\r\n\t\t\t<\/dt><\/dl><br style=\"clear: both\" \/><dl class='gallery-item'>\r\n\t\t\t<dt class='gallery-icon landscape'>\r\n\t\t\t\t<a title=\"schon wieder gut erholt vor der Siegerehrung_\"  href='https:\/\/www.kloster-metten.com\/?attachment_id=10036'><img loading=\"lazy\" decoding=\"async\" width=\"170\" height=\"115\" src=\"https:\/\/www.kloster-metten.com\/wp-content\/uploads\/2016\/07\/schon-wieder-gut-erholt-vor-der-Siegerehrung_-170x115.jpg\" class=\"attachment-thumbnail size-thumbnail\" alt=\"\" \/><\/a>\r\n\t\t\t<\/dt><\/dl>\r\n\t\t\t<br style='clear: both' \/>\r\n\t\t<\/div>\n\n","protected":false},"excerpt":{"rendered":"<p>Osterhofener Parklauf Samstag, 9. Juli, ein Nachmittag, der nach den regnerischen Wochen eindrucksvoll daran erinnert, dass doch eigentlich Sommer ist. Es ist der Tag des ersten Osterhofener Parklaufs. Unter den \u00fcber 500 Teilnehmern befinden sich auch 38 Sch\u00fclerinnen und Sch\u00fcler vom St.-Michaels-Gymnasium, die in sechs Teams an den Start gehen. Im Arbeitskreis Schule-Wirtschaft entstand 2015 [&hellip;]<\/p>\n","protected":false},"author":5,"featured_media":0,"parent":11026,"menu_order":142,"comment_status":"closed","ping_status":"closed","template":"","meta":{"footnotes":""},"class_list":["post-10028","page","type-page","status-publish","hentry"],"_links":{"self":[{"href":"https:\/\/www.kloster-metten.com\/index.php?rest_route=\/wp\/v2\/pages\/10028","targetHints":{"allow":["GET"]}}],"collection":[{"href":"https:\/\/www.kloster-metten.com\/index.php?rest_route=\/wp\/v2\/pages"}],"about":[{"href":"https:\/\/www.kloster-metten.com\/index.php?rest_route=\/wp\/v2\/types\/page"}],"author":[{"embeddable":true,"href":"https:\/\/www.kloster-metten.com\/index.php?rest_route=\/wp\/v2\/users\/5"}],"replies":[{"embeddable":true,"href":"https:\/\/www.kloster-metten.com\/index.php?rest_route=%2Fwp%2Fv2%2Fcomments&post=10028"}],"version-history":[{"count":3,"href":"https:\/\/www.kloster-metten.com\/index.php?rest_route=\/wp\/v2\/pages\/10028\/revisions"}],"predecessor-version":[{"id":10039,"href":"https:\/\/www.kloster-metten.com\/index.php?rest_route=\/wp\/v2\/pages\/10028\/revisions\/10039"}],"up":[{"embeddable":true,"href":"https:\/\/www.kloster-metten.com\/index.php?rest_route=\/wp\/v2\/pages\/11026"}],"wp:attachment":[{"href":"https:\/\/www.kloster-metten.com\/index.php?rest_route=%2Fwp%2Fv2%2Fmedia&parent=10028"}],"curies":[{"name":"wp","href":"https:\/\/api.w.org\/{rel}","templated":true}]}}