{"id":10084,"date":"2016-07-28T13:24:45","date_gmt":"2016-07-28T11:24:45","guid":{"rendered":"http:\/\/www.kloster-metten.de\/?page_id=10084"},"modified":"2017-09-17T08:24:11","modified_gmt":"2017-09-17T06:24:11","slug":"das-durchschnittliche-gibt-der-welt-bestand-das-aussergewoehnliche-aber-ihren-wert","status":"publish","type":"page","link":"https:\/\/www.kloster-metten.com\/?page_id=10084","title":{"rendered":"Das Durchschnittliche gibt der Welt Bestand, das Au\u00dfergew\u00f6hnliche aber ihren Wert"},"content":{"rendered":"<a href=\"https:\/\/www.kloster-metten.com\/wp-content\/uploads\/2016\/07\/SynapsenKopie.jpg\"><img loading=\"lazy\" decoding=\"async\" class=\"alignnone size-medium wp-image-10090\" title=\"SynapsenKopie\" src=\"https:\/\/www.kloster-metten.com\/wp-content\/uploads\/2016\/07\/SynapsenKopie-500x375.jpg\" alt=\"SynapsenKopie\" width=\"500\" height=\"375\" srcset=\"https:\/\/www.kloster-metten.com\/wp-content\/uploads\/2016\/07\/SynapsenKopie-500x375.jpg 500w, https:\/\/www.kloster-metten.com\/wp-content\/uploads\/2016\/07\/SynapsenKopie-768x576.jpg 768w, https:\/\/www.kloster-metten.com\/wp-content\/uploads\/2016\/07\/SynapsenKopie.jpg 874w\" sizes=\"auto, (max-width: 500px) 100vw, 500px\" \/><\/a><h2>Das Durchschnittliche gibt der Welt Bestand, das Au\u00dfergew\u00f6hnliche aber ihren Wert<\/h2><p><\/p>\n<p>Projekttag zur Werteerziehung am St.-Michaels-Gymnasium Metten<\/p>\n<p>Fairness, Sozialkompetenz, Solidarit\u00e4t, Umweltbewusstsein, gute Umgangsformen, Hilfsbereitschaft usw. spielen als Erziehungsziele im schulischen Leben eine immer gr\u00f6\u00dfere Rolle. Es stellt sich jedoch die Frage, wie man \u201eWerte\u201c erziehen kann.<\/p>\n<p>Das St.-Michaels-Gymnasium Metten l\u00e4sst die Sch\u00fclerinnen und Sch\u00fclern seit einigen Jahren in einem detailliert gestalteten Wertetag erleben, dass Werte im Alltag immer wichtiger werden.<\/p>\n<p>Erfahrbar wurde dies am vergangenen Donnerstag f\u00fcr die Sch\u00fclerinnen und Sch\u00fcler der f\u00fcnften und siebten Klassen durch Meditation und Bewegungssport, wobei der Klassenzusammenhalt gest\u00e4rkt wird. Auch ein Grundlagenkurs Erste Hilfe stand auf dem Programm. Die sechste Jahrgangsstufe erforschte bei einer Exkursion zur Isarm\u00fcndung die Tierwelt im Wasser, um Natur im Team zu erfahren, und der Projekttag der achten Jahrgangsstufe stand unter dem Motto \u201eFl\u00fcchtlinge bei uns\u201c. Nach einer geografischen Einstimmung durch Frau Studiendirektorin Angelika Sch\u00e4fer und einem Vortrag von Frau Sonja Hirtreiter, die in Plattling f\u00fcr die unbegleiteten Jugendlichen zust\u00e4ndig ist, erfolgten verschiedene Workshops zum Thema \u201eFl\u00fcchtlinge\u201c mit Frau Hyatt AlHuthi, die \u00fcber die Situation der Fl\u00fcchtlinge in Syrien, Libanon und Afghanistan berichtete und mit den Sch\u00fclerinnen und Sch\u00fclern Hilfsangebote f\u00fcr unbegleitete Jugendliche erarbeitete. Zusammen mit ihren Lehrkr\u00e4ften erlebten die Neuntkl\u00e4ssler bei einem Besuch im Kletterwald Sinzing, wie man durch die Unterst\u00fctzung einer Gruppe an Selbstvertrauen gewinnen kann und die Pers\u00f6nlichkeit gest\u00e4rkt wird. In die Etikette in Gesellschaft und bei Tisch wurden die Sch\u00fclerinnen und Sch\u00fcler der zehnten Klassen beim Zenger Dorfwirt in Neuhausen eingef\u00fchrt. Das Erlernen grundlegender Kompetenzen rund um das Auto \u2013 nach dem Motto \u201eWie helfe ich mir und anderen im Stra\u00dfenverkehr?\u201c \u2013 wurde f\u00fcr die Q 11 angeboten.<\/p>\n<p>&nbsp;<\/p>\n\r\n\t\t<style type='text\/css'>\r\n\t\t\t#gallery-1 {\r\n\t\t\t\tmargin: auto;\r\n\t\t\t}\r\n\t\t\t#gallery-1 .gallery-item {\r\n\t\t\t\tfloat: left;\r\n\t\t\t\tmargin-top: 10px;\r\n\t\t\t\ttext-align: center;\r\n\t\t\t\twidth: 33%;\r\n\t\t\t}\r\n\t\t\t#gallery-1 hr {\r\n\t\t\t\theight: 1px;\r\n\t\t\t}\r\n\t\t\t#gallery-1 .gallery-caption {\r\n\t\t\t\tmargin-left: 0;\r\n\t\t\t}\r\n\t\t\t\/* see gallery_shortcode() in wp-includes\/media.php *\/\r\n\t\t<\/style>\n\t\t<div id='gallery-1' class='gallery galleryid-10084 gallery-columns-3 gallery-size-thumbnail'><hr class='null'><dl class='gallery-item'>\r\n\t\t\t<dt class='gallery-icon landscape'>\r\n\t\t\t\t<a title=\"SlacklineKopie\"  href='https:\/\/www.kloster-metten.com\/?attachment_id=10091'><img loading=\"lazy\" decoding=\"async\" width=\"170\" height=\"115\" src=\"https:\/\/www.kloster-metten.com\/wp-content\/uploads\/2016\/07\/SlacklineKopie-170x115.jpg\" class=\"attachment-thumbnail size-thumbnail\" alt=\"\" \/><\/a>\r\n\t\t\t<\/dt><\/dl><dl class='gallery-item'>\r\n\t\t\t<dt class='gallery-icon landscape'>\r\n\t\t\t\t<a title=\"2 Gangspiele_\"  href='https:\/\/www.kloster-metten.com\/?attachment_id=10089'><img loading=\"lazy\" decoding=\"async\" width=\"170\" height=\"115\" src=\"https:\/\/www.kloster-metten.com\/wp-content\/uploads\/2016\/07\/2-Gangspiele_-170x115.jpg\" class=\"attachment-thumbnail size-thumbnail\" alt=\"\" \/><\/a>\r\n\t\t\t<\/dt><\/dl><dl class='gallery-item'>\r\n\t\t\t<dt class='gallery-icon landscape'>\r\n\t\t\t\t<a title=\"Natur erleben16_\"  href='https:\/\/www.kloster-metten.com\/?attachment_id=10088'><img loading=\"lazy\" decoding=\"async\" width=\"170\" height=\"115\" src=\"https:\/\/www.kloster-metten.com\/wp-content\/uploads\/2016\/07\/Natur-erleben16_-170x115.jpg\" class=\"attachment-thumbnail size-thumbnail\" alt=\"\" \/><\/a>\r\n\t\t\t<\/dt><\/dl><br style=\"clear: both\" \/><dl class='gallery-item'>\r\n\t\t\t<dt class='gallery-icon landscape'>\r\n\t\t\t\t<a title=\"52 Erste Hilfe_\"  href='https:\/\/www.kloster-metten.com\/?attachment_id=10087'><img loading=\"lazy\" decoding=\"async\" width=\"170\" height=\"115\" src=\"https:\/\/www.kloster-metten.com\/wp-content\/uploads\/2016\/07\/52-Erste-Hilfe_-170x115.jpg\" class=\"attachment-thumbnail size-thumbnail\" alt=\"\" \/><\/a>\r\n\t\t\t<\/dt><\/dl><dl class='gallery-item'>\r\n\t\t\t<dt class='gallery-icon landscape'>\r\n\t\t\t\t<a title=\"108 Klettern_\"  href='https:\/\/www.kloster-metten.com\/?attachment_id=10086'><img loading=\"lazy\" decoding=\"async\" width=\"170\" height=\"115\" src=\"https:\/\/www.kloster-metten.com\/wp-content\/uploads\/2016\/07\/108-Klettern_-170x115.jpg\" class=\"attachment-thumbnail size-thumbnail\" alt=\"\" \/><\/a>\r\n\t\t\t<\/dt><\/dl><dl class='gallery-item'>\r\n\t\t\t<dt class='gallery-icon landscape'>\r\n\t\t\t\t<a title=\"1 Essen lernen_\"  href='https:\/\/www.kloster-metten.com\/?attachment_id=10085'><img loading=\"lazy\" decoding=\"async\" width=\"170\" height=\"115\" src=\"https:\/\/www.kloster-metten.com\/wp-content\/uploads\/2016\/07\/1-Essen-lernen_-170x115.jpg\" class=\"attachment-thumbnail size-thumbnail\" alt=\"\" \/><\/a>\r\n\t\t\t<\/dt><\/dl><br style=\"clear: both\" \/><dl class='gallery-item'>\r\n\t\t\t<dt class='gallery-icon landscape'>\r\n\t\t\t\t<a title=\"SynapsenKopie\"  href='https:\/\/www.kloster-metten.com\/?attachment_id=10090'><img loading=\"lazy\" decoding=\"async\" width=\"170\" height=\"115\" src=\"https:\/\/www.kloster-metten.com\/wp-content\/uploads\/2016\/07\/SynapsenKopie-170x115.jpg\" class=\"attachment-thumbnail size-thumbnail\" alt=\"\" \/><\/a>\r\n\t\t\t<\/dt><\/dl>\r\n\t\t\t<br style='clear: both' \/>\r\n\t\t<\/div>\n\n","protected":false},"excerpt":{"rendered":"<p>Das Durchschnittliche gibt der Welt Bestand, das Au\u00dfergew\u00f6hnliche aber ihren Wert Projekttag zur Werteerziehung am St.-Michaels-Gymnasium Metten Fairness, Sozialkompetenz, Solidarit\u00e4t, Umweltbewusstsein, gute Umgangsformen, Hilfsbereitschaft usw. spielen als Erziehungsziele im schulischen Leben eine immer gr\u00f6\u00dfere Rolle. Es stellt sich jedoch die Frage, wie man \u201eWerte\u201c erziehen kann. Das St.-Michaels-Gymnasium Metten l\u00e4sst die Sch\u00fclerinnen und Sch\u00fclern seit [&hellip;]<\/p>\n","protected":false},"author":5,"featured_media":0,"parent":11026,"menu_order":140,"comment_status":"closed","ping_status":"closed","template":"","meta":{"footnotes":""},"class_list":["post-10084","page","type-page","status-publish","hentry"],"_links":{"self":[{"href":"https:\/\/www.kloster-metten.com\/index.php?rest_route=\/wp\/v2\/pages\/10084","targetHints":{"allow":["GET"]}}],"collection":[{"href":"https:\/\/www.kloster-metten.com\/index.php?rest_route=\/wp\/v2\/pages"}],"about":[{"href":"https:\/\/www.kloster-metten.com\/index.php?rest_route=\/wp\/v2\/types\/page"}],"author":[{"embeddable":true,"href":"https:\/\/www.kloster-metten.com\/index.php?rest_route=\/wp\/v2\/users\/5"}],"replies":[{"embeddable":true,"href":"https:\/\/www.kloster-metten.com\/index.php?rest_route=%2Fwp%2Fv2%2Fcomments&post=10084"}],"version-history":[{"count":1,"href":"https:\/\/www.kloster-metten.com\/index.php?rest_route=\/wp\/v2\/pages\/10084\/revisions"}],"predecessor-version":[{"id":10092,"href":"https:\/\/www.kloster-metten.com\/index.php?rest_route=\/wp\/v2\/pages\/10084\/revisions\/10092"}],"up":[{"embeddable":true,"href":"https:\/\/www.kloster-metten.com\/index.php?rest_route=\/wp\/v2\/pages\/11026"}],"wp:attachment":[{"href":"https:\/\/www.kloster-metten.com\/index.php?rest_route=%2Fwp%2Fv2%2Fmedia&parent=10084"}],"curies":[{"name":"wp","href":"https:\/\/api.w.org\/{rel}","templated":true}]}}