{"id":10130,"date":"2016-08-07T22:24:18","date_gmt":"2016-08-07T20:24:18","guid":{"rendered":"http:\/\/www.kloster-metten.de\/?page_id=10130"},"modified":"2017-09-17T08:25:20","modified_gmt":"2017-09-17T06:25:20","slug":"zwischen-biologie-chemie-und-geschichte-ein-informativer-vormittag-bei-der-firma-wallstabe-schneider","status":"publish","type":"page","link":"https:\/\/www.kloster-metten.com\/?page_id=10130","title":{"rendered":"Zwischen Biologie, Chemie und Geschichte &#8211; ein informativer Vormittag bei der Firma Wallstabe &#038; Schneider"},"content":{"rendered":"<a href=\"https:\/\/www.kloster-metten.com\/wp-content\/uploads\/2016\/08\/Besuch_St._Michaels_Gymnasium_27072016_.jpg\"><img loading=\"lazy\" decoding=\"async\" class=\"alignnone size-medium wp-image-10131\" title=\"Besuch_St._Michaels_Gymnasium_27072016_\" src=\"https:\/\/www.kloster-metten.com\/wp-content\/uploads\/2016\/08\/Besuch_St._Michaels_Gymnasium_27072016_-500x375.jpg\" alt=\"Besuch_St._Michaels_Gymnasium_27072016_\" width=\"500\" height=\"375\" srcset=\"https:\/\/www.kloster-metten.com\/wp-content\/uploads\/2016\/08\/Besuch_St._Michaels_Gymnasium_27072016_-500x375.jpg 500w, https:\/\/www.kloster-metten.com\/wp-content\/uploads\/2016\/08\/Besuch_St._Michaels_Gymnasium_27072016_-768x576.jpg 768w, https:\/\/www.kloster-metten.com\/wp-content\/uploads\/2016\/08\/Besuch_St._Michaels_Gymnasium_27072016_-1024x768.jpg 1024w, https:\/\/www.kloster-metten.com\/wp-content\/uploads\/2016\/08\/Besuch_St._Michaels_Gymnasium_27072016_.jpg 1200w\" sizes=\"auto, (max-width: 500px) 100vw, 500px\" \/><\/a><h2>Zwischen Biologie, Chemie und Geschichte &#8211; ein informativer Vormittag bei der Firma Wallstabe &#038; Schneider<\/h2><p><\/p>\n<p>Am St.-Michaels-Gymnasium in Metten ist es \u00fcblich, in der letzten Schuljahreswoche zwei Exkursionstage zu veranstalten. Damit konzentrieren sich die im Lehrplan fast aller F\u00e4cher des Gymnasiums vorgeschriebenen au\u00dferschulischen Veranstaltungen auf nur wenige Tage, noch dazu in einer Zeit, in der jede Abwechslung und jeder Aufenthalt au\u00dferhalb des Schulhauses \u00e4u\u00dferst willkommen sind.<\/p>\n<p>Die Klasse 8b nutzte den letzten Mittwoch Vormittag des vergangenen Schuljahres zu einem Besuch in Niederwinkling in der Firma Wallstabe &amp; Schneider. Sie ist international erfolgreich in der Entwicklung und Produktion hochwertiger Elastomerdichtungen und besch\u00e4ftigt mehr als 650 Mitarbeiter am Firmenhauptsitz Niederwinkling; dazu kommen Niederlassungen in Ambivali\/Indien und Irapuato\/Mexiko. Zu 92 % wird die Kfz-Industrie beliefert, auch die Zahnradfabrik in Friedrichshafen am Bodensee geh\u00f6rt zu den Kunden der Firma.<\/p>\n<p>Die Klasse 8b wurde von ihren Lehrkr\u00e4ften in den F\u00e4chern Biologie, Chemie und Geschichte (Frau Prinz, Herrn Hammerer, Frau Sch\u00e4fer) begleitet. Mit gro\u00dfem Interesse nahmen sie zur Kenntnis, dass bereits die H\u00e4lfte der Klasse die Firma kannte; etwa ein Drittel kann sich vorstellen, dort ein Praktikum zu machen. Daher wurden sowohl die Fertigungsprozesse beim Gang durch das Unternehmen als auch die Filme zur Firmengeschichte und zum heutigen Unternehmen mit gro\u00dfer Aufmerksamkeit verfolgt. In der Pause wurden wir mit Butter- und K\u00e4sebrezen und diversen Getr\u00e4nken verw\u00f6hnt.<\/p>\n<p>Die 1960 gegr\u00fcndete Firma ist bereits in der dritten Generation im Familienbesitz, sowohl der Enkel (Christian Wallstabe) als auch der Sohn des Firmengr\u00fcnders (J\u00fcrgen Wallstabe) standen uns umfassend Rede und Antwort. Durch den Vormittag begleitete uns in freundlicher Souver\u00e4nit\u00e4t Eva-Maria Waninger, zust\u00e4ndig f\u00fcr \u00d6ffentlichkeitsarbeit; durch den Betrieb f\u00fchrten uns Frau Schmidt aus dem Bereich Produktfertigung und Herr Martin aus dem Bereich Arbeitssicherheit; die Personalreferentin Kerstin Graf informierte uns \u00fcber das Ausbildungsangebot der Firma. Laut Prospekt bietet sie engagierten jungen Leuten eine erstklassige und fundierte Ausbildung in zukunftssicheren Berufen wie z. B. Chemikant, Elektroniker oder Fremdsprachen-Industriekaufmann; von besonderer Bedeutung ist der technische Produktdesigner, da er f\u00fcr einen Kunden heutzutage nach seinen W\u00fcnschen seine Produkte entwickelt. Ca. ein Drittel der Ausbildungsberufe stellt der Verfahrensmechaniker f\u00fcr Kunststoff- und Kautschuktechnik.<\/p>\n<p>Als Termine haben wir uns die <strong>Einweihung des neuen Ausbildungszentrums am 01.09.2016<\/strong> vorgemerkt; auch der <strong>Girls Day am 27.04.2017 <\/strong>wird sicher von uns besucht werden. Im Rahmen der MINT-freundlichen Schule w\u00e4re nat\u00fcrlich auch ein Praktikum im Labor der Firma von gro\u00dfem Interesse, um zu verfolgen, wie aus zehn Komponenten (u. a. Ru\u00df und Stickstoff) Dichtungsmaterial entsteht.<\/p>\n<p>Manchen Sch\u00fcler und manche Sch\u00fclerin schreckt allerdings der intensive Geruch nach Gummi von einer Arbeit in einem Industriebetrieb ab. Die Vielzahl moderner Maschinen und die Tatsache, dass man Dichtungen oft im Alltag begegnet und jetzt wei\u00df, wie sie hergestellt werden, hat dagegen die meisten angesprochen, auch die Achtung vor der Lebensleistung der Gr\u00fcnderfamilie, die das Gl\u00fcck hatte, in Niederwinkling auf einen innovationsfreudigen B\u00fcrgermeister und Gemeinderat zu treffen, und das in den Sechziger Jahren des letzten Jahrhunderts.<\/p>\n<p>Besonders hervorzuheben ist die famili\u00e4re Atmosph\u00e4re, im Betrieb die von gro\u00dfer Anerkennung und Wertsch\u00e4tzung f\u00fcr die Mitarbeiterinnen und Mitarbeiter zeugt. Von ihr f\u00fchlte sich die Besuchergruppe angenommen und getragen und bedankt sich sehr herzlich f\u00fcr einen erlebnisreichen Vormittag mit vielen neuen einpr\u00e4gsamen Eindr\u00fccken.<\/p>\n","protected":false},"excerpt":{"rendered":"<p>Zwischen Biologie, Chemie und Geschichte &#8211; ein informativer Vormittag bei der Firma Wallstabe &#038; Schneider Am St.-Michaels-Gymnasium in Metten ist es \u00fcblich, in der letzten Schuljahreswoche zwei Exkursionstage zu veranstalten. Damit konzentrieren sich die im Lehrplan fast aller F\u00e4cher des Gymnasiums vorgeschriebenen au\u00dferschulischen Veranstaltungen auf nur wenige Tage, noch dazu in einer Zeit, in der [&hellip;]<\/p>\n","protected":false},"author":5,"featured_media":0,"parent":11026,"menu_order":140,"comment_status":"closed","ping_status":"closed","template":"","meta":{"footnotes":""},"class_list":["post-10130","page","type-page","status-publish","hentry"],"_links":{"self":[{"href":"https:\/\/www.kloster-metten.com\/index.php?rest_route=\/wp\/v2\/pages\/10130","targetHints":{"allow":["GET"]}}],"collection":[{"href":"https:\/\/www.kloster-metten.com\/index.php?rest_route=\/wp\/v2\/pages"}],"about":[{"href":"https:\/\/www.kloster-metten.com\/index.php?rest_route=\/wp\/v2\/types\/page"}],"author":[{"embeddable":true,"href":"https:\/\/www.kloster-metten.com\/index.php?rest_route=\/wp\/v2\/users\/5"}],"replies":[{"embeddable":true,"href":"https:\/\/www.kloster-metten.com\/index.php?rest_route=%2Fwp%2Fv2%2Fcomments&post=10130"}],"version-history":[{"count":1,"href":"https:\/\/www.kloster-metten.com\/index.php?rest_route=\/wp\/v2\/pages\/10130\/revisions"}],"predecessor-version":[{"id":10132,"href":"https:\/\/www.kloster-metten.com\/index.php?rest_route=\/wp\/v2\/pages\/10130\/revisions\/10132"}],"up":[{"embeddable":true,"href":"https:\/\/www.kloster-metten.com\/index.php?rest_route=\/wp\/v2\/pages\/11026"}],"wp:attachment":[{"href":"https:\/\/www.kloster-metten.com\/index.php?rest_route=%2Fwp%2Fv2%2Fmedia&parent=10130"}],"curies":[{"name":"wp","href":"https:\/\/api.w.org\/{rel}","templated":true}]}}