{"id":10219,"date":"2016-10-17T20:30:43","date_gmt":"2016-10-17T18:30:43","guid":{"rendered":"http:\/\/www.kloster-metten.de\/?page_id=10219"},"modified":"2016-10-17T20:33:43","modified_gmt":"2016-10-17T18:33:43","slug":"probestudium-physik-an-der-lmu-muenchen","status":"publish","type":"page","link":"https:\/\/www.kloster-metten.com\/?page_id=10219","title":{"rendered":"Probestudium Physik an der LMU M\u00fcnchen"},"content":{"rendered":"<a href=\"https:\/\/www.kloster-metten.com\/wp-content\/uploads\/2016\/10\/sig_m-e1476728853674.png\"><img class=\"alignnone size-medium wp-image-10217\" title=\"sig_m\" src=\"https:\/\/www.kloster-metten.com\/wp-content\/uploads\/2016\/10\/sig_m-e1476728853674-500x263.png\" alt=\"sig_m\" width=\"500\" height=\"263\" \/><\/a><h2>Probestudium Physik an der LMU M\u00fcnchen<\/h2><p><\/p>\n<p>(Mo 05.09. bis Fr 09.09.2016)<\/p>\n<p>Da ich an Naturwissenschaften generell und im Besonderen an Physik interessiert bin und sp\u00e4ter auch Physik oder Maschinenbau studieren m\u00f6chte, habe ich mich entschlossen, am einw\u00f6chigen Probestudium f\u00fcr Physik an der Ludwig-Maximilians-Universit\u00e4t M\u00fcnchen teilzunehmen.<br \/>\nAm Montag um 9 Uhr ging's los mit dem \u201eCheck-In\u201c beim Hauptgeb\u00e4ude der Fakult\u00e4t f\u00fcr Physik der LMU. Jeder Teilnehmer erhielt eine Mensakarte und einen Plan f\u00fcr Vorlesungen und Praktika. Nach einem kurzen Rundgang \u00fcber das Universit\u00e4tsgel\u00e4nde begann um 10.15 Uhr schon die erste Vorlesung zum Thema Meteorologie. Auch an den \u00fcbrigen Tagen hatten wir von 10 bis 12 Uhr Vorlesungen mit den Themen Mathematische\/Physikalische Modellierung, Biophysik, Laser- und Quantenoptik und Astrophysik. Am Montag Nachmittag stellten Mitarbeiter der Universit\u00e4t die an der LMU m\u00f6glichen Studieng\u00e4nge mit Schwerpunkt Physik vor und erl\u00e4uterten die Unterschiede zu anderen Hochschulen. An den \u00fcbrigen Nachmittagen fanden Praktika und \u00dcbungen, organisiert und geleitet von Studenten, in M\u00fcnchen Freimann statt. Hier konnte man das Rechnen mit Differentialgleichungen \u00fcben und praktische Erfahrungen in Kalorimetrie und der Verarbeitung akustischer und elektrischer Signale sammeln. Am Freitag endete das Probestudium nach der Vorlesung mit der Urkundenverleihung und einem Abschlussessen.<br \/>\nIn dieser Woche konnte ich sehr viele neue, ausschlie\u00dflich positive Erfahrungen sammeln. Das Probestudium hat meinen Erwartungen ziemlich genau entsprochen, allerdings konnte ich in den Vorlesungen manche Rechnungen nicht nachvollziehen, weil die dazu n\u00f6tigen Grundkenntnisse erst in der 11. Klasse gelernt werden. Doch nach diesem Einblick ins Physikstudium bin ich mir nun ziemlich sicher, dass ich ein Studium mit diesem Schwerpunkt aufnehmen werde.<\/p>\n<p>Maximilian Artmeier<\/p>\n<p>Weitere Angebote der LMU M\u00fcnchen: <a href=\"http:\/\/www.physik.uni-muenchen.de\/vor_dem_studium\/schuelerangebot\/index.html\">http:\/\/www.physik.uni-muenchen.de\/vor_dem_studium\/schuelerangebot\/index.html<\/a><\/p>\n","protected":false},"excerpt":{"rendered":"<p>Probestudium Physik an der LMU M\u00fcnchen (Mo 05.09. bis Fr 09.09.2016) Da ich an Naturwissenschaften generell und im Besonderen an Physik interessiert bin und sp\u00e4ter auch Physik oder Maschinenbau studieren m\u00f6chte, habe ich mich entschlossen, am einw\u00f6chigen Probestudium f\u00fcr Physik an der Ludwig-Maximilians-Universit\u00e4t M\u00fcnchen teilzunehmen. Am Montag um 9 Uhr ging&#8217;s los mit dem \u201eCheck-In\u201c [&hellip;]<\/p>\n","protected":false},"author":5,"featured_media":0,"parent":5394,"menu_order":-23,"comment_status":"closed","ping_status":"closed","template":"","meta":{"footnotes":""},"class_list":["post-10219","page","type-page","status-publish","hentry"],"_links":{"self":[{"href":"https:\/\/www.kloster-metten.com\/index.php?rest_route=\/wp\/v2\/pages\/10219","targetHints":{"allow":["GET"]}}],"collection":[{"href":"https:\/\/www.kloster-metten.com\/index.php?rest_route=\/wp\/v2\/pages"}],"about":[{"href":"https:\/\/www.kloster-metten.com\/index.php?rest_route=\/wp\/v2\/types\/page"}],"author":[{"embeddable":true,"href":"https:\/\/www.kloster-metten.com\/index.php?rest_route=\/wp\/v2\/users\/5"}],"replies":[{"embeddable":true,"href":"https:\/\/www.kloster-metten.com\/index.php?rest_route=%2Fwp%2Fv2%2Fcomments&post=10219"}],"version-history":[{"count":2,"href":"https:\/\/www.kloster-metten.com\/index.php?rest_route=\/wp\/v2\/pages\/10219\/revisions"}],"predecessor-version":[{"id":10221,"href":"https:\/\/www.kloster-metten.com\/index.php?rest_route=\/wp\/v2\/pages\/10219\/revisions\/10221"}],"up":[{"embeddable":true,"href":"https:\/\/www.kloster-metten.com\/index.php?rest_route=\/wp\/v2\/pages\/5394"}],"wp:attachment":[{"href":"https:\/\/www.kloster-metten.com\/index.php?rest_route=%2Fwp%2Fv2%2Fmedia&parent=10219"}],"curies":[{"name":"wp","href":"https:\/\/api.w.org\/{rel}","templated":true}]}}