{"id":10224,"date":"2016-10-19T19:39:10","date_gmt":"2016-10-19T17:39:10","guid":{"rendered":"http:\/\/www.kloster-metten.de\/?page_id=10224"},"modified":"2017-09-17T10:03:54","modified_gmt":"2017-09-17T08:03:54","slug":"aller-guten-dinge-sind-drei-der-schueleraustausch-der-kirchlichen-gymnasien-metten-und-pilsen","status":"publish","type":"page","link":"https:\/\/www.kloster-metten.com\/?page_id=10224","title":{"rendered":"Aller guten Dinge sind drei &#8211; der Sch\u00fcleraustausch der kirchlichen Gymnasien Metten und Pilsen"},"content":{"rendered":"<a href=\"https:\/\/www.kloster-metten.com\/wp-content\/uploads\/2016\/10\/Grenz\u00fcberschreitung_.jpg\"><img loading=\"lazy\" decoding=\"async\" class=\"alignnone size-medium wp-image-10225\" title=\"grenzueberschreitung_\" src=\"https:\/\/www.kloster-metten.com\/wp-content\/uploads\/2016\/10\/Grenz\u00fcberschreitung_-500x281.jpg\" alt=\"grenzueberschreitung_\" width=\"500\" height=\"281\" srcset=\"https:\/\/www.kloster-metten.com\/wp-content\/uploads\/2016\/10\/Grenz\u00fcberschreitung_-500x281.jpg 500w, https:\/\/www.kloster-metten.com\/wp-content\/uploads\/2016\/10\/Grenz\u00fcberschreitung_-768x432.jpg 768w, https:\/\/www.kloster-metten.com\/wp-content\/uploads\/2016\/10\/Grenz\u00fcberschreitung_-1024x576.jpg 1024w, https:\/\/www.kloster-metten.com\/wp-content\/uploads\/2016\/10\/Grenz\u00fcberschreitung_.jpg 1328w\" sizes=\"auto, (max-width: 500px) 100vw, 500px\" \/><\/a><h2>Aller guten Dinge sind drei &#8211; der Sch\u00fcleraustausch der kirchlichen Gymnasien Metten und Pilsen<\/h2><p><\/p>\n<p>Wie hei\u00dft es doch so sch\u00f6n: \u201eAller guten Dinge sind drei!&#8220; So oder so \u00e4hnlich k\u00f6nnte man den dritten Sch\u00fcleraustausch zwischen dem St.-Michaels-Gymnasium Metten und dem kirchlichen Gymnasien Pilsen umschreiben.<\/p>\n<p>Der erste Teil des Austausches fand bereits im Juni 2016 statt, als wir die Gastsch\u00fcler aus Pilsen bei uns in Metten begr\u00fc\u00dfen durften.<\/p>\n<p>Zu Beginn des neuen Schuljahres war es nun f\u00fcr unsere vier Sch\u00fclerinnen und drei Sch\u00fcler aus Metten an der Zeit, ihren Austauschpartnern in Pilsen einen f\u00fcnft\u00e4gigen Besuch abzustatten.<\/p>\n<p>Die Begr\u00fc\u00dfung am Bahnhof fiel noch etwas sch\u00fcchtern aus, aber nach einem kleinen Spaziergang und einer Schnitzeljagd zu den Sehensw\u00fcrdigkeiten der Pilsner Altstadt war von der anf\u00e4nglichen Zur\u00fcckhaltung kaum noch etwas zu sp\u00fcren. Und so machten sich unsere Jugendlichen gut gelaunt auf, endlich ihre Gastfamilien kennenzulernen, bei denen sie f\u00fcr die Dauer des Aufenthalts wohnen w\u00fcrden.<\/p>\n<p>Am n\u00e4chsten Tag durften unsere Sch\u00fclerinnen und Sch\u00fcler nicht nur das Schulgeb\u00e4ude und den Englisch- und Deutschunterricht ihrer Gastsch\u00fcler kennenlernen, sondern auch gleich noch aktiv als Gespr\u00e4chspartner in deren Klassenunterricht mitwirken.<\/p>\n<p>Nach der St\u00e4rkung in der, etwas ungewohnten \u201eschuhfreien&#8220;, Mensa der Schule stattete unsere Austauschgruppe dem ans\u00e4ssige Science Center Techmania einen Besuch ab. Dort galt es, zahlreiche Modelle zu betrachten, vielf\u00e4ltige R\u00e4tsel zu l\u00f6sen und interessante Versuchsanordnungen auszuprobieren.<\/p>\n<p>Die anschlie\u00dfende Freizeit wurde genutzt, um in Kleingruppen Pilsen noch etwas genauer zu erkunden. In Eigenregie verabredete sich die Gruppe abends dann geschlossen zum Laser-Game-Spielen, wobei grenz\u00fcberschreitende Mannschaften geschlossen und einige spa\u00dfige Matches ausgetragen wurden.<\/p>\n<p>Dementsprechend erm\u00fcdet und verschlafen startete man am n\u00e4chsten Morgen mit dem Zug Richtung Prag. Besonders hartn\u00e4ckige Zugschl\u00e4ferinnen wurden kurzerhand zum <em>\u201ek\u00fcnstlerischen Gemeinschaftsprojekt&#8220; <\/em>erkl\u00e4rt und zur Belustigung aller kunstvoll bemalt und verziert.<\/p>\n<p>In Prag angekommen, erklomm man bei Sonnenschein und guter Laune den Pet\u0159\u00edn (Laurenziberg) inklusive Aussichtsturm und genoss von dort die herrliche Aussicht auf die Prager Altstadt und Burg. Nachdem im Spiegellabyrinth die Lachmuskeln trainiert wurden, bestaunte man beim Abstieg zur Altstadt die Prager Burg samt Veitsdom. Zwei der Sch\u00fclerinnen verloren, vermutlich vor lauter Begeisterung, sogar den Anschluss an die Gruppe. Dem Handy sei Dank, konnten diese beiden verirrten \u201eSch\u00e4fchen&#8220; aber wieder schnell zur \u201eHerde&#8220; zur\u00fcckgelotst werden, sodass man sich beim Gang \u00fcber die Karlsbr\u00fccke wieder ganz unbek\u00fcmmert auf das umtriebige gesch\u00e4ftige Treiben der zahlreichen K\u00fcnstler konzentrieren konnte.<\/p>\n<p>Nach einer weiteren Schnitzeljagd zu den Sehensw\u00fcrdigkeiten der Prager Altstadt konnten die Sch\u00fcler in Kleingruppen die Stadt noch auf eigene Faust erkunden.<\/p>\n<p>Woran es nun genau gelegen hat, kann man nur schwer sagen: die Anstrengungen des Ausflugs, die viel Eindr\u00fccke Prags, der lange Fu\u00dfmarsch oder vielleicht doch das Ereignis des kurzzeitigen Anschlussverlustes der zwei Sch\u00fclerinnen &#8230; , man wei\u00df es nicht genau. Aber dieses Mal waren alle Jugendlichen bereits f\u00fcnf Minuten vor der Zeit am vereinbarten Treffpunkt, sodass wir alle gemeinsam, stressfrei und gl\u00fccklich die Heimreise nach Pilsen antreten konnten.<\/p>\n<p>Am vorletzten Tag des Austausches stand die Erkundung der Natur in der Umgebung Pilsens auf dem Plan. Waren am Anfang noch einige m\u00fcrrische Stimmen, dass Wandern <em>\u201evoll bl\u00f6d&#8220;<\/em> sei, zu vernehmen, so verstummten diese im Laufe des Tages g\u00e4nzlich. Wobei <em>\u201everstummen&#8220; <\/em>das falsche Wort ist. Vielmehr wandelte sich das Murren zun\u00e4chst in eine Vielzahl von angeregten und unterhaltsamen Gespr\u00e4chen und gipfelte schlie\u00dflich in einer ausgelassenen Ger\u00e4uschkulisse, die durch das Erproben von diversen Pfeif- und Tierstimmenimitationstechniken gepr\u00e4gt war.<\/p>\n<p>Ob nun die Bewegung in den W\u00e4ldern und der frischen Luft, das gemeinsame Entfachen eines Lagerfeuers, das gemeinsamen Grillen oder die Erkundung der nahegelegenen Burgruine Radyn\u011b f\u00fcr diesen unbeschwerten Zustand verantwortlich war, ist r\u00fcckblickend unerheblich. Letztendlich ist nur wichtig, dass am Ende des Tages eine Gruppe fr\u00f6hlich-lachender tschechischer und deutscher Jugendlicher die W\u00e4lder verlie\u00df und sich auf einen sch\u00f6nen letzten gemeinsamen Abend mit Freunden beim Eishockey freute.<\/p>\n<p>Als man sich am Samstagmorgen in der Schule traf, herrschte noch einmal buntes Treiben. Fotos wurden ausgetauscht, Stellw\u00e4nde geplant, Artikel f\u00fcr die Sch\u00fclerzeitungen verfasst und nat\u00fcrlich wurde das Erlebte der letzten Tage noch einmal ausgiebig diskutiert und besprochen.<\/p>\n<p>Aber wie alles andere haben nun mal leider auch gute Dinge ihr Ende und so endete der Austausch fast so wie er begonnen hatte, am Bahnhof. Nur diesmal war es nicht die Begr\u00fc\u00dfung, sondern die Verabschiedung und diese war nicht von Zur\u00fcckhaltung und Sch\u00fcchternheit gepr\u00e4gt, sondern von aufrichtiger und freundschaftlicher Herzlichkeit.<\/p>\n<p>Auch wenn es hei\u00dft \u201eAller guten Dinge sind drei!&#8220;, so wird es auch noch einen vierten Austausch zwischen unseren beiden kirchlichen Gymnasien geben und sofern Gott will noch viele, viele mehr.<\/p>\n<p>Michael Seibold<\/p>\n\r\n\t\t<style type='text\/css'>\r\n\t\t\t#gallery-1 {\r\n\t\t\t\tmargin: auto;\r\n\t\t\t}\r\n\t\t\t#gallery-1 .gallery-item {\r\n\t\t\t\tfloat: left;\r\n\t\t\t\tmargin-top: 10px;\r\n\t\t\t\ttext-align: center;\r\n\t\t\t\twidth: 33%;\r\n\t\t\t}\r\n\t\t\t#gallery-1 hr {\r\n\t\t\t\theight: 1px;\r\n\t\t\t}\r\n\t\t\t#gallery-1 .gallery-caption {\r\n\t\t\t\tmargin-left: 0;\r\n\t\t\t}\r\n\t\t\t\/* see gallery_shortcode() in wp-includes\/media.php *\/\r\n\t\t<\/style>\n\t\t<div id='gallery-1' class='gallery galleryid-10224 gallery-columns-3 gallery-size-thumbnail'><hr class='null'><dl class='gallery-item'>\r\n\t\t\t<dt class='gallery-icon landscape'>\r\n\t\t\t\t<a title=\"abschied1_\"  href='https:\/\/www.kloster-metten.com\/?attachment_id=10226'><img loading=\"lazy\" decoding=\"async\" width=\"170\" height=\"115\" src=\"https:\/\/www.kloster-metten.com\/wp-content\/uploads\/2016\/10\/Abschied1_-170x115.jpg\" class=\"attachment-thumbnail size-thumbnail\" alt=\"\" \/><\/a>\r\n\t\t\t<\/dt><\/dl><dl class='gallery-item'>\r\n\t\t\t<dt class='gallery-icon landscape'>\r\n\t\t\t\t<a title=\"sitzpyramide_\"  href='https:\/\/www.kloster-metten.com\/?attachment_id=10227'><img loading=\"lazy\" decoding=\"async\" width=\"170\" height=\"115\" src=\"https:\/\/www.kloster-metten.com\/wp-content\/uploads\/2016\/10\/Sitzpyramide_-170x115.jpg\" class=\"attachment-thumbnail size-thumbnail\" alt=\"\" \/><\/a>\r\n\t\t\t<\/dt><\/dl><dl class='gallery-item'>\r\n\t\t\t<dt class='gallery-icon landscape'>\r\n\t\t\t\t<a title=\"burgerklimmen_\"  href='https:\/\/www.kloster-metten.com\/?attachment_id=10228'><img loading=\"lazy\" decoding=\"async\" width=\"170\" height=\"115\" src=\"https:\/\/www.kloster-metten.com\/wp-content\/uploads\/2016\/10\/Burgerklimmen_-170x115.jpg\" class=\"attachment-thumbnail size-thumbnail\" alt=\"\" \/><\/a>\r\n\t\t\t<\/dt><\/dl><br style=\"clear: both\" \/><dl class='gallery-item'>\r\n\t\t\t<dt class='gallery-icon landscape'>\r\n\t\t\t\t<a title=\"grillvorbereitung_\"  href='https:\/\/www.kloster-metten.com\/?attachment_id=10229'><img loading=\"lazy\" decoding=\"async\" width=\"170\" height=\"115\" src=\"https:\/\/www.kloster-metten.com\/wp-content\/uploads\/2016\/10\/Grillvorbereitung_-170x115.jpg\" class=\"attachment-thumbnail size-thumbnail\" alt=\"\" \/><\/a>\r\n\t\t\t<\/dt><\/dl><dl class='gallery-item'>\r\n\t\t\t<dt class='gallery-icon landscape'>\r\n\t\t\t\t<a title=\"\"  href='https:\/\/www.kloster-metten.com\/?attachment_id=10230'><img loading=\"lazy\" decoding=\"async\" width=\"170\" height=\"115\" src=\"https:\/\/www.kloster-metten.com\/wp-content\/uploads\/2016\/10\/Techmania-au\u00dfen_-170x115.jpg\" class=\"attachment-thumbnail size-thumbnail\" alt=\"\" \/><\/a>\r\n\t\t\t<\/dt><\/dl><dl class='gallery-item'>\r\n\t\t\t<dt class='gallery-icon portrait'>\r\n\t\t\t\t<a title=\"techmania1_\"  href='https:\/\/www.kloster-metten.com\/?attachment_id=10231'><img loading=\"lazy\" decoding=\"async\" width=\"170\" height=\"115\" src=\"https:\/\/www.kloster-metten.com\/wp-content\/uploads\/2016\/10\/Techmania1_-170x115.jpg\" class=\"attachment-thumbnail size-thumbnail\" alt=\"\" \/><\/a>\r\n\t\t\t<\/dt><\/dl><br style=\"clear: both\" \/><dl class='gallery-item'>\r\n\t\t\t<dt class='gallery-icon landscape'>\r\n\t\t\t\t<a title=\"schul-gruppen-foto_\"  href='https:\/\/www.kloster-metten.com\/?attachment_id=10232'><img loading=\"lazy\" decoding=\"async\" width=\"170\" height=\"115\" src=\"https:\/\/www.kloster-metten.com\/wp-content\/uploads\/2016\/10\/Schul-Gruppen-Foto_-170x115.jpg\" class=\"attachment-thumbnail size-thumbnail\" alt=\"\" \/><\/a>\r\n\t\t\t<\/dt><\/dl><dl class='gallery-item'>\r\n\t\t\t<dt class='gallery-icon landscape'>\r\n\t\t\t\t<a title=\"deutschlandplakat_\"  href='https:\/\/www.kloster-metten.com\/?attachment_id=10233'><img loading=\"lazy\" decoding=\"async\" width=\"170\" height=\"115\" src=\"https:\/\/www.kloster-metten.com\/wp-content\/uploads\/2016\/10\/Deutschlandplakat_-170x115.jpg\" class=\"attachment-thumbnail size-thumbnail\" alt=\"\" \/><\/a>\r\n\t\t\t<\/dt><\/dl><dl class='gallery-item'>\r\n\t\t\t<dt class='gallery-icon landscape'>\r\n\t\t\t\t<a title=\"unterrichtsbeteiligung_\"  href='https:\/\/www.kloster-metten.com\/?attachment_id=10234'><img loading=\"lazy\" decoding=\"async\" width=\"170\" height=\"115\" src=\"https:\/\/www.kloster-metten.com\/wp-content\/uploads\/2016\/10\/Unterrichtsbeteiligung_-170x115.jpg\" class=\"attachment-thumbnail size-thumbnail\" alt=\"\" \/><\/a>\r\n\t\t\t<\/dt><\/dl><br style=\"clear: both\" \/>\r\n\t\t<\/div>\n\n<p>&nbsp;<\/p>\n<p>&nbsp;<\/p>\n","protected":false},"excerpt":{"rendered":"<p>Aller guten Dinge sind drei &#8211; der Sch\u00fcleraustausch der kirchlichen Gymnasien Metten und Pilsen Wie hei\u00dft es doch so sch\u00f6n: \u201eAller guten Dinge sind drei!&#8220; So oder so \u00e4hnlich k\u00f6nnte man den dritten Sch\u00fcleraustausch zwischen dem St.-Michaels-Gymnasium Metten und dem kirchlichen Gymnasien Pilsen umschreiben. Der erste Teil des Austausches fand bereits im Juni 2016 statt, [&hellip;]<\/p>\n","protected":false},"author":5,"featured_media":0,"parent":11028,"menu_order":136,"comment_status":"closed","ping_status":"closed","template":"","meta":{"footnotes":""},"class_list":["post-10224","page","type-page","status-publish","hentry"],"_links":{"self":[{"href":"https:\/\/www.kloster-metten.com\/index.php?rest_route=\/wp\/v2\/pages\/10224","targetHints":{"allow":["GET"]}}],"collection":[{"href":"https:\/\/www.kloster-metten.com\/index.php?rest_route=\/wp\/v2\/pages"}],"about":[{"href":"https:\/\/www.kloster-metten.com\/index.php?rest_route=\/wp\/v2\/types\/page"}],"author":[{"embeddable":true,"href":"https:\/\/www.kloster-metten.com\/index.php?rest_route=\/wp\/v2\/users\/5"}],"replies":[{"embeddable":true,"href":"https:\/\/www.kloster-metten.com\/index.php?rest_route=%2Fwp%2Fv2%2Fcomments&post=10224"}],"version-history":[{"count":1,"href":"https:\/\/www.kloster-metten.com\/index.php?rest_route=\/wp\/v2\/pages\/10224\/revisions"}],"predecessor-version":[{"id":10235,"href":"https:\/\/www.kloster-metten.com\/index.php?rest_route=\/wp\/v2\/pages\/10224\/revisions\/10235"}],"up":[{"embeddable":true,"href":"https:\/\/www.kloster-metten.com\/index.php?rest_route=\/wp\/v2\/pages\/11028"}],"wp:attachment":[{"href":"https:\/\/www.kloster-metten.com\/index.php?rest_route=%2Fwp%2Fv2%2Fmedia&parent=10224"}],"curies":[{"name":"wp","href":"https:\/\/api.w.org\/{rel}","templated":true}]}}