{"id":10315,"date":"2016-11-14T21:11:46","date_gmt":"2016-11-14T20:11:46","guid":{"rendered":"http:\/\/www.kloster-metten.de\/?page_id=10315"},"modified":"2016-11-14T21:12:45","modified_gmt":"2016-11-14T20:12:45","slug":"nationales-excellence-schulnetzwerk-mint-ec-waechst-auch-in-metten","status":"publish","type":"page","link":"https:\/\/www.kloster-metten.com\/?page_id=10315","title":{"rendered":"Nationales Excellence-Schulnetzwerk MINT-EC w\u00e4chst &#8211; auch in Metten"},"content":{"rendered":"<a href=\"https:\/\/www.kloster-metten.com\/wp-content\/uploads\/2016\/11\/K800_Metten_St.-Michaels-Gymnasium.jpg\"><img class=\"alignnone size-medium wp-image-10312\" title=\"k800_metten_st-michaels-gymnasium\" src=\"https:\/\/www.kloster-metten.com\/wp-content\/uploads\/2016\/11\/K800_Metten_St.-Michaels-Gymnasium-500x333.jpg\" alt=\"k800_metten_st-michaels-gymnasium\" width=\"500\" height=\"333\" \/><\/a><h2>Nationales Excellence-Schulnetzwerk MINT-EC w\u00e4chst &#8211; auch in Metten<\/h2><p><\/p>\n<p><strong>MINT-EC nimmt 22 neue Schulen aus neun Bundesl\u00e4ndern auf <\/strong><\/p>\n<p>Berlin\/G\u00f6ttingen, 11.11.2016. In Anwesenheit von Frauke Heiligenstadt, Kultusministerin Niedersachsen, wurden heute 22 Gymnasien aus ganz Deutschland offiziell in das nationale Excellence-Schulnetzwerk MINT-EC aufgenommen. Damit w\u00e4chst das Schulnetzwerk auf bundesweit 267 Schulen mit zertifiziertem MINT-Profil. Mit dem Pilotprojekt \u201eSchul-Cloud\" in Kooperation mit dem Hasso-Plattner-Institut (HPI) und gef\u00f6rdert vom Bundesministerium f\u00fcr Bildung und Forschung (BMBF) treibt MINT-EC die Digitalisierung der Schulen voran.<\/p>\n<p>\u201eDie Digitalisierung und der rasante technologische Wandel erfordern mehr denn je exzellent aufgestellte MINT-Schulen, die junge Menschen m\u00f6glichst gut auf die sich ver\u00e4ndernde Lebens- und Arbeitswelt vorbereiten\", sagt Wolfgang Gollub, Vorstandsvorsitzender MINT-EC, \u201edeshalb freuen wir uns \u00fcber jede weitere Schule, die diese Herausforderung engagiert anpackt.\"<\/p>\n<p>Von insgesamt 35 Bewerbern haben 22 Schulen im MINT-EC-Auswahlverfahren 2016 mit ihren quantitativen und qualitativen Angeboten in der MINT-F\u00f6rderung die Fachjury \u00fcberzeugt. Mit der Aufnahme in das seit 2009 unter Schirmherrschaft der KMK stehende nationale Excellence-Schulnetzwerk, stehen ihnen hochkar\u00e4tige und innovative Weiterbildungs- und Forschungsm\u00f6glichkeiten f\u00fcr Sch\u00fclerinnen und Sch\u00fcler, Lehrkr\u00e4fte sowie Schulleitungen offen. \u00dcber 4.000 Sch\u00fclerinnen und Sch\u00fcler profitieren j\u00e4hrlich von den Angeboten, die sie ebenfalls in der Studien- und Berufsorientierung unterst\u00fctzen. Spezielle, auf die Bedarfe von Schulleitungen zugeschnittene Veranstaltungen, f\u00f6rdern die qualitative Entwicklung der Schulen im Ganzen.<\/p>\n<p>Die Aufnahme erfolgte im Rahmen der MINT-EC-Schulleitertagung am G\u00f6ttinger Felix-Klein-Gymnasium, das bereits seit 2000 Teil des MINT-EC-Schulnetzwerks ist. Auf der j\u00e4hrlichen Tagung kommen die Schulleitungen aller MINT-EC-Schulen zum Austausch auf Leitungsebene und \u00fcber Bundesl\u00e4ndergrenzen hinweg zusammen. An zwei Tagen werden aktuelle Themen und Herausforderungen des Schulalltags in Workshops und einem fachwissenschaftlichen Vortrag behandelt.<\/p>\n<p>In diesem Jahr steht das Thema Digitalisierung an Schulen im Fokus, zu dem Professor Christoph Meinel, Institutsdirektor des Hasso-Plattner-Instituts (HPI) Potsdam, vortr\u00e4gt. \u201eMit dem Projekt Schul-Cloud m\u00f6chten wir die Digitalisierung an den Schulen in Deutschland einen entscheidenden Schritt voranbringen. Ich freue mich sehr, dass wir das MINT-EC-Schulnetzwerk als Partner gewinnen konnten. Mehr als 25 MINT-EC Schulen in ganz Deutschland wollen an einem Pilotprojekt teilnehmen und von den Vorteilen der Schul-Cloud profitieren\", so Meinel.<\/p>\n<p>Bei der Schul-Cloud handelt es sich um eine Kooperation des Hasso-Plattner-Instituts (HPI) und des Bundesministeriums f\u00fcr Bildung und Forschung (BMBF). Die vom HPI konzipierte Cloud-Infrastruktur, die im Weiteren allen 267 Netzwerkschulen zur Verf\u00fcgung stehen soll, stellt Sch\u00fclerinnen und Sch\u00fclern, Lehrkr\u00e4ften und Eltern einen einfachen Zugang zu Lern- und Lehrmaterialien bereit. Lehrinhalte werden webbasiert allen und von \u00fcberall aus \u00fcber die Cloud verf\u00fcgbar gemacht. Dadurch werden der ortsunabh\u00e4ngige Zugriff und der sinnvolle Einsatz im Unterricht erleichtert.<\/p>\n<p><strong>MINT-EC <\/strong>\u2013 <strong>Das nationale Excellence-Schulnetzwerk <\/strong><\/p>\n<p>MINT-EC ist das nationale Excellence-Netzwerk von Schulen mit Sekundarstufe II und ausgepr\u00e4gtem Profil in Mathematik, Informatik, Naturwissenschaften und Technik (MINT). Es wurde im Jahr 2000 von den Arbeitgebern gegr\u00fcndet und arbeitet eng mit deren regionalen Bildungsinitiativen zusammen. MINT-EC bietet ein breites Veranstaltungs- und F\u00f6rderangebot f\u00fcr Sch\u00fclerinnen und Sch\u00fcler sowie Fortbildungen und fachlichen Austausch f\u00fcr Lehrkr\u00e4fte und Schulleitungen. Das Netzwerk mit derzeit 267 zertifizierten Schulen mit rund 289.500 Sch\u00fclerinnen und Sch\u00fclern sowie 22.700 Lehrkr\u00e4ften steht seit 2009 unter der Schirmherrschaft der Kultusministerkonferenz der L\u00e4nder (KMK). Hauptf\u00f6rderer von MINT-EC sind der Arbeitgeberverband Gesamtmetall im Rahmen der Initiative think ING. sowie die Siemens Stiftung und die bayerischen Arbeitgeberverb\u00e4nde vbm bayme \/ vbw.<\/p>\n<p>Internet:<a href=\"http:\/\/www.mint-ec.de\"> www.mint-ec.de<\/a><\/p>\n<table style=\"width: 474px; height: 500px;\">\n<tbody>\n<tr style=\"height: 24.4px;\">\n<td style=\"width: 286.47px; height: 24.4px;\"><strong>Bundesland, Schule\u00a0<\/strong><\/td>\n<td style=\"width: 172.52px; height: 24.4px;\">\u00a0<strong>Ort <\/strong><\/td>\n<\/tr>\n<tr style=\"height: 24px;\">\n<td style=\"width: 286.47px; height: 24px;\"><strong>Baden-W\u00fcrttemberg <\/strong><\/td>\n<td style=\"width: 172.52px; height: 24px;\"><\/td>\n<\/tr>\n<tr style=\"height: 24px;\">\n<td style=\"width: 286.47px; height: 24px;\">Buigen-Gymnasium<\/td>\n<td style=\"width: 172.52px; height: 24px;\">Herbrechtingen<\/td>\n<\/tr>\n<tr style=\"height: 24px;\">\n<td style=\"width: 286.47px; height: 24px;\">Gymnasium Spaichingen<\/td>\n<td style=\"width: 172.52px; height: 24px;\">Spaichingen<\/td>\n<\/tr>\n<tr style=\"height: 24px;\">\n<td style=\"width: 286.47px; height: 24px;\">Stiftsgymnasium Sindelfingen*<\/td>\n<td style=\"width: 172.52px; height: 24px;\">Sindelfingen<\/td>\n<\/tr>\n<tr>\n<td style=\"width: 286.47px;\"><strong>Bayern <\/strong><\/td>\n<td style=\"width: 172.52px;\"><\/td>\n<\/tr>\n<tr>\n<td style=\"width: 286.47px;\">Armin-Knab-Gymnasium*<\/td>\n<td style=\"width: 172.52px;\">Kitzingen<\/td>\n<\/tr>\n<tr>\n<td style=\"width: 286.47px;\">Graf-M\u00fcnster-Gymnasium*<\/td>\n<td style=\"width: 172.52px;\">Bayreuth<\/td>\n<\/tr>\n<tr>\n<td style=\"width: 286.47px;\">Humboldt-Gymnasium Vaterstetten*<\/td>\n<td style=\"width: 172.52px;\">Baldham<\/td>\n<\/tr>\n<tr>\n<td style=\"width: 286.47px;\">St.-Michaels-Gymnasium*<\/td>\n<td style=\"width: 172.52px;\">Metten<\/td>\n<\/tr>\n<tr>\n<td style=\"width: 286.47px;\">Wilhelm-L\u00f6he-Schule*<\/td>\n<td style=\"width: 172.52px;\">N\u00fcrnberg<\/td>\n<\/tr>\n<tr>\n<td style=\"width: 286.47px;\"><strong>Brandenburg <\/strong><\/td>\n<td style=\"width: 172.52px;\"><\/td>\n<\/tr>\n<tr>\n<td style=\"width: 286.47px;\">Marie-Curie-Gymnasium<\/td>\n<td style=\"width: 172.52px;\">Dallgow-D\u00f6beritz<\/td>\n<\/tr>\n<tr>\n<td style=\"width: 286.47px;\"><strong>Hamburg <\/strong><\/td>\n<td style=\"width: 172.52px;\"><\/td>\n<\/tr>\n<tr>\n<td style=\"width: 286.47px;\">Gymnasium Heidberg*<\/td>\n<td style=\"width: 172.52px;\">Hamburg<\/td>\n<\/tr>\n<tr>\n<td style=\"width: 286.47px;\"><strong>Hessen <\/strong><\/td>\n<td style=\"width: 172.52px;\"><\/td>\n<\/tr>\n<tr>\n<td style=\"width: 286.47px;\">Goetheschule<\/td>\n<td style=\"width: 172.52px;\">Wetzlar<\/td>\n<\/tr>\n<tr>\n<td style=\"width: 286.47px;\"><strong>Niedersachsen <\/strong><\/td>\n<td style=\"width: 172.52px;\"><\/td>\n<\/tr>\n<tr>\n<td style=\"width: 286.47px;\">Gymnasium Damme<\/td>\n<td style=\"width: 172.52px;\">Damme<\/td>\n<\/tr>\n<tr>\n<td style=\"width: 286.47px;\"><strong>Nordrhein-Westfalen <\/strong><\/td>\n<td style=\"width: 172.52px;\"><\/td>\n<\/tr>\n<tr>\n<td style=\"width: 286.47px;\">Alexander-von-Humboldt-Gymnasium*<\/td>\n<td style=\"width: 172.52px;\">Bornheim<\/td>\n<\/tr>\n<tr>\n<td style=\"width: 286.47px;\">Europaschule Bornheim<\/td>\n<td style=\"width: 172.52px;\">Bornheim<\/td>\n<\/tr>\n<tr>\n<td style=\"width: 286.47px;\">Evangelisch Stiftisches Gymnasium<\/td>\n<td style=\"width: 172.52px;\">G\u00fctersloh<\/td>\n<\/tr>\n<tr>\n<td style=\"width: 286.47px;\">Steinhagener Gymnasium<\/td>\n<td style=\"width: 172.52px;\">Steinhagen<\/td>\n<\/tr>\n<tr>\n<td style=\"width: 286.47px;\"><strong>Rheinland-Pfalz <\/strong><\/td>\n<td style=\"width: 172.52px;\"><\/td>\n<\/tr>\n<tr>\n<td style=\"width: 286.47px;\">Gau\u00df-Gymnasium*<\/td>\n<td style=\"width: 172.52px;\">Worms<\/td>\n<\/tr>\n<tr>\n<td style=\"width: 286.47px;\">Gymnasium Saarburg*<\/td>\n<td style=\"width: 172.52px;\">Saarburg<\/td>\n<\/tr>\n<tr>\n<td style=\"width: 286.47px;\">Werner-Heisenberg-Gymnasium*<\/td>\n<td style=\"width: 172.52px;\">Neuwied<\/td>\n<\/tr>\n<tr>\n<td style=\"width: 286.47px;\"><strong>Saarland <\/strong><\/td>\n<td style=\"width: 172.52px;\"><\/td>\n<\/tr>\n<tr>\n<td style=\"width: 286.47px;\">Gymnasium am Krebsberg<\/td>\n<td style=\"width: 172.52px;\">Neunkirchen<\/td>\n<\/tr>\n<\/tbody>\n<\/table>\n<p>Mit * gekennzeichnete Schulen wurden im Status der Anwartschaft aufgenommen<\/p>\n","protected":false},"excerpt":{"rendered":"<p>Nationales Excellence-Schulnetzwerk MINT-EC w\u00e4chst &#8211; auch in Metten MINT-EC nimmt 22 neue Schulen aus neun Bundesl\u00e4ndern auf Berlin\/G\u00f6ttingen, 11.11.2016. In Anwesenheit von Frauke Heiligenstadt, Kultusministerin Niedersachsen, wurden heute 22 Gymnasien aus ganz Deutschland offiziell in das nationale Excellence-Schulnetzwerk MINT-EC aufgenommen. Damit w\u00e4chst das Schulnetzwerk auf bundesweit 267 Schulen mit zertifiziertem MINT-Profil. Mit dem Pilotprojekt \u201eSchul-Cloud&#8220; [&hellip;]<\/p>\n","protected":false},"author":5,"featured_media":0,"parent":5394,"menu_order":-26,"comment_status":"closed","ping_status":"closed","template":"","meta":{"footnotes":""},"class_list":["post-10315","page","type-page","status-publish","hentry"],"_links":{"self":[{"href":"https:\/\/www.kloster-metten.com\/index.php?rest_route=\/wp\/v2\/pages\/10315","targetHints":{"allow":["GET"]}}],"collection":[{"href":"https:\/\/www.kloster-metten.com\/index.php?rest_route=\/wp\/v2\/pages"}],"about":[{"href":"https:\/\/www.kloster-metten.com\/index.php?rest_route=\/wp\/v2\/types\/page"}],"author":[{"embeddable":true,"href":"https:\/\/www.kloster-metten.com\/index.php?rest_route=\/wp\/v2\/users\/5"}],"replies":[{"embeddable":true,"href":"https:\/\/www.kloster-metten.com\/index.php?rest_route=%2Fwp%2Fv2%2Fcomments&post=10315"}],"version-history":[{"count":1,"href":"https:\/\/www.kloster-metten.com\/index.php?rest_route=\/wp\/v2\/pages\/10315\/revisions"}],"predecessor-version":[{"id":10316,"href":"https:\/\/www.kloster-metten.com\/index.php?rest_route=\/wp\/v2\/pages\/10315\/revisions\/10316"}],"up":[{"embeddable":true,"href":"https:\/\/www.kloster-metten.com\/index.php?rest_route=\/wp\/v2\/pages\/5394"}],"wp:attachment":[{"href":"https:\/\/www.kloster-metten.com\/index.php?rest_route=%2Fwp%2Fv2%2Fmedia&parent=10315"}],"curies":[{"name":"wp","href":"https:\/\/api.w.org\/{rel}","templated":true}]}}