{"id":10420,"date":"2016-12-25T11:22:20","date_gmt":"2016-12-25T10:22:20","guid":{"rendered":"http:\/\/www.kloster-metten.de\/?page_id=10420"},"modified":"2017-12-12T20:07:00","modified_gmt":"2017-12-12T19:07:00","slug":"reduse-ueber-unseren-umgang-mit-den-ressourcen-der-erde-zu-gast-am-st-michaels-gymnasium-metten","status":"publish","type":"page","link":"https:\/\/www.kloster-metten.com\/?page_id=10420","title":{"rendered":"\u201eREdUSE \u2013 \u00dcber unseren Umgang mit den Ressourcen der Erde\u201c zu Gast am St.-Michaels-Gymnasium Metten"},"content":{"rendered":"<h2>\u201eREdUSE \u2013 \u00dcber unseren Umgang mit den Ressourcen der Erde\u201c zu Gast am St.-Michaels-Gymnasium Metten<\/h2><p><div id=\"attachment_10417\" style=\"width: 510px\" class=\"wp-caption alignnone\"><a href=\"https:\/\/www.kloster-metten.com\/wp-content\/uploads\/2016\/12\/SAM_6811.jpg\"><img aria-describedby=\"caption-attachment-10417\" class=\"wp-image-10417 size-medium\" title=\"REdUSE2\" src=\"https:\/\/www.kloster-metten.com\/wp-content\/uploads\/2016\/12\/SAM_6811-500x375.jpg\" width=\"500\" height=\"375\" \/><\/a><p id=\"caption-attachment-10417\" class=\"wp-caption-text\">Gregor Fr\u00fch von den \u201eM\u00fcllscouts\u201c stellte das Projekt der Schule vor.<\/p><\/div><\/p>\n<p>\u201eWann, glaubt ihr, ist der EarthOvershootDay, also der Tag, an dem die menschliche Nachfrage an nat\u00fcrlichen Ressourcen die Kapazit\u00e4t der Erde zur Reproduktion dieser Ressourcen \u00fcbersteigt?\u201c<\/p>\n<p>Das war eine von vielen Fragen, mit denen die Sch\u00fclerinnen und Sch\u00fcler des St.-Michaels-Gymnasiums Metten am Montagvormittag konfrontiert wurden. Zu Gast in der Turnhalle war die Multivisionsschau \u201eREdUSE \u2013 \u00dcber unseren Umgang mit den Ressourcen der Erde\u201c, die in drei 90-min\u00fctigen Bl\u00f6cken bei den Sch\u00fclerinnen und Sch\u00fclern s\u00e4mtlicher Jahrgangsstufen das Bewusstsein f\u00f6rderte, dass ein nachhaltigerer Lebensstil notwendig ist, wenn wir weiterhin gut auf unserem Planeten leben wollen.<\/p>\n<p><div id=\"attachment_10418\" style=\"width: 510px\" class=\"wp-caption alignnone\"><a href=\"https:\/\/www.kloster-metten.com\/wp-content\/uploads\/2016\/12\/SAM_6809.jpg\"><img aria-describedby=\"caption-attachment-10418\" class=\"wp-image-10418 size-medium\" title=\"REdUSE3\" src=\"https:\/\/www.kloster-metten.com\/wp-content\/uploads\/2016\/12\/SAM_6809-500x375.jpg\" width=\"500\" height=\"375\" \/><\/a><p id=\"caption-attachment-10418\" class=\"wp-caption-text\">\u201eWelche Ressourcen habt ihr heute schon genutzt?\u201c Moderator Jonas Lass bezog seine Zuh\u00f6rer immer wieder mit ein und sch\u00e4rfte so das Bewusstsein.<\/p><\/div><\/p>\n<p>&nbsp;<\/p>\n<p>Moderator Jonas Lass stellte unterst\u00fctzt von Markus Kiesel, seinem Kollegen an der Technik, zu Beginn dar, wie sehr unser Lebensstandard abh\u00e4ngig ist von der Verf\u00fcgbarkeit von Rohstoffen sowie vom Zugang zu Wasser und Energie. Dabei wurde \u2013 immer wieder unterst\u00fctzt durch Videoeinspielungen \u2013 verdeutlicht, in welchem Ma\u00df bestimmte Ressourcen wie auch deren Nutzung unter den verschiedenen L\u00e4ndern und Kontinenten verteilt sind, dass ein Gro\u00dfteil der Vorkommen \u00fcbernutzt wird, wie wichtig die Ber\u00fccksichtigung \u00f6kologischer, sozialer und politischer Aspekte f\u00fcr eine ganzheitliche Beurteilung ist und wie sehr Konsum\u00fcberfluss und Wegwerfverhalten das System beeintr\u00e4chtigen. Ebenso wurden Ma\u00dfnahmen aufgezeigt, die zum einen L\u00e4nderregierungen und zum anderen Einzelpersonen zur Verf\u00fcgung stehen, um einen verantwortungsvolleren Umgang mit den verf\u00fcgbaren Rohstoffen herbeizuf\u00fchren. \u201eEin umweltschonendes Verbraucherverhalten steht nicht im Widerspruch zu hoher Lebensqualit\u00e4t.\u201c, betonte das Team von Multivision e. V., dem Verein hinter REdUSE, und lobte in diesem Zusammenhang ausdr\u00fccklich den Beitrag des St.-Michaels-Gymnasiums beim letztj\u00e4hrigen Wettbewerb \u201eRessourcenk\u00f6nige\u201c \u2013 initiiert vom Ministerium f\u00fcr Umwelt und Verbraucherschutz zusammen mit dem Ministerium f\u00fcr Bildung und Kultus, Wissenschaft und Kunst. Eine Klasse hatte als \u201eM\u00fcllscouts\u201c \u00fcber einen Zeitraum von vier Wochen M\u00fcll gesammelt, auf den ohne Einbu\u00dfen beim Lebensstandard oder der Produktqualit\u00e4t verzichtet und der ohne \u00fcbertriebenen Aktionismus reduziert werden kann. Paradebeispiele hierf\u00fcr sind mehrlagige Verpackungen, Schutzfolien bei Zeitschriften, Prospekte, die im Postkasten landen, obwohl sie nie bestellt wurden und auch nie gelesen werden und vieles mehr. Das ermittelte M\u00fcllvermeidungspotential war enorm.<\/p>\n<p><div id=\"attachment_10416\" style=\"width: 510px\" class=\"wp-caption alignnone\"><a href=\"https:\/\/www.kloster-metten.com\/wp-content\/uploads\/2016\/12\/SAM_6820.jpg\"><img aria-describedby=\"caption-attachment-10416\" class=\"wp-image-10416 size-medium\" title=\"REdUSE1\" src=\"https:\/\/www.kloster-metten.com\/wp-content\/uploads\/2016\/12\/SAM_6820-500x375.jpg\" width=\"500\" height=\"375\" \/><\/a><p id=\"caption-attachment-10416\" class=\"wp-caption-text\">Die Sch\u00fclerinnen und Sch\u00fcler als Besitzer und Nutzer von Rohstoffreserven.<\/p><\/div><\/p>\n<p>&nbsp;<\/p>\n<p>Im Vordergrund der Multivisionsschau standen schlie\u00dflich die Begriffe Reuse, Reduce und Recycle (aus denen auch das Kunstwort RedUSE gebildet ist), also Wiederverwertung, Reduzierung und Recycling als Grundbausteine f\u00fcr nachhaltiges Handeln. Mit altersgerechten Fragen und Beispielen verstand es Herr Lass hervorragend, die Sch\u00fclerinnen und Sch\u00fcler zum Nach-, Mit- und Weiterdenken anzuregen. Das zeigte sich an den anhaltenden Diskussionen auch noch beim Verlassen der Turnhalle.<\/p>\n<p>Der EarthOvershootDay 2016 war \u00fcbrigens der 8. August, d.h. seit diesem Tag schr\u00f6pfen wir unseren Planeten. Zeit umzudenken!<\/p>\n<p>&nbsp;<\/p>\n","protected":false},"excerpt":{"rendered":"<p>\u201eREdUSE \u2013 \u00dcber unseren Umgang mit den Ressourcen der Erde\u201c zu Gast am St.-Michaels-Gymnasium MettenGregor Fr\u00fch von den \u201eM\u00fcllscouts\u201c stellte das Projekt der Schule vor. \u201eWann, glaubt ihr, ist der EarthOvershootDay, also der Tag, an dem die menschliche Nachfrage an nat\u00fcrlichen Ressourcen die Kapazit\u00e4t der Erde zur Reproduktion dieser Ressourcen \u00fcbersteigt?\u201c Das war eine von [&hellip;]<\/p>\n","protected":false},"author":5,"featured_media":0,"parent":5394,"menu_order":-28,"comment_status":"closed","ping_status":"closed","template":"","meta":{"footnotes":""},"class_list":["post-10420","page","type-page","status-publish","hentry"],"_links":{"self":[{"href":"https:\/\/www.kloster-metten.com\/index.php?rest_route=\/wp\/v2\/pages\/10420","targetHints":{"allow":["GET"]}}],"collection":[{"href":"https:\/\/www.kloster-metten.com\/index.php?rest_route=\/wp\/v2\/pages"}],"about":[{"href":"https:\/\/www.kloster-metten.com\/index.php?rest_route=\/wp\/v2\/types\/page"}],"author":[{"embeddable":true,"href":"https:\/\/www.kloster-metten.com\/index.php?rest_route=\/wp\/v2\/users\/5"}],"replies":[{"embeddable":true,"href":"https:\/\/www.kloster-metten.com\/index.php?rest_route=%2Fwp%2Fv2%2Fcomments&post=10420"}],"version-history":[{"count":2,"href":"https:\/\/www.kloster-metten.com\/index.php?rest_route=\/wp\/v2\/pages\/10420\/revisions"}],"predecessor-version":[{"id":11286,"href":"https:\/\/www.kloster-metten.com\/index.php?rest_route=\/wp\/v2\/pages\/10420\/revisions\/11286"}],"up":[{"embeddable":true,"href":"https:\/\/www.kloster-metten.com\/index.php?rest_route=\/wp\/v2\/pages\/5394"}],"wp:attachment":[{"href":"https:\/\/www.kloster-metten.com\/index.php?rest_route=%2Fwp%2Fv2%2Fmedia&parent=10420"}],"curies":[{"name":"wp","href":"https:\/\/api.w.org\/{rel}","templated":true}]}}