{"id":10706,"date":"2017-03-11T22:48:31","date_gmt":"2017-03-11T21:48:31","guid":{"rendered":"http:\/\/www.kloster-metten.de\/?page_id=10706"},"modified":"2024-01-09T16:32:46","modified_gmt":"2024-01-09T15:32:46","slug":"auffuehrungen-1965-bis-jetzt","status":"publish","type":"page","link":"https:\/\/www.kloster-metten.com\/?page_id=10706","title":{"rendered":"Auff\u00fchrungen 1965 bis jetzt"},"content":{"rendered":"<h2>Auff\u00fchrungen 1965 bis jetzt<\/h2><table style=\"width: 561px;\" cellspacing=\"0\" cellpadding=\"0\">\n<tbody>\n<tr style=\"height: 24px;\">\n<td style=\"width: 38px; height: 24px;\"><strong>Jahr<\/strong><\/td>\n<td style=\"width: 339px; height: 24px;\"><strong>St\u00fcck<\/strong><\/td>\n<td style=\"width: 184px; height: 24px;\"><strong>Regie<\/strong><\/td>\n<\/tr>\n<tr>\n<td style=\"width: 38px;\">2022<\/td>\n<td style=\"width: 339px;\">Orfeo ed Euridice<\/td>\n<td style=\"width: 184px;\">H. Liebl<br \/>\nP. Athanasius Berggold<\/td>\n<\/tr>\n<tr style=\"height: 24px;\">\n<td style=\"width: 38px;\">2019<\/td>\n<td style=\"width: 339px;\">Gelegenheit macht Diebe<\/td>\n<td style=\"width: 184px;\">P. Athanasius Berggold<\/td>\n<\/tr>\n<tr style=\"height: 24px;\">\n<td style=\"width: 38px;\">2018<\/td>\n<td style=\"width: 339px;\">Die zw\u00f6lf Geschworenen<\/td>\n<td style=\"width: 184px;\">P. Athanasius Berggold<\/td>\n<\/tr>\n<tr style=\"height: 24px;\">\n<td style=\"width: 38px;\">2018<\/td>\n<td style=\"width: 339px;\">Asterix und Obelix im Wilden Westen<\/td>\n<td style=\"width: 184px;\">P. Athanasius Berggold<\/td>\n<\/tr>\n<tr style=\"height: 24px;\">\n<td style=\"width: 38px;\">2018<\/td>\n<td style=\"width: 339px;\">Tango criminale<\/td>\n<td style=\"width: 184px;\">P. Athanasius Berggold<\/td>\n<\/tr>\n<tr style=\"height: 24px;\">\n<td style=\"width: 38px;\">2017<\/td>\n<td style=\"width: 339px;\">Wer einmal l\u00fcgt, dem glaubt man nicht<\/td>\n<td style=\"width: 184px;\">P. Athanasius Berggold<\/td>\n<\/tr>\n<tr style=\"height: 24px;\">\n<td style=\"width: 38px;\">2017<\/td>\n<td style=\"width: 339px;\">Das Perlbacherl<\/td>\n<td style=\"width: 184px;\">P. Athanasius Berggold<\/td>\n<\/tr>\n<tr style=\"height: 24px;\">\n<td style=\"width: 38px;\">2017<\/td>\n<td style=\"width: 339px;\">Der Noagalzuzler<\/td>\n<td style=\"width: 184px;\">P. Athanasius Berggold<\/td>\n<\/tr>\n<tr style=\"height: 24px;\">\n<td style=\"width: 38px; height: 24px;\">2015<\/td>\n<td style=\"width: 339px; height: 24px;\">Alles neu macht der Mai<\/td>\n<td style=\"width: 184px; height: 24px;\">P. Athanasius Berggold<\/td>\n<\/tr>\n<tr style=\"height: 24px;\">\n<td style=\"width: 38px; height: 24px;\">2014<\/td>\n<td style=\"width: 339px; height: 24px;\">\u201eWer kann, der kann!\u201c (?)<\/td>\n<td style=\"width: 184px; height: 24px;\">P. Athanasius Berggold<\/td>\n<\/tr>\n<tr style=\"height: 24px;\">\n<td style=\"width: 38px; height: 24px;\">2014<\/td>\n<td style=\"width: 339px; height: 24px;\">Im Himmel gibt\u2019s koa Parlament<\/td>\n<td style=\"width: 184px; height: 24px;\">P. Athanasius Berggold<\/td>\n<\/tr>\n<tr style=\"height: 24px;\">\n<td style=\"width: 38px; height: 24px;\">2013<\/td>\n<td style=\"width: 339px; height: 24px;\">Ohne Moos nichts los<\/td>\n<td style=\"width: 184px; height: 24px;\">P. Athanasius Berggold<\/td>\n<\/tr>\n<tr style=\"height: 24px;\">\n<td style=\"width: 38px; height: 24px;\">2013<\/td>\n<td style=\"width: 339px; height: 24px;\">Familiensaustall<\/td>\n<td style=\"width: 184px; height: 24px;\">P. Athanasius Berggold<\/td>\n<\/tr>\n<tr style=\"height: 24px;\">\n<td style=\"width: 38px; height: 24px;\">2012<\/td>\n<td style=\"width: 339px; height: 24px;\">Jedermann<\/td>\n<td style=\"width: 184px; height: 24px;\">P. Athanasius Berggold<\/td>\n<\/tr>\n<tr style=\"height: 24px;\">\n<td style=\"width: 38px; height: 24px;\">2012<\/td>\n<td style=\"width: 339px; height: 24px;\">Die verhexte M\u00fchle<\/td>\n<td style=\"width: 184px; height: 24px;\">P. Athanasius Berggold<\/td>\n<\/tr>\n<tr style=\"height: 24px;\">\n<td style=\"width: 38px; height: 24px;\">2011<\/td>\n<td style=\"width: 339px; height: 24px;\">Der entf\u00fchrte Selbstmordeinbruch<\/td>\n<td style=\"width: 184px; height: 24px;\">P. Athanasius Berggold<\/td>\n<\/tr>\n<tr style=\"height: 24px;\">\n<td style=\"width: 38px; height: 24px;\">2011<\/td>\n<td style=\"width: 339px; height: 24px;\">Adelphoe<\/td>\n<td style=\"width: 184px; height: 24px;\">P. Athanasius Berggold<\/td>\n<\/tr>\n<tr style=\"height: 24px;\">\n<td style=\"width: 38px; height: 24px;\">2010<\/td>\n<td style=\"width: 339px; height: 24px;\">A l\u00e4stiger Bettg\u2019sell<\/td>\n<td style=\"width: 184px; height: 24px;\">P. Athanasius Berggold<\/td>\n<\/tr>\n<tr style=\"height: 24px;\">\n<td style=\"width: 38px; height: 24px;\">2010<\/td>\n<td style=\"width: 339px; height: 24px;\">Der Widerspenstigen Z\u00e4hmung<\/td>\n<td style=\"width: 184px; height: 24px;\">P. Athanasius Berggold<\/td>\n<\/tr>\n<tr style=\"height: 24px;\">\n<td style=\"width: 38px; height: 24px;\">2009<\/td>\n<td style=\"width: 339px; height: 24px;\">Der Besuch der alten Dame<\/td>\n<td style=\"width: 184px; height: 24px;\">P. Athanasius Berggold<\/td>\n<\/tr>\n<tr style=\"height: 24px;\">\n<td style=\"width: 38px; height: 24px;\">2009<\/td>\n<td style=\"width: 339px; height: 24px;\">Brandner Kaspar<\/td>\n<td style=\"width: 184px; height: 24px;\">P. Athanasius Berggold<\/td>\n<\/tr>\n<tr style=\"height: 24px;\">\n<td style=\"width: 38px; height: 24px;\">2008<\/td>\n<td style=\"width: 339px; height: 24px;\">Romeo und Julia<\/td>\n<td style=\"width: 184px; height: 24px;\">P. Athanasius Berggold<\/td>\n<\/tr>\n<tr style=\"height: 24px;\">\n<td style=\"width: 38px; height: 24px;\">2008<\/td>\n<td style=\"width: 339px; height: 24px;\">Vir vitae venerabilis<\/td>\n<td style=\"width: 184px; height: 24px;\">P. Athanasius Berggold<\/td>\n<\/tr>\n<tr style=\"height: 24px;\">\n<td style=\"width: 38px; height: 24px;\">2007<\/td>\n<td style=\"width: 339px; height: 24px;\">Lysistrate \u2013 oder: Weiberstreik in Bayern<\/td>\n<td style=\"width: 184px; height: 24px;\">P. Athanasius Berggold<\/td>\n<\/tr>\n<tr style=\"height: 24px;\">\n<td style=\"width: 38px; height: 24px;\">2007<\/td>\n<td style=\"width: 339px; height: 24px;\">Ordo virtutum<\/td>\n<td style=\"width: 184px; height: 24px;\">P. Athanasius Berggold<\/td>\n<\/tr>\n<tr style=\"height: 24px;\">\n<td style=\"width: 38px; height: 24px;\">2006<\/td>\n<td style=\"width: 339px; height: 24px;\">Amor vincit omnia<\/td>\n<td style=\"width: 184px; height: 24px;\">P. Athanasius Berggold<\/td>\n<\/tr>\n<tr style=\"height: 24px;\">\n<td style=\"width: 38px; height: 24px;\">2005<\/td>\n<td style=\"width: 339px; height: 24px;\">&#8222;Die R\u00e4uber&#8220;<\/td>\n<td style=\"width: 184px; height: 24px;\">P. Athanasius Berggold<\/td>\n<\/tr>\n<tr style=\"height: 24px;\">\n<td style=\"width: 38px; height: 24px;\">2005<\/td>\n<td style=\"width: 339px; height: 24px;\">&#8222;Sallach&#8220; oder &#8222;Die verkaufte Braut&#8220;<\/td>\n<td style=\"width: 184px; height: 24px;\">P. Adalbert Seipolt<\/td>\n<\/tr>\n<tr style=\"height: 72px;\">\n<td style=\"width: 38px; height: 72px;\">2004<\/td>\n<td style=\"width: 339px; height: 72px;\">&#8222;Die Welt ist bunt&#8220;<\/td>\n<td style=\"width: 184px; height: 72px;\">P. Athanasius Berggold<br \/>\nH. Tausch<br \/>\nFr. Pfab<\/td>\n<\/tr>\n<tr style=\"height: 24px;\">\n<td style=\"width: 38px; height: 24px;\">2003<\/td>\n<td style=\"width: 339px; height: 24px;\">&#8222;Die Wolken&#8220;<\/td>\n<td style=\"width: 184px; height: 24px;\">P. Adalbert Seipolt<\/td>\n<\/tr>\n<tr style=\"height: 48px;\">\n<td style=\"width: 38px; height: 48px;\">2002<\/td>\n<td style=\"width: 339px; height: 48px;\">&#8222;The Fairy Queen&#8220;<\/td>\n<td style=\"width: 184px; height: 48px;\">H. Tausch<br \/>\nFr. Schingnitz<br \/>\nP. Athanasius Berggold<\/td>\n<\/tr>\n<tr style=\"height: 24px;\">\n<td style=\"width: 38px; height: 24px;\">2001<\/td>\n<td style=\"width: 339px; height: 24px;\">&#8222;Das Schiff Esperanza&#8220;<\/td>\n<td style=\"width: 184px; height: 24px;\">P. Adalbert Seipolt<\/td>\n<\/tr>\n<tr style=\"height: 72px;\">\n<td style=\"width: 38px; height: 72px;\">2000<\/td>\n<td style=\"width: 339px; height: 72px;\">&#8222;Little Shop of Horrors&#8220;<\/td>\n<td style=\"width: 184px; height: 72px;\">H. Auer<br \/>\nP. Athanasius Berggold<br \/>\nFr. Schmerbeck<\/td>\n<\/tr>\n<tr style=\"height: 24px;\">\n<td style=\"width: 38px; height: 24px;\">2000<\/td>\n<td style=\"width: 339px; height: 24px;\">&#8222;Die kleinen Verwandten&#8220; &amp; &#8222;Gel\u00e4hmte Schwingen&#8220;<\/td>\n<td style=\"width: 184px; height: 24px;\">P. Adalbert Seipolt<\/td>\n<\/tr>\n<tr style=\"height: 24px;\">\n<td style=\"width: 38px; height: 24px;\">1999<\/td>\n<td style=\"width: 339px; height: 24px;\">&#8222;Zwei Hauben und eine Posaune<\/td>\n<td style=\"width: 184px; height: 24px;\">P. Adalbert Seipolt<\/td>\n<\/tr>\n<tr style=\"height: 72px;\">\n<td style=\"width: 38px; height: 72px;\">1998<\/td>\n<td style=\"width: 339px; height: 72px;\">&#8222;Joseph and the amazing technicolor dreamcoat&#8220;<\/td>\n<td style=\"width: 184px; height: 72px;\">H. Auer<br \/>\nP. Athanasius Berggold<br \/>\nFr. Schmerbeck<\/td>\n<\/tr>\n<tr style=\"height: 24px;\">\n<td style=\"width: 38px; height: 24px;\">1998<\/td>\n<td style=\"width: 339px; height: 24px;\">&#8222;Der Tag, an dem der Papst gekidnappt wurde&#8220;<\/td>\n<td style=\"width: 184px; height: 24px;\">P. Adalbert Seipolt<\/td>\n<\/tr>\n<tr style=\"height: 24px;\">\n<td style=\"width: 38px; height: 24px;\">1996<\/td>\n<td style=\"width: 339px; height: 24px;\">&#8222;Sallach&#8220; oder &#8222;Die verkaufte Braut&#8220;<\/td>\n<td style=\"width: 184px; height: 24px;\">P. Adalbert Seipolt<\/td>\n<\/tr>\n<tr style=\"height: 24px;\">\n<td style=\"width: 38px; height: 24px;\">1996<\/td>\n<td style=\"width: 339px; height: 24px;\">&#8222;Das fidele Internat&#8220;<\/td>\n<td style=\"width: 184px; height: 24px;\">P. Athanasius Berggold<\/td>\n<\/tr>\n<tr style=\"height: 24px;\">\n<td style=\"width: 38px; height: 24px;\">1996<\/td>\n<td style=\"width: 339px; height: 24px;\">&#8222;Das Sch\u00e4ferst\u00fcndchen&#8220;<\/td>\n<td style=\"width: 184px; height: 24px;\">P. Athanasius Berggold<\/td>\n<\/tr>\n<tr style=\"height: 24px;\">\n<td style=\"width: 38px; height: 24px;\">1995<\/td>\n<td style=\"width: 339px; height: 24px;\">&#8222;Der Revisor&#8220;<\/td>\n<td style=\"width: 184px; height: 24px;\">P. Adalbert Seipolt<\/td>\n<\/tr>\n<tr style=\"height: 24px;\">\n<td style=\"width: 38px; height: 24px;\">1994<\/td>\n<td style=\"width: 339px; height: 24px;\">&#8222;Das Riesenro\u00df&#8220;<\/td>\n<td style=\"width: 184px; height: 24px;\">P. Adalbert Seipolt<\/td>\n<\/tr>\n<tr style=\"height: 24px;\">\n<td style=\"width: 38px; height: 24px;\">1993<\/td>\n<td style=\"width: 339px; height: 24px;\">&#8222;Columbus&#8220;<\/td>\n<td style=\"width: 184px; height: 24px;\">P. Adalbert Seipolt<\/td>\n<\/tr>\n<tr style=\"height: 24px;\">\n<td style=\"width: 38px; height: 24px;\">1992<\/td>\n<td style=\"width: 339px; height: 24px;\">&#8222;Tumult im Narrenhaus&#8220;<\/td>\n<td style=\"width: 184px; height: 24px;\">P. Adalbert Seipolt<\/td>\n<\/tr>\n<tr style=\"height: 24px;\">\n<td style=\"width: 38px; height: 24px;\">1991<\/td>\n<td style=\"width: 339px; height: 24px;\">&#8222;Die Fr\u00f6sche&#8220;<\/td>\n<td style=\"width: 184px; height: 24px;\">P. Adalbert Seipolt<\/td>\n<\/tr>\n<tr style=\"height: 24px;\">\n<td style=\"width: 38px; height: 24px;\">1990<\/td>\n<td style=\"width: 339px; height: 24px;\">&#8222;Meuterei auf der Arche&#8220;<\/td>\n<td style=\"width: 184px; height: 24px;\">P. Adalbert Seipolt<\/td>\n<\/tr>\n<tr style=\"height: 24px;\">\n<td style=\"width: 38px; height: 24px;\">1989<\/td>\n<td style=\"width: 339px; height: 24px;\">&#8222;Auf hoher See&#8220;<\/td>\n<td style=\"width: 184px; height: 24px;\">P. Adalbert Seipolt<\/td>\n<\/tr>\n<tr style=\"height: 24px;\">\n<td style=\"width: 38px; height: 24px;\">1989<\/td>\n<td style=\"width: 339px; height: 24px;\">&#8222;Der Wunderhund&#8220;<\/td>\n<td style=\"width: 184px; height: 24px;\">P. Adalbert Seipolt<\/td>\n<\/tr>\n<tr style=\"height: 24px;\">\n<td style=\"width: 38px; height: 24px;\">1988<\/td>\n<td style=\"width: 339px; height: 24px;\">&#8222;Gianni Schicchi&#8220;<\/td>\n<td style=\"width: 184px; height: 24px;\">P. Adalbert Seipolt<\/td>\n<\/tr>\n<tr style=\"height: 24px;\">\n<td style=\"width: 38px; height: 24px;\">1987<\/td>\n<td style=\"width: 339px; height: 24px;\">&#8222;Die schlimmen Buben in der Schule&#8220;<\/td>\n<td style=\"width: 184px; height: 24px;\">P. Adalbert Seipolt<\/td>\n<\/tr>\n<tr style=\"height: 24px;\">\n<td style=\"width: 38px; height: 24px;\">1986<\/td>\n<td style=\"width: 339px; height: 24px;\">&#8222;Postellos Ende&#8220;<\/td>\n<td style=\"width: 184px; height: 24px;\">P. Adalbert Seipolt<\/td>\n<\/tr>\n<tr style=\"height: 24px;\">\n<td style=\"width: 38px; height: 24px;\">1986<\/td>\n<td style=\"width: 339px; height: 24px;\">&#8222;Der Bierkrawall&#8220;<\/td>\n<td style=\"width: 184px; height: 24px;\">P. Adalbert Seipolt<\/td>\n<\/tr>\n<tr style=\"height: 24px;\">\n<td style=\"width: 38px; height: 24px;\">1986<\/td>\n<td style=\"width: 339px; height: 24px;\">&#8222;Der Hochzeiter&#8220;<\/td>\n<td style=\"width: 184px; height: 24px;\">P. Adalbert Seipolt<\/td>\n<\/tr>\n<tr style=\"height: 24px;\">\n<td style=\"width: 38px; height: 24px;\">1985<\/td>\n<td style=\"width: 339px; height: 24px;\">&#8222;Die Wolken&#8220;<\/td>\n<td style=\"width: 184px; height: 24px;\">P. Adalbert Seipolt<\/td>\n<\/tr>\n<tr style=\"height: 24px;\">\n<td style=\"width: 38px; height: 24px;\">1984<\/td>\n<td style=\"width: 339px; height: 24px;\">&#8222;Julius Caesar&#8220;<\/td>\n<td style=\"width: 184px; height: 24px;\">P. Adalbert Seipolt<\/td>\n<\/tr>\n<tr style=\"height: 24px;\">\n<td style=\"width: 38px; height: 24px;\">1983<\/td>\n<td style=\"width: 339px; height: 24px;\">&#8222;Asterix im wilden Westen&#8220;<\/td>\n<td style=\"width: 184px; height: 24px;\">P. Adalbert Seipolt<\/td>\n<\/tr>\n<tr style=\"height: 24px;\">\n<td style=\"width: 38px; height: 24px;\">1981<\/td>\n<td style=\"width: 339px; height: 24px;\">&#8222;Die Fr\u00f6sche&#8220;<\/td>\n<td style=\"width: 184px; height: 24px;\">P. Adalbert Seipolt<\/td>\n<\/tr>\n<tr style=\"height: 24px;\">\n<td style=\"width: 38px; height: 24px;\">1981<\/td>\n<td style=\"width: 339px; height: 24px;\">&#8222;Brautkauf im Kibbuz&#8220;<\/td>\n<td style=\"width: 184px; height: 24px;\">P. Adalbert Seipolt<\/td>\n<\/tr>\n<tr style=\"height: 24px;\">\n<td style=\"width: 38px; height: 24px;\">1980<\/td>\n<td style=\"width: 339px; height: 24px;\">&#8222;Aufbruch in Rom&#8220;<\/td>\n<td style=\"width: 184px; height: 24px;\">P. Adalbert Seipolt<\/td>\n<\/tr>\n<tr style=\"height: 24px;\">\n<td style=\"width: 38px; height: 24px;\">1979<\/td>\n<td style=\"width: 339px; height: 24px;\">&#8222;Biedermann und die Brandstifter&#8220;<\/td>\n<td style=\"width: 184px; height: 24px;\">P. Adalbert Seipolt<\/td>\n<\/tr>\n<tr style=\"height: 24px;\">\n<td style=\"width: 38px; height: 24px;\">1979<\/td>\n<td style=\"width: 339px; height: 24px;\">&#8222;Der Hauptmann und sein Knecht&#8220;<\/td>\n<td style=\"width: 184px; height: 24px;\">P. Adalbert Seipolt<\/td>\n<\/tr>\n<tr style=\"height: 24px;\">\n<td style=\"width: 38px; height: 24px;\">1978<\/td>\n<td style=\"width: 339px; height: 24px;\">&#8222;Ein Prophet in Schwierigkeiten&#8220;<\/td>\n<td style=\"width: 184px; height: 24px;\">P. Adalbert Seipolt<\/td>\n<\/tr>\n<tr style=\"height: 24px;\">\n<td style=\"width: 38px; height: 24px;\">1978<\/td>\n<td style=\"width: 339px; height: 24px;\">&#8222;Die Heimkehr des Sohnes&#8220;<\/td>\n<td style=\"width: 184px; height: 24px;\">P. Adalbert Seipolt<\/td>\n<\/tr>\n<tr style=\"height: 24px;\">\n<td style=\"width: 38px; height: 24px;\">1977<\/td>\n<td style=\"width: 339px; height: 24px;\">&#8222;Das Riesenro\u00df&#8220;<\/td>\n<td style=\"width: 184px; height: 24px;\">P. Adalbert Seipolt<\/td>\n<\/tr>\n<tr style=\"height: 24px;\">\n<td style=\"width: 38px; height: 24px;\">1976<\/td>\n<td style=\"width: 339px; height: 24px;\">&#8222;Drei Passionsszenen&#8220;<\/td>\n<td style=\"width: 184px; height: 24px;\">P. Adalbert Seipolt<\/td>\n<\/tr>\n<tr style=\"height: 24px;\">\n<td style=\"width: 38px; height: 24px;\">1976<\/td>\n<td style=\"width: 339px; height: 24px;\">&#8222;Die schlimmen Buben in der Schule&#8220;<\/td>\n<td style=\"width: 184px; height: 24px;\">P. Adalbert Seipolt<\/td>\n<\/tr>\n<tr style=\"height: 24px;\">\n<td style=\"width: 38px; height: 24px;\">1976<\/td>\n<td style=\"width: 339px; height: 24px;\">&#8222;Noah in N\u00f6ten&#8220;<\/td>\n<td style=\"width: 184px; height: 24px;\">P. Adalbert Seipolt<\/td>\n<\/tr>\n<tr style=\"height: 24px;\">\n<td style=\"width: 38px; height: 24px;\">1975<\/td>\n<td style=\"width: 339px; height: 24px;\">&#8222;Das Ende vom Lied&#8220; &amp; &#8222;Im Photoatelier&#8220;<\/td>\n<td style=\"width: 184px; height: 24px;\">P. Adalbert Seipolt<\/td>\n<\/tr>\n<tr style=\"height: 24px;\">\n<td style=\"width: 38px; height: 24px;\">1975<\/td>\n<td style=\"width: 339px; height: 24px;\">&#8222;Reise um die Welt in 80 Tagen&#8220;<\/td>\n<td style=\"width: 184px; height: 24px;\">P. Adalbert Seipolt<\/td>\n<\/tr>\n<tr style=\"height: 24px;\">\n<td style=\"width: 38px; height: 24px;\">1974<\/td>\n<td style=\"width: 339px; height: 24px;\">&#8222;Don Ranudo&#8220;<\/td>\n<td style=\"width: 184px; height: 24px;\">P. Adalbert Seipolt<\/td>\n<\/tr>\n<tr style=\"height: 24px;\">\n<td style=\"width: 38px; height: 24px;\">1973<\/td>\n<td style=\"width: 339px; height: 24px;\">&#8222;Das Schiff Esperanza&#8220;<\/td>\n<td style=\"width: 184px; height: 24px;\">P. Adalbert Seipolt<\/td>\n<\/tr>\n<tr style=\"height: 24px;\">\n<td style=\"width: 38px; height: 24px;\">1972<\/td>\n<td style=\"width: 339px; height: 24px;\">&#8222;Die Spieler&#8220; &amp; &#8222;Der Wunderhund&#8220;<\/td>\n<td style=\"width: 184px; height: 24px;\">P. Adalbert Seipolt<\/td>\n<\/tr>\n<tr style=\"height: 24px;\">\n<td style=\"width: 38px; height: 24px;\">1971<\/td>\n<td style=\"width: 339px; height: 24px;\">&#8222;Die Wolken&#8220; &amp; &#8222;Das Wundertheater&#8220;<\/td>\n<td style=\"width: 184px; height: 24px;\">P. Adalbert Seipolt<\/td>\n<\/tr>\n<tr style=\"height: 24px;\">\n<td style=\"width: 38px; height: 24px;\">1970<\/td>\n<td style=\"width: 339px; height: 24px;\">&#8222;Einer zahlt die Zeche&#8220;<\/td>\n<td style=\"width: 184px; height: 24px;\">P. Adalbert Seipolt<\/td>\n<\/tr>\n<tr style=\"height: 48px;\">\n<td style=\"width: 38px; height: 48px;\">1970<\/td>\n<td style=\"width: 339px; height: 48px;\">&#8222;Alibaba und die 40 R\u00e4uber&#8220;<\/td>\n<td style=\"width: 184px; height: 48px;\">P. Berthold Nidermayer,<br \/>\nP. Walter Ringlstetter<\/td>\n<\/tr>\n<tr style=\"height: 24px;\">\n<td style=\"width: 38px; height: 24px;\">1969<\/td>\n<td style=\"width: 339px; height: 24px;\">&#8222;Kater Muzl&#8220;<\/td>\n<td style=\"width: 184px; height: 24px;\">P. Adalbert Seipolt<\/td>\n<\/tr>\n<tr style=\"height: 24px;\">\n<td style=\"width: 38px; height: 24px;\">1969<\/td>\n<td style=\"width: 339px; height: 24px;\">&#8222;Jedermann&#8220;<\/td>\n<td style=\"width: 184px; height: 24px;\">P. Berthold Nidermayer<\/td>\n<\/tr>\n<tr style=\"height: 24px;\">\n<td style=\"width: 38px; height: 24px;\">1969<\/td>\n<td style=\"width: 339px; height: 24px;\">&#8222;Die Fr\u00f6sche&#8220;<\/td>\n<td style=\"width: 184px; height: 24px;\">P. Adalbert Seipolt<\/td>\n<\/tr>\n<tr style=\"height: 24px;\">\n<td style=\"width: 38px; height: 24px;\">1968<\/td>\n<td style=\"width: 339px; height: 24px;\">&#8222;Sisto und Sesto&#8220;<\/td>\n<td style=\"width: 184px; height: 24px;\">P. Adalbert Seipolt<\/td>\n<\/tr>\n<tr style=\"height: 24px;\">\n<td style=\"width: 38px; height: 24px;\">1967<\/td>\n<td style=\"width: 339px; height: 24px;\">&#8222;Das Riesenro\u00df&#8220;, &#8222;K\u00f6nige in Jud\u00e4a&#8220;,<br \/>\n&#8222;Das Gold von Williams Ranch&#8220;<\/td>\n<td style=\"width: 184px; height: 24px;\">P. Adalbert Seipolt<\/td>\n<\/tr>\n<tr style=\"height: 24px;\">\n<td style=\"width: 38px; height: 24px;\">1966<\/td>\n<td style=\"width: 339px; height: 24px;\">&#8222;Philoktet&#8220;<\/td>\n<td style=\"width: 184px; height: 24px;\">P. Adalbert Seipolt<\/td>\n<\/tr>\n<tr style=\"height: 24px;\">\n<td style=\"width: 38px; height: 24px;\">1965<\/td>\n<td style=\"width: 339px; height: 24px;\">&#8222;Die Wolken&#8220;<\/td>\n<td style=\"width: 184px; height: 24px;\">P. Adalbert Seipolt<\/td>\n<\/tr>\n<\/tbody>\n<\/table>\n","protected":false},"excerpt":{"rendered":"<p>Auff\u00fchrungen 1965 bis jetzt Jahr St\u00fcck Regie 2022 Orfeo ed Euridice H. Liebl P. Athanasius Berggold 2019 Gelegenheit macht Diebe P. Athanasius Berggold 2018 Die zw\u00f6lf Geschworenen P. Athanasius Berggold 2018 Asterix und Obelix im Wilden Westen P. Athanasius Berggold 2018 Tango criminale P. Athanasius Berggold 2017 Wer einmal l\u00fcgt, dem glaubt man nicht P. [&hellip;]<\/p>\n","protected":false},"author":5,"featured_media":0,"parent":285,"menu_order":0,"comment_status":"closed","ping_status":"closed","template":"","meta":{"footnotes":""},"class_list":["post-10706","page","type-page","status-publish","hentry"],"_links":{"self":[{"href":"https:\/\/www.kloster-metten.com\/index.php?rest_route=\/wp\/v2\/pages\/10706","targetHints":{"allow":["GET"]}}],"collection":[{"href":"https:\/\/www.kloster-metten.com\/index.php?rest_route=\/wp\/v2\/pages"}],"about":[{"href":"https:\/\/www.kloster-metten.com\/index.php?rest_route=\/wp\/v2\/types\/page"}],"author":[{"embeddable":true,"href":"https:\/\/www.kloster-metten.com\/index.php?rest_route=\/wp\/v2\/users\/5"}],"replies":[{"embeddable":true,"href":"https:\/\/www.kloster-metten.com\/index.php?rest_route=%2Fwp%2Fv2%2Fcomments&post=10706"}],"version-history":[{"count":10,"href":"https:\/\/www.kloster-metten.com\/index.php?rest_route=\/wp\/v2\/pages\/10706\/revisions"}],"predecessor-version":[{"id":48280,"href":"https:\/\/www.kloster-metten.com\/index.php?rest_route=\/wp\/v2\/pages\/10706\/revisions\/48280"}],"up":[{"embeddable":true,"href":"https:\/\/www.kloster-metten.com\/index.php?rest_route=\/wp\/v2\/pages\/285"}],"wp:attachment":[{"href":"https:\/\/www.kloster-metten.com\/index.php?rest_route=%2Fwp%2Fv2%2Fmedia&parent=10706"}],"curies":[{"name":"wp","href":"https:\/\/api.w.org\/{rel}","templated":true}]}}