{"id":10845,"date":"2017-05-09T00:10:00","date_gmt":"2017-05-08T22:10:00","guid":{"rendered":"http:\/\/www.kloster-metten.de\/?page_id=10845"},"modified":"2017-12-12T20:06:11","modified_gmt":"2017-12-12T19:06:11","slug":"erfolgreich-geknobelt","status":"publish","type":"page","link":"https:\/\/www.kloster-metten.com\/?page_id=10845","title":{"rendered":"Erfolgreich geknobelt!"},"content":{"rendered":"<h2>Erfolgreich geknobelt!<\/h2><p>Am 16. M\u00e4rz 2017 stellten sich \u00fcber 200 Sch\u00fclerinnen und Sch\u00fcler der Klassen 5 bis 10 des St.-Michaels-Gymnasiums Metten den Knobelaufgaben des K\u00e4nguru-Wettbewerbs der Mathematik. Dies war nur ein kleiner Anteil der mehr als 900 000 Teilnehmer aus ganz Deutschland.<\/p>\n<p><div id=\"attachment_10833\" style=\"width: 510px\" class=\"wp-caption alignnone\"><a href=\"https:\/\/www.kloster-metten.com\/wp-content\/uploads\/2017\/05\/SMG-Metten_Kaenguru-Wettbewerb.jpg\"><img aria-describedby=\"caption-attachment-10833\" class=\"wp-image-10833 size-medium\" title=\"SMG-Metten_Kaenguru-Wettbewerb\" src=\"https:\/\/www.kloster-metten.com\/wp-content\/uploads\/2017\/05\/SMG-Metten_Kaenguru-Wettbewerb-500x214.jpg\" alt=\"\" width=\"500\" height=\"214\" \/><\/a><p id=\"caption-attachment-10833\" class=\"wp-caption-text\">am 16. M\u00e4rz 2017 herrschte h\u00f6chste Konzentration beim K\u00e4nguru-Wettbewerb der Mathematik<\/p><\/div><\/p>\n<p>Mit insgesamt f\u00fcnf ersten, einem zweiten und drei dritten Preisen beim K\u00e4nguru-Wettbewerb 2017 erzielten 8 Sch\u00fcler und eine Sch\u00fclerin des St.-Michaels-Gymnasiums Metten auch dieses Jahr sehr gute Erfolge.<\/p>\n<p>In den f\u00fcnften Klassen konnten sich Tobias Schreiber, Alexander Gigler, Timo Bachmeier und Jonas Waas \u00fcber erste Preise in Form von gro\u00dfen Gesellschaftsspielen freuen. Einen zweiten Preis erhielt Andreas Steinb\u00fcgl aus der sechsten Klasse. In den achten Klassen wurden von Martin Weikl und Rebecca Nowak dritte Preise erzielt. Mika Bachmeier, ebenfalls aus der achten Klasse, erreichte einen hervorragender erster Platz in dieser Jahrgangsstufe und erhielt zus\u00e4tzlich den Sonderpreis f\u00fcr den so genannten gr\u00f6\u00dften K\u00e4ngurusprung, d.h. die meisten am St\u00fcck richtig gel\u00f6sten Aufgaben aller Teilnehmer der Schule. In der zehnten Klasse war Thomas Gigler erfolgreich und durfte einen dritten Preis entgegennehmen.<\/p>\n<p>Allen Preistr\u00e4gern nochmals herzliche Gl\u00fcckw\u00fcnsche f\u00fcr diese gro\u00dfartigen Leistungen.<\/p>\n<p><div id=\"attachment_10832\" style=\"width: 510px\" class=\"wp-caption alignnone\"><a href=\"https:\/\/www.kloster-metten.com\/wp-content\/uploads\/2017\/05\/SMG-Metten_Kaenguru-Sieger_.jpg\"><img aria-describedby=\"caption-attachment-10832\" class=\"wp-image-10832 size-medium\" title=\"SMG-Metten_Kaenguru-Sieger_\" src=\"https:\/\/www.kloster-metten.com\/wp-content\/uploads\/2017\/05\/SMG-Metten_Kaenguru-Sieger_-500x254.jpg\" alt=\"\" width=\"500\" height=\"254\" \/><\/a><p id=\"caption-attachment-10832\" class=\"wp-caption-text\">Die Preistr\u00e4ger des St.-Michaels-Gymnasiums Metten mit dem Schulleiter P. Erhard Hinrainer OSB und dem betreuenden Lehrer Benno Ibrom. Von links nach rechts, von hinten nach vorne: Andreas Steinb\u00fcgl, Thomas Gigler, Mika Bachmeier, Martin Weikl, Rebecca Nowak Tobias Schreiber, Alexander Gigler, Jonas Waas, Timo Bachmeier<\/p><\/div><\/p>\n<p>&nbsp;<\/p>\n","protected":false},"excerpt":{"rendered":"<p>Erfolgreich geknobelt!Am 16. M\u00e4rz 2017 stellten sich \u00fcber 200 Sch\u00fclerinnen und Sch\u00fcler der Klassen 5 bis 10 des St.-Michaels-Gymnasiums Metten den Knobelaufgaben des K\u00e4nguru-Wettbewerbs der Mathematik. Dies war nur ein kleiner Anteil der mehr als 900 000 Teilnehmer aus ganz Deutschland. am 16. M\u00e4rz 2017 herrschte h\u00f6chste Konzentration beim K\u00e4nguru-Wettbewerb der Mathematik Mit insgesamt f\u00fcnf [&hellip;]<\/p>\n","protected":false},"author":5,"featured_media":0,"parent":5394,"menu_order":-31,"comment_status":"closed","ping_status":"closed","template":"","meta":{"footnotes":""},"class_list":["post-10845","page","type-page","status-publish","hentry"],"_links":{"self":[{"href":"https:\/\/www.kloster-metten.com\/index.php?rest_route=\/wp\/v2\/pages\/10845","targetHints":{"allow":["GET"]}}],"collection":[{"href":"https:\/\/www.kloster-metten.com\/index.php?rest_route=\/wp\/v2\/pages"}],"about":[{"href":"https:\/\/www.kloster-metten.com\/index.php?rest_route=\/wp\/v2\/types\/page"}],"author":[{"embeddable":true,"href":"https:\/\/www.kloster-metten.com\/index.php?rest_route=\/wp\/v2\/users\/5"}],"replies":[{"embeddable":true,"href":"https:\/\/www.kloster-metten.com\/index.php?rest_route=%2Fwp%2Fv2%2Fcomments&post=10845"}],"version-history":[{"count":2,"href":"https:\/\/www.kloster-metten.com\/index.php?rest_route=\/wp\/v2\/pages\/10845\/revisions"}],"predecessor-version":[{"id":11283,"href":"https:\/\/www.kloster-metten.com\/index.php?rest_route=\/wp\/v2\/pages\/10845\/revisions\/11283"}],"up":[{"embeddable":true,"href":"https:\/\/www.kloster-metten.com\/index.php?rest_route=\/wp\/v2\/pages\/5394"}],"wp:attachment":[{"href":"https:\/\/www.kloster-metten.com\/index.php?rest_route=%2Fwp%2Fv2%2Fmedia&parent=10845"}],"curies":[{"name":"wp","href":"https:\/\/api.w.org\/{rel}","templated":true}]}}