{"id":10848,"date":"2017-05-09T00:11:43","date_gmt":"2017-05-08T22:11:43","guid":{"rendered":"http:\/\/www.kloster-metten.de\/?page_id=10848"},"modified":"2017-12-12T20:05:51","modified_gmt":"2017-12-12T19:05:51","slug":"schuelerprogramm-energiewende","status":"publish","type":"page","link":"https:\/\/www.kloster-metten.com\/?page_id=10848","title":{"rendered":"Sch\u00fclerprogramm Energiewende"},"content":{"rendered":"<h2>Sch\u00fclerprogramm Energiewende<\/h2><p style=\"text-align: left;\">Auf Einladung der bayerischen Akademie der Wissenschaften durften wir zusammen mit Sch\u00fclerinnen und Sch\u00fclern aus anderen Gymnasien in ganz Bayern zwei Tage im Forschungszentrum Garching verbringen. Nach der Anreise begann das Programm mit einem gemeinsamen Abendessen, bei dem sich die Teilnehmer gegenseitig n\u00e4her kennenlernen konnten. Im Laufe des Abends wurden die verschiedenen Programmpunkte vorgestellt und wir Sch\u00fcler in verschiedene Gruppen eingeteilt.<\/p>\n<p style=\"text-align: left;\"><a href=\"https:\/\/www.kloster-metten.com\/wp-content\/uploads\/2017\/05\/Generator-Geothermie_.jpg\"><img class=\"alignleft wp-image-10837\" title=\"Generator Geothermie_\" src=\"https:\/\/www.kloster-metten.com\/wp-content\/uploads\/2017\/05\/Generator-Geothermie_-305x500.jpg\" alt=\"\" width=\"259\" height=\"425\" \/><\/a>Neben unserer Wahl, Kernphysik und Geothermie, standen noch Energie\u00admanagement im SuperMuc und Funktionsweise eines Heizkraftwerkes sowie angewandte Energieforschung und Fahrzeugtechnik zur Auswahl. Am n\u00e4chsten Morgen fuhren wir mit unserer Gruppe zur Geothermieanlage des Unternehmens \u201eEnergiewende Garching\u201c und erhielten dort im Zuge einer ausf\u00fchrlichen Gel\u00e4ndef\u00fchrung einen Einblick in die Funktionsweise und die Optimierung von Geothermieanlagen. Anschlie\u00dfend ging\u2018s ins Max-Planck-Institut f\u00fcr Plasmaphysik.<\/p>\n<p style=\"text-align: left;\"><a href=\"https:\/\/www.kloster-metten.com\/wp-content\/uploads\/2017\/05\/Fusionsreaktorspule_.jpg\"><img class=\"wp-image-10838 alignright\" title=\"Fusionsreaktorspule_\" src=\"https:\/\/www.kloster-metten.com\/wp-content\/uploads\/2017\/05\/Fusionsreaktorspule_-411x500.jpg\" alt=\"\" width=\"295\" height=\"359\" \/><\/a>Dort wurden uns anhand von realen Bauteilen der Fusionsreaktoren \u201eASDEX\u201c und \u201eWendelstein 7-X\u201c die Ans\u00e4tze und Vorteile von Energiegewinnung durch Kernfusion im Gegensatz zur konventionellen Kernspaltung erkl\u00e4rt. Nach einem gemeinsamen Mittagessen folgte der theoretische Teil der Veranstaltung, bei der wir Sch\u00fcler am Symposium der Akademie zum Thema \u201eEnergiewende in voller Fahrt \u2013 wer stellt die Weichen?\u201c teilnehmen durften. Dabei war auch ein f\u00fcr uns bekanntes Gesicht aus der Fernsehwelt, Dr. Harald Lesch, vertreten. In seinem Vortrag thematisierte er die Bedeutung der Energiewende f\u00fcr uns Privatpersonen aus psychologisch-philosophischer Sicht.<br \/>\n<a href=\"https:\/\/www.kloster-metten.com\/wp-content\/uploads\/2017\/05\/Akademiegeb\u00e4ude_.jpg\"><img class=\"alignleft size-medium wp-image-10839\" title=\"Akademiegeb\u00e4ude_\" src=\"https:\/\/www.kloster-metten.com\/wp-content\/uploads\/2017\/05\/Akademiegeb\u00e4ude_-283x500.jpg\" alt=\"\" width=\"283\" height=\"500\" \/><\/a>Alles in allem war es f\u00fcr uns eine ausgezeichnete M\u00f6glichkeit, zus\u00e4tzlich zu den in der Schule vermittelten Grundlagen, auch einmal in den Forschungsalltag hineinschnuppern zu k\u00f6nnen.<\/p>\n<p style=\"text-align: right;\">Selina Niederl\u00e4nder, Lisa Reimer, Q11<\/p>\n","protected":false},"excerpt":{"rendered":"<p>Sch\u00fclerprogramm EnergiewendeAuf Einladung der bayerischen Akademie der Wissenschaften durften wir zusammen mit Sch\u00fclerinnen und Sch\u00fclern aus anderen Gymnasien in ganz Bayern zwei Tage im Forschungszentrum Garching verbringen. Nach der Anreise begann das Programm mit einem gemeinsamen Abendessen, bei dem sich die Teilnehmer gegenseitig n\u00e4her kennenlernen konnten. Im Laufe des Abends wurden die verschiedenen Programmpunkte vorgestellt [&hellip;]<\/p>\n","protected":false},"author":5,"featured_media":0,"parent":5394,"menu_order":-32,"comment_status":"closed","ping_status":"closed","template":"","meta":{"footnotes":""},"class_list":["post-10848","page","type-page","status-publish","hentry"],"_links":{"self":[{"href":"https:\/\/www.kloster-metten.com\/index.php?rest_route=\/wp\/v2\/pages\/10848","targetHints":{"allow":["GET"]}}],"collection":[{"href":"https:\/\/www.kloster-metten.com\/index.php?rest_route=\/wp\/v2\/pages"}],"about":[{"href":"https:\/\/www.kloster-metten.com\/index.php?rest_route=\/wp\/v2\/types\/page"}],"author":[{"embeddable":true,"href":"https:\/\/www.kloster-metten.com\/index.php?rest_route=\/wp\/v2\/users\/5"}],"replies":[{"embeddable":true,"href":"https:\/\/www.kloster-metten.com\/index.php?rest_route=%2Fwp%2Fv2%2Fcomments&post=10848"}],"version-history":[{"count":2,"href":"https:\/\/www.kloster-metten.com\/index.php?rest_route=\/wp\/v2\/pages\/10848\/revisions"}],"predecessor-version":[{"id":11282,"href":"https:\/\/www.kloster-metten.com\/index.php?rest_route=\/wp\/v2\/pages\/10848\/revisions\/11282"}],"up":[{"embeddable":true,"href":"https:\/\/www.kloster-metten.com\/index.php?rest_route=\/wp\/v2\/pages\/5394"}],"wp:attachment":[{"href":"https:\/\/www.kloster-metten.com\/index.php?rest_route=%2Fwp%2Fv2%2Fmedia&parent=10848"}],"curies":[{"name":"wp","href":"https:\/\/api.w.org\/{rel}","templated":true}]}}