{"id":10875,"date":"2017-06-03T14:11:39","date_gmt":"2017-06-03T12:11:39","guid":{"rendered":"http:\/\/www.kloster-metten.de\/?page_id=10875"},"modified":"2018-09-16T11:09:15","modified_gmt":"2018-09-16T09:09:15","slug":"streu-doch-mal-mit-der-mohnkapsel-salz-aufs-butterbrot-begeistern-fuer-bionik","status":"publish","type":"page","link":"https:\/\/www.kloster-metten.com\/?page_id=10875","title":{"rendered":"Streu doch mal mit der Mohnkapsel Salz aufs Butterbrot! &#8211; Begeistern f\u00fcr Bionik"},"content":{"rendered":"<a href=\"https:\/\/www.kloster-metten.com\/wp-content\/uploads\/2017\/06\/selbst-ausprobieren_.jpg\"><img loading=\"lazy\" decoding=\"async\" class=\"size-medium wp-image-10883 alignnone\" title=\"selbst ausprobieren_\" src=\"https:\/\/www.kloster-metten.com\/wp-content\/uploads\/2017\/06\/selbst-ausprobieren_-500x294.jpg\" alt=\"\" width=\"500\" height=\"294\" srcset=\"https:\/\/www.kloster-metten.com\/wp-content\/uploads\/2017\/06\/selbst-ausprobieren_-500x294.jpg 500w, https:\/\/www.kloster-metten.com\/wp-content\/uploads\/2017\/06\/selbst-ausprobieren_-768x452.jpg 768w, https:\/\/www.kloster-metten.com\/wp-content\/uploads\/2017\/06\/selbst-ausprobieren_-1024x602.jpg 1024w, https:\/\/www.kloster-metten.com\/wp-content\/uploads\/2017\/06\/selbst-ausprobieren_.jpg 1529w\" sizes=\"auto, (max-width: 500px) 100vw, 500px\" \/><\/a><h2>Streu doch mal mit der Mohnkapsel Salz aufs Butterbrot! &#8211; Begeistern f\u00fcr Bionik<\/h2><p><\/p>\n<p>Am letzten Tag vor den Pfingstferien durften sich am St. Michaels-Gymnasium in Metten die Sch\u00fclerinnen und Sch\u00fcler der sechsten sowie ein Teil der siebten Klassen als Forscher und Forscherinnen im Themenbereich Bionik bew\u00e4hren.<\/p>\n<p>Hierzu wurde von der Biologielehrerin Carmen Prinz ein Team der Technischen Hochschule Deggendorf eingeladen, das in einem Vortrag, der bereits zum Mitmachen animierte, das Themenfeld zun\u00e4chst vorstellte. Anschlie\u00dfend wurde flei\u00dfig experimentiert.<\/p>\n<p>Bionik ist eine Forschungsrichtung, in der sich Naturwissenschaftler und Ingenieure Erkenntnisse aus der Natur zu Nutze machen, um neue technologische Erfindungen f\u00fcr unsere Zukunft zu entwickeln. Denn zu gerne w\u00fcrden auch wir Menschen fliegen k\u00f6nnen wie ein Vogel, blitzschnell durch Wasser gleiten wie ein Haifisch oder senkrecht die W\u00e4nde hochlaufen k\u00f6nnen wie ein Gecko!<\/p>\n<p>Mit viel Eifer entdeckten die Sch\u00fclerinnen und Sch\u00fcler dann die erstaunlichen Eigenschaften z.B. der Lotuspflanze und erfuhren, wie wir diese Eigenschaften teilweise bereits kopiert haben. Selbst ausprobieren und experimentieren, wieviel schneller sich z.B. eine str\u00f6mungsg\u00fcnstige Form im Wasser bewegt (von den Fischen abgeschaute Bionik), das machte allen viel Spa\u00df! Beim abschlie\u00dfenden Quiz konnten dann alle auch ganz schnell zuordnen, dass beispielsweise unser Salzstreuer von der Mohnkapsel abgeschaut wurde, oder die Winglets beim Flugzeug dem Vogelfl\u00fcgel nachgeahmt sind.<\/p>\n<p>Ganz besonders angetan waren auch die Sch\u00fcler der Integrationsklasse der St. Notker-Schule, die von den Mettener Gymnasiasten einf\u00fchlsam beim Experimentieren betreut wurden.<\/p>\n\r\n\t\t<style type='text\/css'>\r\n\t\t\t#gallery-1 {\r\n\t\t\t\tmargin: auto;\r\n\t\t\t}\r\n\t\t\t#gallery-1 .gallery-item {\r\n\t\t\t\tfloat: left;\r\n\t\t\t\tmargin-top: 10px;\r\n\t\t\t\ttext-align: center;\r\n\t\t\t\twidth: 33%;\r\n\t\t\t}\r\n\t\t\t#gallery-1 hr {\r\n\t\t\t\theight: 1px;\r\n\t\t\t}\r\n\t\t\t#gallery-1 .gallery-caption {\r\n\t\t\t\tmargin-left: 0;\r\n\t\t\t}\r\n\t\t\t\/* see gallery_shortcode() in wp-includes\/media.php *\/\r\n\t\t<\/style>\n\t\t<div id='gallery-1' class='gallery galleryid-10875 gallery-columns-3 gallery-size-thumbnail'><hr class='null'><dl class='gallery-item'>\r\n\t\t\t<dt class='gallery-icon landscape'>\r\n\t\t\t\t<a title=\"Bei Fragen gibt es Hilfestellung_\"  href='https:\/\/www.kloster-metten.com\/?attachment_id=10882'><img loading=\"lazy\" decoding=\"async\" width=\"170\" height=\"115\" src=\"https:\/\/www.kloster-metten.com\/wp-content\/uploads\/2017\/06\/Bei-Fragen-gibt-es-Hilfestellung_-170x115.jpg\" class=\"attachment-thumbnail size-thumbnail\" alt=\"\" \/><\/a>\r\n\t\t\t<\/dt><\/dl><dl class='gallery-item'>\r\n\t\t\t<dt class='gallery-icon portrait'>\r\n\t\t\t\t<a title=\"Der Lotoseffekt wird nachgestellt_\"  href='https:\/\/www.kloster-metten.com\/?attachment_id=10881'><img loading=\"lazy\" decoding=\"async\" width=\"170\" height=\"115\" src=\"https:\/\/www.kloster-metten.com\/wp-content\/uploads\/2017\/06\/Der-Lotoseffekt-wird-nachgestellt_-170x115.jpg\" class=\"attachment-thumbnail size-thumbnail\" alt=\"\" \/><\/a>\r\n\t\t\t<\/dt><\/dl><dl class='gallery-item'>\r\n\t\t\t<dt class='gallery-icon landscape'>\r\n\t\t\t\t<a title=\"Hier perlt ja auch alles ab!_\"  href='https:\/\/www.kloster-metten.com\/?attachment_id=10880'><img loading=\"lazy\" decoding=\"async\" width=\"170\" height=\"115\" src=\"https:\/\/www.kloster-metten.com\/wp-content\/uploads\/2017\/06\/Hier-perlt-ja-auch-alles-ab_-170x115.jpg\" class=\"attachment-thumbnail size-thumbnail\" alt=\"\" \/><\/a>\r\n\t\t\t<\/dt><\/dl><br style=\"clear: both\" \/><dl class='gallery-item'>\r\n\t\t\t<dt class='gallery-icon portrait'>\r\n\t\t\t\t<a title=\"Unbenannte Anlage 00083_\"  href='https:\/\/www.kloster-metten.com\/?attachment_id=10879'><img loading=\"lazy\" decoding=\"async\" width=\"170\" height=\"115\" src=\"https:\/\/www.kloster-metten.com\/wp-content\/uploads\/2017\/06\/Unbenannte-Anlage-00083_-170x115.jpg\" class=\"attachment-thumbnail size-thumbnail\" alt=\"\" \/><\/a>\r\n\t\t\t<\/dt><\/dl><dl class='gallery-item'>\r\n\t\t\t<dt class='gallery-icon landscape'>\r\n\t\t\t\t<a title=\"Unbenannte Anlage 00086_\"  href='https:\/\/www.kloster-metten.com\/?attachment_id=10878'><img loading=\"lazy\" decoding=\"async\" width=\"170\" height=\"115\" src=\"https:\/\/www.kloster-metten.com\/wp-content\/uploads\/2017\/06\/Unbenannte-Anlage-00086_-170x115.jpg\" class=\"attachment-thumbnail size-thumbnail\" alt=\"\" \/><\/a>\r\n\t\t\t<\/dt><\/dl><dl class='gallery-item'>\r\n\t\t\t<dt class='gallery-icon landscape'>\r\n\t\t\t\t<a title=\"Unbenannte Anlage 00089_\"  href='https:\/\/www.kloster-metten.com\/?attachment_id=10877'><img loading=\"lazy\" decoding=\"async\" width=\"170\" height=\"115\" src=\"https:\/\/www.kloster-metten.com\/wp-content\/uploads\/2017\/06\/Unbenannte-Anlage-00089_-170x115.jpg\" class=\"attachment-thumbnail size-thumbnail\" alt=\"\" \/><\/a>\r\n\t\t\t<\/dt><\/dl><br style=\"clear: both\" \/><dl class='gallery-item'>\r\n\t\t\t<dt class='gallery-icon landscape'>\r\n\t\t\t\t<a title=\"Zum Schluss sind alle Strukturen richtig zugeordnet!_\"  href='https:\/\/www.kloster-metten.com\/?attachment_id=10876'><img loading=\"lazy\" decoding=\"async\" width=\"170\" height=\"115\" src=\"https:\/\/www.kloster-metten.com\/wp-content\/uploads\/2017\/06\/Zum-Schluss-sind-alle-Strukturen-richtig-zugeordnet_-170x115.jpg\" class=\"attachment-thumbnail size-thumbnail\" alt=\"\" \/><\/a>\r\n\t\t\t<\/dt><\/dl>\r\n\t\t\t<br style='clear: both' \/>\r\n\t\t<\/div>\n\n","protected":false},"excerpt":{"rendered":"<p>Streu doch mal mit der Mohnkapsel Salz aufs Butterbrot! &#8211; Begeistern f\u00fcr Bionik Am letzten Tag vor den Pfingstferien durften sich am St. Michaels-Gymnasium in Metten die Sch\u00fclerinnen und Sch\u00fcler der sechsten sowie ein Teil der siebten Klassen als Forscher und Forscherinnen im Themenbereich Bionik bew\u00e4hren. Hierzu wurde von der Biologielehrerin Carmen Prinz ein Team [&hellip;]<\/p>\n","protected":false},"author":5,"featured_media":0,"parent":11028,"menu_order":112,"comment_status":"closed","ping_status":"closed","template":"","meta":{"footnotes":""},"class_list":["post-10875","page","type-page","status-publish","hentry"],"_links":{"self":[{"href":"https:\/\/www.kloster-metten.com\/index.php?rest_route=\/wp\/v2\/pages\/10875","targetHints":{"allow":["GET"]}}],"collection":[{"href":"https:\/\/www.kloster-metten.com\/index.php?rest_route=\/wp\/v2\/pages"}],"about":[{"href":"https:\/\/www.kloster-metten.com\/index.php?rest_route=\/wp\/v2\/types\/page"}],"author":[{"embeddable":true,"href":"https:\/\/www.kloster-metten.com\/index.php?rest_route=\/wp\/v2\/users\/5"}],"replies":[{"embeddable":true,"href":"https:\/\/www.kloster-metten.com\/index.php?rest_route=%2Fwp%2Fv2%2Fcomments&post=10875"}],"version-history":[{"count":1,"href":"https:\/\/www.kloster-metten.com\/index.php?rest_route=\/wp\/v2\/pages\/10875\/revisions"}],"predecessor-version":[{"id":10884,"href":"https:\/\/www.kloster-metten.com\/index.php?rest_route=\/wp\/v2\/pages\/10875\/revisions\/10884"}],"up":[{"embeddable":true,"href":"https:\/\/www.kloster-metten.com\/index.php?rest_route=\/wp\/v2\/pages\/11028"}],"wp:attachment":[{"href":"https:\/\/www.kloster-metten.com\/index.php?rest_route=%2Fwp%2Fv2%2Fmedia&parent=10875"}],"curies":[{"name":"wp","href":"https:\/\/api.w.org\/{rel}","templated":true}]}}