{"id":10922,"date":"2017-07-14T12:35:51","date_gmt":"2017-07-14T10:35:51","guid":{"rendered":"http:\/\/www.kloster-metten.de\/?page_id=10922"},"modified":"2018-09-16T11:10:01","modified_gmt":"2018-09-16T09:10:01","slug":"fuer-herausragende-mint-leistungen-geehrt","status":"publish","type":"page","link":"https:\/\/www.kloster-metten.com\/?page_id=10922","title":{"rendered":"F\u00fcr herausragende MINT-Leistungen geehrt"},"content":{"rendered":"<a href=\"https:\/\/www.kloster-metten.com\/wp-content\/uploads\/2017\/07\/SAM_8402_.jpg\"><img loading=\"lazy\" decoding=\"async\" class=\"size-medium wp-image-10923 alignnone\" title=\"SAM_8402_\" src=\"https:\/\/www.kloster-metten.com\/wp-content\/uploads\/2017\/07\/SAM_8402_-500x375.jpg\" alt=\"\" width=\"500\" height=\"375\" srcset=\"https:\/\/www.kloster-metten.com\/wp-content\/uploads\/2017\/07\/SAM_8402_-500x375.jpg 500w, https:\/\/www.kloster-metten.com\/wp-content\/uploads\/2017\/07\/SAM_8402_-768x576.jpg 768w, https:\/\/www.kloster-metten.com\/wp-content\/uploads\/2017\/07\/SAM_8402_-1024x768.jpg 1024w, https:\/\/www.kloster-metten.com\/wp-content\/uploads\/2017\/07\/SAM_8402_.jpg 1094w\" sizes=\"auto, (max-width: 500px) 100vw, 500px\" \/><\/a><h2>F\u00fcr herausragende MINT-Leistungen geehrt<\/h2><p><\/p>\n<p>Das St.-Michaels-Gymnasium der Benediktinerabtei Metten zeichnet erstmalig drei Abiturientinnen mit dem MINT-EC-Zertifikat aus<\/p>\n<p>Im Rahmen der Verabschiedung der Absolvia wurden am 30. Juni 2017 drei Abiturientinnen des St.-Michaels-Gymnasiums f\u00fcr ihre herausragenden MINT-Leistungen mit dem MINT-EC-Zertifikat ausgezeichnet. Das Mettener Gymnasium wurde im Oktober 2016 in das nationale Excellence-Schulnetzwerk MINT-EC aufgenommen, in dem Schulen mit einem ausgepr\u00e4gten Profil in Mathematik, Informatik, Naturwissenschaften und Technik (MINT) zusammenarbeiten, und erhielt damit die Berechtigung, das deutschlandweit einzigartige MINT-EC-Zertifikat zu vergeben.<\/p>\n<p>Dieses Zertifikat dokumentiert die Leistungen der Sch\u00fclerinnen und Sch\u00fcler im MINT-Bereich w\u00e4hrend ihrer gesamten Schullaufbahn. Die Auszeichnung bietet Unternehmen und Hochschulen eine verl\u00e4ssliche, von den Schulsystemen der Bundesl\u00e4nder unabh\u00e4ngige Einordnung der Sch\u00fclerleistungen. Sch\u00fclerinnen und Sch\u00fcler, die das MINT-EC-Zertifikat erhalten, m\u00fcssen Mindestanforderungen in den Anforderungsfeldern \u201eFachliche Kompetenz\u201c, \u201eFachwissenschaftliches Arbeiten\u201c und \u201eZus\u00e4tzliche MINT-Aktivit\u00e4ten\u201c erf\u00fcllen.<\/p>\n<p>Der Schulleiter Pater Erhard Hinrainer freut sich, dass das St.-Michaels-Gymnasium durch die Aufnahme in das Excellence-Schulnetzwerk MINT-EC die M\u00f6glichkeit erhalten hat, das oft sehr gro\u00dfe Engagement der Sch\u00fclerinnen und Sch\u00fcler im MINT-Bereich mit einem anerkannten Zertifikat w\u00fcrdigen zu k\u00f6nnen. Gemeinsam mit Frau Carmen Prinz, der Beauftragten des Gymnasiums f\u00fcr den MINT-Bereich, die die Leistungen der drei Abiturientinnen f\u00fcr die Festversammlung kurz zusammenfasste, \u00fcberreichte der Schulleiter das Zertifikat an Frau Elisabeth Giglberger, Frau Christina Haimerl und Frau Michaela Schuhmann.<\/p>\n\r\n\t\t<style type='text\/css'>\r\n\t\t\t#gallery-1 {\r\n\t\t\t\tmargin: auto;\r\n\t\t\t}\r\n\t\t\t#gallery-1 .gallery-item {\r\n\t\t\t\tfloat: left;\r\n\t\t\t\tmargin-top: 10px;\r\n\t\t\t\ttext-align: center;\r\n\t\t\t\twidth: 33%;\r\n\t\t\t}\r\n\t\t\t#gallery-1 hr {\r\n\t\t\t\theight: 1px;\r\n\t\t\t}\r\n\t\t\t#gallery-1 .gallery-caption {\r\n\t\t\t\tmargin-left: 0;\r\n\t\t\t}\r\n\t\t\t\/* see gallery_shortcode() in wp-includes\/media.php *\/\r\n\t\t<\/style>\n\t\t<div id='gallery-1' class='gallery galleryid-10922 gallery-columns-3 gallery-size-thumbnail'><hr class='null'><dl class='gallery-item'>\r\n\t\t\t<dt class='gallery-icon landscape'>\r\n\t\t\t\t<a title=\"SAM_8406_\"  href='https:\/\/www.kloster-metten.com\/?attachment_id=10925'><img loading=\"lazy\" decoding=\"async\" width=\"170\" height=\"115\" src=\"https:\/\/www.kloster-metten.com\/wp-content\/uploads\/2017\/07\/SAM_8406_-170x115.jpg\" class=\"attachment-thumbnail size-thumbnail\" alt=\"\" \/><\/a>\r\n\t\t\t<\/dt><\/dl><dl class='gallery-item'>\r\n\t\t\t<dt class='gallery-icon landscape'>\r\n\t\t\t\t<a title=\"SAM_8404_\"  href='https:\/\/www.kloster-metten.com\/?attachment_id=10924'><img loading=\"lazy\" decoding=\"async\" width=\"170\" height=\"115\" src=\"https:\/\/www.kloster-metten.com\/wp-content\/uploads\/2017\/07\/SAM_8404_-170x115.jpg\" class=\"attachment-thumbnail size-thumbnail\" alt=\"\" \/><\/a>\r\n\t\t\t<\/dt><\/dl><dl class='gallery-item'>\r\n\t\t\t<dt class='gallery-icon landscape'>\r\n\t\t\t\t<a title=\"SAM_8402_\"  href='https:\/\/www.kloster-metten.com\/?attachment_id=10923'><img loading=\"lazy\" decoding=\"async\" width=\"170\" height=\"115\" src=\"https:\/\/www.kloster-metten.com\/wp-content\/uploads\/2017\/07\/SAM_8402_-170x115.jpg\" class=\"attachment-thumbnail size-thumbnail\" alt=\"\" \/><\/a>\r\n\t\t\t<\/dt><\/dl><br style=\"clear: both\" \/>\r\n\t\t<\/div>\n\n","protected":false},"excerpt":{"rendered":"<p>F\u00fcr herausragende MINT-Leistungen geehrt Das St.-Michaels-Gymnasium der Benediktinerabtei Metten zeichnet erstmalig drei Abiturientinnen mit dem MINT-EC-Zertifikat aus Im Rahmen der Verabschiedung der Absolvia wurden am 30. Juni 2017 drei Abiturientinnen des St.-Michaels-Gymnasiums f\u00fcr ihre herausragenden MINT-Leistungen mit dem MINT-EC-Zertifikat ausgezeichnet. Das Mettener Gymnasium wurde im Oktober 2016 in das nationale Excellence-Schulnetzwerk MINT-EC aufgenommen, in dem [&hellip;]<\/p>\n","protected":false},"author":5,"featured_media":0,"parent":11028,"menu_order":110,"comment_status":"closed","ping_status":"closed","template":"","meta":{"footnotes":""},"class_list":["post-10922","page","type-page","status-publish","hentry"],"_links":{"self":[{"href":"https:\/\/www.kloster-metten.com\/index.php?rest_route=\/wp\/v2\/pages\/10922","targetHints":{"allow":["GET"]}}],"collection":[{"href":"https:\/\/www.kloster-metten.com\/index.php?rest_route=\/wp\/v2\/pages"}],"about":[{"href":"https:\/\/www.kloster-metten.com\/index.php?rest_route=\/wp\/v2\/types\/page"}],"author":[{"embeddable":true,"href":"https:\/\/www.kloster-metten.com\/index.php?rest_route=\/wp\/v2\/users\/5"}],"replies":[{"embeddable":true,"href":"https:\/\/www.kloster-metten.com\/index.php?rest_route=%2Fwp%2Fv2%2Fcomments&post=10922"}],"version-history":[{"count":1,"href":"https:\/\/www.kloster-metten.com\/index.php?rest_route=\/wp\/v2\/pages\/10922\/revisions"}],"predecessor-version":[{"id":10927,"href":"https:\/\/www.kloster-metten.com\/index.php?rest_route=\/wp\/v2\/pages\/10922\/revisions\/10927"}],"up":[{"embeddable":true,"href":"https:\/\/www.kloster-metten.com\/index.php?rest_route=\/wp\/v2\/pages\/11028"}],"wp:attachment":[{"href":"https:\/\/www.kloster-metten.com\/index.php?rest_route=%2Fwp%2Fv2%2Fmedia&parent=10922"}],"curies":[{"name":"wp","href":"https:\/\/api.w.org\/{rel}","templated":true}]}}