{"id":10950,"date":"2017-08-28T20:07:37","date_gmt":"2017-08-28T18:07:37","guid":{"rendered":"http:\/\/www.kloster-metten.de\/?page_id=10950"},"modified":"2017-12-12T20:04:28","modified_gmt":"2017-12-12T19:04:28","slug":"raketenbauwettbewerb","status":"publish","type":"page","link":"https:\/\/www.kloster-metten.com\/?page_id=10950","title":{"rendered":"Raketenbauwettbewerb (mit Video)"},"content":{"rendered":"<a href=\"https:\/\/www.kloster-metten.com\/wp-content\/uploads\/2017\/08\/Video_Moment_.jpg\"><img class=\"size-medium wp-image-10946 alignnone\" title=\"Video_Moment_\" src=\"https:\/\/www.kloster-metten.com\/wp-content\/uploads\/2017\/08\/Video_Moment_-500x375.jpg\" alt=\"\" width=\"500\" height=\"375\" \/><\/a><h2>Raketenbauwettbewerb (mit Video)<\/h2><p><\/p>\n<p>F\u00fcr ihren Tag der offenen T\u00fcr veranstaltete die TH Deggendorf einen Raketenbauwettbewerb. Dazu testeten Katja Fr\u00fch (8c), Thomas Habedank (8a), Paul K\u00f6rber (8a), Martin Weikl (8b), Thomas Zacher (8b), Christoph Liebich (9b) und Julius Weinberger (9b) Flaschen s\u00e4mtlicher Volumina und Hersteller als Flugk\u00f6rper, Schlauchkupplungssysteme namhafter Hersteller traten in Konkurrenz um die Ideall\u00f6sung f\u00fcr den R\u00fccksto\u00dfantrieb. Bei der Frage \u201eWie nass kann man eigentlich werden, wenn die Flasche nur mit einem halben Liter Wasser gef\u00fcllt ist?\u201c wurden im Minutentakt neue Weltrekorde aufgestellt, die Klosterg\u00e4rtnerei wurde bei der Besprenklung des Pr\u00e4latengartens dadurch extrem entlastet. Als die Rakete endlich so weit war, dass sie nach dem Start nicht mehr den den Ausl\u00f6semechanismus bet\u00e4tigenden Sch\u00fcler verfolgte, sondern tats\u00e4chlich eine einer Rakete w\u00fcrdige Flugbahn beschrieb, wechselten wir vom \u201eCape Canaveral\u201c Pr\u00e4latengarten in den Innenhof des Klosters und nahmen abwechselnd Karl den Gro\u00dfen und das offenstehende Fenster des Direktorats unter Beschuss \u2013 mal belustigt, mal irritiert beobachtet von vorbeikommenden Touristen, zu denen wir auch Sch\u00fcler und Lehrer nach Unterrichtsschluss z\u00e4hlten. Schlie\u00dflich erreichte unsere Rakete beachtliche Flugh\u00f6hen und bei der Pr\u00e4mierung an der TH Deggendorf den 2. Preis sowie die Auszeichnungen \u201eBestes Video\u201c und \u201eBeste Gruppe\u201c.<\/p>\n<p><a href=\"https:\/\/www.kloster-metten.com\/wp-content\/uploads\/2017\/07\/Video.mp4\">Video<\/a>\u00a0(Achtung: ca. 60 MB!!)<\/p>\n<p>Sebastian Liebl<\/p>\n","protected":false},"excerpt":{"rendered":"<p>Raketenbauwettbewerb (mit Video) F\u00fcr ihren Tag der offenen T\u00fcr veranstaltete die TH Deggendorf einen Raketenbauwettbewerb. Dazu testeten Katja Fr\u00fch (8c), Thomas Habedank (8a), Paul K\u00f6rber (8a), Martin Weikl (8b), Thomas Zacher (8b), Christoph Liebich (9b) und Julius Weinberger (9b) Flaschen s\u00e4mtlicher Volumina und Hersteller als Flugk\u00f6rper, Schlauchkupplungssysteme namhafter Hersteller traten in Konkurrenz um die Ideall\u00f6sung [&hellip;]<\/p>\n","protected":false},"author":5,"featured_media":0,"parent":5394,"menu_order":-36,"comment_status":"closed","ping_status":"closed","template":"","meta":{"footnotes":""},"class_list":["post-10950","page","type-page","status-publish","hentry"],"_links":{"self":[{"href":"https:\/\/www.kloster-metten.com\/index.php?rest_route=\/wp\/v2\/pages\/10950","targetHints":{"allow":["GET"]}}],"collection":[{"href":"https:\/\/www.kloster-metten.com\/index.php?rest_route=\/wp\/v2\/pages"}],"about":[{"href":"https:\/\/www.kloster-metten.com\/index.php?rest_route=\/wp\/v2\/types\/page"}],"author":[{"embeddable":true,"href":"https:\/\/www.kloster-metten.com\/index.php?rest_route=\/wp\/v2\/users\/5"}],"replies":[{"embeddable":true,"href":"https:\/\/www.kloster-metten.com\/index.php?rest_route=%2Fwp%2Fv2%2Fcomments&post=10950"}],"version-history":[{"count":3,"href":"https:\/\/www.kloster-metten.com\/index.php?rest_route=\/wp\/v2\/pages\/10950\/revisions"}],"predecessor-version":[{"id":11279,"href":"https:\/\/www.kloster-metten.com\/index.php?rest_route=\/wp\/v2\/pages\/10950\/revisions\/11279"}],"up":[{"embeddable":true,"href":"https:\/\/www.kloster-metten.com\/index.php?rest_route=\/wp\/v2\/pages\/5394"}],"wp:attachment":[{"href":"https:\/\/www.kloster-metten.com\/index.php?rest_route=%2Fwp%2Fv2%2Fmedia&parent=10950"}],"curies":[{"name":"wp","href":"https:\/\/api.w.org\/{rel}","templated":true}]}}