{"id":11,"date":"2008-08-04T17:13:17","date_gmt":"2008-08-04T15:13:17","guid":{"rendered":"http:\/\/kloster-metten.de\/?page_id=11"},"modified":"2008-08-04T17:13:17","modified_gmt":"2008-08-04T15:13:17","slug":"geistlicher-impuls","status":"publish","type":"page","link":"https:\/\/www.kloster-metten.com\/?page_id=11","title":{"rendered":"Geistlicher Impuls"},"content":{"rendered":"<a href=\"http:\/\/kloster-metten.de\/wp-content\/uploads\/2008\/09\/stapel0002.jpg\"><img loading=\"lazy\" decoding=\"async\" class=\"alignleft size-medium wp-image-1219\" title=\"stapel0002\" src=\"http:\/\/kloster-metten.de\/wp-content\/uploads\/2008\/09\/stapel0002-327x500.jpg\" alt=\"\" width=\"170\" height=\"260\" srcset=\"https:\/\/www.kloster-metten.com\/wp-content\/uploads\/2008\/09\/stapel0002-327x500.jpg 327w, https:\/\/www.kloster-metten.com\/wp-content\/uploads\/2008\/09\/stapel0002.jpg 654w\" sizes=\"auto, (max-width: 170px) 100vw, 170px\" \/><\/a><h2>Geistlicher Impuls<\/h2><p>\u201eDer Mensch lebt nicht vom Brot allein, sondern von jedem Wort, das aus dem Mund Gottes kommt.\u201c Dieser Satz mag Jesus nicht leicht gefallen sein. Denn er war hungrig, nachdem er 40 Tage und N\u00e4chte zuvor aus freien St\u00fccken in der W\u00fcste gefastet hatte. Da tauchte auf einmal der Teufel auf und provozierte ihn: Wenn er Gottes Sohn sei, solle er doch einfach die Steine zu Brot werden lassen. Jesus aber l\u00e4sst sich auf diese Versuchung nicht ein.<\/p>\n<p>Nat\u00fcrlich braucht der Mensch etwas zum Essen, sonst kann er seinen t\u00e4glichen Aufgaben nicht nachkommen. Und welche kulinarischen K\u00f6stlichkeiten oft Benediktinerkl\u00f6ster aufzuweisen haben, ist weithin bekannt. Doch ein Leben, dessen einzige H\u00f6hepunkte neben der Arbeit das Essen und Trinken sind, tr\u00e4gt nicht. \u201eDa muss es noch etwas anderes geben\u201c, fangen manche pl\u00f6tzlich zum Nachdenken an.<\/p>\n<p>Christen sollten wissen, welche M\u00f6glichkeiten ihnen ihr Glaube bietet. Wie das Wort Gottes sie durch den Tag begleitet, zeigen beispielhaft die Benediktiner. Das hier aufgef\u00fchrte t\u00e4gliche Evangelium und der Heilige des Tages k\u00f6nnen helfen, auch sein eigenes Leben zu strukturieren. Wer au\u00dferdem mehr \u00fcber die Benediktregel und das Leben des Ordensgr\u00fcnders wissen will, wird hier informiert.<\/p>\n","protected":false},"excerpt":{"rendered":"<p>Geistlicher Impuls\u201eDer Mensch lebt nicht vom Brot allein, sondern von jedem Wort, das aus dem Mund Gottes kommt.\u201c Dieser Satz mag Jesus nicht leicht gefallen sein. Denn er war hungrig, nachdem er 40 Tage und N\u00e4chte zuvor aus freien St\u00fccken in der W\u00fcste gefastet hatte. Da tauchte auf einmal der Teufel auf und provozierte ihn: [&hellip;]<\/p>\n","protected":false},"author":5,"featured_media":0,"parent":6,"menu_order":1,"comment_status":"closed","ping_status":"closed","template":"","meta":{"footnotes":""},"class_list":["post-11","page","type-page","status-publish","hentry"],"_links":{"self":[{"href":"https:\/\/www.kloster-metten.com\/index.php?rest_route=\/wp\/v2\/pages\/11","targetHints":{"allow":["GET"]}}],"collection":[{"href":"https:\/\/www.kloster-metten.com\/index.php?rest_route=\/wp\/v2\/pages"}],"about":[{"href":"https:\/\/www.kloster-metten.com\/index.php?rest_route=\/wp\/v2\/types\/page"}],"author":[{"embeddable":true,"href":"https:\/\/www.kloster-metten.com\/index.php?rest_route=\/wp\/v2\/users\/5"}],"replies":[{"embeddable":true,"href":"https:\/\/www.kloster-metten.com\/index.php?rest_route=%2Fwp%2Fv2%2Fcomments&post=11"}],"version-history":[{"count":0,"href":"https:\/\/www.kloster-metten.com\/index.php?rest_route=\/wp\/v2\/pages\/11\/revisions"}],"up":[{"embeddable":true,"href":"https:\/\/www.kloster-metten.com\/index.php?rest_route=\/wp\/v2\/pages\/6"}],"wp:attachment":[{"href":"https:\/\/www.kloster-metten.com\/index.php?rest_route=%2Fwp%2Fv2%2Fmedia&parent=11"}],"curies":[{"name":"wp","href":"https:\/\/api.w.org\/{rel}","templated":true}]}}