{"id":1104,"date":"2008-09-08T16:59:05","date_gmt":"2008-09-08T14:59:05","guid":{"rendered":"http:\/\/kloster-metten.de\/?page_id=1104"},"modified":"2024-01-09T16:12:10","modified_gmt":"2024-01-09T15:12:10","slug":"mit-freude-leben-lernen","status":"publish","type":"page","link":"https:\/\/www.kloster-metten.com\/?page_id=1104","title":{"rendered":"Mit Freude leben lernen"},"content":{"rendered":"<h2>Mit Freude leben lernen<\/h2><p>Die Gr\u00fcndung des Klosters Metten auf dem n\u00f6rdlichen Donauufer war ein mutiger Schritt. Damals, um das Jahr 766, bildete die noch ungez\u00e4hmte Donau eine nur schwer zu \u00fcberschreitende Grenze zwischen den reichen Bauernd\u00f6rfern auf ihrer s\u00fcdlichen Seite und dem fast unbesiedelten Gebiet im Norden. Das war gr\u00f6\u00dftenteils noch unbewirtschaftetes Wald- und Sumpfgebiet, durch das kein befestigter Weg f\u00fchrte. Der bayerische Herzog Tassilo wollte aber dieses Grenzland zu B\u00f6hmen hin besiedeln und kultivieren. Dazu brauchte er die Kl\u00f6ster Niederaltaich, Metten und Pfaffm\u00fcnster. Diese sollten mit Hilfe t\u00fcchtiger Bauerns\u00f6hne, die keinen Hof als Erbe zu erwarten hatten, die Rodung, Besiedlung und den Stra\u00dfenbau organisieren. Mettens erster Abt Utto kam aus dem Bodenseekloster Reichenau, war aber ein gestandener Niederbayer.<\/p>\n<p>Abt Utto und seine M\u00f6nche gr\u00fcndeten sehr bald eine Schule f\u00fcr die intelligenten S\u00f6hne der neuen Siedler. Der F\u00e4cherkanon, die didaktischen Methoden, die Unterrichtsmittel haben sich nat\u00fcrlich gewandelt. Wichtig ist, dass wir als Klosterschule das bewahren, was man als \u201eWerteprofil\u201c bezeichnet. Und das sind nach wie vor die christlichen Werte, die Werte des Evangeliums, die seinerzeit vor \u00fcber 1000 Jahren zur Schaffung eines neuen Schulwesens im ganzen westlichen Europa gef\u00fchrt haben.<\/p>\n<p>Eine Schule zu f\u00fchren, macht uns Benediktinern von Metten Freude. Uns sind 460 junge Menschen anvertraut, mit denen wir t\u00e4glich, gleichsam wie in einem Biotop, einem Schutzraum, das Leben lernen wollen.<\/p>\n<blockquote>\n<p>Schule ist die spannende Zeit der Entdeckung von Talenten und Begabungen. Uns sind Sch\u00e4tze anvertraut, die es zu heben gilt. Das macht Schule, das macht Leben bunt und vielf\u00e4ltig.<\/p>\n<\/blockquote>\n<p>Abt Wolfgang M. Hagl OSB<\/p>\n<h3><a href=\"https:\/\/www.kloster-metten.com\/wp-content\/uploads\/2023\/10\/Info-Heft-A5_2024.pdf\">Info-Heft 2024<\/a><\/h3>\n","protected":false},"excerpt":{"rendered":"<p>Mit Freude leben lernenDie Gr\u00fcndung des Klosters Metten auf dem n\u00f6rdlichen Donauufer war ein mutiger Schritt. Damals, um das Jahr 766, bildete die noch ungez\u00e4hmte Donau eine nur schwer zu \u00fcberschreitende Grenze zwischen den reichen Bauernd\u00f6rfern auf ihrer s\u00fcdlichen Seite und dem fast unbesiedelten Gebiet im Norden. Das war gr\u00f6\u00dftenteils noch unbewirtschaftetes Wald- und Sumpfgebiet, [&hellip;]<\/p>\n","protected":false},"author":5,"featured_media":0,"parent":8,"menu_order":1,"comment_status":"closed","ping_status":"closed","template":"","meta":{"footnotes":""},"class_list":["post-1104","page","type-page","status-publish","hentry"],"_links":{"self":[{"href":"https:\/\/www.kloster-metten.com\/index.php?rest_route=\/wp\/v2\/pages\/1104","targetHints":{"allow":["GET"]}}],"collection":[{"href":"https:\/\/www.kloster-metten.com\/index.php?rest_route=\/wp\/v2\/pages"}],"about":[{"href":"https:\/\/www.kloster-metten.com\/index.php?rest_route=\/wp\/v2\/types\/page"}],"author":[{"embeddable":true,"href":"https:\/\/www.kloster-metten.com\/index.php?rest_route=\/wp\/v2\/users\/5"}],"replies":[{"embeddable":true,"href":"https:\/\/www.kloster-metten.com\/index.php?rest_route=%2Fwp%2Fv2%2Fcomments&post=1104"}],"version-history":[{"count":8,"href":"https:\/\/www.kloster-metten.com\/index.php?rest_route=\/wp\/v2\/pages\/1104\/revisions"}],"predecessor-version":[{"id":48270,"href":"https:\/\/www.kloster-metten.com\/index.php?rest_route=\/wp\/v2\/pages\/1104\/revisions\/48270"}],"up":[{"embeddable":true,"href":"https:\/\/www.kloster-metten.com\/index.php?rest_route=\/wp\/v2\/pages\/8"}],"wp:attachment":[{"href":"https:\/\/www.kloster-metten.com\/index.php?rest_route=%2Fwp%2Fv2%2Fmedia&parent=1104"}],"curies":[{"name":"wp","href":"https:\/\/api.w.org\/{rel}","templated":true}]}}