{"id":11127,"date":"2017-10-19T22:54:25","date_gmt":"2017-10-19T20:54:25","guid":{"rendered":"http:\/\/www.kloster-metten.de\/?page_id=11127"},"modified":"2017-12-12T20:04:09","modified_gmt":"2017-12-12T19:04:09","slug":"mint100","status":"publish","type":"page","link":"https:\/\/www.kloster-metten.com\/?page_id=11127","title":{"rendered":"MINT100"},"content":{"rendered":"<a href=\"https:\/\/www.kloster-metten.com\/wp-content\/uploads\/2017\/10\/Roboterstand.jpg\"><img class=\"alignleft wp-image-11119 size-medium\" title=\"Roboterstand\" src=\"https:\/\/www.kloster-metten.com\/wp-content\/uploads\/2017\/10\/Roboterstand-361x500.jpg\" alt=\"\" width=\"361\" height=\"500\" \/><\/a><h2>MINT100<\/h2><p><\/p>\n<p>Am Donnerstag, den 5. Oktober, besuchten 7 Sch\u00fcler\/innen der 11. und 12. Jahrgangsstufe zusammen mit Herrn S. Liebl die diesj\u00e4hrige MINT100-Veranstaltung am Justus-von-Liebig-Gymnasium in Neus\u00e4\u00df bei Augsburg.<\/p>\n<p>Bei einem anf\u00e4nglichen Impulsvortrag \u00fcber \u201eIndustrie 4.0\u201c erhielten wir Einblick in Firmen der Zukunft, Schwarmintelligenz und die Auswirkungen der fortschreitenden Digitalisierung.<\/p>\n<p>Bei der darauffolgenden Berufsmesse hatten wir die M\u00f6glichkeit, Kontakte mit Firmen zu kn\u00fcpfen und uns \u00fcber duale Studieng\u00e4nge im MINT-Bereich zu informieren.<\/p>\n<p>Nach dem Mittagessen begann die aus zwei Teilen bestehende Workshop-Phase:<\/p>\n<p>Beim englischsprachigen Seminar \u201eMobile phone microscopy for observing plankton in sea water\u201c entwickelten wir in Gruppenarbeit eigene Ideen, um aus einem Handy mit m\u00f6glichst wenig Aufwand ein Mikroskop zu bauen. Diese Vorrichtung k\u00f6nnte beispielsweise nach Naturkatastrophen in betroffenen Gebieten zum Einsatz kommen, da man mit wenigen Mitteln schnell die Verbreitung von Krankheitserregern untersuchen k\u00f6nnte. Danach setzten wir unsere Ideen auch in die Tat um, indem wir mit etwas Klebeband, einer Linse und einer Lichtquelle Planktonpr\u00e4parate mit dem Handy betrachten konnten. Zum Schluss verglichen wir unsere Ergebnisse mit denen eines echten Mikroskops und waren erstaunt, wie nah wir mit nur wenig Aufwand an dessen Aufl\u00f6sung gekommen waren.<\/p>\n<p>Beim Workshop \u201ePr\u00e4parieren von Forellen\u201c hatten wir die M\u00f6glichkeit, das Innenleben eines Fisches zu untersuchen, und erfuhren mehr \u00fcber die Funktionen bestimmter Organe.<\/p>\n<p>Alternativ dazu konnten wir uns mit der mathematischen und physikalischen Analyse von Schall in \u201eMagic of Sound \u2013 ausgew\u00e4hlte Akustikexperimente\u201c besch\u00e4ftigen. Dieses Seminar war gekennzeichnet von jeder Menge Experimenten, die von Sch\u00fclern der gastgebenden Schule im Rahmen eines internationalen Erasmus-Projekts gebaut wurden. So wurden unter anderem Schall als Schwingung mit einfachen Mitteln sichtbar gemacht und die Geschwindigkeit eines Radfahrers mithilfe des Dopplereffekts berechnet.<\/p>\n<p>Das vierte Bildungsangebot kam von der DGZfP (Deutsche Gesellschaft f\u00fcr zerst\u00f6rungsfreie Pr\u00fcfung) in Form des Workshops \u201eAuf der Oberfl\u00e4che lesen \u2013 dem Materialfehler auf der Spur\u201c. Mit Hilfe von Ultraschall, R\u00f6ntgentechnik und Endoskopie lernten wir, Besch\u00e4digungen in oder an Gegenst\u00e4nden zu erkennen und zu deuten. Gleichzeitig erfuhren wir mehr \u00fcber die DGZfP und die M\u00f6glichkeiten und Anwendungsbereiche der zerst\u00f6rungsfreien Pr\u00fcfung.<\/p>\n<p>\r\n\t\t<style type='text\/css'>\r\n\t\t\t#gallery-1 {\r\n\t\t\t\tmargin: auto;\r\n\t\t\t}\r\n\t\t\t#gallery-1 .gallery-item {\r\n\t\t\t\tfloat: left;\r\n\t\t\t\tmargin-top: 10px;\r\n\t\t\t\ttext-align: center;\r\n\t\t\t\twidth: 33%;\r\n\t\t\t}\r\n\t\t\t#gallery-1 hr {\r\n\t\t\t\theight: 1px;\r\n\t\t\t}\r\n\t\t\t#gallery-1 .gallery-caption {\r\n\t\t\t\tmargin-left: 0;\r\n\t\t\t}\r\n\t\t\t\/* see gallery_shortcode() in wp-includes\/media.php *\/\r\n\t\t<\/style>\n\t\t<div id='gallery-1' class='gallery galleryid-11127 gallery-columns-3 gallery-size-thumbnail'><hr class='null'><dl class='gallery-item'>\r\n\t\t\t<dt class='gallery-icon landscape'>\r\n\t\t\t\t<a title=\"Ready_for_preparation\"  href='https:\/\/www.kloster-metten.com\/?attachment_id=11118'><img width=\"170\" height=\"115\" src=\"https:\/\/www.kloster-metten.com\/wp-content\/uploads\/2017\/10\/Ready_for_preparation-170x115.jpg\" class=\"attachment-thumbnail size-thumbnail\" alt=\"\" \/><\/a>\r\n\t\t\t<\/dt><\/dl><dl class='gallery-item'>\r\n\t\t\t<dt class='gallery-icon landscape'>\r\n\t\t\t\t<a title=\"beim_Mikroskopieren\"  href='https:\/\/www.kloster-metten.com\/?attachment_id=11117'><img width=\"170\" height=\"115\" src=\"https:\/\/www.kloster-metten.com\/wp-content\/uploads\/2017\/10\/beim_Mikroskopieren-170x115.jpg\" class=\"attachment-thumbnail size-thumbnail\" alt=\"\" \/><\/a>\r\n\t\t\t<\/dt><\/dl><dl class='gallery-item'>\r\n\t\t\t<dt class='gallery-icon portrait'>\r\n\t\t\t\t<a title=\"Plankton_unterm_Mikroskop\"  href='https:\/\/www.kloster-metten.com\/?attachment_id=11116'><img width=\"170\" height=\"115\" src=\"https:\/\/www.kloster-metten.com\/wp-content\/uploads\/2017\/10\/Plankton_unterm_Mikroskop-170x115.jpg\" class=\"attachment-thumbnail size-thumbnail\" alt=\"\" \/><\/a>\r\n\t\t\t<\/dt><\/dl><br style=\"clear: both\" \/>\r\n\t\t<\/div>\n<\/p>\n","protected":false},"excerpt":{"rendered":"<p>MINT100 Am Donnerstag, den 5. Oktober, besuchten 7 Sch\u00fcler\/innen der 11. und 12. Jahrgangsstufe zusammen mit Herrn S. Liebl die diesj\u00e4hrige MINT100-Veranstaltung am Justus-von-Liebig-Gymnasium in Neus\u00e4\u00df bei Augsburg. Bei einem anf\u00e4nglichen Impulsvortrag \u00fcber \u201eIndustrie 4.0\u201c erhielten wir Einblick in Firmen der Zukunft, Schwarmintelligenz und die Auswirkungen der fortschreitenden Digitalisierung. Bei der darauffolgenden Berufsmesse hatten wir [&hellip;]<\/p>\n","protected":false},"author":5,"featured_media":0,"parent":5394,"menu_order":-37,"comment_status":"closed","ping_status":"closed","template":"","meta":{"footnotes":""},"class_list":["post-11127","page","type-page","status-publish","hentry"],"_links":{"self":[{"href":"https:\/\/www.kloster-metten.com\/index.php?rest_route=\/wp\/v2\/pages\/11127","targetHints":{"allow":["GET"]}}],"collection":[{"href":"https:\/\/www.kloster-metten.com\/index.php?rest_route=\/wp\/v2\/pages"}],"about":[{"href":"https:\/\/www.kloster-metten.com\/index.php?rest_route=\/wp\/v2\/types\/page"}],"author":[{"embeddable":true,"href":"https:\/\/www.kloster-metten.com\/index.php?rest_route=\/wp\/v2\/users\/5"}],"replies":[{"embeddable":true,"href":"https:\/\/www.kloster-metten.com\/index.php?rest_route=%2Fwp%2Fv2%2Fcomments&post=11127"}],"version-history":[{"count":2,"href":"https:\/\/www.kloster-metten.com\/index.php?rest_route=\/wp\/v2\/pages\/11127\/revisions"}],"predecessor-version":[{"id":11278,"href":"https:\/\/www.kloster-metten.com\/index.php?rest_route=\/wp\/v2\/pages\/11127\/revisions\/11278"}],"up":[{"embeddable":true,"href":"https:\/\/www.kloster-metten.com\/index.php?rest_route=\/wp\/v2\/pages\/5394"}],"wp:attachment":[{"href":"https:\/\/www.kloster-metten.com\/index.php?rest_route=%2Fwp%2Fv2%2Fmedia&parent=11127"}],"curies":[{"name":"wp","href":"https:\/\/api.w.org\/{rel}","templated":true}]}}