{"id":11129,"date":"2017-10-19T22:56:31","date_gmt":"2017-10-19T20:56:31","guid":{"rendered":"http:\/\/www.kloster-metten.de\/?page_id=11129"},"modified":"2017-12-12T20:09:08","modified_gmt":"2017-12-12T19:09:08","slug":"light-it-up","status":"publish","type":"page","link":"https:\/\/www.kloster-metten.com\/?page_id=11129","title":{"rendered":"Light it up"},"content":{"rendered":"<a href=\"https:\/\/www.kloster-metten.com\/wp-content\/uploads\/2017\/10\/Artikel_Homepage2.jpg\"><img class=\"size-thumbnail wp-image-11112 aligncenter\" title=\"Artikel_Homepage2\" src=\"https:\/\/www.kloster-metten.com\/wp-content\/uploads\/2017\/10\/Artikel_Homepage2-170x115.jpg\" alt=\"\" width=\"170\" height=\"115\" \/><\/a><h2>Light it up<\/h2><p><\/p>\n<p>Unter diesem Motto wird am 27. Oktober die Leuchtshow des diesj\u00e4hrigen P-Seminars Chemie rund um das Thema Lumineszenz stattfinden. Seit Februar arbeiten 15 Sch\u00fclerinnen und Sch\u00fcler mit viel Flei\u00df an ihren unterschiedlichen Experimenten, die sie im Unterricht mithilfe von ihrem Chemielehrer Herrn Hammerer sorgf\u00e4ltig ausw\u00e4hlen und testen.<\/p>\n<p>Unser gr\u00f6\u00dftes Anliegen ist es dabei, unseren Zuschauern die vielf\u00e4ltige Welt der Chemie n\u00e4her zu bringen; zu zeigen, dass sich chemische Reaktionen nicht nur im Labor abspielen m\u00fcssen und was alles m\u00f6glich ist mit ein wenig chemischem Wissen und viel Engagement.<br \/>\nIn diesem Sinne w\u00fcrden wir Sie gerne herzlich zu unserem Eventabend einladen!<\/p>\n<p><a href=\"https:\/\/www.kloster-metten.com\/wp-content\/uploads\/2017\/10\/Artikel_Homepage.png\"><img class=\"size-medium wp-image-11095 alignnone\" title=\"Artikel_Homepage\" src=\"https:\/\/www.kloster-metten.com\/wp-content\/uploads\/2017\/10\/Artikel_Homepage-500x245.png\" alt=\"\" width=\"500\" height=\"245\" \/><\/a><\/p>\n<p>Lassen Sie sich von einem spannenden Rahmenprogramm inklusiver kleiner Snacks begeistern! Wir freuen uns auf Sie!<\/p>\n<p>\r\n\t\t<style type='text\/css'>\r\n\t\t\t#gallery-1 {\r\n\t\t\t\tmargin: auto;\r\n\t\t\t}\r\n\t\t\t#gallery-1 .gallery-item {\r\n\t\t\t\tfloat: left;\r\n\t\t\t\tmargin-top: 10px;\r\n\t\t\t\ttext-align: center;\r\n\t\t\t\twidth: 33%;\r\n\t\t\t}\r\n\t\t\t#gallery-1 hr {\r\n\t\t\t\theight: 1px;\r\n\t\t\t}\r\n\t\t\t#gallery-1 .gallery-caption {\r\n\t\t\t\tmargin-left: 0;\r\n\t\t\t}\r\n\t\t\t\/* see gallery_shortcode() in wp-includes\/media.php *\/\r\n\t\t<\/style>\n\t\t<div id='gallery-1' class='gallery galleryid-11129 gallery-columns-3 gallery-size-thumbnail'><hr class='null'><dl class='gallery-item'>\r\n\t\t\t<dt class='gallery-icon portrait'>\r\n\t\t\t\t<a title=\"UV_Licht_\"  href='https:\/\/www.kloster-metten.com\/?attachment_id=11097'><img width=\"170\" height=\"115\" src=\"https:\/\/www.kloster-metten.com\/wp-content\/uploads\/2017\/10\/UV_Licht_-170x115.jpg\" class=\"attachment-thumbnail size-thumbnail\" alt=\"\" \/><\/a>\r\n\t\t\t<\/dt><\/dl><dl class='gallery-item'>\r\n\t\t\t<dt class='gallery-icon portrait'>\r\n\t\t\t\t<a title=\"Eschenzweig_in_Wasser_\"  href='https:\/\/www.kloster-metten.com\/?attachment_id=11098'><img width=\"170\" height=\"115\" src=\"https:\/\/www.kloster-metten.com\/wp-content\/uploads\/2017\/10\/Eschenzweig_in_Wasser_-170x115.jpg\" class=\"attachment-thumbnail size-thumbnail\" alt=\"\" \/><\/a>\r\n\t\t\t<\/dt><\/dl><dl class='gallery-item'>\r\n\t\t\t<dt class='gallery-icon landscape'>\r\n\t\t\t\t<a title=\"20170925-173224_\"  href='https:\/\/www.kloster-metten.com\/?attachment_id=11099'><img width=\"170\" height=\"115\" src=\"https:\/\/www.kloster-metten.com\/wp-content\/uploads\/2017\/10\/20170925-173224_-170x115.jpg\" class=\"attachment-thumbnail size-thumbnail\" alt=\"\" \/><\/a>\r\n\t\t\t<\/dt><\/dl><br style=\"clear: both\" \/><dl class='gallery-item'>\r\n\t\t\t<dt class='gallery-icon portrait'>\r\n\t\t\t\t<a title=\"20170925_195734\"  href='https:\/\/www.kloster-metten.com\/?attachment_id=11100'><img width=\"170\" height=\"115\" src=\"https:\/\/www.kloster-metten.com\/wp-content\/uploads\/2017\/10\/20170925_195734-170x115.jpg\" class=\"attachment-thumbnail size-thumbnail\" alt=\"\" \/><\/a>\r\n\t\t\t<\/dt><\/dl><dl class='gallery-item'>\r\n\t\t\t<dt class='gallery-icon landscape'>\r\n\t\t\t\t<a title=\"20170925_202440\"  href='https:\/\/www.kloster-metten.com\/?attachment_id=11101'><img width=\"170\" height=\"115\" src=\"https:\/\/www.kloster-metten.com\/wp-content\/uploads\/2017\/10\/20170925_202440-170x115.jpg\" class=\"attachment-thumbnail size-thumbnail\" alt=\"\" \/><\/a>\r\n\t\t\t<\/dt><\/dl><dl class='gallery-item'>\r\n\t\t\t<dt class='gallery-icon portrait'>\r\n\t\t\t\t<a title=\"20170925_1956252\"  href='https:\/\/www.kloster-metten.com\/?attachment_id=11102'><img width=\"170\" height=\"115\" src=\"https:\/\/www.kloster-metten.com\/wp-content\/uploads\/2017\/10\/20170925_1956252-170x115.jpg\" class=\"attachment-thumbnail size-thumbnail\" alt=\"\" \/><\/a>\r\n\t\t\t<\/dt><\/dl><br style=\"clear: both\" \/>\r\n\t\t<\/div>\n<\/p>\n","protected":false},"excerpt":{"rendered":"<p>Light it up Unter diesem Motto wird am 27. Oktober die Leuchtshow des diesj\u00e4hrigen P-Seminars Chemie rund um das Thema Lumineszenz stattfinden. Seit Februar arbeiten 15 Sch\u00fclerinnen und Sch\u00fcler mit viel Flei\u00df an ihren unterschiedlichen Experimenten, die sie im Unterricht mithilfe von ihrem Chemielehrer Herrn Hammerer sorgf\u00e4ltig ausw\u00e4hlen und testen. Unser gr\u00f6\u00dftes Anliegen ist es [&hellip;]<\/p>\n","protected":false},"author":5,"featured_media":0,"parent":5394,"menu_order":-48,"comment_status":"closed","ping_status":"closed","template":"","meta":{"footnotes":""},"class_list":["post-11129","page","type-page","status-publish","hentry"],"_links":{"self":[{"href":"https:\/\/www.kloster-metten.com\/index.php?rest_route=\/wp\/v2\/pages\/11129","targetHints":{"allow":["GET"]}}],"collection":[{"href":"https:\/\/www.kloster-metten.com\/index.php?rest_route=\/wp\/v2\/pages"}],"about":[{"href":"https:\/\/www.kloster-metten.com\/index.php?rest_route=\/wp\/v2\/types\/page"}],"author":[{"embeddable":true,"href":"https:\/\/www.kloster-metten.com\/index.php?rest_route=\/wp\/v2\/users\/5"}],"replies":[{"embeddable":true,"href":"https:\/\/www.kloster-metten.com\/index.php?rest_route=%2Fwp%2Fv2%2Fcomments&post=11129"}],"version-history":[{"count":2,"href":"https:\/\/www.kloster-metten.com\/index.php?rest_route=\/wp\/v2\/pages\/11129\/revisions"}],"predecessor-version":[{"id":11287,"href":"https:\/\/www.kloster-metten.com\/index.php?rest_route=\/wp\/v2\/pages\/11129\/revisions\/11287"}],"up":[{"embeddable":true,"href":"https:\/\/www.kloster-metten.com\/index.php?rest_route=\/wp\/v2\/pages\/5394"}],"wp:attachment":[{"href":"https:\/\/www.kloster-metten.com\/index.php?rest_route=%2Fwp%2Fv2%2Fmedia&parent=11129"}],"curies":[{"name":"wp","href":"https:\/\/api.w.org\/{rel}","templated":true}]}}