{"id":11143,"date":"2017-10-25T15:30:58","date_gmt":"2017-10-25T13:30:58","guid":{"rendered":"http:\/\/www.kloster-metten.de\/?page_id=11143"},"modified":"2018-12-01T09:23:50","modified_gmt":"2018-12-01T08:23:50","slug":"mettener-austauschschueler-experimentieren-im-techmania-science-center-in-pilsen","status":"publish","type":"page","link":"https:\/\/www.kloster-metten.com\/?page_id=11143","title":{"rendered":"Mettener Austauschsch\u00fcler experimentieren im Techmania-Science-Center in Pilsen"},"content":{"rendered":"<h2>Mettener Austauschsch\u00fcler experimentieren im Techmania-Science-Center in Pilsen<\/h2><div id=\"attachment_11149\" style=\"width: 291px\" class=\"wp-caption alignleft\"><a href=\"https:\/\/www.kloster-metten.com\/wp-content\/uploads\/2017\/10\/05-Techmania1-e1508937574720.jpg\"><img loading=\"lazy\" decoding=\"async\" aria-describedby=\"caption-attachment-11149\" class=\"size-medium wp-image-11149\" title=\"05 Techmania1\" src=\"https:\/\/www.kloster-metten.com\/wp-content\/uploads\/2017\/10\/05-Techmania1-e1508937574720-281x500.jpg\" alt=\"\" width=\"281\" height=\"500\" srcset=\"https:\/\/www.kloster-metten.com\/wp-content\/uploads\/2017\/10\/05-Techmania1-e1508937574720-281x500.jpg 281w, https:\/\/www.kloster-metten.com\/wp-content\/uploads\/2017\/10\/05-Techmania1-e1508937574720.jpg 576w\" sizes=\"auto, (max-width: 281px) 100vw, 281px\" \/><\/a><p id=\"caption-attachment-11149\" class=\"wp-caption-text\">?<\/p><\/div>\n<p>&nbsp;<\/p>\n<p>Im Rahmen des Sch\u00fcleraustausches zwischen dem Kirchlichen Gymnasium Pilsen und dem St.-Michaels-Gymnasium Metten haben auch dieses Jahr wieder 10 M\u00e4dchen und 5 Jungen des St.-Michaels-Gymnasiums das Techmania-Science-Center in Pilsen besucht. Dort konnten die Jugendlichen anhand von Experimenten, Versuchsaufbauten und Spielen auf vielf\u00e4ltige Art und Weise interessante Einblicke und Erkenntnisse aus der Welt der Naturwissenschaften gewinnen. So konnten Bohrungen simuliert, Bagger gesteuert, geometrische R\u00e4tsel gel\u00f6st und Flieh- und Schwerkraft, sehr zur Begeisterung der teilnehmenden Sch\u00fclerinnen und Sch\u00fcler, am eigenen Leib erfahren werden.<\/p>\n\r\n\t\t<style type='text\/css'>\r\n\t\t\t#gallery-1 {\r\n\t\t\t\tmargin: auto;\r\n\t\t\t}\r\n\t\t\t#gallery-1 .gallery-item {\r\n\t\t\t\tfloat: left;\r\n\t\t\t\tmargin-top: 10px;\r\n\t\t\t\ttext-align: center;\r\n\t\t\t\twidth: 33%;\r\n\t\t\t}\r\n\t\t\t#gallery-1 hr {\r\n\t\t\t\theight: 1px;\r\n\t\t\t}\r\n\t\t\t#gallery-1 .gallery-caption {\r\n\t\t\t\tmargin-left: 0;\r\n\t\t\t}\r\n\t\t\t\/* see gallery_shortcode() in wp-includes\/media.php *\/\r\n\t\t<\/style>\n\t\t<div id='gallery-1' class='gallery galleryid-11143 gallery-columns-3 gallery-size-thumbnail'><hr class='null'><dl class='gallery-item'>\r\n\t\t\t<dt class='gallery-icon landscape'>\r\n\t\t\t\t<a title=\"06 Techmania GruppenGr\u00fcbeln\"  href='https:\/\/www.kloster-metten.com\/?attachment_id=11151'><img loading=\"lazy\" decoding=\"async\" width=\"170\" height=\"115\" src=\"https:\/\/www.kloster-metten.com\/wp-content\/uploads\/2017\/10\/06-Techmania-GruppenGr\u00fcbeln-170x115.jpg\" class=\"attachment-thumbnail size-thumbnail\" alt=\"\" \/><\/a>\r\n\t\t\t<\/dt><\/dl><dl class='gallery-item'>\r\n\t\t\t<dt class='gallery-icon portrait'>\r\n\t\t\t\t<a title=\"06 Techmania1\"  href='https:\/\/www.kloster-metten.com\/?attachment_id=11150'><img loading=\"lazy\" decoding=\"async\" width=\"170\" height=\"115\" src=\"https:\/\/www.kloster-metten.com\/wp-content\/uploads\/2017\/10\/06-Techmania1-170x115.jpg\" class=\"attachment-thumbnail size-thumbnail\" alt=\"\" aria-describedby=\"gallery-1-11150\" \/><\/a>\r\n\t\t\t<\/dt>\r\n\t\t\t\t<dd class='wp-caption-text gallery-caption' id='gallery-1-11150'>\r\n\t\t\t\t?\r\n\t\t\t\t<\/dd><\/dl><dl class='gallery-item'>\r\n\t\t\t<dt class='gallery-icon landscape'>\r\n\t\t\t\t<a title=\"06 Techmania2\"  href='https:\/\/www.kloster-metten.com\/?attachment_id=11148'><img loading=\"lazy\" decoding=\"async\" width=\"170\" height=\"115\" src=\"https:\/\/www.kloster-metten.com\/wp-content\/uploads\/2017\/10\/06-Techmania2-170x115.jpg\" class=\"attachment-thumbnail size-thumbnail\" alt=\"\" aria-describedby=\"gallery-1-11148\" \/><\/a>\r\n\t\t\t<\/dt>\r\n\t\t\t\t<dd class='wp-caption-text gallery-caption' id='gallery-1-11148'>\r\n\t\t\t\t?\r\n\t\t\t\t<\/dd><\/dl><br style=\"clear: both\" \/><dl class='gallery-item'>\r\n\t\t\t<dt class='gallery-icon portrait'>\r\n\t\t\t\t<a title=\"=6 TechmaniaAufbauten\"  href='https:\/\/www.kloster-metten.com\/?attachment_id=11147'><img loading=\"lazy\" decoding=\"async\" width=\"170\" height=\"115\" src=\"https:\/\/www.kloster-metten.com\/wp-content\/uploads\/2017\/10\/6-TechmaniaAufbauten-170x115.jpg\" class=\"attachment-thumbnail size-thumbnail\" alt=\"\" \/><\/a>\r\n\t\t\t<\/dt><\/dl><dl class='gallery-item'>\r\n\t\t\t<dt class='gallery-icon landscape'>\r\n\t\t\t\t<a title=\"06 Techmania Borhsimulator\"  href='https:\/\/www.kloster-metten.com\/?attachment_id=11146'><img loading=\"lazy\" decoding=\"async\" width=\"170\" height=\"115\" src=\"https:\/\/www.kloster-metten.com\/wp-content\/uploads\/2017\/10\/06-Techmania-Borhsimulator-170x115.jpg\" class=\"attachment-thumbnail size-thumbnail\" alt=\"\" \/><\/a>\r\n\t\t\t<\/dt><\/dl><dl class='gallery-item'>\r\n\t\t\t<dt class='gallery-icon landscape'>\r\n\t\t\t\t<a title=\"06 Techmania3\"  href='https:\/\/www.kloster-metten.com\/?attachment_id=11145'><img loading=\"lazy\" decoding=\"async\" width=\"170\" height=\"115\" src=\"https:\/\/www.kloster-metten.com\/wp-content\/uploads\/2017\/10\/06-Techmania3-170x115.jpg\" class=\"attachment-thumbnail size-thumbnail\" alt=\"\" aria-describedby=\"gallery-1-11145\" \/><\/a>\r\n\t\t\t<\/dt>\r\n\t\t\t\t<dd class='wp-caption-text gallery-caption' id='gallery-1-11145'>\r\n\t\t\t\t?\r\n\t\t\t\t<\/dd><\/dl><br style=\"clear: both\" \/><dl class='gallery-item'>\r\n\t\t\t<dt class='gallery-icon landscape'>\r\n\t\t\t\t<a title=\"06 Techmania4\"  href='https:\/\/www.kloster-metten.com\/?attachment_id=11144'><img loading=\"lazy\" decoding=\"async\" width=\"170\" height=\"115\" src=\"https:\/\/www.kloster-metten.com\/wp-content\/uploads\/2017\/10\/06-Techmania4-170x115.jpg\" class=\"attachment-thumbnail size-thumbnail\" alt=\"\" aria-describedby=\"gallery-1-11144\" \/><\/a>\r\n\t\t\t<\/dt>\r\n\t\t\t\t<dd class='wp-caption-text gallery-caption' id='gallery-1-11144'>\r\n\t\t\t\t?\r\n\t\t\t\t<\/dd><\/dl><dl class='gallery-item'>\r\n\t\t\t<dt class='gallery-icon portrait'>\r\n\t\t\t\t<a title=\"IMG_7018a\"  href='https:\/\/www.kloster-metten.com\/?attachment_id=11153'><img loading=\"lazy\" decoding=\"async\" width=\"170\" height=\"115\" src=\"https:\/\/www.kloster-metten.com\/wp-content\/uploads\/2017\/10\/IMG_7018a-170x115.jpg\" class=\"attachment-thumbnail size-thumbnail\" alt=\"\" \/><\/a>\r\n\t\t\t<\/dt><\/dl>\r\n\t\t\t<br style='clear: both' \/>\r\n\t\t<\/div>\n\n","protected":false},"excerpt":{"rendered":"<p>Mettener Austauschsch\u00fcler experimentieren im Techmania-Science-Center in Pilsen&nbsp; Im Rahmen des Sch\u00fcleraustausches zwischen dem Kirchlichen Gymnasium Pilsen und dem St.-Michaels-Gymnasium Metten haben auch dieses Jahr wieder 10 M\u00e4dchen und 5 Jungen des St.-Michaels-Gymnasiums das Techmania-Science-Center in Pilsen besucht. Dort konnten die Jugendlichen anhand von Experimenten, Versuchsaufbauten und Spielen auf vielf\u00e4ltige Art und Weise interessante Einblicke und [&hellip;]<\/p>\n","protected":false},"author":5,"featured_media":0,"parent":11709,"menu_order":102,"comment_status":"closed","ping_status":"closed","template":"","meta":{"footnotes":""},"class_list":["post-11143","page","type-page","status-publish","hentry"],"_links":{"self":[{"href":"https:\/\/www.kloster-metten.com\/index.php?rest_route=\/wp\/v2\/pages\/11143","targetHints":{"allow":["GET"]}}],"collection":[{"href":"https:\/\/www.kloster-metten.com\/index.php?rest_route=\/wp\/v2\/pages"}],"about":[{"href":"https:\/\/www.kloster-metten.com\/index.php?rest_route=\/wp\/v2\/types\/page"}],"author":[{"embeddable":true,"href":"https:\/\/www.kloster-metten.com\/index.php?rest_route=\/wp\/v2\/users\/5"}],"replies":[{"embeddable":true,"href":"https:\/\/www.kloster-metten.com\/index.php?rest_route=%2Fwp%2Fv2%2Fcomments&post=11143"}],"version-history":[{"count":1,"href":"https:\/\/www.kloster-metten.com\/index.php?rest_route=\/wp\/v2\/pages\/11143\/revisions"}],"predecessor-version":[{"id":11154,"href":"https:\/\/www.kloster-metten.com\/index.php?rest_route=\/wp\/v2\/pages\/11143\/revisions\/11154"}],"up":[{"embeddable":true,"href":"https:\/\/www.kloster-metten.com\/index.php?rest_route=\/wp\/v2\/pages\/11709"}],"wp:attachment":[{"href":"https:\/\/www.kloster-metten.com\/index.php?rest_route=%2Fwp%2Fv2%2Fmedia&parent=11143"}],"curies":[{"name":"wp","href":"https:\/\/api.w.org\/{rel}","templated":true}]}}