{"id":11188,"date":"2017-11-12T16:16:04","date_gmt":"2017-11-12T15:16:04","guid":{"rendered":"http:\/\/www.kloster-metten.de\/?page_id=11188"},"modified":"2017-12-12T20:02:39","modified_gmt":"2017-12-12T19:02:39","slug":"wasser-weg-mit-dem-lotuseffekt-begeistern-fuer-bionik","status":"publish","type":"page","link":"https:\/\/www.kloster-metten.com\/?page_id=11188","title":{"rendered":"Wasser weg mit dem Lotuseffekt \u2013 Begeistern f\u00fcr Bionik"},"content":{"rendered":"<h2>Wasser weg mit dem Lotuseffekt \u2013 Begeistern f\u00fcr Bionik<\/h2><p><strong><a href=\"https:\/\/www.kloster-metten.com\/wp-content\/uploads\/2017\/11\/IMG_20171106_093243_.jpg\"><img class=\"size-medium wp-image-11183 alignnone\" title=\"IMG_20171106_093243_\" src=\"https:\/\/www.kloster-metten.com\/wp-content\/uploads\/2017\/11\/IMG_20171106_093243_-500x361.jpg\" alt=\"\" width=\"500\" height=\"361\" \/><\/a><\/strong><\/p>\n<p>Gleich am ersten Tag nach den Allerheiligenferien hatten die Sch\u00fclerinnen und Sch\u00fcler der 6. sowie ein Teil der 8.\u00a0Klassen des St.-Michaels-Gymnasiums in Metten unter Koordination des Biologielehrers Dirk Nikolaus die M\u00f6glichkeit, in die faszinierende Welt der Bionik einzutauchen und dabei selbst als Forscher t\u00e4tig zu werden.<\/p>\n<p>Erm\u00f6glicht wurde diese einzigartige Erfahrung durch ein studentisches Team der Technischen Hochschule Deggendorf, welches zun\u00e4chst unter Einbezug des Sch\u00fclerpublikums das Thema Bionik in einem Vortrag sehr anschaulich pr\u00e4sentierte und f\u00fcr die anschlie\u00dfenden spannenden Experimente motivierte.<\/p>\n<p>Die Bionik ist eine Forschungsrichtung, in der sich Naturwissenschaftler und Ingenieure Erkenntnisse aus der Natur zu Nutze machen, um neue technologische Erfindungen f\u00fcr unsere Zukunft zu entwickeln. Denn zu gerne w\u00fcrden auch wir Menschen fliegen k\u00f6nnen wie ein Vogel, blitzschnell durch Wasser gleiten wie ein Haifisch oder W\u00e4nde hochlaufen wie ein Gecko!<\/p>\n<p>An unterschiedlichen Experimentierstationen fanden die Sch\u00fclerinnen und Sch\u00fcler mit viel Spa\u00df und Begeisterung u.a. heraus, dass sich der Mensch die ausgekl\u00fcgelte Verbreitungsstrategie der Klette mit ihren feinen elastischen Haken f\u00fcr die Erfindung des Klettverschlusses nutzbar gemacht hat, oder konnten selber den Lotuseffekt nachahmen. Beim abschlie\u00dfenden Quiz durften dann alle ihre erworbenen Kenntnisse \u00fcberpr\u00fcfen und konnten auch sofort zuordnen, dass beispielsweise das Autoreifenprofil der Katzenpfote nachempfunden ist, oder der Fallschirm dem L\u00f6wenzahnsamen.<\/p>\n<p>Besonders gefreut haben sich auch die Sch\u00fcler der Kooperationsklasse der St.-Notker-Schule, die bei der Durchf\u00fchrung der Experimente von den Mettener Gymnasiasten gekonnt unterst\u00fctzt wurden.<\/p>\n<p>\r\n\t\t<style type='text\/css'>\r\n\t\t\t#gallery-1 {\r\n\t\t\t\tmargin: auto;\r\n\t\t\t}\r\n\t\t\t#gallery-1 .gallery-item {\r\n\t\t\t\tfloat: left;\r\n\t\t\t\tmargin-top: 10px;\r\n\t\t\t\ttext-align: center;\r\n\t\t\t\twidth: 33%;\r\n\t\t\t}\r\n\t\t\t#gallery-1 hr {\r\n\t\t\t\theight: 1px;\r\n\t\t\t}\r\n\t\t\t#gallery-1 .gallery-caption {\r\n\t\t\t\tmargin-left: 0;\r\n\t\t\t}\r\n\t\t\t\/* see gallery_shortcode() in wp-includes\/media.php *\/\r\n\t\t<\/style>\n\t\t<div id='gallery-1' class='gallery galleryid-11188 gallery-columns-3 gallery-size-thumbnail'><hr class='null'><dl class='gallery-item'>\r\n\t\t\t<dt class='gallery-icon landscape'>\r\n\t\t\t\t<a title=\"IMG_20171106_100742_\"  href='https:\/\/www.kloster-metten.com\/?attachment_id=11185'><img width=\"170\" height=\"115\" src=\"https:\/\/www.kloster-metten.com\/wp-content\/uploads\/2017\/11\/IMG_20171106_100742_-170x115.jpg\" class=\"attachment-thumbnail size-thumbnail\" alt=\"\" \/><\/a>\r\n\t\t\t<\/dt><\/dl><dl class='gallery-item'>\r\n\t\t\t<dt class='gallery-icon landscape'>\r\n\t\t\t\t<a title=\"IMG_20171106_095728_\"  href='https:\/\/www.kloster-metten.com\/?attachment_id=11184'><img width=\"170\" height=\"115\" src=\"https:\/\/www.kloster-metten.com\/wp-content\/uploads\/2017\/11\/IMG_20171106_095728_-170x115.jpg\" class=\"attachment-thumbnail size-thumbnail\" alt=\"\" \/><\/a>\r\n\t\t\t<\/dt><\/dl><dl class='gallery-item'>\r\n\t\t\t<dt class='gallery-icon landscape'>\r\n\t\t\t\t<a title=\"IMG_20171106_093229_\"  href='https:\/\/www.kloster-metten.com\/?attachment_id=11182'><img width=\"170\" height=\"115\" src=\"https:\/\/www.kloster-metten.com\/wp-content\/uploads\/2017\/11\/IMG_20171106_093229_-170x115.jpg\" class=\"attachment-thumbnail size-thumbnail\" alt=\"\" \/><\/a>\r\n\t\t\t<\/dt><\/dl><br style=\"clear: both\" \/><dl class='gallery-item'>\r\n\t\t\t<dt class='gallery-icon landscape'>\r\n\t\t\t\t<a title=\"IMG_20171106_093220_\"  href='https:\/\/www.kloster-metten.com\/?attachment_id=11181'><img width=\"170\" height=\"115\" src=\"https:\/\/www.kloster-metten.com\/wp-content\/uploads\/2017\/11\/IMG_20171106_093220_-170x115.jpg\" class=\"attachment-thumbnail size-thumbnail\" alt=\"\" \/><\/a>\r\n\t\t\t<\/dt><\/dl><dl class='gallery-item'>\r\n\t\t\t<dt class='gallery-icon landscape'>\r\n\t\t\t\t<a title=\"IMG_20171106_085555_\"  href='https:\/\/www.kloster-metten.com\/?attachment_id=11180'><img width=\"170\" height=\"115\" src=\"https:\/\/www.kloster-metten.com\/wp-content\/uploads\/2017\/11\/IMG_20171106_085555_-170x115.jpg\" class=\"attachment-thumbnail size-thumbnail\" alt=\"\" \/><\/a>\r\n\t\t\t<\/dt><\/dl>\r\n\t\t\t<br style='clear: both' \/>\r\n\t\t<\/div>\n<\/p>\n<p>&nbsp;<\/p>\n","protected":false},"excerpt":{"rendered":"<p>Wasser weg mit dem Lotuseffekt \u2013 Begeistern f\u00fcr Bionik Gleich am ersten Tag nach den Allerheiligenferien hatten die Sch\u00fclerinnen und Sch\u00fcler der 6. sowie ein Teil der 8.\u00a0Klassen des St.-Michaels-Gymnasiums in Metten unter Koordination des Biologielehrers Dirk Nikolaus die M\u00f6glichkeit, in die faszinierende Welt der Bionik einzutauchen und dabei selbst als Forscher t\u00e4tig zu werden. [&hellip;]<\/p>\n","protected":false},"author":5,"featured_media":0,"parent":5394,"menu_order":-49,"comment_status":"closed","ping_status":"closed","template":"","meta":{"footnotes":""},"class_list":["post-11188","page","type-page","status-publish","hentry"],"_links":{"self":[{"href":"https:\/\/www.kloster-metten.com\/index.php?rest_route=\/wp\/v2\/pages\/11188","targetHints":{"allow":["GET"]}}],"collection":[{"href":"https:\/\/www.kloster-metten.com\/index.php?rest_route=\/wp\/v2\/pages"}],"about":[{"href":"https:\/\/www.kloster-metten.com\/index.php?rest_route=\/wp\/v2\/types\/page"}],"author":[{"embeddable":true,"href":"https:\/\/www.kloster-metten.com\/index.php?rest_route=\/wp\/v2\/users\/5"}],"replies":[{"embeddable":true,"href":"https:\/\/www.kloster-metten.com\/index.php?rest_route=%2Fwp%2Fv2%2Fcomments&post=11188"}],"version-history":[{"count":2,"href":"https:\/\/www.kloster-metten.com\/index.php?rest_route=\/wp\/v2\/pages\/11188\/revisions"}],"predecessor-version":[{"id":11276,"href":"https:\/\/www.kloster-metten.com\/index.php?rest_route=\/wp\/v2\/pages\/11188\/revisions\/11276"}],"up":[{"embeddable":true,"href":"https:\/\/www.kloster-metten.com\/index.php?rest_route=\/wp\/v2\/pages\/5394"}],"wp:attachment":[{"href":"https:\/\/www.kloster-metten.com\/index.php?rest_route=%2Fwp%2Fv2%2Fmedia&parent=11188"}],"curies":[{"name":"wp","href":"https:\/\/api.w.org\/{rel}","templated":true}]}}