{"id":11273,"date":"2017-12-12T20:00:23","date_gmt":"2017-12-12T19:00:23","guid":{"rendered":"http:\/\/www.kloster-metten.de\/?page_id=11273"},"modified":"2017-12-12T20:01:51","modified_gmt":"2017-12-12T19:01:51","slug":"schuelerwettbewerb-triff-den-nobelpreistraeger","status":"publish","type":"page","link":"https:\/\/www.kloster-metten.com\/?page_id=11273","title":{"rendered":"Sch\u00fclerwettbewerb &#8222;Triff den Nobelpreistr\u00e4ger!&#8220;"},"content":{"rendered":"<h2>Sch\u00fclerwettbewerb &#8222;Triff den Nobelpreistr\u00e4ger!&#8220;<\/h2><p>&nbsp;<\/p>\n<p><a href=\"https:\/\/www.kloster-metten.com\/wp-content\/uploads\/2017\/12\/Nobelpreistr\u00e4ger2.png\"><img class=\"size-medium wp-image-11268 alignnone\" title=\"Nobelpreistr\u00e4ger2\" src=\"https:\/\/www.kloster-metten.com\/wp-content\/uploads\/2017\/12\/Nobelpreistr\u00e4ger2-500x318.png\" alt=\"\" width=\"500\" height=\"318\" \/><\/a><\/p>\n<p><strong>St.-Michaels-Gymnasium Metten erringt den 1.Platz beim<\/strong><br \/>\n<strong>Sch\u00fclerwettbewerb \"Triff den Nobelpreistr\u00e4ger!\"<\/strong><\/p>\n<p>Das W-Seminar \u201eBraucht Wohlstand Tierversuche\u201c am St. Michaels-Gymnasium der Benediktiner in Metten hatte sich in den letzten Wochen intensiv mit dem Thema Tierversuche auseinandergesetzt. Dazu hat es dann sehr gut gepasst, dass der Videowettbewerb \u201eTriff den Nobelpreistr\u00e4ger\u201c von der Informationsinitiative \u201eTierversuche verstehen\u201c ausgelobt wurde. So war auch schnell entschieden, dass sich einige engagierte Sch\u00fclerinnen und Sch\u00fcler auf Initiative ihrer Kursleiterin Carmen Prinz sogleich an die Umsetzung zum Themenschwerpunkt biomedizinische Forschung machten. Nat\u00fcrlich war das erkl\u00e4rte Ziel, den Nobelpreistr\u00e4ger Prof. Thomas S\u00fcdhof auch wirklich treffen zu k\u00f6nnen.<\/p>\n<p>Arbeitsintensive Tage standen bevor, auch die Herbstferien waren dadurch sehr kurz. Als die erste H\u00fcrde, in die Vorauswahl zu kommen dann Anfang Dezember genommen war und anschlie\u00dfend die erstellten Beitr\u00e4ge aus den Jahrgangsstufen 9 \u2013 13 zur Abstimmung im Netz bereitstanden, waren alle sehr gl\u00fccklich. Es war jeden Tag aufs Neue spannend, welches Video am meisten \u201egeliked\u201c wurde! Letztendlich ging der Beitrag des Mettener Gymnasiums als eindeutiger Sieger hervor.<\/p>\n<p>Nun treffen die Kursteilnehmerinnen und -teilnehmer am 7. M\u00e4rz 2018 den Nobelpreistr\u00e4ger Prof. Thomas S\u00fcdhof in einem exklusiven Meeting in G\u00f6ttingen! Das Video ist unter www.tierversuche-verstehen.de abrufbar.<\/p>\n<p><div id=\"attachment_11271\" style=\"width: 510px\" class=\"wp-caption alignleft\"><a href=\"https:\/\/www.kloster-metten.com\/wp-content\/uploads\/2017\/12\/Nobelpreistr\u00e4ger1.jpg\"><img aria-describedby=\"caption-attachment-11271\" class=\"wp-image-11271 size-medium\" title=\"Nobelpreistr\u00e4ger1\" src=\"https:\/\/www.kloster-metten.com\/wp-content\/uploads\/2017\/12\/Nobelpreistr\u00e4ger1-500x300.jpg\" alt=\"\" width=\"500\" height=\"300\" \/><\/a><p id=\"caption-attachment-11271\" class=\"wp-caption-text\">Die Hauptakteure des Videos mit ihrer Kursleiterin Carmen Prinz<\/p><\/div><\/p>\n<p>&nbsp;<\/p>\n","protected":false},"excerpt":{"rendered":"<p>Sch\u00fclerwettbewerb &#8222;Triff den Nobelpreistr\u00e4ger!&#8220;&nbsp; St.-Michaels-Gymnasium Metten erringt den 1.Platz beim Sch\u00fclerwettbewerb &#8222;Triff den Nobelpreistr\u00e4ger!&#8220; Das W-Seminar \u201eBraucht Wohlstand Tierversuche\u201c am St. Michaels-Gymnasium der Benediktiner in Metten hatte sich in den letzten Wochen intensiv mit dem Thema Tierversuche auseinandergesetzt. Dazu hat es dann sehr gut gepasst, dass der Videowettbewerb \u201eTriff den Nobelpreistr\u00e4ger\u201c von der Informationsinitiative \u201eTierversuche [&hellip;]<\/p>\n","protected":false},"author":5,"featured_media":0,"parent":5394,"menu_order":-50,"comment_status":"closed","ping_status":"closed","template":"","meta":{"footnotes":""},"class_list":["post-11273","page","type-page","status-publish","hentry"],"_links":{"self":[{"href":"https:\/\/www.kloster-metten.com\/index.php?rest_route=\/wp\/v2\/pages\/11273","targetHints":{"allow":["GET"]}}],"collection":[{"href":"https:\/\/www.kloster-metten.com\/index.php?rest_route=\/wp\/v2\/pages"}],"about":[{"href":"https:\/\/www.kloster-metten.com\/index.php?rest_route=\/wp\/v2\/types\/page"}],"author":[{"embeddable":true,"href":"https:\/\/www.kloster-metten.com\/index.php?rest_route=\/wp\/v2\/users\/5"}],"replies":[{"embeddable":true,"href":"https:\/\/www.kloster-metten.com\/index.php?rest_route=%2Fwp%2Fv2%2Fcomments&post=11273"}],"version-history":[{"count":2,"href":"https:\/\/www.kloster-metten.com\/index.php?rest_route=\/wp\/v2\/pages\/11273\/revisions"}],"predecessor-version":[{"id":11275,"href":"https:\/\/www.kloster-metten.com\/index.php?rest_route=\/wp\/v2\/pages\/11273\/revisions\/11275"}],"up":[{"embeddable":true,"href":"https:\/\/www.kloster-metten.com\/index.php?rest_route=\/wp\/v2\/pages\/5394"}],"wp:attachment":[{"href":"https:\/\/www.kloster-metten.com\/index.php?rest_route=%2Fwp%2Fv2%2Fmedia&parent=11273"}],"curies":[{"name":"wp","href":"https:\/\/api.w.org\/{rel}","templated":true}]}}