{"id":11309,"date":"2017-12-17T16:42:34","date_gmt":"2017-12-17T15:42:34","guid":{"rendered":"http:\/\/www.kloster-metten.de\/?page_id=11309"},"modified":"2017-12-17T16:43:16","modified_gmt":"2017-12-17T15:43:16","slug":"auszeichnung-mint-freundliche-schulen-in-bayern","status":"publish","type":"page","link":"https:\/\/www.kloster-metten.com\/?page_id=11309","title":{"rendered":"Auszeichnung \u201eMINT-freundliche Schulen\u201c in Bayern"},"content":{"rendered":"<a href=\"https:\/\/www.kloster-metten.com\/wp-content\/uploads\/2017\/12\/K800_Ehrung-St.-Michaels-Gymnasium.jpg\"><img class=\"size-medium wp-image-11304 alignnone\" title=\"K800_Ehrung St. Michaels-Gymnasium\" src=\"https:\/\/www.kloster-metten.com\/wp-content\/uploads\/2017\/12\/K800_Ehrung-St.-Michaels-Gymnasium-500x333.jpg\" alt=\"\" width=\"500\" height=\"333\" \/><\/a><h2>Auszeichnung \u201eMINT-freundliche Schulen\u201c in Bayern<\/h2><p><\/p>\n<h3>Das St.-Michaels-Gymnasium Metten wurde in 2017 nach weiterer Pr\u00fcfung erneut als MINT-freundliche Schule geehrt!<\/h3>\n<p>Die Initiative \u00bbMINT Zukunft schaffen\u00ab will Lernenden und Lehrenden in Schulen und Hochschulen sowie Eltern und Unternehmern die vielf\u00e4ltigen Entwicklungsperspektiven, Zukunftsgestaltungen und Praxisbez\u00fcge der MINT-Bildung nahe bringen und eine Multiplikationsplattform f\u00fcr alle bereits erfolgreich arbeitenden MINT-Initiativen in Deutschland sein. \u00bbMINT Zukunft schaffen\u00ab wirbt f\u00fcr MINT-Studien, MINT-Berufe und MINT-Ausbildungen und will die \u00d6ffentlichkeit \u00fcber die Dringlichkeit des MINT-Engagements informieren. Vor allem aber will \u00bbMINT Zukunft schaffen\u00ab gemeinsam mit seinen Partnern Begeisterung f\u00fcr MINT wecken und \u00fcber attraktive Berufsm\u00f6glichkeiten und Karrierewege in den MINT-Berufen informieren.<\/p>\n<p>Das dies am St.-Michaels-Gymnasium Metten sehr gut gelingt, zeigt die erneute Auszeichnung als MINT-freundliche Schule in 2017.<\/p>\n<p>Am 08. Dezember 2017 konnte die MINT-Koordinatorin am St.-Michaels-Gymnasium Metten, Frau Dipl. Biologin Carmen Prinz, zusammen mit dem Sch\u00fclersprecher Andr\u00e9 Pacheco Rico aus der Hand von Staatssekret\u00e4r Georg Eisenreich die Urkunde mit der erneuten Ehrung in Empfang nehmen.<\/p>\n<p>76 Schulen aus Bayern wurden als \u201eMINT-freundliche Schule\u201c ausgezeichnet. Davon erhielten 35 Schulen das erste Mal die Auszeichnung und weitere 41 Schulen wurden nach dreij\u00e4hriger erfolgreicher MINT-Profilbildung erneut mit dem Signet \u00bbMINT-freundliche Schule\u00ab geehrt.<\/p>\n<p>Alle Schulen wurden f\u00fcr ihre MINT-Schwerpunktsetzung (Mathematik, Informatik, Naturwissenschaften und Technik) im Privatgymnasium Dr. Florian \u00dcberreiter in M\u00fcnchen ausgezeichnet.<\/p>\n<p>Die Ehrung der Schulen in Bayern steht unter der Schirmherrschaft der Kultusministerkonferenz (KMK).<\/p>\n<p>Die Partner und somit diejenigen, die die Schulen ehren, sind: vbw - Vereinigung der Bayerischen Wirtschaft e. V.; Stiftung Haus der kleinen Forscher; Technik begeistert e.V. (Organisator der WRO World Robot Olympiad); Dr.-Ing. Paul Christiani GmbH &amp; Co. KG; Dienstleistungsgesellschaft f\u00fcr Informatik (DLGI); Deutsche Bahn AG; Klett Mint GmbH; Wissensfabrik.<\/p>\n<p><a href=\"https:\/\/www.kloster-metten.com\/wp-content\/uploads\/2017\/12\/K800_Gesamtbild-der-Ehrung.jpg\"><img class=\"alignleft size-medium wp-image-11305\" title=\"K800_Gesamtbild der Ehrung\" src=\"https:\/\/www.kloster-metten.com\/wp-content\/uploads\/2017\/12\/K800_Gesamtbild-der-Ehrung-500x333.jpg\" alt=\"\" width=\"500\" height=\"333\" \/><br \/>\n<\/a><\/p>\n<p>&nbsp;<\/p>\n<p>&nbsp;<\/p>\n","protected":false},"excerpt":{"rendered":"<p>Auszeichnung \u201eMINT-freundliche Schulen\u201c in Bayern Das St.-Michaels-Gymnasium Metten wurde in 2017 nach weiterer Pr\u00fcfung erneut als MINT-freundliche Schule geehrt! Die Initiative \u00bbMINT Zukunft schaffen\u00ab will Lernenden und Lehrenden in Schulen und Hochschulen sowie Eltern und Unternehmern die vielf\u00e4ltigen Entwicklungsperspektiven, Zukunftsgestaltungen und Praxisbez\u00fcge der MINT-Bildung nahe bringen und eine Multiplikationsplattform f\u00fcr alle bereits erfolgreich arbeitenden MINT-Initiativen [&hellip;]<\/p>\n","protected":false},"author":5,"featured_media":0,"parent":5394,"menu_order":-51,"comment_status":"closed","ping_status":"closed","template":"","meta":{"footnotes":""},"class_list":["post-11309","page","type-page","status-publish","hentry"],"_links":{"self":[{"href":"https:\/\/www.kloster-metten.com\/index.php?rest_route=\/wp\/v2\/pages\/11309","targetHints":{"allow":["GET"]}}],"collection":[{"href":"https:\/\/www.kloster-metten.com\/index.php?rest_route=\/wp\/v2\/pages"}],"about":[{"href":"https:\/\/www.kloster-metten.com\/index.php?rest_route=\/wp\/v2\/types\/page"}],"author":[{"embeddable":true,"href":"https:\/\/www.kloster-metten.com\/index.php?rest_route=\/wp\/v2\/users\/5"}],"replies":[{"embeddable":true,"href":"https:\/\/www.kloster-metten.com\/index.php?rest_route=%2Fwp%2Fv2%2Fcomments&post=11309"}],"version-history":[{"count":1,"href":"https:\/\/www.kloster-metten.com\/index.php?rest_route=\/wp\/v2\/pages\/11309\/revisions"}],"predecessor-version":[{"id":11310,"href":"https:\/\/www.kloster-metten.com\/index.php?rest_route=\/wp\/v2\/pages\/11309\/revisions\/11310"}],"up":[{"embeddable":true,"href":"https:\/\/www.kloster-metten.com\/index.php?rest_route=\/wp\/v2\/pages\/5394"}],"wp:attachment":[{"href":"https:\/\/www.kloster-metten.com\/index.php?rest_route=%2Fwp%2Fv2%2Fmedia&parent=11309"}],"curies":[{"name":"wp","href":"https:\/\/api.w.org\/{rel}","templated":true}]}}