{"id":1131,"date":"2008-09-09T10:45:50","date_gmt":"2008-09-09T08:45:50","guid":{"rendered":"http:\/\/kloster-metten.de\/?page_id=1131"},"modified":"2025-12-14T13:14:24","modified_gmt":"2025-12-14T12:14:24","slug":"cd-wiederbegrunders-kloster-metten","status":"publish","type":"page","link":"https:\/\/www.kloster-metten.com\/?page_id=1131","title":{"rendered":"DVD \u00fcber Leben des Wiederbegr\u00fcnders von Kloster Metten erh\u00e4ltlich"},"content":{"rendered":"<a href=\"http:\/\/kloster-metten.de\/wp-content\/uploads\/2008\/09\/refprona.jpg\"><img loading=\"lazy\" decoding=\"async\" class=\"alignleft wp-image-1267 size-thumbnail\" title=\"refprona\" src=\"https:\/\/www.kloster-metten.com\/wp-content\/uploads\/2008\/09\/refprona-170x115.jpg\" alt=\"\" width=\"170\" height=\"115\" \/><\/a><h2>DVD \u00fcber Leben des Wiederbegr\u00fcnders von Kloster Metten erh\u00e4ltlich<\/h2><p>Der von Sch\u00fclerinnen und Sch\u00fclern der 11. Klasse erstellte Film \u00fcber \u201eJohann Baptist von Pronath\u201c ist als DVD an der Klosterpforte erh\u00e4ltlich. Die Produktion war im Schuljahr 2007\/2008 mit dem \u201eBesonderen Preis\u201c beim bayerischen Landeswettbewerb \u201eErinnerungszeichen 2008 \u2013 Sch\u00fcler erforschen Geschichte und Kultur ihrer Heimat\u201c pr\u00e4miert worden. Dargestellt wird darin das Leben des k\u00f6niglichen Beamten und Schlossbesitzers von Offenberg in historisch gepr\u00fcften Spielszenen. Dazu kommen Interviews, historische Dokumente und Luftaufnahmen. Der Adelige machte es m\u00f6glich, dass 1830 die Wiederbegr\u00fcndung des Klosters Metten erfolgen konnte.<\/p>\n","protected":false},"excerpt":{"rendered":"<p>DVD \u00fcber Leben des Wiederbegr\u00fcnders von Kloster Metten erh\u00e4ltlichDer von Sch\u00fclerinnen und Sch\u00fclern der 11. Klasse erstellte Film \u00fcber \u201eJohann Baptist von Pronath\u201c ist als DVD an der Klosterpforte erh\u00e4ltlich. Die Produktion war im Schuljahr 2007\/2008 mit dem \u201eBesonderen Preis\u201c beim bayerischen Landeswettbewerb \u201eErinnerungszeichen 2008 \u2013 Sch\u00fcler erforschen Geschichte und Kultur ihrer Heimat\u201c pr\u00e4miert worden. [&hellip;]<\/p>\n","protected":false},"author":5,"featured_media":0,"parent":19,"menu_order":20,"comment_status":"closed","ping_status":"closed","template":"","meta":{"footnotes":""},"class_list":["post-1131","page","type-page","status-publish","hentry"],"_links":{"self":[{"href":"https:\/\/www.kloster-metten.com\/index.php?rest_route=\/wp\/v2\/pages\/1131","targetHints":{"allow":["GET"]}}],"collection":[{"href":"https:\/\/www.kloster-metten.com\/index.php?rest_route=\/wp\/v2\/pages"}],"about":[{"href":"https:\/\/www.kloster-metten.com\/index.php?rest_route=\/wp\/v2\/types\/page"}],"author":[{"embeddable":true,"href":"https:\/\/www.kloster-metten.com\/index.php?rest_route=\/wp\/v2\/users\/5"}],"replies":[{"embeddable":true,"href":"https:\/\/www.kloster-metten.com\/index.php?rest_route=%2Fwp%2Fv2%2Fcomments&post=1131"}],"version-history":[{"count":1,"href":"https:\/\/www.kloster-metten.com\/index.php?rest_route=\/wp\/v2\/pages\/1131\/revisions"}],"predecessor-version":[{"id":49543,"href":"https:\/\/www.kloster-metten.com\/index.php?rest_route=\/wp\/v2\/pages\/1131\/revisions\/49543"}],"up":[{"embeddable":true,"href":"https:\/\/www.kloster-metten.com\/index.php?rest_route=\/wp\/v2\/pages\/19"}],"wp:attachment":[{"href":"https:\/\/www.kloster-metten.com\/index.php?rest_route=%2Fwp%2Fv2%2Fmedia&parent=1131"}],"curies":[{"name":"wp","href":"https:\/\/api.w.org\/{rel}","templated":true}]}}