{"id":11353,"date":"2018-01-27T23:30:40","date_gmt":"2018-01-27T22:30:40","guid":{"rendered":"http:\/\/www.kloster-metten.de\/?page_id=11353"},"modified":"2021-02-22T20:18:50","modified_gmt":"2021-02-22T19:18:50","slug":"tag-der-offenen-tuer-am-24-2-2018","status":"publish","type":"page","link":"https:\/\/www.kloster-metten.com\/?page_id=11353","title":{"rendered":"Tag der offenen T\u00fcr entf\u00e4llt"},"content":{"rendered":"<a href=\"https:\/\/www.kloster-metten.com\/wp-content\/uploads\/2016\/02\/mit_freude-2.jpg\" rel=\"attachment wp-att-6434\"><img loading=\"lazy\" decoding=\"async\" class=\"alignright  wp-image-6434\" title=\"mit_freude\" src=\"https:\/\/www.kloster-metten.com\/wp-content\/uploads\/2016\/02\/mit_freude-2-236x500.jpg\" alt=\"mit_freude\" width=\"218\" height=\"462\" srcset=\"https:\/\/www.kloster-metten.com\/wp-content\/uploads\/2016\/02\/mit_freude-2-236x500.jpg 236w, https:\/\/www.kloster-metten.com\/wp-content\/uploads\/2016\/02\/mit_freude-2-484x1024.jpg 484w, https:\/\/www.kloster-metten.com\/wp-content\/uploads\/2016\/02\/mit_freude-2.jpg 723w\" sizes=\"auto, (max-width: 218px) 100vw, 218px\" \/><\/a><h2>Tag der offenen T\u00fcr entf\u00e4llt<\/h2><p><\/p>\n<h2>St.-Michaels-Gymnasium Metten<\/h2>\n<h3>Sprachliches Gymnasium \u2013 Humanistisches Gymnasium<br \/>\nNaturwissenschaftlich-technologisches Gymnasium<\/h3>\n<ul>\n<li>Famili\u00e4re Atmosph\u00e4re<\/li>\n<li>Pers\u00f6nlichkeitsbildung und christliche Wertevermittlung<\/li>\n<li>M\u00f6glichkeit der Nachmittagsbetreuung<\/li>\n<li>Vielseitige Angebote<\/li>\n<\/ul>\n<p><strong><em>Der f\u00fcr Samstag, den 21. M\u00e4rz 2020 angek\u00fcndigte<br \/>\n<\/em><\/strong><strong><em>Tag der offenen T\u00fcr<br \/>\n<\/em><\/strong><strong><em>muss leider abgesagt werden!<\/em><\/strong><strong>\u00a0<\/strong><strong> \u00a0\u00a0\u00a0\u00a0\u00a0\u00a0\u00a0\u00a0\u00a0\u00a0\u00a0\u00a0\u00a0\u00a0\u00a0\u00a0\u00a0\u00a0\u00a0\u00a0\u00a0\u00a0\u00a0\u00a0\u00a0\u00a0\u00a0\u00a0\u00a0\u00a0\u00a0\u00a0\u00a0\u00a0\u00a0\u00a0\u00a0\u00a0\u00a0\u00a0\u00a0\u00a0\u00a0\u00a0 <\/strong><\/p>\n<p><strong>Stattdessen bieten wir in folgenden Zeitr\u00e4umen <\/strong><strong>F\u00fchrungen<\/strong> <strong>durch unser Gymnasium an:<\/strong><strong>\u00a0<\/strong><\/p>\n<ul>\n<li><strong>Dienstag, 21. April 2020: 16.00 Uhr bis 18.00 Uhr<\/strong><\/li>\n<li><strong>Mittwoch, 22. April 2020: 15.30 Uhr bis 17.30 Uhr<\/strong><\/li>\n<li><strong>Donnerstag, 23. April 2020: 16.00 Uhr bis 18.00 Uhr<\/strong><\/li>\n<li><strong>Freitag, 24. April 2020: 16.00 Uhr bis 19.00 Uhr<\/strong><\/li>\n<\/ul>\n<p>Aufgrund der Verl\u00e4ngerung der Ausgangsbeschr\u00e4nkungen k\u00f6nnen die f\u00fcr den Zeitraum von Dienstag, 21. April bis Freitag, 24. April 2020 angek\u00fcndigten F\u00fchrungen durch unser Gymnasium nicht stattfinden.<\/p>\n<p>Gerne sind wir aber bereit, nach Beendigung der Ausgangsbeschr\u00e4nkungen, also voraussichtlich ab Montag, 4. Mai 2020, Einzelf\u00fchrungen durch unser Gymnasium nach vorheriger Anmeldung im Sekretariat (Tel. 0991\/9108-120 \u2013 Mail: sekretariat@kloster-metten.de) anzubieten.<\/p>\n<p>Allen Eltern, die sich gemeinsam mit ihrem Kind bereits f\u00fcr eine Anmeldung am St.-Michaels-Gymnasium entschieden haben, schicken wir gerne die entsprechenden Anmeldeunterlagen zu. Nehmen Sie bitte auch dazu mit dem Sekretariat Kontakt auf!<\/p>\n<p>&nbsp;<\/p>\n<p>&nbsp;<\/p>\n<p>&nbsp;<\/p>\n<p>&nbsp;<\/p>\n","protected":false},"excerpt":{"rendered":"<p>Tag der offenen T\u00fcr entf\u00e4llt St.-Michaels-Gymnasium Metten Sprachliches Gymnasium \u2013 Humanistisches Gymnasium Naturwissenschaftlich-technologisches Gymnasium Famili\u00e4re Atmosph\u00e4re Pers\u00f6nlichkeitsbildung und christliche Wertevermittlung M\u00f6glichkeit der Nachmittagsbetreuung Vielseitige Angebote Der f\u00fcr Samstag, den 21. M\u00e4rz 2020 angek\u00fcndigte Tag der offenen T\u00fcr muss leider abgesagt werden!\u00a0 \u00a0\u00a0\u00a0\u00a0\u00a0\u00a0\u00a0\u00a0\u00a0\u00a0\u00a0\u00a0\u00a0\u00a0\u00a0\u00a0\u00a0\u00a0\u00a0\u00a0\u00a0\u00a0\u00a0\u00a0\u00a0\u00a0\u00a0\u00a0\u00a0\u00a0\u00a0\u00a0\u00a0\u00a0\u00a0\u00a0\u00a0\u00a0\u00a0\u00a0\u00a0\u00a0\u00a0\u00a0 Stattdessen bieten wir in folgenden Zeitr\u00e4umen F\u00fchrungen durch unser Gymnasium an:\u00a0 Dienstag, 21. [&hellip;]<\/p>\n","protected":false},"author":5,"featured_media":0,"parent":12589,"menu_order":-5,"comment_status":"closed","ping_status":"closed","template":"","meta":{"footnotes":""},"class_list":["post-11353","page","type-page","status-publish","hentry"],"_links":{"self":[{"href":"https:\/\/www.kloster-metten.com\/index.php?rest_route=\/wp\/v2\/pages\/11353","targetHints":{"allow":["GET"]}}],"collection":[{"href":"https:\/\/www.kloster-metten.com\/index.php?rest_route=\/wp\/v2\/pages"}],"about":[{"href":"https:\/\/www.kloster-metten.com\/index.php?rest_route=\/wp\/v2\/types\/page"}],"author":[{"embeddable":true,"href":"https:\/\/www.kloster-metten.com\/index.php?rest_route=\/wp\/v2\/users\/5"}],"replies":[{"embeddable":true,"href":"https:\/\/www.kloster-metten.com\/index.php?rest_route=%2Fwp%2Fv2%2Fcomments&post=11353"}],"version-history":[{"count":30,"href":"https:\/\/www.kloster-metten.com\/index.php?rest_route=\/wp\/v2\/pages\/11353\/revisions"}],"predecessor-version":[{"id":12948,"href":"https:\/\/www.kloster-metten.com\/index.php?rest_route=\/wp\/v2\/pages\/11353\/revisions\/12948"}],"up":[{"embeddable":true,"href":"https:\/\/www.kloster-metten.com\/index.php?rest_route=\/wp\/v2\/pages\/12589"}],"wp:attachment":[{"href":"https:\/\/www.kloster-metten.com\/index.php?rest_route=%2Fwp%2Fv2%2Fmedia&parent=11353"}],"curies":[{"name":"wp","href":"https:\/\/api.w.org\/{rel}","templated":true}]}}