{"id":11390,"date":"2018-03-05T20:00:23","date_gmt":"2018-03-05T19:00:23","guid":{"rendered":"http:\/\/www.kloster-metten.de\/?page_id=11390"},"modified":"2019-09-20T20:57:10","modified_gmt":"2019-09-20T18:57:10","slug":"mint400-das-hauptstadtforum","status":"publish","type":"page","link":"https:\/\/www.kloster-metten.com\/?page_id=11390","title":{"rendered":"MINT400 \u2013 Das Hauptstadtforum"},"content":{"rendered":"<a href=\"https:\/\/www.kloster-metten.com\/wp-content\/uploads\/2018\/03\/mint400_1_.jpg\"><img loading=\"lazy\" decoding=\"async\" class=\"size-medium wp-image-11391 alignnone\" title=\"mint400_1_\" src=\"https:\/\/www.kloster-metten.com\/wp-content\/uploads\/2018\/03\/mint400_1_-500x281.jpg\" alt=\"\" width=\"500\" height=\"281\" srcset=\"https:\/\/www.kloster-metten.com\/wp-content\/uploads\/2018\/03\/mint400_1_-500x281.jpg 500w, https:\/\/www.kloster-metten.com\/wp-content\/uploads\/2018\/03\/mint400_1_-768x432.jpg 768w, https:\/\/www.kloster-metten.com\/wp-content\/uploads\/2018\/03\/mint400_1_-1024x576.jpg 1024w\" sizes=\"auto, (max-width: 500px) 100vw, 500px\" \/><\/a><h2>MINT400 \u2013 Das Hauptstadtforum<\/h2><p><\/p>\n<p>vom 22.02.2018 \u2013 23.02.2018<\/p>\n<p>von Simon Weber (Q11) und Maximilian Artmeier (Q12)<\/p>\n<p>Am Donnerstag, den 22. Februar 2018, brachen wir, zwei Sch\u00fcler des St.-Michaels-Gymnasiums in Metten, gegen 05:00 Uhr auf den langen Weg zur Hauptstadt-Veranstaltung des MINT-EC Schulnetzwerkes, der MINT400, in Berlin, auf. Nach einer ca. sechseinhalbst\u00fcndigen Zugfahrt kamen wir gegen 12:30 Uhr in Berlin am Hauptbahnhof an. Nach einer kurzen Orientierungszeit ging es rasch zum A&amp;O Hostel in Berlin Friedrichshain.<\/p>\n<p>Wir bezogen unser Zimmer und stellten den gr\u00f6\u00dften Teil unseres Gep\u00e4cks erst einmal ab. Kurz darauf ging es mit der S-Bahn weiter zum Max-Delbr\u00fcck-Centrum f\u00fcr Molekulare Medizin in der Helmholtz-Gemeinschaft am Campus Berlin-Buch, dem eigentlichen Veranstaltungsort der MINT400.<\/p>\n<p>Dort angekommen erwartete uns zun\u00e4chst ein kleiner Mittagsimbiss. Nebenbei konnten zahleiche Institutionen am MINT400-Bildungsmarkt besucht sowie zahlreiche Informationen eingeholt werden. Vertreten waren u.a. Firmen wie SAP, Siemens AG oder das Hasso-Plattner-Institut sowie zahlreiche Hochschulen und Universit\u00e4ten wie die RWTH Aachen University, die TH Wildau und Berlin, aber auch unbekanntere Firmen.<\/p>\n<p>Um 15:00 Uhr begann schlie\u00dflich die Auftaktveranstaltung mit Gru\u00dfworten vom Vorstandsvorsitzenden des MINT-EC, Wolfgang Gollub, sowie der Pressesprecherin des MDC, Dr. Annette Tuffs. Danach berichteten zwei Mitglieder der MINT-EC Alumni \u00fcber ihre T\u00e4tigkeit in der MINT-EC-Organisation nach dem Abitur. Im Anschluss hielt Prof. Dr. Jana Wolf einen sehr spannenden Vortrag \u00fcber die Mathematik in der Krebsforschung und stellte ihre Forschungsans\u00e4tze sowie die Forschungsgruppe vor.<\/p>\n<p>Als auch dieser Vortrag beendet war, gab es f\u00fcr uns einen Abendimbiss, bei dem sich auch noch einmal die Gelegenheit bot, weitere Aussteller des Bildungsmarkts zu besuchen.<\/p>\n<p>Von 17:30 bis18:30 Uhr besuchten wir dann die MINT400-Fachvortr\u00e4ge, deren Inhalt von \u201eSupramolekularer Chemie in Wasser\u201c bis hin zu \u201eZukunft Werkstoffe im Automobilbereich\u201c reichte. Die Vortr\u00e4ge waren durchgehend informativ gestaltet und wir konnten sehr viele neue Sachverhalte verstehen und Informationen mitnehmen. Nach diesen einzelnen Fachvortr\u00e4gen ging es f\u00fcr uns wieder zur\u00fcck zum Hostel, wo wir den Abend ausklingen lie\u00dfen.<\/p>\n<p>Am n\u00e4chsten Morgen, machte sich jeder der zahlreich im Hostel untergebrachten Teilnehmer nach einem ausgiebigen Fr\u00fchst\u00fcck auf den Weg zu den jeweiligen MINT400-Workshops. Dort konnten wir zum einen die Laborarbeit im Bereich Biosystemtechnik der TH Wildau kennenlernen und selbst einen Glucose-Sensor anfertigen, zum anderen bot der Workshop \u201eBiokeramik\u201c viele interessante Einblicke in die Schnittstelle zwischen Medizin und Werkstofftechnik.<\/p>\n<p>Um 16:00 Uhr machten wir uns von den Veranstaltungsorten der Workshops wieder auf den Weg zum MDC. Eine Stunde sp\u00e4ter begann dann schlie\u00dflich die Abendveranstaltung mit zahlreichen Gru\u00dfworten und musikalischen Einlagen. Besonders interessant gestaltete die Jungunternehmerin Miriam Neubauer ihren Vortrag zum Thema \u201eBlockchain und Cryptocurrencies\u201c. Sie zeigte dabei auch auf, welche Ver\u00e4nderungen diese Bereiche auf unser Leben haben. Im Anschluss an den Vortrag fand die Preisverleihung zum Internationalen Chemiewettbewerb 2017 des Royal Australian Chemical Institute (RACI) statt, bei dem einige Sch\u00fcler aufgrund ihrer hervorragenden Leistungen im Wettbewerb einen Preis sowie eine Urkunde erhielten. Nach weiteren musikalischen Vorf\u00fchrungen von \u201e\u00dcberkinger MC\u201c begann die Pr\u00e4sentation der drei besten Beitr\u00e4ge des MINT-EC SchoolSlam mit dem British Council, bei der wir selbst durch eine Abstimmung den besten der drei Beitr\u00e4ge w\u00e4hlen konnten.<\/p>\n<p>Gegen 20:15 Uhr neigte sich die Veranstaltung mit den Schlussworten des Vorstandsvorsitzenden von MINT-EC, Wolfgang Gollub, dem Ende zu. Zum Abschluss gab es noch ein gro\u00dfes Abendessen und ein \u201eCome together\u201c. Gegen 22:00 Uhr wurden wir mit einem Shuttle-Bus wieder zum Hostel gebracht.<\/p>\n<p>Am n\u00e4chsten Morgen nutzten wir die Wartezeit bis zur R\u00fcckfahrt des Zuges, indem wir einige Sehensw\u00fcrdigkeiten wie das Reichstagsgeb\u00e4ude oder das Brandenburger Tor besuchten. Um 12:30 Uhr erreichten wir p\u00fcnktlich den ICE und kamen nach der sechsst\u00fcndigen Zugfahrt \u00fcber N\u00fcrnberg und Regensburg um ca.19:45 Uhr wieder am Bahnhof in Plattling an.<\/p>\n<p>Simon Weber (Q11), Maximilian Artmeier (Q12)<\/p>\n\r\n\t\t<style type='text\/css'>\r\n\t\t\t#gallery-1 {\r\n\t\t\t\tmargin: auto;\r\n\t\t\t}\r\n\t\t\t#gallery-1 .gallery-item {\r\n\t\t\t\tfloat: left;\r\n\t\t\t\tmargin-top: 10px;\r\n\t\t\t\ttext-align: center;\r\n\t\t\t\twidth: 33%;\r\n\t\t\t}\r\n\t\t\t#gallery-1 hr {\r\n\t\t\t\theight: 1px;\r\n\t\t\t}\r\n\t\t\t#gallery-1 .gallery-caption {\r\n\t\t\t\tmargin-left: 0;\r\n\t\t\t}\r\n\t\t\t\/* see gallery_shortcode() in wp-includes\/media.php *\/\r\n\t\t<\/style>\n\t\t<div id='gallery-1' class='gallery galleryid-11390 gallery-columns-3 gallery-size-thumbnail'><hr class='null'><dl class='gallery-item'>\r\n\t\t\t<dt class='gallery-icon landscape'>\r\n\t\t\t\t<a title=\"mint400_3_\"  href='https:\/\/www.kloster-metten.com\/?attachment_id=11393'><img loading=\"lazy\" decoding=\"async\" width=\"170\" height=\"115\" src=\"https:\/\/www.kloster-metten.com\/wp-content\/uploads\/2018\/03\/mint400_3_-170x115.jpg\" class=\"attachment-thumbnail size-thumbnail\" alt=\"\" \/><\/a>\r\n\t\t\t<\/dt><\/dl><dl class='gallery-item'>\r\n\t\t\t<dt class='gallery-icon landscape'>\r\n\t\t\t\t<a title=\"mint400_2_\"  href='https:\/\/www.kloster-metten.com\/?attachment_id=11392'><img loading=\"lazy\" decoding=\"async\" width=\"170\" height=\"115\" src=\"https:\/\/www.kloster-metten.com\/wp-content\/uploads\/2018\/03\/mint400_2_-170x115.jpg\" class=\"attachment-thumbnail size-thumbnail\" alt=\"\" \/><\/a>\r\n\t\t\t<\/dt><\/dl><dl class='gallery-item'>\r\n\t\t\t<dt class='gallery-icon landscape'>\r\n\t\t\t\t<a title=\"mint400_1_\"  href='https:\/\/www.kloster-metten.com\/?attachment_id=11391'><img loading=\"lazy\" decoding=\"async\" width=\"170\" height=\"115\" src=\"https:\/\/www.kloster-metten.com\/wp-content\/uploads\/2018\/03\/mint400_1_-170x115.jpg\" class=\"attachment-thumbnail size-thumbnail\" alt=\"\" \/><\/a>\r\n\t\t\t<\/dt><\/dl><br style=\"clear: both\" \/>\r\n\t\t<\/div>\n\n","protected":false},"excerpt":{"rendered":"<p>MINT400 \u2013 Das Hauptstadtforum vom 22.02.2018 \u2013 23.02.2018 von Simon Weber (Q11) und Maximilian Artmeier (Q12) Am Donnerstag, den 22. Februar 2018, brachen wir, zwei Sch\u00fcler des St.-Michaels-Gymnasiums in Metten, gegen 05:00 Uhr auf den langen Weg zur Hauptstadt-Veranstaltung des MINT-EC Schulnetzwerkes, der MINT400, in Berlin, auf. Nach einer ca. sechseinhalbst\u00fcndigen Zugfahrt kamen wir gegen [&hellip;]<\/p>\n","protected":false},"author":5,"featured_media":0,"parent":11709,"menu_order":79,"comment_status":"closed","ping_status":"closed","template":"","meta":{"footnotes":""},"class_list":["post-11390","page","type-page","status-publish","hentry"],"_links":{"self":[{"href":"https:\/\/www.kloster-metten.com\/index.php?rest_route=\/wp\/v2\/pages\/11390","targetHints":{"allow":["GET"]}}],"collection":[{"href":"https:\/\/www.kloster-metten.com\/index.php?rest_route=\/wp\/v2\/pages"}],"about":[{"href":"https:\/\/www.kloster-metten.com\/index.php?rest_route=\/wp\/v2\/types\/page"}],"author":[{"embeddable":true,"href":"https:\/\/www.kloster-metten.com\/index.php?rest_route=\/wp\/v2\/users\/5"}],"replies":[{"embeddable":true,"href":"https:\/\/www.kloster-metten.com\/index.php?rest_route=%2Fwp%2Fv2%2Fcomments&post=11390"}],"version-history":[{"count":2,"href":"https:\/\/www.kloster-metten.com\/index.php?rest_route=\/wp\/v2\/pages\/11390\/revisions"}],"predecessor-version":[{"id":12621,"href":"https:\/\/www.kloster-metten.com\/index.php?rest_route=\/wp\/v2\/pages\/11390\/revisions\/12621"}],"up":[{"embeddable":true,"href":"https:\/\/www.kloster-metten.com\/index.php?rest_route=\/wp\/v2\/pages\/11709"}],"wp:attachment":[{"href":"https:\/\/www.kloster-metten.com\/index.php?rest_route=%2Fwp%2Fv2%2Fmedia&parent=11390"}],"curies":[{"name":"wp","href":"https:\/\/api.w.org\/{rel}","templated":true}]}}