{"id":11404,"date":"2018-03-18T14:58:31","date_gmt":"2018-03-18T13:58:31","guid":{"rendered":"http:\/\/www.kloster-metten.de\/?page_id=11404"},"modified":"2019-09-20T20:56:22","modified_gmt":"2019-09-20T18:56:22","slug":"tag-der-freien-schulen-unterrichtsstunde-mit-herrn-staatssekretaer-bernd-sibler","status":"publish","type":"page","link":"https:\/\/www.kloster-metten.com\/?page_id=11404","title":{"rendered":"\u201eTag der Freien Schulen\u201c \u2013 Unterrichtsstunde mit Herrn Staatssekret\u00e4r Bernd Sibler"},"content":{"rendered":"<a href=\"https:\/\/www.kloster-metten.com\/wp-content\/uploads\/2018\/03\/SAM_1152.jpg\"><img loading=\"lazy\" decoding=\"async\" class=\"size-medium wp-image-11407 alignnone\" title=\"SAM_1152\" src=\"https:\/\/www.kloster-metten.com\/wp-content\/uploads\/2018\/03\/SAM_1152-500x375.jpg\" alt=\"\" width=\"500\" height=\"375\" srcset=\"https:\/\/www.kloster-metten.com\/wp-content\/uploads\/2018\/03\/SAM_1152-500x375.jpg 500w, https:\/\/www.kloster-metten.com\/wp-content\/uploads\/2018\/03\/SAM_1152-768x576.jpg 768w, https:\/\/www.kloster-metten.com\/wp-content\/uploads\/2018\/03\/SAM_1152-1024x768.jpg 1024w, https:\/\/www.kloster-metten.com\/wp-content\/uploads\/2018\/03\/SAM_1152.jpg 1094w\" sizes=\"auto, (max-width: 500px) 100vw, 500px\" \/><\/a><h2>\u201eTag der Freien Schulen\u201c \u2013 Unterrichtsstunde mit Herrn Staatssekret\u00e4r Bernd Sibler<\/h2><p><\/p>\n<p>Unter dem Motto \u201eT\u00fcr auf \u2013 Abgeordnete schenken eine Unterrichtsstunde\u201c organisiert der Verband bayerischer Privatschulen, das Katholische Schulwerk in Bayern und die Evangelische Schulstiftung in Bayern eine Unterrichtsstunde mit dem Abgeordneten des Wahlkreises. Anliegen dabei ist, Sch\u00fclerinnen und Sch\u00fcler mit politischen Vertretern in den Dialog zu bringen und so gegen Politikverdrossenheit und Radikalisierung zu wirken.<\/p>\n<p>Am 14. M\u00e4rz besuchte deshalb Staatssekret\u00e4r Bernd Sibler das St.-Michaels-Gymnasium und suchte im Rahmen des Unterrichts im Fach Wirtschaft und Recht das Gespr\u00e4ch mit den Sch\u00fclerinnen und Sch\u00fclern der 10. Jahrgangsstufe. An der Veranstaltung nahmen auch Abt Wolfgang, die Schulleitung und interessierte Lehrer teil.<\/p>\n<p>Sibler berichtete \u00fcber seinen politischen Werdegang, seine fast zwanzig Jahre im Bayerischen Landtag und sein besonderes Interesse f\u00fcr Bildung und Wissenschaft. In einem ersten Teil gab er Informationen zum bayerischen Schulsystem, zu den Gr\u00fcnden f\u00fcr die Einf\u00fchrung des G8 sowie f\u00fcr dessen geringe Akzeptanz und zum jetzt anstehenden Wechsel zur\u00fcck zum G9. Die Qualit\u00e4t des bayerischen Gymnasiums, der Lehrplan und seine Entstehung trafen auf das Interesse der Sch\u00fclerinnen und Sch\u00fcler.<\/p>\n<p>Auch die aktuelle politische Situation kam zur Sprache: der Wechsel im Amt des bayerischen Ministerpr\u00e4sidenten, die fragile weltpolitische Lage, auch beeinflusst durch den amerikanischen Pr\u00e4sidenten Trump, und schlie\u00dflich Deutschlands Position in der EU als Land mit der gr\u00f6\u00dften Bev\u00f6lkerung und der gr\u00f6\u00dften Volkswirtschaft.<\/p>\n<p>Aufmerksam waren Sch\u00fclerinnen und Sch\u00fcler bei den dargebotenen Informationen und dankten dem Abgeordneten und Staatssekret\u00e4r mit gro\u00dfem Applaus.<\/p>\n\r\n\t\t<style type='text\/css'>\r\n\t\t\t#gallery-1 {\r\n\t\t\t\tmargin: auto;\r\n\t\t\t}\r\n\t\t\t#gallery-1 .gallery-item {\r\n\t\t\t\tfloat: left;\r\n\t\t\t\tmargin-top: 10px;\r\n\t\t\t\ttext-align: center;\r\n\t\t\t\twidth: 33%;\r\n\t\t\t}\r\n\t\t\t#gallery-1 hr {\r\n\t\t\t\theight: 1px;\r\n\t\t\t}\r\n\t\t\t#gallery-1 .gallery-caption {\r\n\t\t\t\tmargin-left: 0;\r\n\t\t\t}\r\n\t\t\t\/* see gallery_shortcode() in wp-includes\/media.php *\/\r\n\t\t<\/style>\n\t\t<div id='gallery-1' class='gallery galleryid-11404 gallery-columns-3 gallery-size-thumbnail'><hr class='null'><dl class='gallery-item'>\r\n\t\t\t<dt class='gallery-icon portrait'>\r\n\t\t\t\t<a title=\"SAM_1157\"  href='https:\/\/www.kloster-metten.com\/?attachment_id=11408'><img loading=\"lazy\" decoding=\"async\" width=\"170\" height=\"115\" src=\"https:\/\/www.kloster-metten.com\/wp-content\/uploads\/2018\/03\/SAM_1157-170x115.jpg\" class=\"attachment-thumbnail size-thumbnail\" alt=\"\" \/><\/a>\r\n\t\t\t<\/dt><\/dl><dl class='gallery-item'>\r\n\t\t\t<dt class='gallery-icon landscape'>\r\n\t\t\t\t<a title=\"SAM_1147\"  href='https:\/\/www.kloster-metten.com\/?attachment_id=11406'><img loading=\"lazy\" decoding=\"async\" width=\"170\" height=\"115\" src=\"https:\/\/www.kloster-metten.com\/wp-content\/uploads\/2018\/03\/SAM_1147-170x115.jpg\" class=\"attachment-thumbnail size-thumbnail\" alt=\"\" \/><\/a>\r\n\t\t\t<\/dt><\/dl><dl class='gallery-item'>\r\n\t\t\t<dt class='gallery-icon landscape'>\r\n\t\t\t\t<a title=\"SAM_1137\"  href='https:\/\/www.kloster-metten.com\/?attachment_id=11405'><img loading=\"lazy\" decoding=\"async\" width=\"170\" height=\"115\" src=\"https:\/\/www.kloster-metten.com\/wp-content\/uploads\/2018\/03\/SAM_1137-170x115.jpg\" class=\"attachment-thumbnail size-thumbnail\" alt=\"\" \/><\/a>\r\n\t\t\t<\/dt><\/dl><br style=\"clear: both\" \/>\r\n\t\t<\/div>\n\n","protected":false},"excerpt":{"rendered":"<p>\u201eTag der Freien Schulen\u201c \u2013 Unterrichtsstunde mit Herrn Staatssekret\u00e4r Bernd Sibler Unter dem Motto \u201eT\u00fcr auf \u2013 Abgeordnete schenken eine Unterrichtsstunde\u201c organisiert der Verband bayerischer Privatschulen, das Katholische Schulwerk in Bayern und die Evangelische Schulstiftung in Bayern eine Unterrichtsstunde mit dem Abgeordneten des Wahlkreises. Anliegen dabei ist, Sch\u00fclerinnen und Sch\u00fcler mit politischen Vertretern in den [&hellip;]<\/p>\n","protected":false},"author":5,"featured_media":0,"parent":11709,"menu_order":77,"comment_status":"closed","ping_status":"closed","template":"","meta":{"footnotes":""},"class_list":["post-11404","page","type-page","status-publish","hentry"],"_links":{"self":[{"href":"https:\/\/www.kloster-metten.com\/index.php?rest_route=\/wp\/v2\/pages\/11404","targetHints":{"allow":["GET"]}}],"collection":[{"href":"https:\/\/www.kloster-metten.com\/index.php?rest_route=\/wp\/v2\/pages"}],"about":[{"href":"https:\/\/www.kloster-metten.com\/index.php?rest_route=\/wp\/v2\/types\/page"}],"author":[{"embeddable":true,"href":"https:\/\/www.kloster-metten.com\/index.php?rest_route=\/wp\/v2\/users\/5"}],"replies":[{"embeddable":true,"href":"https:\/\/www.kloster-metten.com\/index.php?rest_route=%2Fwp%2Fv2%2Fcomments&post=11404"}],"version-history":[{"count":2,"href":"https:\/\/www.kloster-metten.com\/index.php?rest_route=\/wp\/v2\/pages\/11404\/revisions"}],"predecessor-version":[{"id":12619,"href":"https:\/\/www.kloster-metten.com\/index.php?rest_route=\/wp\/v2\/pages\/11404\/revisions\/12619"}],"up":[{"embeddable":true,"href":"https:\/\/www.kloster-metten.com\/index.php?rest_route=\/wp\/v2\/pages\/11709"}],"wp:attachment":[{"href":"https:\/\/www.kloster-metten.com\/index.php?rest_route=%2Fwp%2Fv2%2Fmedia&parent=11404"}],"curies":[{"name":"wp","href":"https:\/\/api.w.org\/{rel}","templated":true}]}}