{"id":11419,"date":"2018-03-18T15:02:15","date_gmt":"2018-03-18T14:02:15","guid":{"rendered":"http:\/\/www.kloster-metten.de\/?page_id=11419"},"modified":"2018-03-18T15:02:58","modified_gmt":"2018-03-18T14:02:58","slug":"nobelpreistraeger-suedhof-diskutiert-mit-mettener-schuelerinnen-und-schuelern","status":"publish","type":"page","link":"https:\/\/www.kloster-metten.com\/?page_id=11419","title":{"rendered":"Nobelpreistr\u00e4ger S\u00fcdhof diskutiert mit Mettener Sch\u00fclerinnen und Sch\u00fclern"},"content":{"rendered":"<a href=\"https:\/\/www.kloster-metten.com\/wp-content\/uploads\/2018\/03\/06-Im-Forschungslabor-Foto-DPZ.jpg\"><img class=\"size-medium wp-image-11402 alignnone\" title=\"06 Im Forschungslabor, Foto DPZ\" src=\"https:\/\/www.kloster-metten.com\/wp-content\/uploads\/2018\/03\/06-Im-Forschungslabor-Foto-DPZ-500x262.jpg\" alt=\"\" width=\"500\" height=\"262\" \/><\/a><h2>Nobelpreistr\u00e4ger S\u00fcdhof diskutiert mit Mettener Sch\u00fclerinnen und Sch\u00fclern<\/h2><p><\/p>\n<p>Das W-Seminar Biologie mit dem Rahmenthema \u201eBraucht Wohlstand Tierversuche\u201c hatte beim Videowettbewerb \u201eTriff den Nobelpreistr\u00e4ger\u201c der Organisation Tierversuche verstehen im Dezember 2017 den ersten Platz in der Kategorie der 10. - 12. Klassen errungen.<\/p>\n<p>Letzte Woche war es nun endlich soweit: der Gewinn des Videowettbewerbs wurde in G\u00f6ttingen am Deutschen Primatenzentrum (DPZ) eingel\u00f6st!<\/p>\n<p>29 Gymnasiasten aus Dessau und 12 aus Metten durften am 07. M\u00e4rz 2018 exklusiv mit Prof. Dr. S\u00fcdhof von der Stanford Universit\u00e4t \u00fcber biomedizinische Forschungsfragen \u2013 und welche Rolle dabei Tierversuche spielen, diskutieren.<\/p>\n<p>Nach der langen Zugfahrt von Metten nach G\u00f6ttingen stand zun\u00e4chst eine F\u00fchrung durch das DPZ auf dem Programm. Aus erster Hand bekamen die Preistr\u00e4ger von der Biologin Dr. Diederich interessante Informationen \u00fcber die Haltung, Zucht und die Grundlagenversuche der dort gehaltenen Affenarten und konnten spontan Fragen stellen.<\/p>\n<p>Dann wurde es spannend:<br \/>\nZuerst versammelten sich alle zum Gruppenfoto und dann startete die Fragerunde mit dem Nobelpreistr\u00e4ger.<br \/>\nGut vorbereitet gingen die Mettener Gymnasiasten in dieses Treffen, konnten viele ihrer Fragen an den renommierten Neurowissenschaftler stellen und bekamen hilfreiche Antworten. Auch \u00fcber pers\u00f6nliche Fragen hat sich Prof. Dr. S\u00fcdhof gefreut und erz\u00e4hlte gerne von seinem \u2013 manchmal gar nicht so spannendem \u2013 Tagesablauf oder der Schwierigkeit, seine Abwesenheit durch die zahlreichen Reisen mit dem Familienleben zu vereinbaren.<\/p>\n<p>Sehr beeindruckt war er vom lebhaften Gespr\u00e4chsverlauf und den guten Vorkenntnissen, die sowohl die 9. Kl\u00e4ssler aus Dessau als auch die Kollegiaten aus Metten an den Tag legten. Sein Kommentar: \u201eIch finde es gut, dass die Sch\u00fcler auf mich zugekommen sind und mich mit ihren Fragen durchl\u00f6chert haben.\u201c<\/p>\n<p>Abends stand noch ein Theaterbesuch auf dem Programm. Am n\u00e4chsten Vormittag konnte die Mettener Gruppe G\u00f6ttingen auf einer Stadtf\u00fchrung n\u00e4her kennenlernen. Dabei stand die Wissenschaftsstadt G\u00f6ttingen mit ihren Nobelpreistr\u00e4gern und solchen, die es nicht \u201egeschafft\u201c hatten, im Blickpunkt.<br \/>\nDiese beiden Tage in G\u00f6ttingen waren ein besonderes Highlight f\u00fcr alle Teilnehmer!<\/p>\n<p>Die Preistr\u00e4gervideos sowie Bericht und Video \u00fcber das Treffen mit dem Nobelpreistr\u00e4ger sind unter dem folgenden Link zu finden: <a href=\"https:\/\/www.tierversuche-verstehen.de\/\">https:\/\/www.tierversuche-verstehen.de\/<\/a><\/p>\n<p>\r\n\t\t<style type='text\/css'>\r\n\t\t\t#gallery-1 {\r\n\t\t\t\tmargin: auto;\r\n\t\t\t}\r\n\t\t\t#gallery-1 .gallery-item {\r\n\t\t\t\tfloat: left;\r\n\t\t\t\tmargin-top: 10px;\r\n\t\t\t\ttext-align: center;\r\n\t\t\t\twidth: 33%;\r\n\t\t\t}\r\n\t\t\t#gallery-1 hr {\r\n\t\t\t\theight: 1px;\r\n\t\t\t}\r\n\t\t\t#gallery-1 .gallery-caption {\r\n\t\t\t\tmargin-left: 0;\r\n\t\t\t}\r\n\t\t\t\/* see gallery_shortcode() in wp-includes\/media.php *\/\r\n\t\t<\/style>\n\t\t<div id='gallery-1' class='gallery galleryid-11419 gallery-columns-3 gallery-size-thumbnail'><hr class='null'><dl class='gallery-item'>\r\n\t\t\t<dt class='gallery-icon landscape'>\r\n\t\t\t\t<a title=\"01 Bahnhof Plattling vor der Abfahrt\"  href='https:\/\/www.kloster-metten.com\/?attachment_id=11409'><img width=\"170\" height=\"115\" src=\"https:\/\/www.kloster-metten.com\/wp-content\/uploads\/2018\/03\/01-Bahnhof-Plattling-vor-der-Abfahrt-170x115.jpg\" class=\"attachment-thumbnail size-thumbnail\" alt=\"\" \/><\/a>\r\n\t\t\t<\/dt><\/dl><dl class='gallery-item'>\r\n\t\t\t<dt class='gallery-icon landscape'>\r\n\t\t\t\t<a title=\"03 Deutsches Primatenzentrum\"  href='https:\/\/www.kloster-metten.com\/?attachment_id=11411'><img width=\"170\" height=\"115\" src=\"https:\/\/www.kloster-metten.com\/wp-content\/uploads\/2018\/03\/03-Deutsches-Primatenzentrum-170x115.jpg\" class=\"attachment-thumbnail size-thumbnail\" alt=\"\" \/><\/a>\r\n\t\t\t<\/dt><\/dl><dl class='gallery-item'>\r\n\t\t\t<dt class='gallery-icon landscape'>\r\n\t\t\t\t<a title=\"Unbenannte Anlage 00156\"  href='https:\/\/www.kloster-metten.com\/?attachment_id=11413'><img width=\"170\" height=\"115\" src=\"https:\/\/www.kloster-metten.com\/wp-content\/uploads\/2018\/03\/Unbenannte-Anlage-00156-170x115.jpg\" class=\"attachment-thumbnail size-thumbnail\" alt=\"\" \/><\/a>\r\n\t\t\t<\/dt><\/dl><br style=\"clear: both\" \/><dl class='gallery-item'>\r\n\t\t\t<dt class='gallery-icon landscape'>\r\n\t\t\t\t<a title=\"10 Altstadt\"  href='https:\/\/www.kloster-metten.com\/?attachment_id=11412'><img width=\"170\" height=\"115\" src=\"https:\/\/www.kloster-metten.com\/wp-content\/uploads\/2018\/03\/10-Altstadt-170x115.jpg\" class=\"attachment-thumbnail size-thumbnail\" alt=\"\" \/><\/a>\r\n\t\t\t<\/dt><\/dl><dl class='gallery-item'>\r\n\t\t\t<dt class='gallery-icon landscape'>\r\n\t\t\t\t<a title=\"Unbenannte Anlage 00162\"  href='https:\/\/www.kloster-metten.com\/?attachment_id=11414'><img width=\"170\" height=\"115\" src=\"https:\/\/www.kloster-metten.com\/wp-content\/uploads\/2018\/03\/Unbenannte-Anlage-00162-170x115.jpg\" class=\"attachment-thumbnail size-thumbnail\" alt=\"\" \/><\/a>\r\n\t\t\t<\/dt><\/dl><dl class='gallery-item'>\r\n\t\t\t<dt class='gallery-icon portrait'>\r\n\t\t\t\t<a title=\"02 Warten auf den ICE\"  href='https:\/\/www.kloster-metten.com\/?attachment_id=11410'><img width=\"170\" height=\"115\" src=\"https:\/\/www.kloster-metten.com\/wp-content\/uploads\/2018\/03\/02-Warten-auf-den-ICE-e1521381646866-170x115.jpg\" class=\"attachment-thumbnail size-thumbnail\" alt=\"\" \/><\/a>\r\n\t\t\t<\/dt><\/dl><br style=\"clear: both\" \/><dl class='gallery-item'>\r\n\t\t\t<dt class='gallery-icon landscape'>\r\n\t\t\t\t<a title=\"Unbenannte Anlage 00174\"  href='https:\/\/www.kloster-metten.com\/?attachment_id=11429'><img width=\"170\" height=\"115\" src=\"https:\/\/www.kloster-metten.com\/wp-content\/uploads\/2018\/03\/Unbenannte-Anlage-00174-170x115.jpg\" class=\"attachment-thumbnail size-thumbnail\" alt=\"\" \/><\/a>\r\n\t\t\t<\/dt><\/dl><dl class='gallery-item'>\r\n\t\t\t<dt class='gallery-icon portrait'>\r\n\t\t\t\t<a title=\"Unbenannte Anlage 00159\"  href='https:\/\/www.kloster-metten.com\/?attachment_id=11426'><img width=\"170\" height=\"115\" src=\"https:\/\/www.kloster-metten.com\/wp-content\/uploads\/2018\/03\/Unbenannte-Anlage-00159-e1521382424178-170x115.jpg\" class=\"attachment-thumbnail size-thumbnail\" alt=\"\" \/><\/a>\r\n\t\t\t<\/dt><\/dl><dl class='gallery-item'>\r\n\t\t\t<dt class='gallery-icon landscape'>\r\n\t\t\t\t<a title=\"Unbenannte Anlage 00153\"  href='https:\/\/www.kloster-metten.com\/?attachment_id=11425'><img width=\"170\" height=\"115\" src=\"https:\/\/www.kloster-metten.com\/wp-content\/uploads\/2018\/03\/Unbenannte-Anlage-00153-170x115.jpg\" class=\"attachment-thumbnail size-thumbnail\" alt=\"\" \/><\/a>\r\n\t\t\t<\/dt><\/dl><br style=\"clear: both\" \/>\r\n\t\t<\/div>\n<\/p>\n","protected":false},"excerpt":{"rendered":"<p>Nobelpreistr\u00e4ger S\u00fcdhof diskutiert mit Mettener Sch\u00fclerinnen und Sch\u00fclern Das W-Seminar Biologie mit dem Rahmenthema \u201eBraucht Wohlstand Tierversuche\u201c hatte beim Videowettbewerb \u201eTriff den Nobelpreistr\u00e4ger\u201c der Organisation Tierversuche verstehen im Dezember 2017 den ersten Platz in der Kategorie der 10. &#8211; 12. Klassen errungen. Letzte Woche war es nun endlich soweit: der Gewinn des Videowettbewerbs wurde in [&hellip;]<\/p>\n","protected":false},"author":5,"featured_media":0,"parent":5394,"menu_order":-53,"comment_status":"closed","ping_status":"closed","template":"","meta":{"footnotes":""},"class_list":["post-11419","page","type-page","status-publish","hentry"],"_links":{"self":[{"href":"https:\/\/www.kloster-metten.com\/index.php?rest_route=\/wp\/v2\/pages\/11419","targetHints":{"allow":["GET"]}}],"collection":[{"href":"https:\/\/www.kloster-metten.com\/index.php?rest_route=\/wp\/v2\/pages"}],"about":[{"href":"https:\/\/www.kloster-metten.com\/index.php?rest_route=\/wp\/v2\/types\/page"}],"author":[{"embeddable":true,"href":"https:\/\/www.kloster-metten.com\/index.php?rest_route=\/wp\/v2\/users\/5"}],"replies":[{"embeddable":true,"href":"https:\/\/www.kloster-metten.com\/index.php?rest_route=%2Fwp%2Fv2%2Fcomments&post=11419"}],"version-history":[{"count":1,"href":"https:\/\/www.kloster-metten.com\/index.php?rest_route=\/wp\/v2\/pages\/11419\/revisions"}],"predecessor-version":[{"id":11420,"href":"https:\/\/www.kloster-metten.com\/index.php?rest_route=\/wp\/v2\/pages\/11419\/revisions\/11420"}],"up":[{"embeddable":true,"href":"https:\/\/www.kloster-metten.com\/index.php?rest_route=\/wp\/v2\/pages\/5394"}],"wp:attachment":[{"href":"https:\/\/www.kloster-metten.com\/index.php?rest_route=%2Fwp%2Fv2%2Fmedia&parent=11419"}],"curies":[{"name":"wp","href":"https:\/\/api.w.org\/{rel}","templated":true}]}}