{"id":11455,"date":"2018-04-08T08:43:42","date_gmt":"2018-04-08T06:43:42","guid":{"rendered":"http:\/\/www.kloster-metten.de\/?page_id=11455"},"modified":"2018-04-08T08:43:42","modified_gmt":"2018-04-08T06:43:42","slug":"heureka-wettbewerb-2","status":"publish","type":"page","link":"https:\/\/www.kloster-metten.com\/?page_id=11455","title":{"rendered":"HEUREKA! &#8211; Wettbewerb"},"content":{"rendered":"<a href=\"https:\/\/www.kloster-metten.com\/wp-content\/uploads\/2018\/04\/heureka2018.jpg\"><img class=\"size-medium wp-image-11453 alignnone\" title=\"heureka2018\" src=\"https:\/\/www.kloster-metten.com\/wp-content\/uploads\/2018\/04\/heureka2018-500x375.jpg\" alt=\"\" width=\"500\" height=\"375\" \/><\/a><h2>HEUREKA! &#8211; Wettbewerb<\/h2><p><\/p>\n<p>Auch in diesem Jahr haben sich wieder zahlreiche Sch\u00fclerinnen und Sch\u00fcler aus den Jahrgangsstufen 5 bis 8 am Wettbewerb HEUREKA! \u2013 \u201eMensch und Natur\u201c beteiligt.<\/p>\n<p>Der HEUREKA! \u2013 Wettbewerb ist ein Multiple Choice Wettbewerb f\u00fcr die Jahrgangstufen 3 bis 8, der aus jeweils drei Abschnitten besteht und alle naturwissenschaftlichen Themen entsprechend dem Alter der Teilnehmer behandelt. Es werden Fragen zum Thema \u201eDer Mensch und seine Umwelt\u201c gestellt, die sowohl Tiere und ihre Rekorde, wie auch Pflanzen beinhalten. Au\u00dferdem werden das Wetter, chemische und physikalische Ph\u00e4nomene ebenso thematisiert wie die Themen Technik, Energie und Fortschritt.<br \/>\nJeder Teilnehmer bekommt eine Ehrenurkunde und ein Teilnahmegeschenk. Diesmal war es ein Kartenspiel mit dem Titel \u201eWas bin ich\u201c. Besonders ausgezeichnet wurden die Sch\u00fclerinnen und Sch\u00fcler mit den besten drei Ergebnissen pro Jahrgangsstufe, die sich \u00fcber Lernspiele und B\u00fccher als Preise freuen konnten.<\/p>\n","protected":false},"excerpt":{"rendered":"<p>HEUREKA! &#8211; Wettbewerb Auch in diesem Jahr haben sich wieder zahlreiche Sch\u00fclerinnen und Sch\u00fcler aus den Jahrgangsstufen 5 bis 8 am Wettbewerb HEUREKA! \u2013 \u201eMensch und Natur\u201c beteiligt. Der HEUREKA! \u2013 Wettbewerb ist ein Multiple Choice Wettbewerb f\u00fcr die Jahrgangstufen 3 bis 8, der aus jeweils drei Abschnitten besteht und alle naturwissenschaftlichen Themen entsprechend dem [&hellip;]<\/p>\n","protected":false},"author":5,"featured_media":0,"parent":5394,"menu_order":-54,"comment_status":"closed","ping_status":"closed","template":"","meta":{"footnotes":""},"class_list":["post-11455","page","type-page","status-publish","hentry"],"_links":{"self":[{"href":"https:\/\/www.kloster-metten.com\/index.php?rest_route=\/wp\/v2\/pages\/11455","targetHints":{"allow":["GET"]}}],"collection":[{"href":"https:\/\/www.kloster-metten.com\/index.php?rest_route=\/wp\/v2\/pages"}],"about":[{"href":"https:\/\/www.kloster-metten.com\/index.php?rest_route=\/wp\/v2\/types\/page"}],"author":[{"embeddable":true,"href":"https:\/\/www.kloster-metten.com\/index.php?rest_route=\/wp\/v2\/users\/5"}],"replies":[{"embeddable":true,"href":"https:\/\/www.kloster-metten.com\/index.php?rest_route=%2Fwp%2Fv2%2Fcomments&post=11455"}],"version-history":[{"count":1,"href":"https:\/\/www.kloster-metten.com\/index.php?rest_route=\/wp\/v2\/pages\/11455\/revisions"}],"predecessor-version":[{"id":11456,"href":"https:\/\/www.kloster-metten.com\/index.php?rest_route=\/wp\/v2\/pages\/11455\/revisions\/11456"}],"up":[{"embeddable":true,"href":"https:\/\/www.kloster-metten.com\/index.php?rest_route=\/wp\/v2\/pages\/5394"}],"wp:attachment":[{"href":"https:\/\/www.kloster-metten.com\/index.php?rest_route=%2Fwp%2Fv2%2Fmedia&parent=11455"}],"curies":[{"name":"wp","href":"https:\/\/api.w.org\/{rel}","templated":true}]}}