{"id":11497,"date":"2018-04-21T16:56:13","date_gmt":"2018-04-21T14:56:13","guid":{"rendered":"http:\/\/www.kloster-metten.de\/?page_id=11497"},"modified":"2018-05-01T10:53:30","modified_gmt":"2018-05-01T08:53:30","slug":"mint-ec-in-ostbayern-aktuelles-aus-der-forschung","status":"publish","type":"page","link":"https:\/\/www.kloster-metten.com\/?page_id=11497","title":{"rendered":"MINT-EC in Ostbayern: Aktuelles aus der Forschung"},"content":{"rendered":"<a href=\"https:\/\/www.kloster-metten.com\/wp-content\/uploads\/2018\/04\/MINT-EC_Logo_Claim.jpg\"><img class=\"size-medium wp-image-11494 alignnone\" title=\"MINT-EC_Logo_Claim\" src=\"https:\/\/www.kloster-metten.com\/wp-content\/uploads\/2018\/04\/MINT-EC_Logo_Claim-500x269.jpg\" alt=\"\" width=\"500\" height=\"269\" \/><\/a><h2>MINT-EC in Ostbayern: Aktuelles aus der Forschung<\/h2><p><\/p>\n<p><b><span style=\"font-size: medium;\">am Donnerstag, 17.05.2018 <\/span><\/b><\/p>\n<p>St.-Michaels-Gymnasium Metten, Abteistra\u00dfe 3, 94526 Metten<\/p>\n<p>&nbsp;<\/p>\n<p>wir freuen uns sehr, Ihnen und Ihren Sch\u00fclerinnen und Sch\u00fclern heute ein besonderes Fortbildungs- und Informationsprogramm pr\u00e4sentieren zu k\u00f6nnen und laden Sie dazu recht herzlich nach Metten ein!<\/p>\n<p>Unser Anliegen ist es, entlang der Donaulinie zwischen Regensburg und Passau weitl\u00e4ufig auf aktuelle Forschungen und Firmen im MINT-Bereich aufmerksam zu machen und dadurch Wissenschaft und Forschung noch mehr in die Schulen zu bringen. Sie haben daher am 17.05.2018 die M\u00f6glichkeit, sich \u00fcber spannende Themen zu informieren oder im Workshop selbst aktiv zu werden.<\/p>\n<p><span style=\"font-family: Calibri,Calibri; font-size: medium;\">Teilnehmen k\u00f6nnen <\/span><b><span style=\"font-size: medium;\">bis zu vier Personen <\/span><\/b><span style=\"font-family: Calibri,Calibri; font-size: medium;\">aus Ihrer Schule (Lehrkr\u00e4fte sowie Sch\u00fclerinnen bzw. Sch\u00fcler ab der 10. Jahrgangsstufe). Eine Teilnahmebest\u00e4tigung wird ausgestellt. <\/span><\/p>\n<p>Bitte entnehmen Sie weitere Einzelheiten den beigef\u00fcgten Anh\u00e4ngen und melden Sie sich bis sp\u00e4testens Freitag, 27. April 2018, mit dem ebenfalls beigef\u00fcgten Anmeldeformular per e-mail an. Sie erhalten Ihre Anmeldebest\u00e4tigung dann bis sp\u00e4testens 30. April 2018.<\/p>\n<p>Hier ein kurzer \u00dcberblick:<\/p>\n<p><span style=\"font-family: Calibri,Calibri; font-size: medium;\">09.45 <\/span><span style=\"font-family: Calibri,Calibri; font-size: medium;\">\u2013 <\/span><span style=\"font-family: Calibri,Calibri; font-size: medium;\">10.00 Uhr Begr\u00fc\u00dfung im Festsaal durch den Schulleiter P. Erhard Hinrainer OSB und Dipl. Phys. Alexandra Polster, MINT-EC Referentin Bayern <\/span><\/p>\n<p><span style=\"font-family: Calibri,Calibri; font-size: medium;\">10.00 <\/span><span style=\"font-family: Calibri,Calibri; font-size: medium;\">\u2013 <\/span><span style=\"font-family: Calibri,Calibri; font-size: medium;\">12.15 Uhr Vortr\u00e4ge und Workshops <\/span><\/p>\n<p><span style=\"font-family: Calibri,Calibri; font-size: medium;\">12.15 <\/span><span style=\"font-family: Calibri,Calibri; font-size: medium;\">\u2013 <\/span><span style=\"font-family: Calibri,Calibri; font-size: medium;\">13.30 Uhr Mittagessen (bitte bei der Anmeldung mitbuchen) <\/span><\/p>\n<p><span style=\"font-family: Calibri,Calibri; font-size: medium;\">13.30 <\/span><span style=\"font-family: Calibri,Calibri; font-size: medium;\">\u2013 <\/span><span style=\"font-family: Calibri,Calibri; font-size: medium;\">15.45 Uhr Vortr\u00e4ge und Workshops <\/span><\/p>\n<p><span style=\"font-family: Calibri,Calibri; font-size: medium;\">15.45 <\/span><span style=\"font-family: Calibri,Calibri; font-size: medium;\">\u2013 <\/span><span style=\"font-family: Calibri,Calibri; font-size: medium;\">16.00 Uhr Abschluss im Festsaal <\/span><\/p>\n<p><span style=\"font-family: Calibri,Calibri; font-size: medium;\">Sie k\u00f6nnen aus jeder Vortrags-\/Workshop-Phase <\/span><b><span style=\"font-size: medium;\">eine <\/span><\/b><span style=\"font-family: Calibri,Calibri; font-size: medium;\">Veranstaltung ausw\u00e4hlen, insgesamt ist der Besuch von <\/span><b><span style=\"font-size: medium;\">maximal sechs <\/span><\/b><span style=\"font-family: Calibri,Calibri; font-size: medium;\">Veranstaltungen m\u00f6glich. F\u00fcr eine eventuelle Fahrt mit dem Elektroauto sollten Sie einen freien Zeitraum einplanen und am Ende des Formulars diesen Wunsch ebenfalls eintragen. <\/span><\/p>\n<p>Wir freuen uns auf Sie, Ihre Sch\u00fclerinnen und Sch\u00fcler sowie auf einen erfolgreichen und gewinnbringenden Tag in Metten!<\/p>\n<p>Herzliche Gr\u00fc\u00dfe<\/p>\n<p>P. Erhard Hinrainer OSB, Schulleiter<br \/>\nCarmen Prinz, Dipl. Biol., MINT-Koordinatorin<\/p>\n<p><a href=\"https:\/\/www.kloster-metten.com\/wp-content\/uploads\/2018\/04\/3_Anmeldung_Formular_fuer_MINT-Tag_17.05.18_.pdf\">Anmeldung_Formular_fuer_MINT-Tag_17.05.18_<\/a><\/p>\n<p><a href=\"https:\/\/www.kloster-metten.com\/wp-content\/uploads\/2018\/04\/2-MINT-EC-Programmtafel_17052018.pdf\">MINT-EC-Programmtafel_17.05.2018<\/a><\/p>\n<p><a href=\"https:\/\/www.kloster-metten.com\/wp-content\/uploads\/2018\/04\/2.1-MINT-EC-Programmbeschreibung_17052018.pdf\">MINT-EC-Programmbeschreibung_17.05.2018<\/a><\/p>\n<p><a href=\"https:\/\/goo.gl\/maps\/UpoDc8M9gXR2\">Routenplaner mit Google Maps<\/a><\/p>\n<p><iframe style=\"border: 0px currentColor;\" src=\"https:\/\/www.google.com\/maps\/embed?pb=!1m23!1m12!1m3!1d84004.49501526123!2d12.847500269325987!3d48.855531738347466!2m3!1f0!2f0!3f0!3m2!1i1024!2i768!4f13.1!4m8!3e6!4m0!4m5!1s0x477513c6fbd61677%3A0xd79cde8f8e303e77!2sSt.-Michaels-Gymnasium+der+Benediktiner+Metten%2C+Abteistra%C3%9Fe%2C+Metten!3m2!1d48.855439999999994!2d12.917539999999999!5e0!3m2!1sde!2sde!4v1524324085248\" width=\"600\" height=\"450\" frameborder=\"0\" allowfullscreen=\"allowfullscreen\"><\/iframe><\/p>\n","protected":false},"excerpt":{"rendered":"<p>MINT-EC in Ostbayern: Aktuelles aus der Forschung am Donnerstag, 17.05.2018 St.-Michaels-Gymnasium Metten, Abteistra\u00dfe 3, 94526 Metten &nbsp; wir freuen uns sehr, Ihnen und Ihren Sch\u00fclerinnen und Sch\u00fclern heute ein besonderes Fortbildungs- und Informationsprogramm pr\u00e4sentieren zu k\u00f6nnen und laden Sie dazu recht herzlich nach Metten ein! Unser Anliegen ist es, entlang der Donaulinie zwischen Regensburg und [&hellip;]<\/p>\n","protected":false},"author":5,"featured_media":0,"parent":5394,"menu_order":-60,"comment_status":"closed","ping_status":"closed","template":"","meta":{"footnotes":""},"class_list":["post-11497","page","type-page","status-publish","hentry"],"_links":{"self":[{"href":"https:\/\/www.kloster-metten.com\/index.php?rest_route=\/wp\/v2\/pages\/11497","targetHints":{"allow":["GET"]}}],"collection":[{"href":"https:\/\/www.kloster-metten.com\/index.php?rest_route=\/wp\/v2\/pages"}],"about":[{"href":"https:\/\/www.kloster-metten.com\/index.php?rest_route=\/wp\/v2\/types\/page"}],"author":[{"embeddable":true,"href":"https:\/\/www.kloster-metten.com\/index.php?rest_route=\/wp\/v2\/users\/5"}],"replies":[{"embeddable":true,"href":"https:\/\/www.kloster-metten.com\/index.php?rest_route=%2Fwp%2Fv2%2Fcomments&post=11497"}],"version-history":[{"count":1,"href":"https:\/\/www.kloster-metten.com\/index.php?rest_route=\/wp\/v2\/pages\/11497\/revisions"}],"predecessor-version":[{"id":11498,"href":"https:\/\/www.kloster-metten.com\/index.php?rest_route=\/wp\/v2\/pages\/11497\/revisions\/11498"}],"up":[{"embeddable":true,"href":"https:\/\/www.kloster-metten.com\/index.php?rest_route=\/wp\/v2\/pages\/5394"}],"wp:attachment":[{"href":"https:\/\/www.kloster-metten.com\/index.php?rest_route=%2Fwp%2Fv2%2Fmedia&parent=11497"}],"curies":[{"name":"wp","href":"https:\/\/api.w.org\/{rel}","templated":true}]}}