{"id":11516,"date":"2018-05-01T10:52:04","date_gmt":"2018-05-01T08:52:04","guid":{"rendered":"http:\/\/www.kloster-metten.de\/?page_id=11516"},"modified":"2018-05-01T10:53:47","modified_gmt":"2018-05-01T08:53:47","slug":"erfolgreich-geknobelt-2","status":"publish","type":"page","link":"https:\/\/www.kloster-metten.com\/?page_id=11516","title":{"rendered":"Erfolgreich geknobelt!"},"content":{"rendered":"<a href=\"https:\/\/www.kloster-metten.com\/wp-content\/uploads\/2018\/05\/SAM_1297.jpg\"><img class=\"size-medium wp-image-11514 alignnone\" title=\"SAM_1297\" src=\"https:\/\/www.kloster-metten.com\/wp-content\/uploads\/2018\/05\/SAM_1297-500x375.jpg\" alt=\"\" width=\"500\" height=\"375\" \/><\/a><h2>Erfolgreich geknobelt!<\/h2><p><\/p>\n<p>Am 15. M\u00e4rz 2018 stellten sich gut zwei Drittel aller Sch\u00fclerinnen und Sch\u00fcler der Klassenstufen 5 bis 11 des St.-Michaels-Gymnasiums Metten den fordernden Aufgaben des K\u00e4nguru-Wettbewerbs der Mathematik. Dies war nur ein kleiner Anteil der \u00fcber 900 000 Teilnehmer aus ganz Deutschland.<\/p>\n<p>Mit insgesamt drei ersten, vier zweiten und sechs dritten Preisen beim K\u00e4nguru-Wettbewerb 2018 erzielten 13 Sch\u00fclerinnen und Sch\u00fcler des St.-Michaels-Gymnasiums Metten auch dieses Jahr sehr gute Erfolge.<\/p>\n<p>Der Sechstkl\u00e4ssler Tobias Schreiber geh\u00f6rt deutschlandweit zu den 380 Sch\u00fclern, die in der sechsten Klasse alle Aufgaben fehlerfrei l\u00f6sen konnten. Bei \u00fcber 17000 teilnehmenden Sechstkl\u00e4sslern eine hervorragende Leistung, mit der er sich neben einem sehr ehrenvollen ersten Preis auch den Sonderpreis des sogenannten \u201egr\u00f6\u00dften K\u00e4ngurusprungs\u201c sicherte. Damit wird derjenige Sch\u00fcler geehrt, der die meisten Aufgaben am St\u00fcck richtig l\u00f6st.<\/p>\n<p>Des Weiteren erzielten Lukas Schwarzensteiner und Alexander Gigler aus der sechsten Klasse jeweils einen dritten Platz.<\/p>\n<p>F\u00fcr die f\u00fcnfte Jahrgangsstufe konnten Emily Rosenkranz einen 1. Preis und Nathanael Reithofer einen 2. Preis an das St.-Michaels-Gymnasium holen.<\/p>\n<p>Drei zweite Preise erzielten die Sch\u00fclerinnen Elena Stettmer, Eva Urban und Katharina Zwinger in der 7. Klasse. Diese wurden durch die zwei dritten Preise der Sch\u00fcler Josef Giglberger und Andreas Steinb\u00fcgel erg\u00e4nzt.<\/p>\n<p>In der achten Klasse konnte Paulina Beck ebenfalls mit einem dritten Preis geehrt werden.<\/p>\n<p>Mika Bachmeier brillierte in der 9. Jahrgangsstufe mit einem ehrenwerten ersten Preis und in der elften Jahrgangsstufe konnte Quirin Pritzl einen dritten Preis erzielen.<\/p>\n<p>Allen Preistr\u00e4gern nochmals herzliche Gl\u00fcckw\u00fcnsche zu ihren gro\u00dfartigen Leistungen.<\/p>\n","protected":false},"excerpt":{"rendered":"<p>Erfolgreich geknobelt! Am 15. M\u00e4rz 2018 stellten sich gut zwei Drittel aller Sch\u00fclerinnen und Sch\u00fcler der Klassenstufen 5 bis 11 des St.-Michaels-Gymnasiums Metten den fordernden Aufgaben des K\u00e4nguru-Wettbewerbs der Mathematik. Dies war nur ein kleiner Anteil der \u00fcber 900 000 Teilnehmer aus ganz Deutschland. Mit insgesamt drei ersten, vier zweiten und sechs dritten Preisen beim [&hellip;]<\/p>\n","protected":false},"author":5,"featured_media":0,"parent":5394,"menu_order":-55,"comment_status":"closed","ping_status":"closed","template":"","meta":{"footnotes":""},"class_list":["post-11516","page","type-page","status-publish","hentry"],"_links":{"self":[{"href":"https:\/\/www.kloster-metten.com\/index.php?rest_route=\/wp\/v2\/pages\/11516","targetHints":{"allow":["GET"]}}],"collection":[{"href":"https:\/\/www.kloster-metten.com\/index.php?rest_route=\/wp\/v2\/pages"}],"about":[{"href":"https:\/\/www.kloster-metten.com\/index.php?rest_route=\/wp\/v2\/types\/page"}],"author":[{"embeddable":true,"href":"https:\/\/www.kloster-metten.com\/index.php?rest_route=\/wp\/v2\/users\/5"}],"replies":[{"embeddable":true,"href":"https:\/\/www.kloster-metten.com\/index.php?rest_route=%2Fwp%2Fv2%2Fcomments&post=11516"}],"version-history":[{"count":1,"href":"https:\/\/www.kloster-metten.com\/index.php?rest_route=\/wp\/v2\/pages\/11516\/revisions"}],"predecessor-version":[{"id":11517,"href":"https:\/\/www.kloster-metten.com\/index.php?rest_route=\/wp\/v2\/pages\/11516\/revisions\/11517"}],"up":[{"embeddable":true,"href":"https:\/\/www.kloster-metten.com\/index.php?rest_route=\/wp\/v2\/pages\/5394"}],"wp:attachment":[{"href":"https:\/\/www.kloster-metten.com\/index.php?rest_route=%2Fwp%2Fv2%2Fmedia&parent=11516"}],"curies":[{"name":"wp","href":"https:\/\/api.w.org\/{rel}","templated":true}]}}