{"id":11565,"date":"2018-05-22T22:39:12","date_gmt":"2018-05-22T20:39:12","guid":{"rendered":"http:\/\/www.kloster-metten.de\/?page_id=11565"},"modified":"2018-05-22T22:40:01","modified_gmt":"2018-05-22T20:40:01","slug":"mint-ec-in-ostbayern","status":"publish","type":"page","link":"https:\/\/www.kloster-metten.com\/?page_id=11565","title":{"rendered":"MINT-EC in Ostbayern"},"content":{"rendered":"<a href=\"https:\/\/www.kloster-metten.com\/wp-content\/uploads\/2018\/05\/K800_2018-05-17-P.-Erhard-und-Lund.jpg\"><img class=\"size-medium wp-image-11544 alignnone\" title=\"K800_2018-05-17 P. Erhard und Lund\" src=\"https:\/\/www.kloster-metten.com\/wp-content\/uploads\/2018\/05\/K800_2018-05-17-P.-Erhard-und-Lund-500x375.jpg\" alt=\"\" width=\"500\" height=\"375\" \/><\/a><h2>MINT-EC in Ostbayern<\/h2><p><\/p>\n<p>Am Donnerstag, den 17.05.2018, war es endlich soweit \u2013 der monatelang vorbereitete MINT-EC-Tag wurde vor gro\u00dfem Publikum aus ganz Bayern im Festsaal des St.-Michaels-Gymnasiums Metten er\u00f6ffnet. Zu Gast waren Lehrer und Sch\u00fcler von staatlichen sowie weiteren Gymnasien des Katholischen Schulwerks in Bayern aus Schwaben, Ober- und Niederbayern.<\/p>\n<p>Schulleiter P. Erhard Hinrainer OSB legte in seiner Begr\u00fc\u00dfungsrede die besondere F\u00f6rderung des MINT-Bereichs am Gymnasium dar, wobei eben auch die Teilnahme am nationalen MINT-EC-Schulnetzwerk von gro\u00dfer Bedeutung sei. In dieses Exzellenznetzwerk k\u00f6nnten nur Schulen aufgenommen werden, die sich durch besonderes Engagement und ein vielf\u00e4ltiges Angebot in den sogenannten MINT-F\u00e4chern auszeichneten. Hierzu geh\u00f6ren Mathematik, Informatik, die Naturwissenschaften Biologie und Chemie sowie und Technik. Ziel dieses Netzwerks sei die Nachwuchsf\u00f6rderung im MINT-Bereich, indem besonders interessierte und begabte Sch\u00fclerinnen und Sch\u00fcler fr\u00fchzeitig und gezielt durch entsprechende Angebote seitens der MINT-EC-Schulen unterst\u00fctzt werden. Dazu bietet das Schulnetzwerk f\u00fcr Sch\u00fcler auch entsprechende Lerncamps, -akademien, Wettbewerbe u.v.m. an. Das St.-Michaels-Gymnasium ist als eines von zwei Gymnasien in ganz Niederbayern berechtigt, den MINT-EC-Titel tragen zu d\u00fcrfen. Deutschlandweit geh\u00f6ren dem Netzwerk derzeit 295 zertifizierte Schulen mit rund 315.000 Sch\u00fclerinnen und Sch\u00fclern sowie 25.000 Lehrkr\u00e4ften an.Es steht seit 2009 unter der Schirmherrschaft der Kultusministerkonferenz der L\u00e4nder (KMK).<\/p>\n<p>Wie die MINT-EC-Referentin Bayerns, Dipl. Phys. Alexandra Polster, in ihrem Teil der Rede betonte, sollte dieser MINT-EC-Tag nicht nur der Fortbildung durch aktuelle wissenschaftliche Themen, sondern insbesondere auch der Vernetzung der teilnehmenden Schulen und Personen untereinander dienen.<\/p>\n<p>Geladen waren Referenten unterschiedlicher Hochschulen und Firmen aus Ostbayern. So stellte u.a. die Firma E-Wald \u2013 Experts in E-Mobility ihr mittlerweile deutschlandweit umfassendes Projekt mit Schwerpunkt auf Carsharing-Angeboten vor. Prof. Andreas Berl von der Technischen Hochschule Deggendorf ging mit dem aktuellen Projekt \u201eElectrific\u201c vertieft auf die Probleme ein, die sich mit zunehmender Nutzung von elektrisch betriebenen Fahrzeugen bei der Stromversorgung ergeben werden. Hierbei wird nach L\u00f6sungsans\u00e4tzen geforscht, um Probleme wie die Sicherung einer ausreichenden Netzstabilit\u00e4t in naher Zukunft besser bew\u00e4ltigen zu k\u00f6nnen. C.A.R.M.E.N. e.V., das Teil des Kompetenzzentrums f\u00fcr Nachwachsende Rohstoffe ist, stellte in zwei Vortr\u00e4gen den aktuellen Technikstand der erneuerbaren Energien im Bereich Photovoltaik und Windkraft vor. Hier ging es auch vor allem um die Frage, wie der so erzeugte Strom m\u00f6glichst effizient ins Netz eingespeist werden kann und welche Speichersysteme f\u00fcr \u00dcberkapazit\u00e4ten, gerade auch im Privatgebrauch, sinnvoll eingesetzt werden k\u00f6nnen. Ein ebenfalls technisch hochinteressantes Forschungsfeld wurde von Prof. Dr.-Ing. Gerhard Krump, ebenfalls von der TH Deggendorf, im Bereich Reizempfindung durch unser Geh\u00f6r vorgestellt. Anhand von mehreren akustischen Beispielen zeigte er die deutlichen Unterschiede der eigenen akustischen Empfindung im Vergleich zur physikalisch gemessenen Lautst\u00e4rke auf und welche Konsequenzen sich dabei f\u00fcr den Bau h\u00f6rbarer technischer Ger\u00e4te ergeben. Das zukunftstr\u00e4chtige Themenfeld Robotik wurde von Dipl.-Ing. Maximilian Apfelbeck der Firma Max Streicher GmbH &amp; Co. KGaA, die zugleich Hauptsponsor der Veranstaltung war, an diversen Beispielen n\u00e4hergebracht. Von relativ unkomplizierten robotergesteuerten Fahrgesch\u00e4ften bis hin zu weltraumtauglichen Robotern, die mit ihrer flexiblen Leichtbauweise sowie Pr\u00e4zision bestechen und die deshalb auch f\u00fcr den Einsatz im t\u00e4glichen Berufs- und Privatleben immer interessanter werden.<\/p>\n<p>Dr. J\u00f6rg Mertins von der Universit\u00e4t Regensburg brachte den Zuh\u00f6rern mit anschaulichen Beispielen, wie einem romantischen Sonnenuntergang am Meer oder den besonderen Eigenschaften des Bieres, die Physik sehr unterhaltsam n\u00e4her.<\/p>\n<p>Des Weiteren stellte Herr Josef K\u00f6ppl, Vertreter des Technologiekonzerns Rohde &amp; Schwarz GmbH &amp; Co. KG, welches eines der weltweit f\u00fchrenden Hersteller von Kommunikationstechnik ist, ein von der Firma entwickeltes und produziertes Equipment f\u00fcr den Ausbau des zuk\u00fcnftigen 5G-Mobilfunk-Standards vor.<\/p>\n<p>Studenten des neu gegr\u00fcndeten TUM Campus Straubing gaben interessante Einblicke in die Chancen und Risiken des Einsatzes erneuerbarer Energien.<\/p>\n<p>Weiterhin war es auch m\u00f6glich, Praxiserfahrungen an unterschiedlichen Physik-Workshops oder der schuleigenen interaktiven Physikausstellung des Projekt-Seminars der Oberstufe zu sammeln. Mit Hilfe der sogenannten Kryptoanalyse erhielten die Teilnehmer beispielsweise die M\u00f6glichkeit unter der Leitung von Prof. Dr. Martin Kreuzer von der Universit\u00e4t Passau anspruchsvolle Logikaufgaben zu entschl\u00fcsseln.<\/p>\n<p>Au\u00dferdem konnten Interessierte an einer F\u00fchrung durch die barocke Klosterbibliothek teilnehmen oder eine kleine Spritztour, mit einem von der Firma E-Wald kostenlos bereitgestellten Elektroauto, machen.<\/p>\n<p>In seiner Abschlussrede bedankte sich Schulleiter P. Erhard Hinrainer f\u00fcr das Engagement der Referenten und Organisatoren sowie bei den Zuh\u00f6rern f\u00fcr das entgegengebrachte Interesse.<\/p>\n<p>\r\n\t\t<style type='text\/css'>\r\n\t\t\t#gallery-1 {\r\n\t\t\t\tmargin: auto;\r\n\t\t\t}\r\n\t\t\t#gallery-1 .gallery-item {\r\n\t\t\t\tfloat: left;\r\n\t\t\t\tmargin-top: 10px;\r\n\t\t\t\ttext-align: center;\r\n\t\t\t\twidth: 33%;\r\n\t\t\t}\r\n\t\t\t#gallery-1 hr {\r\n\t\t\t\theight: 1px;\r\n\t\t\t}\r\n\t\t\t#gallery-1 .gallery-caption {\r\n\t\t\t\tmargin-left: 0;\r\n\t\t\t}\r\n\t\t\t\/* see gallery_shortcode() in wp-includes\/media.php *\/\r\n\t\t<\/style>\n\t\t<div id='gallery-1' class='gallery galleryid-11565 gallery-columns-3 gallery-size-thumbnail'><hr class='null'><dl class='gallery-item'>\r\n\t\t\t<dt class='gallery-icon landscape'>\r\n\t\t\t\t<a title=\"dav\"  href='https:\/\/www.kloster-metten.com\/?attachment_id=11551'><img width=\"170\" height=\"115\" src=\"https:\/\/www.kloster-metten.com\/wp-content\/uploads\/2018\/05\/Unbenannte-Anlage-00004-170x115.jpg\" class=\"attachment-thumbnail size-thumbnail\" alt=\"\" \/><\/a>\r\n\t\t\t<\/dt><\/dl><dl class='gallery-item'>\r\n\t\t\t<dt class='gallery-icon landscape'>\r\n\t\t\t\t<a title=\"edf\"  href='https:\/\/www.kloster-metten.com\/?attachment_id=11550'><img width=\"170\" height=\"115\" src=\"https:\/\/www.kloster-metten.com\/wp-content\/uploads\/2018\/05\/K800_IMG_20180517_093713-170x115.jpg\" class=\"attachment-thumbnail size-thumbnail\" alt=\"\" \/><\/a>\r\n\t\t\t<\/dt><\/dl><dl class='gallery-item'>\r\n\t\t\t<dt class='gallery-icon landscape'>\r\n\t\t\t\t<a title=\"K800_IMG_8611\"  href='https:\/\/www.kloster-metten.com\/?attachment_id=11549'><img width=\"170\" height=\"115\" src=\"https:\/\/www.kloster-metten.com\/wp-content\/uploads\/2018\/05\/K800_IMG_8611-170x115.jpg\" class=\"attachment-thumbnail size-thumbnail\" alt=\"\" \/><\/a>\r\n\t\t\t<\/dt><\/dl><br style=\"clear: both\" \/><dl class='gallery-item'>\r\n\t\t\t<dt class='gallery-icon landscape'>\r\n\t\t\t\t<a title=\"K800_IMG_8594\"  href='https:\/\/www.kloster-metten.com\/?attachment_id=11548'><img width=\"170\" height=\"115\" src=\"https:\/\/www.kloster-metten.com\/wp-content\/uploads\/2018\/05\/K800_IMG_8594-170x115.jpg\" class=\"attachment-thumbnail size-thumbnail\" alt=\"\" \/><\/a>\r\n\t\t\t<\/dt><\/dl><dl class='gallery-item'>\r\n\t\t\t<dt class='gallery-icon landscape'>\r\n\t\t\t\t<a title=\"K800_IMG_8578\"  href='https:\/\/www.kloster-metten.com\/?attachment_id=11547'><img width=\"170\" height=\"115\" src=\"https:\/\/www.kloster-metten.com\/wp-content\/uploads\/2018\/05\/K800_IMG_8578-170x115.jpg\" class=\"attachment-thumbnail size-thumbnail\" alt=\"\" \/><\/a>\r\n\t\t\t<\/dt><\/dl><dl class='gallery-item'>\r\n\t\t\t<dt class='gallery-icon landscape'>\r\n\t\t\t\t<a title=\"K800_IMG_7723\"  href='https:\/\/www.kloster-metten.com\/?attachment_id=11546'><img width=\"170\" height=\"115\" src=\"https:\/\/www.kloster-metten.com\/wp-content\/uploads\/2018\/05\/K800_IMG_7723-170x115.jpg\" class=\"attachment-thumbnail size-thumbnail\" alt=\"\" \/><\/a>\r\n\t\t\t<\/dt><\/dl><br style=\"clear: both\" \/><dl class='gallery-item'>\r\n\t\t\t<dt class='gallery-icon landscape'>\r\n\t\t\t\t<a title=\"K800_IMG_7721\"  href='https:\/\/www.kloster-metten.com\/?attachment_id=11545'><img width=\"170\" height=\"115\" src=\"https:\/\/www.kloster-metten.com\/wp-content\/uploads\/2018\/05\/K800_IMG_7721-170x115.jpg\" class=\"attachment-thumbnail size-thumbnail\" alt=\"\" \/><\/a>\r\n\t\t\t<\/dt><\/dl><dl class='gallery-item'>\r\n\t\t\t<dt class='gallery-icon landscape'>\r\n\t\t\t\t<a title=\"K800_2018-05-17 Fr. Polster und Luna\"  href='https:\/\/www.kloster-metten.com\/?attachment_id=11543'><img width=\"170\" height=\"115\" src=\"https:\/\/www.kloster-metten.com\/wp-content\/uploads\/2018\/05\/K800_2018-05-17-Fr.-Polster-und-Luna-170x115.jpg\" class=\"attachment-thumbnail size-thumbnail\" alt=\"\" \/><\/a>\r\n\t\t\t<\/dt><\/dl><dl class='gallery-item'>\r\n\t\t\t<dt class='gallery-icon landscape'>\r\n\t\t\t\t<a title=\"SAM_1446_\"  href='https:\/\/www.kloster-metten.com\/?attachment_id=11562'><img width=\"170\" height=\"115\" src=\"https:\/\/www.kloster-metten.com\/wp-content\/uploads\/2018\/05\/SAM_1446_-170x115.jpg\" class=\"attachment-thumbnail size-thumbnail\" alt=\"\" \/><\/a>\r\n\t\t\t<\/dt><\/dl><br style=\"clear: both\" \/><dl class='gallery-item'>\r\n\t\t\t<dt class='gallery-icon landscape'>\r\n\t\t\t\t<a title=\"SAM_1440\"  href='https:\/\/www.kloster-metten.com\/?attachment_id=11561'><img width=\"170\" height=\"115\" src=\"https:\/\/www.kloster-metten.com\/wp-content\/uploads\/2018\/05\/SAM_1440-170x115.jpg\" class=\"attachment-thumbnail size-thumbnail\" alt=\"\" \/><\/a>\r\n\t\t\t<\/dt><\/dl><dl class='gallery-item'>\r\n\t\t\t<dt class='gallery-icon landscape'>\r\n\t\t\t\t<a title=\"SAM_1432\"  href='https:\/\/www.kloster-metten.com\/?attachment_id=11560'><img width=\"170\" height=\"115\" src=\"https:\/\/www.kloster-metten.com\/wp-content\/uploads\/2018\/05\/SAM_1432-170x115.jpg\" class=\"attachment-thumbnail size-thumbnail\" alt=\"\" \/><\/a>\r\n\t\t\t<\/dt><\/dl><dl class='gallery-item'>\r\n\t\t\t<dt class='gallery-icon landscape'>\r\n\t\t\t\t<a title=\"SAM_1429\"  href='https:\/\/www.kloster-metten.com\/?attachment_id=11559'><img width=\"170\" height=\"115\" src=\"https:\/\/www.kloster-metten.com\/wp-content\/uploads\/2018\/05\/SAM_1429-170x115.jpg\" class=\"attachment-thumbnail size-thumbnail\" alt=\"\" \/><\/a>\r\n\t\t\t<\/dt><\/dl><br style=\"clear: both\" \/><dl class='gallery-item'>\r\n\t\t\t<dt class='gallery-icon landscape'>\r\n\t\t\t\t<a title=\"SAM_1428\"  href='https:\/\/www.kloster-metten.com\/?attachment_id=11558'><img width=\"170\" height=\"115\" src=\"https:\/\/www.kloster-metten.com\/wp-content\/uploads\/2018\/05\/SAM_1428-170x115.jpg\" class=\"attachment-thumbnail size-thumbnail\" alt=\"\" \/><\/a>\r\n\t\t\t<\/dt><\/dl><dl class='gallery-item'>\r\n\t\t\t<dt class='gallery-icon landscape'>\r\n\t\t\t\t<a title=\"SAM_1424\"  href='https:\/\/www.kloster-metten.com\/?attachment_id=11557'><img width=\"170\" height=\"115\" src=\"https:\/\/www.kloster-metten.com\/wp-content\/uploads\/2018\/05\/SAM_1424-170x115.jpg\" class=\"attachment-thumbnail size-thumbnail\" alt=\"\" \/><\/a>\r\n\t\t\t<\/dt><\/dl><dl class='gallery-item'>\r\n\t\t\t<dt class='gallery-icon landscape'>\r\n\t\t\t\t<a title=\"SAM_1418\"  href='https:\/\/www.kloster-metten.com\/?attachment_id=11556'><img width=\"170\" height=\"115\" src=\"https:\/\/www.kloster-metten.com\/wp-content\/uploads\/2018\/05\/SAM_1418-170x115.jpg\" class=\"attachment-thumbnail size-thumbnail\" alt=\"\" \/><\/a>\r\n\t\t\t<\/dt><\/dl><br style=\"clear: both\" \/><dl class='gallery-item'>\r\n\t\t\t<dt class='gallery-icon landscape'>\r\n\t\t\t\t<a title=\"SAM_1415\"  href='https:\/\/www.kloster-metten.com\/?attachment_id=11555'><img width=\"170\" height=\"115\" src=\"https:\/\/www.kloster-metten.com\/wp-content\/uploads\/2018\/05\/SAM_1415-170x115.jpg\" class=\"attachment-thumbnail size-thumbnail\" alt=\"\" \/><\/a>\r\n\t\t\t<\/dt><\/dl><dl class='gallery-item'>\r\n\t\t\t<dt class='gallery-icon landscape'>\r\n\t\t\t\t<a title=\"SAM_1414\"  href='https:\/\/www.kloster-metten.com\/?attachment_id=11554'><img width=\"170\" height=\"115\" src=\"https:\/\/www.kloster-metten.com\/wp-content\/uploads\/2018\/05\/SAM_1414-170x115.jpg\" class=\"attachment-thumbnail size-thumbnail\" alt=\"\" \/><\/a>\r\n\t\t\t<\/dt><\/dl><dl class='gallery-item'>\r\n\t\t\t<dt class='gallery-icon portrait'>\r\n\t\t\t\t<a title=\"SAM_1413\"  href='https:\/\/www.kloster-metten.com\/?attachment_id=11553'><img width=\"170\" height=\"115\" src=\"https:\/\/www.kloster-metten.com\/wp-content\/uploads\/2018\/05\/SAM_1413-170x115.jpg\" class=\"attachment-thumbnail size-thumbnail\" alt=\"\" \/><\/a>\r\n\t\t\t<\/dt><\/dl><br style=\"clear: both\" \/>\r\n\t\t<\/div>\n<\/p>\n<p>&nbsp;<\/p>\n","protected":false},"excerpt":{"rendered":"<p>MINT-EC in Ostbayern Am Donnerstag, den 17.05.2018, war es endlich soweit \u2013 der monatelang vorbereitete MINT-EC-Tag wurde vor gro\u00dfem Publikum aus ganz Bayern im Festsaal des St.-Michaels-Gymnasiums Metten er\u00f6ffnet. Zu Gast waren Lehrer und Sch\u00fcler von staatlichen sowie weiteren Gymnasien des Katholischen Schulwerks in Bayern aus Schwaben, Ober- und Niederbayern. Schulleiter P. Erhard Hinrainer OSB [&hellip;]<\/p>\n","protected":false},"author":5,"featured_media":0,"parent":5394,"menu_order":-61,"comment_status":"closed","ping_status":"closed","template":"","meta":{"footnotes":""},"class_list":["post-11565","page","type-page","status-publish","hentry"],"_links":{"self":[{"href":"https:\/\/www.kloster-metten.com\/index.php?rest_route=\/wp\/v2\/pages\/11565","targetHints":{"allow":["GET"]}}],"collection":[{"href":"https:\/\/www.kloster-metten.com\/index.php?rest_route=\/wp\/v2\/pages"}],"about":[{"href":"https:\/\/www.kloster-metten.com\/index.php?rest_route=\/wp\/v2\/types\/page"}],"author":[{"embeddable":true,"href":"https:\/\/www.kloster-metten.com\/index.php?rest_route=\/wp\/v2\/users\/5"}],"replies":[{"embeddable":true,"href":"https:\/\/www.kloster-metten.com\/index.php?rest_route=%2Fwp%2Fv2%2Fcomments&post=11565"}],"version-history":[{"count":1,"href":"https:\/\/www.kloster-metten.com\/index.php?rest_route=\/wp\/v2\/pages\/11565\/revisions"}],"predecessor-version":[{"id":11566,"href":"https:\/\/www.kloster-metten.com\/index.php?rest_route=\/wp\/v2\/pages\/11565\/revisions\/11566"}],"up":[{"embeddable":true,"href":"https:\/\/www.kloster-metten.com\/index.php?rest_route=\/wp\/v2\/pages\/5394"}],"wp:attachment":[{"href":"https:\/\/www.kloster-metten.com\/index.php?rest_route=%2Fwp%2Fv2%2Fmedia&parent=11565"}],"curies":[{"name":"wp","href":"https:\/\/api.w.org\/{rel}","templated":true}]}}