{"id":11580,"date":"2018-06-10T23:28:02","date_gmt":"2018-06-10T21:28:02","guid":{"rendered":"http:\/\/www.kloster-metten.de\/?page_id=11580"},"modified":"2018-06-10T23:28:38","modified_gmt":"2018-06-10T21:28:38","slug":"triff-den-nobelpreistraeger-film-ist-online","status":"publish","type":"page","link":"https:\/\/www.kloster-metten.com\/?page_id=11580","title":{"rendered":"Triff den Nobelpreistr\u00e4ger: Film ist online"},"content":{"rendered":"<a href=\"https:\/\/www.kloster-metten.com\/wp-content\/uploads\/2018\/03\/Unbenannte-Anlage-00156.jpg\"><img class=\"size-medium wp-image-11413 alignnone\" title=\"Unbenannte Anlage 00156\" src=\"https:\/\/www.kloster-metten.com\/wp-content\/uploads\/2018\/03\/Unbenannte-Anlage-00156-500x375.jpg\" alt=\"\" width=\"500\" height=\"375\" \/><\/a><h2>Triff den Nobelpreistr\u00e4ger: Film ist online<\/h2><p><\/p>\n<p>Ein kleiner Filmbeitrag zu\u00a0dem Treffen mit Prof. S\u00fcdhof bei \"Triff den Nobelpreistr\u00e4ger\" in G\u00f6ttingen\u00a0 jetzt online auf der Seite von Tierversuche verstehen zu finden. Hier geht es zum Link: <a href=\"https:\/\/www.tierversuche-verstehen.de\/film-doku-nobelpreistraeger-liess-sich-von-schuelern-mit-fragen-loechern\">https:\/\/www.tierversuche-verstehen.de\/film-doku-nobelpreistraeger-liess-sich-von-schuelern-mit-fragen-loechern<\/a>\/<\/p>\n","protected":false},"excerpt":{"rendered":"<p>Triff den Nobelpreistr\u00e4ger: Film ist online Ein kleiner Filmbeitrag zu\u00a0dem Treffen mit Prof. S\u00fcdhof bei &#8222;Triff den Nobelpreistr\u00e4ger&#8220; in G\u00f6ttingen\u00a0 jetzt online auf der Seite von Tierversuche verstehen zu finden. Hier geht es zum Link: https:\/\/www.tierversuche-verstehen.de\/film-doku-nobelpreistraeger-liess-sich-von-schuelern-mit-fragen-loechern\/<\/p>\n","protected":false},"author":5,"featured_media":0,"parent":5394,"menu_order":-62,"comment_status":"closed","ping_status":"closed","template":"","meta":{"footnotes":""},"class_list":["post-11580","page","type-page","status-publish","hentry"],"_links":{"self":[{"href":"https:\/\/www.kloster-metten.com\/index.php?rest_route=\/wp\/v2\/pages\/11580","targetHints":{"allow":["GET"]}}],"collection":[{"href":"https:\/\/www.kloster-metten.com\/index.php?rest_route=\/wp\/v2\/pages"}],"about":[{"href":"https:\/\/www.kloster-metten.com\/index.php?rest_route=\/wp\/v2\/types\/page"}],"author":[{"embeddable":true,"href":"https:\/\/www.kloster-metten.com\/index.php?rest_route=\/wp\/v2\/users\/5"}],"replies":[{"embeddable":true,"href":"https:\/\/www.kloster-metten.com\/index.php?rest_route=%2Fwp%2Fv2%2Fcomments&post=11580"}],"version-history":[{"count":1,"href":"https:\/\/www.kloster-metten.com\/index.php?rest_route=\/wp\/v2\/pages\/11580\/revisions"}],"predecessor-version":[{"id":11581,"href":"https:\/\/www.kloster-metten.com\/index.php?rest_route=\/wp\/v2\/pages\/11580\/revisions\/11581"}],"up":[{"embeddable":true,"href":"https:\/\/www.kloster-metten.com\/index.php?rest_route=\/wp\/v2\/pages\/5394"}],"wp:attachment":[{"href":"https:\/\/www.kloster-metten.com\/index.php?rest_route=%2Fwp%2Fv2%2Fmedia&parent=11580"}],"curies":[{"name":"wp","href":"https:\/\/api.w.org\/{rel}","templated":true}]}}