{"id":1165,"date":"2008-09-09T12:00:31","date_gmt":"2008-09-09T10:00:31","guid":{"rendered":"http:\/\/kloster-metten.de\/?page_id=1165"},"modified":"2025-01-02T10:09:02","modified_gmt":"2025-01-02T09:09:02","slug":"raum-des-lernens","status":"publish","type":"page","link":"https:\/\/www.kloster-metten.com\/?page_id=1165","title":{"rendered":"Raum des Lernens"},"content":{"rendered":"<a href=\"http:\/\/kloster-metten.de\/wp-content\/uploads\/2008\/09\/raumdeslernens_atk4088.jpg\"><img loading=\"lazy\" decoding=\"async\" class=\"alignleft size-medium wp-image-2123\" title=\"raumdeslernens_atk4088\" src=\"http:\/\/kloster-metten.de\/wp-content\/uploads\/2008\/09\/raumdeslernens_atk4088-500x332.jpg\" alt=\"\" width=\"300\" height=\"199\" srcset=\"https:\/\/www.kloster-metten.com\/wp-content\/uploads\/2008\/09\/raumdeslernens_atk4088-500x332.jpg 500w, https:\/\/www.kloster-metten.com\/wp-content\/uploads\/2008\/09\/raumdeslernens_atk4088.jpg 700w\" sizes=\"auto, (max-width: 300px) 100vw, 300px\" \/><\/a><h2>Raum des Lernens<\/h2><p>Lernen in einem famili\u00e4ren Umfeld \u2013 das ist das Prinzip unserer Schule. Wir sind ein kleines Gymnasium mit 420 Sch\u00fclerinnen und Sch\u00fclern. Dadurch ist der Umgang miteinander sehr pers\u00f6nlich: Sch\u00fcler, Eltern und Lehrer bilden eine Gemeinschaft mit gro\u00dfem gegenseitigem Vertrauen. In dieser harmonischen Atmosph\u00e4re verbringen unsere Gymnasiasten ein erfolgreiches Schulleben. Im Vordergrund des Lernens stehen die individuellen Begabungen unserer Sch\u00fcler. Diese St\u00e4rken m\u00f6chten wir fordern und f\u00f6rdern. Bei uns k\u00f6nnen sich junge Menschen entfalten. Wir ermuntern sie dazu, in Wahlf\u00e4chern und Arbeitsgemeinschaften ihren Interessen nachzugehen. Und im freiwilligen F\u00f6rderunterricht k\u00f6nnen sie den Unterrichtsstoff nach ihren Bed\u00fcrfnissen vertiefen.<\/p>\n<p>Es ist uns wichtig, unseren Sch\u00fclern eine umfassende humanistische Bildung zu vermitteln. Gute Leistungen er\u00f6ffnen Abiturienten viele M\u00f6glichkeiten auf ihrem weiteren Weg. Aber viel wichtiger ist uns, dass wir Kinder und Jugendliche ganzheitlich zu lebenst\u00fcchtigen, ausgeglichenen Menschen erziehen. Wir m\u00f6chten sie deshalb empfindsam daf\u00fcr machen, in Ehrfurcht den Sch\u00f6pfungsauftrag Gottes fortzuf\u00fchren. Das ist unser benediktinisches Erbe.<\/p>\n<p><a href=\"http:\/\/kloster-metten.de\/wp-content\/uploads\/2008\/09\/06-01.jpg\"><img loading=\"lazy\" decoding=\"async\" class=\"alignleft size-medium wp-image-1190\" title=\"06-01\" src=\"http:\/\/kloster-metten.de\/wp-content\/uploads\/2008\/09\/06-01-500x330.jpg\" alt=\"\" width=\"241\" height=\"159\" srcset=\"https:\/\/www.kloster-metten.com\/wp-content\/uploads\/2008\/09\/06-01-500x330.jpg 500w, https:\/\/www.kloster-metten.com\/wp-content\/uploads\/2008\/09\/06-01.jpg 1000w\" sizes=\"auto, (max-width: 241px) 100vw, 241px\" \/><\/a><\/p>\n<blockquote>\n<p>Bildung geht an unserer Schule \u00fcber blo\u00dfe Wissensinhalte hinaus. Das habe ich selbst als Sch\u00fcler in Metten erlebt, und heute sch\u00e4tzen es meine Kinder als Sch\u00fcler dieser Schule.<\/p>\n<\/blockquote>\n<p>Thomas Horndasch, Lehrer, Abitur 1976<\/p>\n","protected":false},"excerpt":{"rendered":"<p>Raum des LernensLernen in einem famili\u00e4ren Umfeld \u2013 das ist das Prinzip unserer Schule. Wir sind ein kleines Gymnasium mit 420 Sch\u00fclerinnen und Sch\u00fclern. Dadurch ist der Umgang miteinander sehr pers\u00f6nlich: Sch\u00fcler, Eltern und Lehrer bilden eine Gemeinschaft mit gro\u00dfem gegenseitigem Vertrauen. In dieser harmonischen Atmosph\u00e4re verbringen unsere Gymnasiasten ein erfolgreiches Schulleben. Im Vordergrund des [&hellip;]<\/p>\n","protected":false},"author":5,"featured_media":0,"parent":1104,"menu_order":0,"comment_status":"closed","ping_status":"closed","template":"","meta":{"footnotes":""},"class_list":["post-1165","page","type-page","status-publish","hentry"],"_links":{"self":[{"href":"https:\/\/www.kloster-metten.com\/index.php?rest_route=\/wp\/v2\/pages\/1165","targetHints":{"allow":["GET"]}}],"collection":[{"href":"https:\/\/www.kloster-metten.com\/index.php?rest_route=\/wp\/v2\/pages"}],"about":[{"href":"https:\/\/www.kloster-metten.com\/index.php?rest_route=\/wp\/v2\/types\/page"}],"author":[{"embeddable":true,"href":"https:\/\/www.kloster-metten.com\/index.php?rest_route=\/wp\/v2\/users\/5"}],"replies":[{"embeddable":true,"href":"https:\/\/www.kloster-metten.com\/index.php?rest_route=%2Fwp%2Fv2%2Fcomments&post=1165"}],"version-history":[{"count":2,"href":"https:\/\/www.kloster-metten.com\/index.php?rest_route=\/wp\/v2\/pages\/1165\/revisions"}],"predecessor-version":[{"id":49022,"href":"https:\/\/www.kloster-metten.com\/index.php?rest_route=\/wp\/v2\/pages\/1165\/revisions\/49022"}],"up":[{"embeddable":true,"href":"https:\/\/www.kloster-metten.com\/index.php?rest_route=\/wp\/v2\/pages\/1104"}],"wp:attachment":[{"href":"https:\/\/www.kloster-metten.com\/index.php?rest_route=%2Fwp%2Fv2%2Fmedia&parent=1165"}],"curies":[{"name":"wp","href":"https:\/\/api.w.org\/{rel}","templated":true}]}}