{"id":11667,"date":"2018-07-12T20:49:29","date_gmt":"2018-07-12T18:49:29","guid":{"rendered":"http:\/\/www.kloster-metten.de\/?page_id=11667"},"modified":"2018-07-12T20:50:28","modified_gmt":"2018-07-12T18:50:28","slug":"fuer-herausragende-mint-leistungen-geehrt-2","status":"publish","type":"page","link":"https:\/\/www.kloster-metten.com\/?page_id=11667","title":{"rendered":"F\u00fcr herausragende MINT-Leistungen geehrt"},"content":{"rendered":"<a href=\"https:\/\/www.kloster-metten.com\/wp-content\/uploads\/2018\/07\/2018-MINT-EC-Zertifikate.jpg\"><img class=\"size-medium wp-image-11671 alignnone\" title=\"2018 MINT-EC Zertifikate\" src=\"https:\/\/www.kloster-metten.com\/wp-content\/uploads\/2018\/07\/2018-MINT-EC-Zertifikate-500x357.jpg\" alt=\"\" width=\"500\" height=\"357\" \/><\/a><h2>F\u00fcr herausragende MINT-Leistungen geehrt<\/h2><p><\/p>\n<p><strong>Das St.-Michaels-Gymnasium der Benediktinerabtei Metten zeichnet sieben Abiturientinnen und Abiturienten mit dem MINT-EC-Zertifikat aus<\/strong><\/p>\n<p>Im Rahmen der Verabschiedung der Absolvia 2018 wurden am 29. Juni 2018 zwei Abiturientinnen und f\u00fcnf Abiturienten des St.-Michaels-Gymnasiums f\u00fcr ihre herausragenden MINT-Leistungen mit dem MINT-EC-Zertifikat ausgezeichnet.<\/p>\n<p>Der Schulleiter Pater Erhard Hinrainer \u00fcberreichte gemeinsam mit Frau Carmen Prinz, der Beauftragten des Gymnasiums f\u00fcr den MINT-Bereich, das Zertifikat an Frau Carolina Feistl und Frau Selina Niederl\u00e4nder, sowie an die Herren Maximilian Artmeier, Tobias Bergbauer, Florian Herrnb\u00f6ck, Severin Primbs und Benedikt Wimschneider.<\/p>\n<p>Den MINT-Preis des Vereins der Freunde des Benediktinerstifts Metten e.V. erhielt zus\u00e4tzlich Frau Selina Niederl\u00e4nder in Form eines Geldpreises f\u00fcr ihr stetes und \u00fcberdurchschnittliches Engagement in den verschiedensten MINT Disziplinen.<\/p>\n<p><!-- x-tinymce\/html --><!-- x-tinymce\/html --><strong><a href=\"https:\/\/www.kloster-metten.com\/wp-content\/uploads\/2010\/10\/mintpreis2018.jpg\"><img class=\"size-medium wp-image-11644 alignnone\" title=\"mintpreis2018\" src=\"https:\/\/www.kloster-metten.com\/wp-content\/uploads\/2010\/10\/mintpreis2018-500x361.jpg\" alt=\"\" width=\"500\" height=\"361\" \/><\/a><\/strong><\/p>\n","protected":false},"excerpt":{"rendered":"<p>F\u00fcr herausragende MINT-Leistungen geehrt Das St.-Michaels-Gymnasium der Benediktinerabtei Metten zeichnet sieben Abiturientinnen und Abiturienten mit dem MINT-EC-Zertifikat aus Im Rahmen der Verabschiedung der Absolvia 2018 wurden am 29. Juni 2018 zwei Abiturientinnen und f\u00fcnf Abiturienten des St.-Michaels-Gymnasiums f\u00fcr ihre herausragenden MINT-Leistungen mit dem MINT-EC-Zertifikat ausgezeichnet. Der Schulleiter Pater Erhard Hinrainer \u00fcberreichte gemeinsam mit Frau Carmen [&hellip;]<\/p>\n","protected":false},"author":5,"featured_media":0,"parent":5394,"menu_order":-65,"comment_status":"closed","ping_status":"closed","template":"","meta":{"footnotes":""},"class_list":["post-11667","page","type-page","status-publish","hentry"],"_links":{"self":[{"href":"https:\/\/www.kloster-metten.com\/index.php?rest_route=\/wp\/v2\/pages\/11667","targetHints":{"allow":["GET"]}}],"collection":[{"href":"https:\/\/www.kloster-metten.com\/index.php?rest_route=\/wp\/v2\/pages"}],"about":[{"href":"https:\/\/www.kloster-metten.com\/index.php?rest_route=\/wp\/v2\/types\/page"}],"author":[{"embeddable":true,"href":"https:\/\/www.kloster-metten.com\/index.php?rest_route=\/wp\/v2\/users\/5"}],"replies":[{"embeddable":true,"href":"https:\/\/www.kloster-metten.com\/index.php?rest_route=%2Fwp%2Fv2%2Fcomments&post=11667"}],"version-history":[{"count":1,"href":"https:\/\/www.kloster-metten.com\/index.php?rest_route=\/wp\/v2\/pages\/11667\/revisions"}],"predecessor-version":[{"id":11668,"href":"https:\/\/www.kloster-metten.com\/index.php?rest_route=\/wp\/v2\/pages\/11667\/revisions\/11668"}],"up":[{"embeddable":true,"href":"https:\/\/www.kloster-metten.com\/index.php?rest_route=\/wp\/v2\/pages\/5394"}],"wp:attachment":[{"href":"https:\/\/www.kloster-metten.com\/index.php?rest_route=%2Fwp%2Fv2%2Fmedia&parent=11667"}],"curies":[{"name":"wp","href":"https:\/\/api.w.org\/{rel}","templated":true}]}}