{"id":1167,"date":"2008-09-09T12:00:57","date_gmt":"2008-09-09T10:00:57","guid":{"rendered":"http:\/\/kloster-metten.de\/?page_id=1167"},"modified":"2008-09-09T12:00:57","modified_gmt":"2008-09-09T10:00:57","slug":"raum-des-lebens","status":"publish","type":"page","link":"https:\/\/www.kloster-metten.com\/?page_id=1167","title":{"rendered":"Raum des Lebens"},"content":{"rendered":"<a href=\"http:\/\/kloster-metten.de\/wp-content\/uploads\/2008\/09\/08-02.jpg\"><img loading=\"lazy\" decoding=\"async\" title=\"08-02\" class=\"alignleft size-medium wp-image-2126\" src=\"http:\/\/kloster-metten.de\/wp-content\/uploads\/2008\/09\/08-02-500x334.jpg\" alt=\"\" width=\"300\" height=\"200\" srcset=\"https:\/\/www.kloster-metten.com\/wp-content\/uploads\/2008\/09\/08-02-500x334.jpg 500w, https:\/\/www.kloster-metten.com\/wp-content\/uploads\/2008\/09\/08-02.jpg 700w\" sizes=\"auto, (max-width: 300px) 100vw, 300px\" \/><\/a><h2>Raum des Lebens<\/h2><p>Leben ist bunt. Spannend. Vielf\u00e4ltig. Darauf sind junge Menschen neugierig \u2013 und uns macht es Freude, gemeinsam mit ihnen dieses Leben zu entdecken. Bei uns haben Kinder und Jugendliche viel Raum, um frei und ungezwungen ihre Pers\u00f6nlichkeit zu entwickeln. In einer Atmosph\u00e4re heiterer Gelassenheit entdecken sie ihre Kreativit\u00e4t und ihre St\u00e4rken, sei es im k\u00fcnstlerischen Bereich, im Schulchor oder in der Theatergruppe, beim Sport oder auf gemeinsamen Festveranstaltungen und Ausfl\u00fcgen.<\/p>\n<p>Dass das Leben aufregend und abwechslungsreich ist, erfahren Jugendliche gerade auch im Austausch mit Gleichaltrigen aus anderen L\u00e4ndern. Gastsch\u00fcler aus Frankreich, Tschechien und\u00a0Ungarn besuchen unsere Schule \u2013 durch diesen kulturellen Austausch sammeln auch unsere Sch\u00fcler wichtige Lebenserfahrungen und lernen, offen und unbefangen mit ihren Mitmenschen umzugehen. Sie wachsen in einer Gemeinschaft auf, die in der Weite des Lebens verankert ist.<\/p>\n<p>Offenheit, Einf\u00fchlungsverm\u00f6gen und gegenseitige R\u00fccksichtnahme \u2013 das sind Werte, die uns am Herzen liegen und die wir an unsere Sch\u00fcler weitergeben. Unsere Schule ist keine Lehranstalt, sie ist ein Lebensraum. Hier lernen Sch\u00fcler und Erzieher miteinander f\u00fcrs Leben.<\/p>\n<p><a href=\"http:\/\/kloster-metten.de\/wp-content\/uploads\/2008\/09\/08-01.jpg\"><img loading=\"lazy\" decoding=\"async\" title=\"08-01\" class=\"alignleft size-medium wp-image-1194\" src=\"http:\/\/kloster-metten.de\/wp-content\/uploads\/2008\/09\/08-01-500x334.jpg\" alt=\"\" width=\"242\" height=\"161\" srcset=\"https:\/\/www.kloster-metten.com\/wp-content\/uploads\/2008\/09\/08-01-500x334.jpg 500w, https:\/\/www.kloster-metten.com\/wp-content\/uploads\/2008\/09\/08-01.jpg 1000w\" sizes=\"auto, (max-width: 242px) 100vw, 242px\" \/><\/a><\/p>\n<blockquote><p>Ich habe mich in der Verbindung von Tradition und Moderne besonders wohl gef\u00fchlt. Weil ich in diesem Sinne umfassend gef\u00f6rdert wurde, stehen mir heute alle T\u00fcren f\u00fcr meinen Ausbildungsweg offen.<\/p><\/blockquote>\n<p>Konstantin Esterl, Student, Abitur 2003<\/p>\n","protected":false},"excerpt":{"rendered":"<p>Raum des LebensLeben ist bunt. Spannend. Vielf\u00e4ltig. Darauf sind junge Menschen neugierig \u2013 und uns macht es Freude, gemeinsam mit ihnen dieses Leben zu entdecken. Bei uns haben Kinder und Jugendliche viel Raum, um frei und ungezwungen ihre Pers\u00f6nlichkeit zu entwickeln. In einer Atmosph\u00e4re heiterer Gelassenheit entdecken sie ihre Kreativit\u00e4t und ihre St\u00e4rken, sei es [&hellip;]<\/p>\n","protected":false},"author":5,"featured_media":0,"parent":1104,"menu_order":2,"comment_status":"closed","ping_status":"closed","template":"","meta":{"footnotes":""},"class_list":["post-1167","page","type-page","status-publish","hentry"],"_links":{"self":[{"href":"https:\/\/www.kloster-metten.com\/index.php?rest_route=\/wp\/v2\/pages\/1167","targetHints":{"allow":["GET"]}}],"collection":[{"href":"https:\/\/www.kloster-metten.com\/index.php?rest_route=\/wp\/v2\/pages"}],"about":[{"href":"https:\/\/www.kloster-metten.com\/index.php?rest_route=\/wp\/v2\/types\/page"}],"author":[{"embeddable":true,"href":"https:\/\/www.kloster-metten.com\/index.php?rest_route=\/wp\/v2\/users\/5"}],"replies":[{"embeddable":true,"href":"https:\/\/www.kloster-metten.com\/index.php?rest_route=%2Fwp%2Fv2%2Fcomments&post=1167"}],"version-history":[{"count":0,"href":"https:\/\/www.kloster-metten.com\/index.php?rest_route=\/wp\/v2\/pages\/1167\/revisions"}],"up":[{"embeddable":true,"href":"https:\/\/www.kloster-metten.com\/index.php?rest_route=\/wp\/v2\/pages\/1104"}],"wp:attachment":[{"href":"https:\/\/www.kloster-metten.com\/index.php?rest_route=%2Fwp%2Fv2%2Fmedia&parent=1167"}],"curies":[{"name":"wp","href":"https:\/\/api.w.org\/{rel}","templated":true}]}}