{"id":1169,"date":"2008-09-09T12:01:15","date_gmt":"2008-09-09T10:01:15","guid":{"rendered":"http:\/\/kloster-metten.de\/?page_id=1169"},"modified":"2024-02-18T21:01:15","modified_gmt":"2024-02-18T20:01:15","slug":"raum-des-wissens","status":"publish","type":"page","link":"https:\/\/www.kloster-metten.com\/?page_id=1169","title":{"rendered":"Raum des Wissens"},"content":{"rendered":"<a href=\"http:\/\/kloster-metten.de\/wp-content\/uploads\/2008\/09\/1_atk3504.jpg\"><img loading=\"lazy\" decoding=\"async\" class=\"alignleft size-medium wp-image-2129\" title=\"1_atk3504\" src=\"http:\/\/kloster-metten.de\/wp-content\/uploads\/2008\/09\/1_atk3504-332x500.jpg\" alt=\"\" width=\"240\" height=\"362\" srcset=\"https:\/\/www.kloster-metten.com\/wp-content\/uploads\/2008\/09\/1_atk3504-332x500.jpg 332w, https:\/\/www.kloster-metten.com\/wp-content\/uploads\/2008\/09\/1_atk3504.jpg 466w\" sizes=\"auto, (max-width: 240px) 100vw, 240px\" \/><\/a><h2>Raum des Wissens<\/h2><p>Uns Benediktinern ist es immer wichtig gewesen, das Wissen fr\u00fcherer Generationen zu \u00fcberliefern. Geschichte ist aufschlussreich und packend \u2013 und ebenso spannend sind die Dinge, die unsere heutige Welt bewegen. Wir m\u00f6chten das benediktinische Erbe nicht blo\u00df bewahren, sondern mit der Gegenwart verkn\u00fcpfen. Diese F\u00e4higkeit, offen auf die jeweilige geschichtliche Wirklichkeit zu reagieren, war und ist ein Kennzeichen unseres Ordens.<\/p>\n<p>Ein Beispiel f\u00fcr die Bildungstradition sind die Alten Sprachen. Latein lehren wir ab der 5. Klasse, Griechisch bieten wir ab der 8. Klasse an. Von diesem \u00fcberlieferten Wissen profitieren unsere Sch\u00fcler: Aufgrund ihrer Lateinkenntnisse k\u00f6nnen sie Franz\u00f6sisch, Italienisch und Spanisch viel leichter erlernen.<\/p>\n<p>Selbstverst\u00e4ndlich lernen alle unsere Sch\u00fcler ab der 6. Klasse Englisch und k\u00f6nnen ab Klasse 8 auch Franz\u00f6sisch oder den naturwissenschaftlich-technologischen Zweig w\u00e4hlen.<\/p>\n<p>Sinnbild f\u00fcr das Wissen, das wir unseren Sch\u00fclern vermitteln, ist unsere ber\u00fchmte Barockbibliothek. Sie steht f\u00fcr eine lange Bildungsgeschichte, die uns der Zukunft verpflichtet. Wir m\u00f6chten junge Menschen f\u00fcrs Leben ausbilden \u2013 und geben ihnen daf\u00fcr ein Wissen mit, das Herz, Hirn und Hand gleicherma\u00dfen anspricht.<\/p>\n<p>&nbsp;<\/p>\n<blockquote>\n<p>Durch die Begegnungen mit den Patres und durch ihre Begleitung habe ich den religi\u00f6sen Geist glaubw\u00fcrdig erfahren. Sie haben uns vorgelebt, dass man Menschen mit dem Herzen begegnen kann.<\/p>\n<\/blockquote>\n<p>Dr. Alexandra Rotkegel, Seminarrektorin, Abitur 1987<\/p>\n","protected":false},"excerpt":{"rendered":"<p>Raum des WissensUns Benediktinern ist es immer wichtig gewesen, das Wissen fr\u00fcherer Generationen zu \u00fcberliefern. Geschichte ist aufschlussreich und packend \u2013 und ebenso spannend sind die Dinge, die unsere heutige Welt bewegen. Wir m\u00f6chten das benediktinische Erbe nicht blo\u00df bewahren, sondern mit der Gegenwart verkn\u00fcpfen. Diese F\u00e4higkeit, offen auf die jeweilige geschichtliche Wirklichkeit zu reagieren, [&hellip;]<\/p>\n","protected":false},"author":5,"featured_media":0,"parent":1104,"menu_order":3,"comment_status":"closed","ping_status":"closed","template":"","meta":{"footnotes":""},"class_list":["post-1169","page","type-page","status-publish","hentry"],"_links":{"self":[{"href":"https:\/\/www.kloster-metten.com\/index.php?rest_route=\/wp\/v2\/pages\/1169","targetHints":{"allow":["GET"]}}],"collection":[{"href":"https:\/\/www.kloster-metten.com\/index.php?rest_route=\/wp\/v2\/pages"}],"about":[{"href":"https:\/\/www.kloster-metten.com\/index.php?rest_route=\/wp\/v2\/types\/page"}],"author":[{"embeddable":true,"href":"https:\/\/www.kloster-metten.com\/index.php?rest_route=\/wp\/v2\/users\/5"}],"replies":[{"embeddable":true,"href":"https:\/\/www.kloster-metten.com\/index.php?rest_route=%2Fwp%2Fv2%2Fcomments&post=1169"}],"version-history":[{"count":1,"href":"https:\/\/www.kloster-metten.com\/index.php?rest_route=\/wp\/v2\/pages\/1169\/revisions"}],"predecessor-version":[{"id":48385,"href":"https:\/\/www.kloster-metten.com\/index.php?rest_route=\/wp\/v2\/pages\/1169\/revisions\/48385"}],"up":[{"embeddable":true,"href":"https:\/\/www.kloster-metten.com\/index.php?rest_route=\/wp\/v2\/pages\/1104"}],"wp:attachment":[{"href":"https:\/\/www.kloster-metten.com\/index.php?rest_route=%2Fwp%2Fv2%2Fmedia&parent=1169"}],"curies":[{"name":"wp","href":"https:\/\/api.w.org\/{rel}","templated":true}]}}