{"id":11703,"date":"2018-09-16T10:59:42","date_gmt":"2018-09-16T08:59:42","guid":{"rendered":"http:\/\/www.kloster-metten.de\/?page_id=11703"},"modified":"2019-09-20T20:35:05","modified_gmt":"2019-09-20T18:35:05","slug":"guter-start-ins-neue-schuljahr-kennenlerntag","status":"publish","type":"page","link":"https:\/\/www.kloster-metten.com\/?page_id=11703","title":{"rendered":"Guter Start ins neue Schuljahr \u2013 Kennenlerntag"},"content":{"rendered":"<h2>Guter Start ins neue Schuljahr \u2013 Kennenlerntag<\/h2><p><strong><a href=\"https:\/\/www.kloster-metten.com\/wp-content\/uploads\/2018\/09\/20180914_114941.jpg\"><img loading=\"lazy\" decoding=\"async\" class=\"size-medium wp-image-11704 alignnone\" title=\"20180914_114941\" src=\"https:\/\/www.kloster-metten.com\/wp-content\/uploads\/2018\/09\/20180914_114941-500x281.jpg\" alt=\"\" width=\"500\" height=\"281\" srcset=\"https:\/\/www.kloster-metten.com\/wp-content\/uploads\/2018\/09\/20180914_114941-500x281.jpg 500w, https:\/\/www.kloster-metten.com\/wp-content\/uploads\/2018\/09\/20180914_114941-768x432.jpg 768w, https:\/\/www.kloster-metten.com\/wp-content\/uploads\/2018\/09\/20180914_114941-1024x576.jpg 1024w\" sizes=\"auto, (max-width: 500px) 100vw, 500px\" \/><\/a><\/strong><\/p>\n<p>Mit einem besonders gestalteten Tag wurde den 79 F\u00fcnftkl\u00e4sslern am St.-Michaels-Gymnasium der Start in den Schulalltag vereinfacht. So fanden am letzten Freitag einige Aktionen statt, die den neuen Sch\u00fclern helfen sollen, sich m\u00f6glichst schnell in ihrer Schule zuhause zu f\u00fchlen und den gymnasialen Alltag problemlos zu bew\u00e4ltigen. Nach einer Klassenleiterstunde, in der Klassenregeln aufgestellt und Kennenlernspiele durchgef\u00fchrt wurden, erfuhren die Sch\u00fclerinnen und Sch\u00fcler in einer ersten Einheit zum Thema \u201eLernen lernen\u201c, wie wichtig ein ordentlicher und ungest\u00f6rter Arbeitsplatz ist. Im Anschluss daran veranstalteten die Tutoren des Gymnasiums eine Schulhausralley, bei der alle wichtigen Stationen des weitl\u00e4ufigen Schulgeb\u00e4udes aufgesucht und au\u00dferdem etliche Informationen zum Schulalltag gegeben wurden. Die Sch\u00fclerinnen und Sch\u00fcler hatten sichtlich Spa\u00df daran, ihre neue Schule auf spielerische Art und Weise kennenzulernen.<\/p>\n\r\n\t\t<style type='text\/css'>\r\n\t\t\t#gallery-1 {\r\n\t\t\t\tmargin: auto;\r\n\t\t\t}\r\n\t\t\t#gallery-1 .gallery-item {\r\n\t\t\t\tfloat: left;\r\n\t\t\t\tmargin-top: 10px;\r\n\t\t\t\ttext-align: center;\r\n\t\t\t\twidth: 33%;\r\n\t\t\t}\r\n\t\t\t#gallery-1 hr {\r\n\t\t\t\theight: 1px;\r\n\t\t\t}\r\n\t\t\t#gallery-1 .gallery-caption {\r\n\t\t\t\tmargin-left: 0;\r\n\t\t\t}\r\n\t\t\t\/* see gallery_shortcode() in wp-includes\/media.php *\/\r\n\t\t<\/style>\n\t\t<div id='gallery-1' class='gallery galleryid-11703 gallery-columns-3 gallery-size-thumbnail'><hr class='null'><dl class='gallery-item'>\r\n\t\t\t<dt class='gallery-icon landscape'>\r\n\t\t\t\t<a title=\"DSC01018_\"  href='https:\/\/www.kloster-metten.com\/?attachment_id=11706'><img loading=\"lazy\" decoding=\"async\" width=\"170\" height=\"115\" src=\"https:\/\/www.kloster-metten.com\/wp-content\/uploads\/2018\/09\/DSC01018_-170x115.jpg\" class=\"attachment-thumbnail size-thumbnail\" alt=\"\" \/><\/a>\r\n\t\t\t<\/dt><\/dl><dl class='gallery-item'>\r\n\t\t\t<dt class='gallery-icon landscape'>\r\n\t\t\t\t<a title=\"20180914_120851\"  href='https:\/\/www.kloster-metten.com\/?attachment_id=11705'><img loading=\"lazy\" decoding=\"async\" width=\"170\" height=\"115\" src=\"https:\/\/www.kloster-metten.com\/wp-content\/uploads\/2018\/09\/20180914_120851-170x115.jpg\" class=\"attachment-thumbnail size-thumbnail\" alt=\"\" \/><\/a>\r\n\t\t\t<\/dt><\/dl>\r\n\t\t\t<br style='clear: both' \/>\r\n\t\t<\/div>\n\n","protected":false},"excerpt":{"rendered":"<p>Guter Start ins neue Schuljahr \u2013 Kennenlerntag Mit einem besonders gestalteten Tag wurde den 79 F\u00fcnftkl\u00e4sslern am St.-Michaels-Gymnasium der Start in den Schulalltag vereinfacht. So fanden am letzten Freitag einige Aktionen statt, die den neuen Sch\u00fclern helfen sollen, sich m\u00f6glichst schnell in ihrer Schule zuhause zu f\u00fchlen und den gymnasialen Alltag problemlos zu bew\u00e4ltigen. Nach [&hellip;]<\/p>\n","protected":false},"author":5,"featured_media":0,"parent":12589,"menu_order":48,"comment_status":"closed","ping_status":"closed","template":"","meta":{"footnotes":""},"class_list":["post-11703","page","type-page","status-publish","hentry"],"_links":{"self":[{"href":"https:\/\/www.kloster-metten.com\/index.php?rest_route=\/wp\/v2\/pages\/11703","targetHints":{"allow":["GET"]}}],"collection":[{"href":"https:\/\/www.kloster-metten.com\/index.php?rest_route=\/wp\/v2\/pages"}],"about":[{"href":"https:\/\/www.kloster-metten.com\/index.php?rest_route=\/wp\/v2\/types\/page"}],"author":[{"embeddable":true,"href":"https:\/\/www.kloster-metten.com\/index.php?rest_route=\/wp\/v2\/users\/5"}],"replies":[{"embeddable":true,"href":"https:\/\/www.kloster-metten.com\/index.php?rest_route=%2Fwp%2Fv2%2Fcomments&post=11703"}],"version-history":[{"count":2,"href":"https:\/\/www.kloster-metten.com\/index.php?rest_route=\/wp\/v2\/pages\/11703\/revisions"}],"predecessor-version":[{"id":12592,"href":"https:\/\/www.kloster-metten.com\/index.php?rest_route=\/wp\/v2\/pages\/11703\/revisions\/12592"}],"up":[{"embeddable":true,"href":"https:\/\/www.kloster-metten.com\/index.php?rest_route=\/wp\/v2\/pages\/12589"}],"wp:attachment":[{"href":"https:\/\/www.kloster-metten.com\/index.php?rest_route=%2Fwp%2Fv2%2Fmedia&parent=11703"}],"curies":[{"name":"wp","href":"https:\/\/api.w.org\/{rel}","templated":true}]}}