{"id":11766,"date":"2018-10-02T21:51:43","date_gmt":"2018-10-02T19:51:43","guid":{"rendered":"http:\/\/www.kloster-metten.de\/?page_id=11766"},"modified":"2019-07-23T20:50:39","modified_gmt":"2019-07-23T18:50:39","slug":"kirchen-kapellen","status":"publish","type":"page","link":"https:\/\/www.kloster-metten.com\/?page_id=11766","title":{"rendered":"Kirchen, Kapellen"},"content":{"rendered":"<h2>Kirchen, Kapellen<\/h2><p>St. Michael, Kloster- und Pfarrkirche<\/p>\n<h3>Filialkirchen der Pfarrei Metten<\/h3>\n<hr \/>\n<h3>St. Peter und Paul in Berg<\/h3>\n<p><a href=\"https:\/\/www.kloster-metten.com\/wp-content\/uploads\/2019\/07\/Berg.jpg\"><img loading=\"lazy\" decoding=\"async\" class=\"alignleft size-full wp-image-12481\" title=\"Berg\" src=\"https:\/\/www.kloster-metten.com\/wp-content\/uploads\/2019\/07\/Berg.jpg\" alt=\"\" width=\"300\" height=\"225\" \/><\/a><\/p>\n<p>Die Kirche St. Peter und Paul in Berg ist eine Filiale der Pfarrei Metten und bildet mit dem alten Schulhaus und dem Wirtshaus das Zentrum der Ortschaft Berg.<\/p>\n<p>Die Kirche wurde auf den Grundmauern eines m\u00e4chtigen Turmes erbaut, der zu einer Fliehburg geh\u00f6rte. Bereits im Jahr 1299 wird die Kirche erw\u00e4hnt. Das jetzige Aussehen erhielt sie um das Jahr 1600. Die Seitenalt\u00e4re kamen 1623 in die Kirche. Der Hochaltar stammt aus der Zeit um 1760.<\/p>\n<p>Gottesdienste: jeden Sonntag um 9.00 Uhr<\/p>\n\r\n\t\t<style type='text\/css'>\r\n\t\t\t#gallery-1 {\r\n\t\t\t\tmargin: auto;\r\n\t\t\t}\r\n\t\t\t#gallery-1 .gallery-item {\r\n\t\t\t\tfloat: left;\r\n\t\t\t\tmargin-top: 10px;\r\n\t\t\t\ttext-align: center;\r\n\t\t\t\twidth: 33%;\r\n\t\t\t}\r\n\t\t\t#gallery-1 hr {\r\n\t\t\t\theight: 1px;\r\n\t\t\t}\r\n\t\t\t#gallery-1 .gallery-caption {\r\n\t\t\t\tmargin-left: 0;\r\n\t\t\t}\r\n\t\t\t\/* see gallery_shortcode() in wp-includes\/media.php *\/\r\n\t\t<\/style>\n\t\t<div id='gallery-1' class='gallery galleryid-11766 gallery-columns-3 gallery-size-thumbnail'><hr class='null'><dl class='gallery-item'>\r\n\t\t\t<dt class='gallery-icon portrait'>\r\n\t\t\t\t<a title=\"SAM_4515_\"  href='https:\/\/www.kloster-metten.com\/?attachment_id=12494'><img loading=\"lazy\" decoding=\"async\" width=\"170\" height=\"115\" src=\"https:\/\/www.kloster-metten.com\/wp-content\/uploads\/2019\/07\/SAM_4515_-170x115.jpg\" class=\"attachment-thumbnail size-thumbnail\" alt=\"\" \/><\/a>\r\n\t\t\t<\/dt><\/dl><dl class='gallery-item'>\r\n\t\t\t<dt class='gallery-icon landscape'>\r\n\t\t\t\t<a title=\"SAM_4521_\"  href='https:\/\/www.kloster-metten.com\/?attachment_id=12495'><img loading=\"lazy\" decoding=\"async\" width=\"170\" height=\"115\" src=\"https:\/\/www.kloster-metten.com\/wp-content\/uploads\/2019\/07\/SAM_4521_-170x115.jpg\" class=\"attachment-thumbnail size-thumbnail\" alt=\"\" \/><\/a>\r\n\t\t\t<\/dt><\/dl><dl class='gallery-item'>\r\n\t\t\t<dt class='gallery-icon landscape'>\r\n\t\t\t\t<a title=\"SAM_4510_\"  href='https:\/\/www.kloster-metten.com\/?attachment_id=12496'><img loading=\"lazy\" decoding=\"async\" width=\"170\" height=\"115\" src=\"https:\/\/www.kloster-metten.com\/wp-content\/uploads\/2019\/07\/SAM_4510_-170x115.jpg\" class=\"attachment-thumbnail size-thumbnail\" alt=\"\" \/><\/a>\r\n\t\t\t<\/dt><\/dl><br style=\"clear: both\" \/>\r\n\t\t<\/div>\n\n<hr \/>\n<p><strong>Das Wallfahrtskirchlein in Uttobrunn<\/strong><\/p>\n<p><strong> <a href=\"https:\/\/www.kloster-metten.com\/wp-content\/uploads\/2019\/07\/Uttobrunn.jpg\"><img loading=\"lazy\" decoding=\"async\" class=\"alignleft  wp-image-12480\" title=\"Uttobrunn\" src=\"https:\/\/www.kloster-metten.com\/wp-content\/uploads\/2019\/07\/Uttobrunn-375x500.jpg\" alt=\"\" width=\"305\" height=\"407\" srcset=\"https:\/\/www.kloster-metten.com\/wp-content\/uploads\/2019\/07\/Uttobrunn-375x500.jpg 375w, https:\/\/www.kloster-metten.com\/wp-content\/uploads\/2019\/07\/Uttobrunn.jpg 767w\" sizes=\"auto, (max-width: 305px) 100vw, 305px\" \/><br \/>\n<\/a><\/strong><\/p>\n<p>Laut der Gr\u00fcndungslegende hat hier der selige Utto als Einsiedler gelebt. Hier ist ihm auch Karl der Gro\u00dfe begegnet. In der fr\u00fchen Neuzeit suchten zahlreiche Gl\u00e4ubige den Ort auf, an dem sich ein Heilbad befand. \u00dcber der entsprechenden Quelle lie\u00df Abt Benedikt Ferg um 1700 die heutige Marienwallfahrtskirche errichten. Die Ausstattung stammt im Wesentlichen aus der Erbauungszeit, unter anderem die beiden Altarfiguren, welche Karl den Gro\u00dfen und Utto darstellen. Bei dem Gnadenbild handelt es sich um eine sp\u00e4tgotische Madonna. Vor dem Kirchlein steht eine Linde, die einige hundert Jahre alt ist. Die Wallfahrtskirche Uttobrunn ist erste Station des Pilgerweges VIA NOVA, der in Metten beginnt.<\/p>\n<p>Gottesdienste: Im Sommer jeden Donnerstag Eucharistiefeier um 6.00 Uhr.<\/p>\n<p><strong><a href=\"https:\/\/www.kloster-metten.com\/wp-content\/uploads\/2019\/07\/Zeitldorf.jpg\">\u00a0<\/a><\/strong><\/p>\n<hr \/>\n<p><strong><a href=\"https:\/\/www.kloster-metten.com\/wp-content\/uploads\/2019\/07\/Zeitldorf.jpg\"><br \/>\n<\/a>Die Dorfkapelle in Zeitldorf<\/strong><\/p>\n<p><strong><a href=\"https:\/\/www.kloster-metten.com\/wp-content\/uploads\/2019\/07\/Zeitldorf.jpg\"><img loading=\"lazy\" decoding=\"async\" class=\"size-full wp-image-12479 alignleft\" title=\"Zeitldorf\" src=\"https:\/\/www.kloster-metten.com\/wp-content\/uploads\/2019\/07\/Zeitldorf.jpg\" alt=\"\" width=\"300\" height=\"225\" \/><br \/>\n<\/a><\/strong>wurde 1875 von den Zeitldorfer B\u00fcrgern erbaut.<\/p>\n<p><a href=\"https:\/\/www.kloster-metten.com\/wp-content\/uploads\/2019\/07\/Zeitldorf.jpg\">\u00a0<\/a><\/p>\n<p>Gottesdienste:<\/p>\n<ul>\n<li>Maiandachten im Monat Mai<\/li>\n<li>Christi Himmelfahrt \u2013 Eucharistiefeier<\/li>\n<\/ul>\n","protected":false},"excerpt":{"rendered":"<p>Kirchen, KapellenSt. Michael, Kloster- und Pfarrkirche Filialkirchen der Pfarrei Metten St. Peter und Paul in Berg Die Kirche St. Peter und Paul in Berg ist eine Filiale der Pfarrei Metten und bildet mit dem alten Schulhaus und dem Wirtshaus das Zentrum der Ortschaft Berg. Die Kirche wurde auf den Grundmauern eines m\u00e4chtigen Turmes erbaut, der [&hellip;]<\/p>\n","protected":false},"author":5,"featured_media":0,"parent":9,"menu_order":6,"comment_status":"closed","ping_status":"closed","template":"","meta":{"footnotes":""},"class_list":["post-11766","page","type-page","status-publish","hentry"],"_links":{"self":[{"href":"https:\/\/www.kloster-metten.com\/index.php?rest_route=\/wp\/v2\/pages\/11766","targetHints":{"allow":["GET"]}}],"collection":[{"href":"https:\/\/www.kloster-metten.com\/index.php?rest_route=\/wp\/v2\/pages"}],"about":[{"href":"https:\/\/www.kloster-metten.com\/index.php?rest_route=\/wp\/v2\/types\/page"}],"author":[{"embeddable":true,"href":"https:\/\/www.kloster-metten.com\/index.php?rest_route=\/wp\/v2\/users\/5"}],"replies":[{"embeddable":true,"href":"https:\/\/www.kloster-metten.com\/index.php?rest_route=%2Fwp%2Fv2%2Fcomments&post=11766"}],"version-history":[{"count":14,"href":"https:\/\/www.kloster-metten.com\/index.php?rest_route=\/wp\/v2\/pages\/11766\/revisions"}],"predecessor-version":[{"id":12497,"href":"https:\/\/www.kloster-metten.com\/index.php?rest_route=\/wp\/v2\/pages\/11766\/revisions\/12497"}],"up":[{"embeddable":true,"href":"https:\/\/www.kloster-metten.com\/index.php?rest_route=\/wp\/v2\/pages\/9"}],"wp:attachment":[{"href":"https:\/\/www.kloster-metten.com\/index.php?rest_route=%2Fwp%2Fv2%2Fmedia&parent=11766"}],"curies":[{"name":"wp","href":"https:\/\/api.w.org\/{rel}","templated":true}]}}