{"id":11777,"date":"2018-10-02T22:11:33","date_gmt":"2018-10-02T20:11:33","guid":{"rendered":"http:\/\/www.kloster-metten.de\/?page_id=11777"},"modified":"2023-11-01T14:39:57","modified_gmt":"2023-11-01T13:39:57","slug":"kindergarten","status":"publish","type":"page","link":"https:\/\/www.kloster-metten.com\/?page_id=11777","title":{"rendered":"Kindergarten"},"content":{"rendered":"<a href=\"https:\/\/www.kloster-metten.com\/wp-content\/uploads\/2018\/10\/0.png\"><img loading=\"lazy\" decoding=\"async\" class=\"size-full wp-image-12107 alignright\" title=\"0\" src=\"https:\/\/www.kloster-metten.com\/wp-content\/uploads\/2018\/10\/0.png\" alt=\"\" width=\"177\" height=\"169\" \/><\/a><h2>Kindergarten<\/h2><p><\/p>\n<p><strong>St. Michael Kindergarten<\/strong><br \/>\nKarl-Kufner-Str. 11a<br \/>\n94526 Metten<br \/>\nTel. 0991\/90165<br \/>\nFax (0991) 99 59 600<br \/>\nE-Mail: st-michael.metten@kita.bistum-regensburg.de<\/p>\n<p><a href=\"https:\/\/www.kloster-metten.com\/wp-content\/uploads\/2023\/11\/TXVP2441_.jpg\"><img loading=\"lazy\" decoding=\"async\" class=\"size-medium wp-image-48049 alignnone\" title=\"TXVP2441_\" src=\"https:\/\/www.kloster-metten.com\/wp-content\/uploads\/2023\/11\/TXVP2441_-500x375.jpg\" alt=\"\" width=\"500\" height=\"375\" srcset=\"https:\/\/www.kloster-metten.com\/wp-content\/uploads\/2023\/11\/TXVP2441_-500x375.jpg 500w, https:\/\/www.kloster-metten.com\/wp-content\/uploads\/2023\/11\/TXVP2441_-1024x768.jpg 1024w, https:\/\/www.kloster-metten.com\/wp-content\/uploads\/2023\/11\/TXVP2441_-768x576.jpg 768w, https:\/\/www.kloster-metten.com\/wp-content\/uploads\/2023\/11\/TXVP2441_.jpg 1200w\" sizes=\"auto, (max-width: 500px) 100vw, 500px\" \/><\/a><\/p>\n<p>\nAnsprechpartner: Petra Kust (Kindergartenleitung<\/p>\n<table style=\"height: 103px; background-color: #ffe603;\" width=\"616\">\n<tbody>\n<tr>\n<td style=\"width: 606px;\">\n<p><strong>\u00d6ffnungszeiten:<\/strong><\/p>\n<p>T\u00e4glich von Montag bis Freitag 7.00 Uhr \u2013 16.30 Uhr ge\u00f6ffnet<\/p>\n<\/td>\n<\/tr>\n<\/tbody>\n<\/table>\n<p>Viergruppiger Kindergarten<\/p>\n<p><a href=\"https:\/\/www.kloster-metten.com\/wp-content\/uploads\/2023\/11\/IMG_0164_.jpg\"><img loading=\"lazy\" decoding=\"async\" class=\"size-medium wp-image-48062 alignnone\" title=\"IMG_0164_\" src=\"https:\/\/www.kloster-metten.com\/wp-content\/uploads\/2023\/11\/IMG_0164_-375x500.jpg\" alt=\"\" width=\"375\" height=\"500\" srcset=\"https:\/\/www.kloster-metten.com\/wp-content\/uploads\/2023\/11\/IMG_0164_-375x500.jpg 375w, https:\/\/www.kloster-metten.com\/wp-content\/uploads\/2023\/11\/IMG_0164_-768x1025.jpg 768w, https:\/\/www.kloster-metten.com\/wp-content\/uploads\/2023\/11\/IMG_0164_.jpg 907w\" sizes=\"auto, (max-width: 375px) 100vw, 375px\" \/><\/a> <a href=\"https:\/\/www.kloster-metten.com\/wp-content\/uploads\/2023\/11\/IMG_1044_.jpg\"><img loading=\"lazy\" decoding=\"async\" class=\"alignleft size-medium wp-image-48061\" title=\"IMG_1044_\" src=\"https:\/\/www.kloster-metten.com\/wp-content\/uploads\/2023\/11\/IMG_1044_-375x500.jpg\" alt=\"\" width=\"375\" height=\"500\" srcset=\"https:\/\/www.kloster-metten.com\/wp-content\/uploads\/2023\/11\/IMG_1044_-375x500.jpg 375w, https:\/\/www.kloster-metten.com\/wp-content\/uploads\/2023\/11\/IMG_1044_.jpg 756w\" sizes=\"auto, (max-width: 375px) 100vw, 375px\" \/><\/a> <a href=\"https:\/\/www.kloster-metten.com\/wp-content\/uploads\/2023\/11\/IMG_1139_.jpg\"><img loading=\"lazy\" decoding=\"async\" class=\"alignleft size-medium wp-image-48054\" title=\"IMG_1139_\" src=\"https:\/\/www.kloster-metten.com\/wp-content\/uploads\/2023\/11\/IMG_1139_-500x375.jpg\" alt=\"\" width=\"500\" height=\"375\" srcset=\"https:\/\/www.kloster-metten.com\/wp-content\/uploads\/2023\/11\/IMG_1139_-500x375.jpg 500w, https:\/\/www.kloster-metten.com\/wp-content\/uploads\/2023\/11\/IMG_1139_-1024x768.jpg 1024w, https:\/\/www.kloster-metten.com\/wp-content\/uploads\/2023\/11\/IMG_1139_-768x576.jpg 768w, https:\/\/www.kloster-metten.com\/wp-content\/uploads\/2023\/11\/IMG_1139_.jpg 1210w\" sizes=\"auto, (max-width: 500px) 100vw, 500px\" \/><\/a> <a href=\"https:\/\/www.kloster-metten.com\/wp-content\/uploads\/2023\/11\/IMG_1143_.jpg\"><img loading=\"lazy\" decoding=\"async\" class=\"size-medium wp-image-48053 alignnone\" title=\"IMG_1143_\" src=\"https:\/\/www.kloster-metten.com\/wp-content\/uploads\/2023\/11\/IMG_1143_-500x375.jpg\" alt=\"\" width=\"500\" height=\"375\" srcset=\"https:\/\/www.kloster-metten.com\/wp-content\/uploads\/2023\/11\/IMG_1143_-500x375.jpg 500w, https:\/\/www.kloster-metten.com\/wp-content\/uploads\/2023\/11\/IMG_1143_-1024x768.jpg 1024w, https:\/\/www.kloster-metten.com\/wp-content\/uploads\/2023\/11\/IMG_1143_-768x576.jpg 768w, https:\/\/www.kloster-metten.com\/wp-content\/uploads\/2023\/11\/IMG_1143_.jpg 1210w\" sizes=\"auto, (max-width: 500px) 100vw, 500px\" \/><\/a> \u00a0\u00a0<a href=\"https:\/\/www.kloster-metten.com\/wp-content\/uploads\/2023\/11\/IMG_2304-Kopie_.jpg\"><img loading=\"lazy\" decoding=\"async\" class=\"size-medium wp-image-48050 alignnone\" title=\"IMG_2304 - Kopie_\" src=\"https:\/\/www.kloster-metten.com\/wp-content\/uploads\/2023\/11\/IMG_2304-Kopie_-500x375.jpg\" alt=\"\" width=\"500\" height=\"375\" srcset=\"https:\/\/www.kloster-metten.com\/wp-content\/uploads\/2023\/11\/IMG_2304-Kopie_-500x375.jpg 500w, https:\/\/www.kloster-metten.com\/wp-content\/uploads\/2023\/11\/IMG_2304-Kopie_-1024x768.jpg 1024w, https:\/\/www.kloster-metten.com\/wp-content\/uploads\/2023\/11\/IMG_2304-Kopie_-768x576.jpg 768w, https:\/\/www.kloster-metten.com\/wp-content\/uploads\/2023\/11\/IMG_2304-Kopie_.jpg 1411w\" sizes=\"auto, (max-width: 500px) 100vw, 500px\" \/><\/a><\/p>\n<h3><strong><u>Betreuungskosten<\/u><\/strong><\/h3>\n<p>Die Eltern haben die M\u00f6glichkeit, die Betreuungsdauer variabel zu w\u00e4hlen bzw. so zu buchen, wie es f\u00fcr das Kind ben\u00f6tigt wird.<\/p>\n<p>Allerdings muss die Kernzeit von 8.30 Uhr bis 12.00 Uhr ber\u00fccksichtigt werden (keine Bring- bzw. Abholzeit w\u00e4hrend der Kernzeit), sowie eine Mindestbuchungszeit von vier Stunden pro Tag.<\/p>\n<p><strong>Das monatliche Besuchsgeld setzt sich wie folgt zusammen:<\/strong><\/p>\n<table style=\"border-collapse: collapse; width: 73.1888%; height: 169px;\">\n<tbody>\n<tr style=\"height: 24px;\">\n<td style=\"width: 22.9828%; border-style: solid; background-color: #ffff00; height: 24px;\"><strong style=\"background-color: #ffff00;\">Kategorie<\/strong><\/td>\n<td style=\"width: 5.1574%; border-style: solid; background-color: #ffff00; height: 24px;\"><strong style=\"background-color: #ffff00;\">Elternbeitrag<\/strong><\/td>\n<td style=\"width: 23.802%; border-style: solid; background-color: #ffff00; height: 24px;\"><strong style=\"background-color: #ffff00;\">Abzgl. Beitragszuschuss<\/strong><\/td>\n<td style=\"width: 26.9841%; border-style: solid; background-color: #ffff00; height: 24px;\"><strong style=\"background-color: #ffff00;\">Elternbeitrag\u00a0<\/strong><strong style=\"font-family: inherit; font-size: inherit; background-color: #ffff00;\">zu zahlen<\/strong><\/td>\n<\/tr>\n<tr style=\"height: 24px;\">\n<td style=\"width: 22.9828%; border-style: solid; background-color: #fa9200; text-align: right; height: 24px;\">4-5 Stunden<\/td>\n<td style=\"width: 5.1574%; border-style: solid; background-color: #fa9200; text-align: right; height: 24px;\">95 Euro<\/td>\n<td style=\"width: 23.802%; border-style: solid; text-align: right; height: 24px;\">-95 Euro<\/td>\n<td style=\"width: 26.9841%; border-style: solid; background-color: #ffcd03; text-align: right; height: 24px;\">0 Euro<\/td>\n<\/tr>\n<tr style=\"height: 24px;\">\n<td style=\"width: 22.9828%; border-style: solid; background-color: #fa9200; text-align: right; height: 24px;\"><span style=\"background-color: #fa9c05;\">5-6 Stunden<\/span><\/td>\n<td style=\"width: 5.1574%; border-style: solid; background-color: #fa9200; text-align: right; height: 24px;\"><span style=\"background-color: #fa9c05;\">105 Euro<\/span><\/td>\n<td style=\"width: 23.802%; border-style: solid; text-align: right; height: 24px;\">-100 Euro<\/td>\n<td style=\"width: 26.9841%; border-style: solid; background-color: #ffcd03; text-align: right; height: 24px;\"><span style=\"background-color: #fcbf05;\">\u00a05 Euro<\/span><\/td>\n<\/tr>\n<tr style=\"height: 24px;\">\n<td style=\"width: 22.9828%; border-style: solid; background-color: #fa9200; text-align: right; height: 24px;\"><span style=\"background-color: #fa9c05;\">6-7 Stunden<\/span><\/td>\n<td style=\"width: 5.1574%; border-style: solid; background-color: #fa9200; text-align: right; height: 24px;\"><span style=\"background-color: #fa9c05;\">115 Euro<\/span><\/td>\n<td style=\"width: 23.802%; border-style: solid; text-align: right; height: 24px;\">-100 Euro<\/td>\n<td style=\"width: 26.9841%; border-style: solid; background-color: #ffcd03; text-align: right; height: 24px;\"><span style=\"background-color: #fcbf05;\">15 Euro<\/span><\/td>\n<\/tr>\n<tr style=\"height: 24px;\">\n<td style=\"width: 22.9828%; border-style: solid; background-color: #fa9200; text-align: right; height: 24px;\"><span style=\"background-color: #fa9c05;\">7-8 Stunden<\/span><\/td>\n<td style=\"width: 5.1574%; border-style: solid; background-color: #fa9200; text-align: right; height: 24px;\"><span style=\"background-color: #fa9c05;\">125 Euro<\/span><\/td>\n<td style=\"width: 23.802%; border-style: solid; text-align: right; height: 24px;\">-100 Euro<\/td>\n<td style=\"width: 26.9841%; border-style: solid; background-color: #ffcd03; text-align: right; height: 24px;\"><span style=\"background-color: #fcbf05;\">25 Euro<\/span><\/td>\n<\/tr>\n<tr style=\"height: 24px;\">\n<td style=\"width: 22.9828%; border-style: solid; background-color: #fa9200; text-align: right; height: 24px;\"><span style=\"background-color: #fa9c05;\">8-9 Stunden<\/span><\/td>\n<td style=\"width: 5.1574%; border-style: solid; background-color: #fa9200; text-align: right; height: 24px;\"><span style=\"background-color: #fa9c05;\">135 Euro<\/span><\/td>\n<td style=\"width: 23.802%; border-style: solid; text-align: right; height: 24px;\">-100 Euro<\/td>\n<td style=\"width: 26.9841%; border-style: solid; background-color: #ffcd03; text-align: right; height: 24px;\"><span style=\"background-color: #fcbf05;\">35 Euro<\/span><\/td>\n<\/tr>\n<tr style=\"height: 25px; border-style: solid; border-color: #000000;\">\n<td style=\"width: 22.9828%; border-style: solid; background-color: #fa9200; text-align: right; height: 25px;\"><span style=\"background-color: #fa9c05;\">9-10 Stunden<\/span><\/td>\n<td style=\"width: 5.1574%; border-style: solid; background-color: #fa9200; text-align: right; height: 25px;\"><span style=\"background-color: #fa9c05;\">145 Euro<\/span><\/td>\n<td style=\"width: 23.802%; border-style: solid; text-align: right; height: 25px;\">-100 Euro<\/td>\n<td style=\"width: 26.9841%; border-style: solid; background-color: #ffcd03; text-align: right; height: 25px;\"><span style=\"background-color: #fcbf05;\">45 Euro<\/span><\/td>\n<\/tr>\n<\/tbody>\n<\/table>\n<p><strong>Der monatliche Mittagessenbeitrag setzt sich wie folgt zusammen:<\/strong><\/p>\n<table style=\"border-color: #000000; width: 400px;\" border=\"1\" cellspacing=\"0\" cellpadding=\"5\">\n<tbody>\n<tr style=\"height: 26.81px;\">\n<td style=\"width: 218px; height: 26.81px; background-color: #ffea00;\">Mittagessen (pro Tag)<\/td>\n<td style=\"width: 182px; height: 26.81px; background-color: #ffea00;\">\u00a0<\/td>\n<\/tr>\n<tr style=\"height: 24px;\">\n<td style=\"width: 218px; height: 24px; background-color: #ffea00;\">1 Essenstag<\/td>\n<td style=\"width: 182px; height: 24px; background-color: #ffea00;\">18,20 Euro<\/td>\n<\/tr>\n<tr style=\"height: 24px;\">\n<td style=\"width: 218px; height: 24px; background-color: #ffea00;\">2 Essenstage<\/td>\n<td style=\"width: 182px; height: 24px; background-color: #ffea00;\">30,40 Euro<\/td>\n<\/tr>\n<tr style=\"height: 24px;\">\n<td style=\"width: 218px; height: 24px; background-color: #ffea00;\">3 Essenstage<\/td>\n<td style=\"width: 182px; height: 24px; background-color: #ffea00;\">42,60 Euro<\/td>\n<\/tr>\n<tr style=\"height: 24px;\">\n<td style=\"width: 218px; height: 24px; background-color: #ffea00;\">4 Essenstage<\/td>\n<td style=\"width: 182px; height: 24px; background-color: #ffea00;\">54,80 Euro<\/td>\n<\/tr>\n<tr>\n<td style=\"width: 218px; background-color: #ffea00;\">5 Essenstage<\/td>\n<td style=\"width: 182px; background-color: #ffea00;\">67,00 Euro<\/td>\n<\/tr>\n<\/tbody>\n<\/table>\n<p><a href=\"https:\/\/www.kloster-metten.com\/wp-content\/uploads\/2023\/11\/IMG_1184-Kopie_.jpg\"><img loading=\"lazy\" decoding=\"async\" class=\"size-medium wp-image-48052 alignnone\" title=\"IMG_1184 - Kopie_\" src=\"https:\/\/www.kloster-metten.com\/wp-content\/uploads\/2023\/11\/IMG_1184-Kopie_-500x375.jpg\" alt=\"\" width=\"500\" height=\"375\" srcset=\"https:\/\/www.kloster-metten.com\/wp-content\/uploads\/2023\/11\/IMG_1184-Kopie_-500x375.jpg 500w, https:\/\/www.kloster-metten.com\/wp-content\/uploads\/2023\/11\/IMG_1184-Kopie_-1024x768.jpg 1024w, https:\/\/www.kloster-metten.com\/wp-content\/uploads\/2023\/11\/IMG_1184-Kopie_-768x576.jpg 768w, https:\/\/www.kloster-metten.com\/wp-content\/uploads\/2023\/11\/IMG_1184-Kopie_-1536x1152.jpg 1536w, https:\/\/www.kloster-metten.com\/wp-content\/uploads\/2023\/11\/IMG_1184-Kopie_.jpg 1613w\" sizes=\"auto, (max-width: 500px) 100vw, 500px\" \/><\/a> <a href=\"https:\/\/www.kloster-metten.com\/wp-content\/uploads\/2023\/11\/IMG_1214_.jpg\"><img loading=\"lazy\" decoding=\"async\" class=\"size-medium wp-image-48051 alignnone\" title=\"IMG_1214_\" src=\"https:\/\/www.kloster-metten.com\/wp-content\/uploads\/2023\/11\/IMG_1214_-500x375.jpg\" alt=\"\" width=\"500\" height=\"375\" srcset=\"https:\/\/www.kloster-metten.com\/wp-content\/uploads\/2023\/11\/IMG_1214_-500x375.jpg 500w, https:\/\/www.kloster-metten.com\/wp-content\/uploads\/2023\/11\/IMG_1214_-1024x768.jpg 1024w, https:\/\/www.kloster-metten.com\/wp-content\/uploads\/2023\/11\/IMG_1214_-768x576.jpg 768w, https:\/\/www.kloster-metten.com\/wp-content\/uploads\/2023\/11\/IMG_1214_.jpg 1210w\" sizes=\"auto, (max-width: 500px) 100vw, 500px\" \/><\/a><\/p>\n<p><strong>Unsere p\u00e4dagogische Arbeit<\/strong><\/p>\n<ul>\n<li>Das Kind steht bei uns im Mittelpunkt<\/li>\n<li>Die Kinder entwickeln eine Werthaltung gegen\u00fcber Mitmenschen und Umwelt<\/li>\n<li>Anregende Raumgestaltung und Materialauswahl helfen kognitive und kreative F\u00e4higkeiten auszubilden<\/li>\n<li>Selbstbildendes Freispiel und kindgerechte Lernerfahrungen werden durch ganzheitliche F\u00f6rderung erreicht<\/li>\n<li>Aktivit\u00e4ten mit der Kleingruppe und der Gesamtgruppe, bei denen die Interessen und Bed\u00fcrfnisse im Vordergrund stehen<\/li>\n<li>Strukturierter Tages- und Jahreskreis<\/li>\n<li>Feste im kirchlichen Jahreskreis<\/li>\n<li>Portfolio, um den Kindern Ihre St\u00e4rken bewusst zu machen<\/li>\n<li>Projektarbeit<\/li>\n<\/ul>\n<p><a href=\"https:\/\/www.kloster-metten.com\/wp-content\/uploads\/2023\/11\/IMG_1086_.jpg\"><img loading=\"lazy\" decoding=\"async\" class=\"size-medium wp-image-48060 alignnone\" title=\"IMG_1086_\" src=\"https:\/\/www.kloster-metten.com\/wp-content\/uploads\/2023\/11\/IMG_1086_-500x375.jpg\" alt=\"\" width=\"500\" height=\"375\" srcset=\"https:\/\/www.kloster-metten.com\/wp-content\/uploads\/2023\/11\/IMG_1086_-500x375.jpg 500w, https:\/\/www.kloster-metten.com\/wp-content\/uploads\/2023\/11\/IMG_1086_-768x576.jpg 768w, https:\/\/www.kloster-metten.com\/wp-content\/uploads\/2023\/11\/IMG_1086_.jpg 806w\" sizes=\"auto, (max-width: 500px) 100vw, 500px\" \/> <\/a><a href=\"https:\/\/www.kloster-metten.com\/wp-content\/uploads\/2023\/11\/IMG_1096_.jpg\"><img loading=\"lazy\" decoding=\"async\" class=\"wp-image-48057 alignnone\" title=\"IMG_1096_\" src=\"https:\/\/www.kloster-metten.com\/wp-content\/uploads\/2023\/11\/IMG_1096_-500x375.jpg\" alt=\"\" width=\"487\" height=\"365\" srcset=\"https:\/\/www.kloster-metten.com\/wp-content\/uploads\/2023\/11\/IMG_1096_-500x375.jpg 500w, https:\/\/www.kloster-metten.com\/wp-content\/uploads\/2023\/11\/IMG_1096_-768x576.jpg 768w, https:\/\/www.kloster-metten.com\/wp-content\/uploads\/2023\/11\/IMG_1096_.jpg 1008w\" sizes=\"auto, (max-width: 487px) 100vw, 487px\" \/><\/a><\/p>\n<p><strong>Aktivit\u00e4ten au\u00dfer Haus<\/strong><\/p>\n<ul>\n<li>Zusammenarbeit mit der ortsans\u00e4ssigen Grundschule<\/li>\n<li>Zusammenarbeit mit der Gro\u00dftagespflege \u201eD\u00e4umelinchen\u201c<\/li>\n<li>Vernetzung mit Fachdiensten<\/li>\n<li>ABC-Treffen und \u2013 Aktionen f\u00fcr Schulanf\u00e4nger<\/li>\n<li>Waldtage<\/li>\n<li>Ausfl\u00fcge und Spazierg\u00e4nge<\/li>\n<\/ul>\n<p><a href=\"https:\/\/www.kloster-metten.com\/wp-content\/uploads\/2023\/11\/IMG_1099_.jpg\"><img loading=\"lazy\" decoding=\"async\" class=\"size-medium wp-image-48055 alignnone\" title=\"IMG_1099_\" src=\"https:\/\/www.kloster-metten.com\/wp-content\/uploads\/2023\/11\/IMG_1099_-375x500.jpg\" alt=\"\" width=\"375\" height=\"500\" srcset=\"https:\/\/www.kloster-metten.com\/wp-content\/uploads\/2023\/11\/IMG_1099_-375x500.jpg 375w, https:\/\/www.kloster-metten.com\/wp-content\/uploads\/2023\/11\/IMG_1099_.jpg 605w\" sizes=\"auto, (max-width: 375px) 100vw, 375px\" \/> <\/a><a href=\"https:\/\/www.kloster-metten.com\/wp-content\/uploads\/2023\/11\/IMG_1092_.jpg\"><img loading=\"lazy\" decoding=\"async\" class=\"size-medium wp-image-48058 alignnone\" title=\"IMG_1092_\" src=\"https:\/\/www.kloster-metten.com\/wp-content\/uploads\/2023\/11\/IMG_1092_-500x375.jpg\" alt=\"\" width=\"500\" height=\"375\" srcset=\"https:\/\/www.kloster-metten.com\/wp-content\/uploads\/2023\/11\/IMG_1092_-500x375.jpg 500w, https:\/\/www.kloster-metten.com\/wp-content\/uploads\/2023\/11\/IMG_1092_-768x576.jpg 768w, https:\/\/www.kloster-metten.com\/wp-content\/uploads\/2023\/11\/IMG_1092_.jpg 806w\" sizes=\"auto, (max-width: 500px) 100vw, 500px\" \/> <\/a><a href=\"https:\/\/www.kloster-metten.com\/wp-content\/uploads\/2023\/11\/IMG_1089_.jpg\"><img loading=\"lazy\" decoding=\"async\" class=\"alignleft  wp-image-48059\" title=\"IMG_1089_\" src=\"https:\/\/www.kloster-metten.com\/wp-content\/uploads\/2023\/11\/IMG_1089_-500x375.jpg\" alt=\"\" width=\"485\" height=\"364\" srcset=\"https:\/\/www.kloster-metten.com\/wp-content\/uploads\/2023\/11\/IMG_1089_-500x375.jpg 500w, https:\/\/www.kloster-metten.com\/wp-content\/uploads\/2023\/11\/IMG_1089_-768x576.jpg 768w, https:\/\/www.kloster-metten.com\/wp-content\/uploads\/2023\/11\/IMG_1089_.jpg 806w\" sizes=\"auto, (max-width: 485px) 100vw, 485px\" \/>\u00a0<\/a><\/p>\n<h3><strong><u><a href=\"https:\/\/www.kloster-metten.com\/wp-content\/uploads\/2023\/11\/IMG_1097_.jpg\"><img loading=\"lazy\" decoding=\"async\" class=\"wp-image-48056 alignnone\" title=\"IMG_1097_\" src=\"https:\/\/www.kloster-metten.com\/wp-content\/uploads\/2023\/11\/IMG_1097_-500x375.jpg\" alt=\"\" width=\"471\" height=\"353\" srcset=\"https:\/\/www.kloster-metten.com\/wp-content\/uploads\/2023\/11\/IMG_1097_-500x375.jpg 500w, https:\/\/www.kloster-metten.com\/wp-content\/uploads\/2023\/11\/IMG_1097_-768x576.jpg 768w, https:\/\/www.kloster-metten.com\/wp-content\/uploads\/2023\/11\/IMG_1097_.jpg 806w\" sizes=\"auto, (max-width: 471px) 100vw, 471px\" \/><\/a><\/u><\/strong><\/h3>\n<h3><strong><u>Anmelde- und Aufnahmekriterien<\/u><\/strong><\/h3>\n<p>Der erste Kontakt zwischen Elternhaus und Kindergarten findet meistens bei der Anmeldung im Januar\/Februar statt. Der Termin daf\u00fcr wird in der Presse, Homepage, im Pfarrbrief und durch einen Aushang am Kindergarten bekannt gegeben.<\/p>\n<p>Am Tag der Anmeldung f\u00fcllen die Personenberechtigten das Anmeldeformular aus und haben anschlie\u00dfend noch die M\u00f6glichkeit, die R\u00e4umlichkeiten des Kindergartens zu besichtigen und sich \u00fcber die Einrichtung zu informieren.<\/p>\n<p>Sobald wir eine Zusage erteilen k\u00f6nnen, bekommen die Eltern alle Unterlagen und die Einladung zum Infoabend schriftlich zugesandt.<\/p>\n<p>Soweit freie Betreuungspl\u00e4tze zur Verf\u00fcgung stehen, haben die Eltern jederzeit w\u00e4hrend des Betreuungsjahres die M\u00f6glichkeit, ihr Kind in unserer Einrichtung anzumelden.<\/p>\n<p>Schauen Sie auch in unsere Homepage <strong>\u201e<a href=\"http:\/\/kiga-st-michael-metten.de\">kiga-st-michael-metten.de<\/a>\u201c<\/strong><\/p>\n","protected":false},"excerpt":{"rendered":"<p>Kindergarten St. Michael Kindergarten Karl-Kufner-Str. 11a 94526 Metten Tel. 0991\/90165 Fax (0991) 99 59 600 E-Mail: st-michael.metten@kita.bistum-regensburg.de Ansprechpartner: Petra Kust (Kindergartenleitung \u00d6ffnungszeiten: T\u00e4glich von Montag bis Freitag 7.00 Uhr \u2013 16.30 Uhr ge\u00f6ffnet Viergruppiger Kindergarten \u00a0\u00a0 Betreuungskosten Die Eltern haben die M\u00f6glichkeit, die Betreuungsdauer variabel zu w\u00e4hlen bzw. so zu buchen, wie es f\u00fcr das [&hellip;]<\/p>\n","protected":false},"author":5,"featured_media":0,"parent":9,"menu_order":6,"comment_status":"closed","ping_status":"closed","template":"","meta":{"footnotes":""},"class_list":["post-11777","page","type-page","status-publish","hentry"],"_links":{"self":[{"href":"https:\/\/www.kloster-metten.com\/index.php?rest_route=\/wp\/v2\/pages\/11777","targetHints":{"allow":["GET"]}}],"collection":[{"href":"https:\/\/www.kloster-metten.com\/index.php?rest_route=\/wp\/v2\/pages"}],"about":[{"href":"https:\/\/www.kloster-metten.com\/index.php?rest_route=\/wp\/v2\/types\/page"}],"author":[{"embeddable":true,"href":"https:\/\/www.kloster-metten.com\/index.php?rest_route=\/wp\/v2\/users\/5"}],"replies":[{"embeddable":true,"href":"https:\/\/www.kloster-metten.com\/index.php?rest_route=%2Fwp%2Fv2%2Fcomments&post=11777"}],"version-history":[{"count":39,"href":"https:\/\/www.kloster-metten.com\/index.php?rest_route=\/wp\/v2\/pages\/11777\/revisions"}],"predecessor-version":[{"id":48067,"href":"https:\/\/www.kloster-metten.com\/index.php?rest_route=\/wp\/v2\/pages\/11777\/revisions\/48067"}],"up":[{"embeddable":true,"href":"https:\/\/www.kloster-metten.com\/index.php?rest_route=\/wp\/v2\/pages\/9"}],"wp:attachment":[{"href":"https:\/\/www.kloster-metten.com\/index.php?rest_route=%2Fwp%2Fv2%2Fmedia&parent=11777"}],"curies":[{"name":"wp","href":"https:\/\/api.w.org\/{rel}","templated":true}]}}