{"id":11779,"date":"2018-10-02T22:12:43","date_gmt":"2018-10-02T20:12:43","guid":{"rendered":"http:\/\/www.kloster-metten.de\/?page_id=11779"},"modified":"2024-06-25T19:56:00","modified_gmt":"2024-06-25T17:56:00","slug":"ministranten","status":"publish","type":"page","link":"https:\/\/www.kloster-metten.com\/?page_id=11779","title":{"rendered":"Ministranten"},"content":{"rendered":"<a href=\"https:\/\/www.kloster-metten.com\/wp-content\/uploads\/2018\/10\/mini1.png\"><img loading=\"lazy\" decoding=\"async\" class=\" wp-image-12023 alignright\" title=\"mini1\" src=\"https:\/\/www.kloster-metten.com\/wp-content\/uploads\/2018\/10\/mini1.png\" alt=\"\" width=\"169\" height=\"229\" \/><\/a><h2>Ministranten<\/h2><p><\/p>\n<h1><span style=\"color: #ff0000;\"><br \/>\nM<\/span><span style=\"color: #800000;\">e<\/span><span style=\"color: #ff0000;\">t<\/span><span style=\"color: #800000;\">t<\/span><span style=\"color: #ff0000;\">e<\/span><span style=\"color: #800000;\">n<\/span><span style=\"color: #ff0000;\">e<\/span><span style=\"color: #800000;\">r<\/span><\/h1>\n<h1><span style=\"color: #ff0000;\">M<\/span><span style=\"color: #800000;\">i<\/span><span style=\"color: #ff0000;\">n<\/span><span style=\"color: #800000;\">i<\/span><span style=\"color: #ff0000;\">s<\/span><span style=\"color: #800000;\">t<\/span><span style=\"color: #ff0000;\">r<\/span><span style=\"color: #800000;\">a<\/span><span style=\"color: #ff0000;\">n<\/span><span style=\"color: #800000;\">t<\/span><span style=\"color: #ff0000;\">e<\/span><span style=\"color: #800000;\">n<\/span><\/h1>\n<p>&nbsp;<\/p>\n<p>&nbsp;<\/p>\n<p><a href=\"https:\/\/www.kloster-metten.com\/wp-content\/uploads\/2018\/10\/mini2_.jpg\"><img loading=\"lazy\" decoding=\"async\" class=\"size-medium wp-image-12024 alignnone\" title=\"mini2_\" src=\"https:\/\/www.kloster-metten.com\/wp-content\/uploads\/2018\/10\/mini2_-500x375.jpg\" alt=\"\" width=\"500\" height=\"375\" srcset=\"https:\/\/www.kloster-metten.com\/wp-content\/uploads\/2018\/10\/mini2_-500x375.jpg 500w, https:\/\/www.kloster-metten.com\/wp-content\/uploads\/2018\/10\/mini2_-768x576.jpg 768w, https:\/\/www.kloster-metten.com\/wp-content\/uploads\/2018\/10\/mini2_-1024x768.jpg 1024w, https:\/\/www.kloster-metten.com\/wp-content\/uploads\/2018\/10\/mini2_.jpg 1200w\" sizes=\"auto, (max-width: 500px) 100vw, 500px\" \/><br \/>\n<\/a><\/p>\n<p>Hallo und herzlich willkommen!<\/p>\n<p>Wir, die Ministranten der Pfarrei St. Michael und der Filiale St. Peter und Paul Berg, sind diejenigen, ohne die ein Gottesdienst wohl nicht das Gleiche w\u00e4re. Wir sind ein wichtiger Teil der Pfarrgemeinde und stellen uns nun kurz vor.<\/p>\n<p>Derzeit z\u00e4hlt unsere bunte Gruppe rund 30 engagierte Mitglieder, die zu allererst in den Gottesdiensten unserem Pfarrer, Pater Josef und unserem Kaplan, Pater Norbert flei\u00dfig zur Hand gehen. Sonntags &#8211; und Festgottesdienste, Hochzeiten und Beerdigungen \u00ad- immer und \u00fcberall sind wir dabei und gerne zum Dienst am Altar bereit. Von der Gabenbereitung, \u00fcber Akolyten, bis hin zum Weihrauch &#8211; was w\u00fcrden die beiden wohl ohne uns machen?<\/p>\n<p>Doch jeder muss erstmal eingearbeitet werden in die ehrenvolle Aufgabe eines Ministranten und einer Ministrantin. Und \u00dcbung macht bekanntlich den Meister. Dazu gibt es bei uns jeden Monat eine Ministunde, wie wir sie nennen.<\/p>\n<p>Da zu unserer Pfarrei auch ein Kloster geh\u00f6rt, gibt es neben den Pfarr-auch Konventgottesdienste und Pontifikal\u00e4mter. Zu diesen Anl\u00e4ssen d\u00fcrfen wir Ministranten besondere Aufgaben, wie zum Beispiel Stab und Mitra, \u00fcbernehmen. Das gibt es nicht \u00fcberall!<\/p>\n<p>Ganz wichtig ist, dass es bei uns nicht nur ums Lernen und Proben geht. F\u00fcr Spa\u00df ist bei vielen gemeinsamen Aktionen auch gesorgt. Zu den Highlights geh\u00f6ren unsere Ausfl\u00fcge und unsere allj\u00e4hrliche Weihnachtsfeier. Aber auch ein Osterfr\u00fchst\u00fcck, gemeinsames Kerzenbasteln und Pl\u00e4tzchenbacken und Filmenachmittage d\u00fcrfen nicht fehlen. Auch Spielenachmittage und Wochenendausfl\u00fcge stehen auf unserem Freizeitprogramm.<\/p>\n<p>Seid ihr neugierig geworden und wollt bei uns mitmachen? Dann ruft ganz einfach im Pfarrb\u00fcro zu den B\u00fcrozeiten (Dienstag 14.00 Uhr bis 16.00 Uhr, Mittwoch 14.00 Uhr bis 16.00 Uhr, Freitag 9.00 Uhr bis 11.00 Uhr) an (Tel.: 0991\/90926) oder schickt eine E-Mail an: <a href=\"mailto:metten@bistum-regensburg.de\">metten@bistum-regensburg.de<\/a><\/p>\n<p>&nbsp;<\/p>\n<p>Wir freuen uns auf euch!<\/p>\n<p>&nbsp;<\/p>\n<p>Eure,<\/p>\n<p>Ministranten<\/p>\n","protected":false},"excerpt":{"rendered":"<p>Ministranten Mettener Ministranten &nbsp; &nbsp; Hallo und herzlich willkommen! Wir, die Ministranten der Pfarrei St. Michael und der Filiale St. Peter und Paul Berg, sind diejenigen, ohne die ein Gottesdienst wohl nicht das Gleiche w\u00e4re. Wir sind ein wichtiger Teil der Pfarrgemeinde und stellen uns nun kurz vor. Derzeit z\u00e4hlt unsere bunte Gruppe rund 30 [&hellip;]<\/p>\n","protected":false},"author":5,"featured_media":0,"parent":9,"menu_order":5,"comment_status":"closed","ping_status":"closed","template":"","meta":{"footnotes":""},"class_list":["post-11779","page","type-page","status-publish","hentry"],"_links":{"self":[{"href":"https:\/\/www.kloster-metten.com\/index.php?rest_route=\/wp\/v2\/pages\/11779","targetHints":{"allow":["GET"]}}],"collection":[{"href":"https:\/\/www.kloster-metten.com\/index.php?rest_route=\/wp\/v2\/pages"}],"about":[{"href":"https:\/\/www.kloster-metten.com\/index.php?rest_route=\/wp\/v2\/types\/page"}],"author":[{"embeddable":true,"href":"https:\/\/www.kloster-metten.com\/index.php?rest_route=\/wp\/v2\/users\/5"}],"replies":[{"embeddable":true,"href":"https:\/\/www.kloster-metten.com\/index.php?rest_route=%2Fwp%2Fv2%2Fcomments&post=11779"}],"version-history":[{"count":23,"href":"https:\/\/www.kloster-metten.com\/index.php?rest_route=\/wp\/v2\/pages\/11779\/revisions"}],"predecessor-version":[{"id":48718,"href":"https:\/\/www.kloster-metten.com\/index.php?rest_route=\/wp\/v2\/pages\/11779\/revisions\/48718"}],"up":[{"embeddable":true,"href":"https:\/\/www.kloster-metten.com\/index.php?rest_route=\/wp\/v2\/pages\/9"}],"wp:attachment":[{"href":"https:\/\/www.kloster-metten.com\/index.php?rest_route=%2Fwp%2Fv2%2Fmedia&parent=11779"}],"curies":[{"name":"wp","href":"https:\/\/api.w.org\/{rel}","templated":true}]}}