{"id":11793,"date":"2018-10-02T22:23:33","date_gmt":"2018-10-02T20:23:33","guid":{"rendered":"http:\/\/www.kloster-metten.de\/?page_id=11793"},"modified":"2018-10-02T22:23:33","modified_gmt":"2018-10-02T20:23:33","slug":"benediktuskapelle","status":"publish","type":"page","link":"https:\/\/www.kloster-metten.com\/?page_id=11793","title":{"rendered":"Benediktuskapelle"},"content":{"rendered":"<a href=\"http:\/\/kloster-metten.de\/wp-content\/uploads\/2008\/09\/2_atk2991.jpg\"><img class=\"alignleft size-medium wp-image-1566\" title=\"2_atk2991\" src=\"http:\/\/kloster-metten.de\/wp-content\/uploads\/2008\/09\/2_atk2991-500x332.jpg\" alt=\"\" width=\"330\" height=\"219\" \/><\/a><h2>Benediktuskapelle<\/h2><p>In einem Seitentrakt des Kreuzgangs befindet sich die Benediktuskapelle. Hier versammeln sich die M\u00f6nche jeden Werktag um 5.50 Uhr zum morgendlichen Gottesdienst sowie abends um 19.30 Uhr zur Komplet.<\/p>\n<p>Die moderne, einfach gehaltene Werktagskapelle wurde 1998 eingerichtet und von dem Eggenfeldener K\u00fcnstler Joseph Michael Neustifter ausgestattet. Der Bildhauer, von dem unter anderem auch der Volksaltar f\u00fcr die Alte Kapelle in Regensburg sowie die Benedikts\u00e4ulen in Marktl am Inn und im Pr\u00e4latengarten in Metten stammen, ist bekannt f\u00fcr seine symboltr\u00e4chtigen Werke. Er gilt als ein Meister der sakralen Kunst.<\/p>\n<p><img class=\"alignleft size-medium wp-image-982\" title=\"_atk1281\" src=\"http:\/\/kloster-metten.de\/wp-content\/uploads\/2008\/09\/_atk1281-332x500.jpg\" alt=\"\" width=\"211\" height=\"318\" \/>Am Lesepult (Ambo), an dem seitlich auch das Vortragskreuz befestigt ist, hat Neustifter unterhalb der Buchablage den heiligen Wolfgang verewigt. Er ist der Patron der Di\u00f6zese Regensburg, auf deren Gebiet die Abtei Metten liegt. Offen sichtbar f\u00fcr die Gottesdienstbesucher ist dagegen die Emmaus-Erz\u00e4hlung dargestellt. Zu sehen sind die beiden J\u00fcnger, die sich nach den Ereignissen in Jerusalem auf dem Weg gemacht haben und noch immer betr\u00fcbt dar\u00fcber sind, dass Jesus den Kreuzestod sterben musste und nicht mehr unter ihnen ist.<\/p>\n<p>Ihre Fortsetzung findet die Geschichte im Tabernakel, den der K\u00fcnstler als ein aufgestelltes Totenbrett mit integriertem Ewigen Licht angelegt hat. Dort, wo im Innersten das Allerheiligste, also die konsekrierten Hostien, aufbewahrt werden, ist auf den beiden Fl\u00fcgelt\u00fcren die Szene festgehalten, wie die Apostel mit Jesus zu Tisch sitzen. Er war ihnen unterwegs begegnet und hatte sie an die Worte ihres Herrn erinnert. Doch erst im Brechen des Brotes erkannten die J\u00fcnger ihn. In diesem Moment wurde ihnen bewusst, dass Jesus weiter unter ihnen ist.<\/p>\n<p>Der Altar beinhaltet dagegen Anspielungen auf die Benediktregel. So wird dort k\u00fcnstlerisch an die vier Grundaussagen des Ordensgr\u00fcnders erinnert: Der M\u00f6nch m\u00f6ge wachsam sein und h\u00f6ren, im Schweigen offen sein f\u00fcr Gott, Ma\u00df halten und die Demut pflegen.<\/p>\n<p>\r\n\t\t<style type='text\/css'>\r\n\t\t\t#gallery-1 {\r\n\t\t\t\tmargin: auto;\r\n\t\t\t}\r\n\t\t\t#gallery-1 .gallery-item {\r\n\t\t\t\tfloat: left;\r\n\t\t\t\tmargin-top: 10px;\r\n\t\t\t\ttext-align: center;\r\n\t\t\t\twidth: 33%;\r\n\t\t\t}\r\n\t\t\t#gallery-1 hr {\r\n\t\t\t\theight: 1px;\r\n\t\t\t}\r\n\t\t\t#gallery-1 .gallery-caption {\r\n\t\t\t\tmargin-left: 0;\r\n\t\t\t}\r\n\t\t\t\/* see gallery_shortcode() in wp-includes\/media.php *\/\r\n\t\t<\/style>\n\t\t<div id='gallery-1' class='gallery galleryid-11793 gallery-columns-3 gallery-size-thumbnail'><hr class='null'><dl class='gallery-item'>\r\n\t\t\t<dt class='gallery-icon portrait'>\r\n\t\t\t\t<a title=\"_atk3014\"  href='https:\/\/www.kloster-metten.com\/?attachment_id=1567'><img width=\"170\" height=\"115\" src=\"https:\/\/www.kloster-metten.com\/wp-content\/uploads\/2008\/09\/_atk3014-170x115.jpg\" class=\"attachment-thumbnail size-thumbnail\" alt=\"\" \/><\/a>\r\n\t\t\t<\/dt><\/dl><dl class='gallery-item'>\r\n\t\t\t<dt class='gallery-icon landscape'>\r\n\t\t\t\t<a title=\"_atk3012\"  href='https:\/\/www.kloster-metten.com\/?attachment_id=1569'><img width=\"170\" height=\"115\" src=\"https:\/\/www.kloster-metten.com\/wp-content\/uploads\/2008\/09\/_atk3012-170x115.jpg\" class=\"attachment-thumbnail size-thumbnail\" alt=\"\" \/><\/a>\r\n\t\t\t<\/dt><\/dl><dl class='gallery-item'>\r\n\t\t\t<dt class='gallery-icon portrait'>\r\n\t\t\t\t<a title=\"_atk3009\"  href='https:\/\/www.kloster-metten.com\/?attachment_id=1570'><img width=\"170\" height=\"115\" src=\"https:\/\/www.kloster-metten.com\/wp-content\/uploads\/2008\/09\/_atk3009-170x115.jpg\" class=\"attachment-thumbnail size-thumbnail\" alt=\"\" \/><\/a>\r\n\t\t\t<\/dt><\/dl><br style=\"clear: both\" \/><dl class='gallery-item'>\r\n\t\t\t<dt class='gallery-icon portrait'>\r\n\t\t\t\t<a title=\"_atk3008\"  href='https:\/\/www.kloster-metten.com\/?attachment_id=1571'><img width=\"170\" height=\"115\" src=\"https:\/\/www.kloster-metten.com\/wp-content\/uploads\/2008\/09\/_atk3008-170x115.jpg\" class=\"attachment-thumbnail size-thumbnail\" alt=\"\" \/><\/a>\r\n\t\t\t<\/dt><\/dl><dl class='gallery-item'>\r\n\t\t\t<dt class='gallery-icon portrait'>\r\n\t\t\t\t<a title=\"_atk3002\"  href='https:\/\/www.kloster-metten.com\/?attachment_id=1572'><img width=\"170\" height=\"115\" src=\"https:\/\/www.kloster-metten.com\/wp-content\/uploads\/2008\/09\/_atk3002-170x115.jpg\" class=\"attachment-thumbnail size-thumbnail\" alt=\"\" \/><\/a>\r\n\t\t\t<\/dt><\/dl><dl class='gallery-item'>\r\n\t\t\t<dt class='gallery-icon portrait'>\r\n\t\t\t\t<a title=\"_atk3000\"  href='https:\/\/www.kloster-metten.com\/?attachment_id=1573'><img width=\"170\" height=\"115\" src=\"https:\/\/www.kloster-metten.com\/wp-content\/uploads\/2008\/09\/_atk3000-170x115.jpg\" class=\"attachment-thumbnail size-thumbnail\" alt=\"\" \/><\/a>\r\n\t\t\t<\/dt><\/dl><br style=\"clear: both\" \/><dl class='gallery-item'>\r\n\t\t\t<dt class='gallery-icon portrait'>\r\n\t\t\t\t<a title=\"_atk3004\"  href='https:\/\/www.kloster-metten.com\/?attachment_id=1574'><img width=\"170\" height=\"115\" src=\"https:\/\/www.kloster-metten.com\/wp-content\/uploads\/2008\/09\/_atk3004-170x115.jpg\" class=\"attachment-thumbnail size-thumbnail\" alt=\"\" \/><\/a>\r\n\t\t\t<\/dt><\/dl><dl class='gallery-item'>\r\n\t\t\t<dt class='gallery-icon portrait'>\r\n\t\t\t\t<a title=\"_atk2997\"  href='https:\/\/www.kloster-metten.com\/?attachment_id=1575'><img width=\"170\" height=\"115\" src=\"https:\/\/www.kloster-metten.com\/wp-content\/uploads\/2008\/09\/_atk2997-170x115.jpg\" class=\"attachment-thumbnail size-thumbnail\" alt=\"\" \/><\/a>\r\n\t\t\t<\/dt><\/dl><dl class='gallery-item'>\r\n\t\t\t<dt class='gallery-icon landscape'>\r\n\t\t\t\t<a title=\"benkap1\"  href='https:\/\/www.kloster-metten.com\/?attachment_id=2900'><img width=\"170\" height=\"115\" src=\"https:\/\/www.kloster-metten.com\/wp-content\/uploads\/2008\/12\/benkap1-170x115.jpg\" class=\"attachment-thumbnail size-thumbnail\" alt=\"\" \/><\/a>\r\n\t\t\t<\/dt><\/dl><br style=\"clear: both\" \/><dl class='gallery-item'>\r\n\t\t\t<dt class='gallery-icon landscape'>\r\n\t\t\t\t<a title=\"_atk3013\"  href='https:\/\/www.kloster-metten.com\/?attachment_id=1568'><img width=\"170\" height=\"115\" src=\"https:\/\/www.kloster-metten.com\/wp-content\/uploads\/2008\/09\/_atk3013-170x115.jpg\" class=\"attachment-thumbnail size-thumbnail\" alt=\"\" \/><\/a>\r\n\t\t\t<\/dt><\/dl><dl class='gallery-item'>\r\n\t\t\t<dt class='gallery-icon landscape'>\r\n\t\t\t\t<a title=\"benkap2\"  href='https:\/\/www.kloster-metten.com\/?attachment_id=2901'><img width=\"170\" height=\"115\" src=\"https:\/\/www.kloster-metten.com\/wp-content\/uploads\/2008\/12\/benkap2-170x115.jpg\" class=\"attachment-thumbnail size-thumbnail\" alt=\"\" \/><\/a>\r\n\t\t\t<\/dt><\/dl><dl class='gallery-item'>\r\n\t\t\t<dt class='gallery-icon landscape'>\r\n\t\t\t\t<a title=\"benkap3\"  href='https:\/\/www.kloster-metten.com\/?attachment_id=2902'><img width=\"170\" height=\"115\" src=\"https:\/\/www.kloster-metten.com\/wp-content\/uploads\/2008\/12\/benkap3-170x115.jpg\" class=\"attachment-thumbnail size-thumbnail\" alt=\"\" \/><\/a>\r\n\t\t\t<\/dt><\/dl><br style=\"clear: both\" \/><dl class='gallery-item'>\r\n\t\t\t<dt class='gallery-icon landscape'>\r\n\t\t\t\t<a title=\"benkap4\"  href='https:\/\/www.kloster-metten.com\/?attachment_id=2903'><img width=\"170\" height=\"115\" src=\"https:\/\/www.kloster-metten.com\/wp-content\/uploads\/2008\/12\/benkap4-170x115.jpg\" class=\"attachment-thumbnail size-thumbnail\" alt=\"\" srcset=\"https:\/\/www.kloster-metten.com\/wp-content\/uploads\/2008\/12\/benkap4-170x115.jpg 170w, https:\/\/www.kloster-metten.com\/wp-content\/uploads\/2008\/12\/benkap4-500x338.jpg 500w, https:\/\/www.kloster-metten.com\/wp-content\/uploads\/2008\/12\/benkap4.jpg 559w\" sizes=\"(max-width: 170px) 100vw, 170px\" \/><\/a>\r\n\t\t\t<\/dt><\/dl><dl class='gallery-item'>\r\n\t\t\t<dt class='gallery-icon landscape'>\r\n\t\t\t\t<a title=\"benkap5\"  href='https:\/\/www.kloster-metten.com\/?attachment_id=2904'><img width=\"170\" height=\"115\" src=\"https:\/\/www.kloster-metten.com\/wp-content\/uploads\/2008\/12\/benkap5-170x115.jpg\" class=\"attachment-thumbnail size-thumbnail\" alt=\"\" \/><\/a>\r\n\t\t\t<\/dt><\/dl><dl class='gallery-item'>\r\n\t\t\t<dt class='gallery-icon landscape'>\r\n\t\t\t\t<a title=\"benkap6\"  href='https:\/\/www.kloster-metten.com\/?attachment_id=2905'><img width=\"170\" height=\"115\" src=\"https:\/\/www.kloster-metten.com\/wp-content\/uploads\/2008\/12\/benkap6-170x115.jpg\" class=\"attachment-thumbnail size-thumbnail\" alt=\"\" \/><\/a>\r\n\t\t\t<\/dt><\/dl><br style=\"clear: both\" \/>\r\n\t\t<\/div>\n<\/p>\n","protected":false},"excerpt":{"rendered":"<p>BenediktuskapelleIn einem Seitentrakt des Kreuzgangs befindet sich die Benediktuskapelle. Hier versammeln sich die M\u00f6nche jeden Werktag um 5.50 Uhr zum morgendlichen Gottesdienst sowie abends um 19.30 Uhr zur Komplet. Die moderne, einfach gehaltene Werktagskapelle wurde 1998 eingerichtet und von dem Eggenfeldener K\u00fcnstler Joseph Michael Neustifter ausgestattet. Der Bildhauer, von dem unter anderem auch der Volksaltar [&hellip;]<\/p>\n","protected":false},"author":5,"featured_media":0,"parent":11786,"menu_order":0,"comment_status":"closed","ping_status":"closed","template":"","meta":{"footnotes":""},"class_list":["post-11793","page","type-page","status-publish","hentry"],"_links":{"self":[{"href":"https:\/\/www.kloster-metten.com\/index.php?rest_route=\/wp\/v2\/pages\/11793","targetHints":{"allow":["GET"]}}],"collection":[{"href":"https:\/\/www.kloster-metten.com\/index.php?rest_route=\/wp\/v2\/pages"}],"about":[{"href":"https:\/\/www.kloster-metten.com\/index.php?rest_route=\/wp\/v2\/types\/page"}],"author":[{"embeddable":true,"href":"https:\/\/www.kloster-metten.com\/index.php?rest_route=\/wp\/v2\/users\/5"}],"replies":[{"embeddable":true,"href":"https:\/\/www.kloster-metten.com\/index.php?rest_route=%2Fwp%2Fv2%2Fcomments&post=11793"}],"version-history":[{"count":1,"href":"https:\/\/www.kloster-metten.com\/index.php?rest_route=\/wp\/v2\/pages\/11793\/revisions"}],"predecessor-version":[{"id":11794,"href":"https:\/\/www.kloster-metten.com\/index.php?rest_route=\/wp\/v2\/pages\/11793\/revisions\/11794"}],"up":[{"embeddable":true,"href":"https:\/\/www.kloster-metten.com\/index.php?rest_route=\/wp\/v2\/pages\/11786"}],"wp:attachment":[{"href":"https:\/\/www.kloster-metten.com\/index.php?rest_route=%2Fwp%2Fv2%2Fmedia&parent=11793"}],"curies":[{"name":"wp","href":"https:\/\/api.w.org\/{rel}","templated":true}]}}