{"id":11811,"date":"2018-10-03T10:13:57","date_gmt":"2018-10-03T08:13:57","guid":{"rendered":"http:\/\/www.kloster-metten.de\/?page_id=11811"},"modified":"2025-07-25T11:44:48","modified_gmt":"2025-07-25T09:44:48","slug":"impressum","status":"publish","type":"page","link":"https:\/\/www.kloster-metten.com\/?page_id=11811","title":{"rendered":"Impressum"},"content":{"rendered":"<h2>Impressum<\/h2><h3>Herausgeber<\/h3>\n<p>Katholisches Pfarramt Metten<br \/>\nSt. Michael<br \/>\nAbteistr. 2a<br \/>\n94526 Metten<br \/>\nTel. (09 91) 90 92 6<br \/>\nFax (09 91) 99 59 42 6<br \/>\n<a href=\"mailto:metten@bistum-regensburg.de\">metten@bistum-regensburg.de<\/a><\/p>\n<p><strong>Pfarrer:<br \/>\n<\/strong>P. Gregor Schuller: (0991) 9108-118<\/p>\n<h3>Konzeption, Gestaltung und Realisation<\/h3>\n<p>Atelier Thomas Klinger<br \/>\nBavariaring 15<br \/>\n80336 M\u00fcnchen<br \/>\nTelefon 089 \/ 53 29 77 70<\/p>\n<p>Raum lll<br \/>\nPasingerstrasse 2<br \/>\n82152 Planegg<br \/>\nTelefon 089 \/ 85 21 51<br \/>\n<a href=\"http:\/\/www.florianstuermer.de\" target=\"_blank\" rel=\"noopener\">www.florianstuermer.de<\/a><\/p>\n<p>Konzeption und Gestaltung: Florian St\u00fcrmer, P. Thomas Winter<br \/>\nProgrammierung: Michael Amarotico<br \/>\nPhotos: Thomas Klinger, P. Thomas Winter<\/p>\n<h3>Erkl\u00e4rung zum Datenschutz<\/h3>\n<p>Die Sicherheit von Daten im Internet wird von der Pfarrei Metten sehr ernst genommen. Wir halten uns an die gesetzlichen Datenschutzbestimmungen und nutzen Ihre Daten nur f\u00fcr Zwecke, zu denen Sie uns berechtigt haben. Die erhobenen Daten werden ausschlie\u00dflich zur sachgem\u00e4\u00dfen Abwicklung Ihrer Anfragen und zu unserer eigenen unpersonalisierten statistischen Jahresauswertung verwendet.<\/p>\n<p>Die Pfarrei Metten erstellt keine personalisierten Nutzungsprofile und erfasst keine anderen als die von Ihnen in den entsprechenden Masken eingegebenen Daten. Sie k\u00f6nnen aber auch jederzeit kostenlos Auskunft erhalten, welche Daten wir von Ihnen erfasst haben oder die unverz\u00fcgliche und vollst\u00e4ndige L\u00f6schung der Daten w\u00fcnschen. Richten Sie die entsprechende Anfrage bitte an die Pfarrei Metten.<\/p>\n<p>Unser Angebot umfasst Verweise (Links) zu anderen Angeboten im Internet. Die auf den gelinkten Seiten wiedergegebenen Tatsachenbehauptungen und Meinungs\u00e4u\u00dferungen liegen in der alleinigen Verantwortung der jeweiligen Autoren und geben nicht zwingend unsere Meinung wieder. Durch das Urteil vom 12. Mai 1998 \u00bbHaftung f\u00fcr Links\u00ab (312 O 85\/98) hat das Landesgericht Hamburg eindeutig entschieden, dass man durch die Anbringung eines Links die Inhalte der gelinkten Seite ggf. mit zu verantworten hat, also haftbar gemacht werden kann. Dies kann nur dadurch verhindert werden, indem man sich ausdr\u00fccklich von diesen Inhalten distanziert.<\/p>\n<p>Die Pfarrei Metten distanziert sich hiermit ausdr\u00fccklich von allen Inhalten s\u00e4mtlicher gelinkter Seiten auf www.kloster-metten.de und verweist darauf, dass sie weder Einfluss auf Gestaltung und Inhalte der gelinkten Seiten hat, noch sich diese Inhalte zu eigen macht.<\/p>\n","protected":false},"excerpt":{"rendered":"<p>ImpressumHerausgeber Katholisches Pfarramt Metten St. Michael Abteistr. 2a 94526 Metten Tel. (09 91) 90 92 6 Fax (09 91) 99 59 42 6 metten@bistum-regensburg.de Pfarrer: P. Gregor Schuller: (0991) 9108-118 Konzeption, Gestaltung und Realisation Atelier Thomas Klinger Bavariaring 15 80336 M\u00fcnchen Telefon 089 \/ 53 29 77 70 Raum lll Pasingerstrasse 2 82152 Planegg Telefon [&hellip;]<\/p>\n","protected":false},"author":5,"featured_media":0,"parent":9,"menu_order":100,"comment_status":"closed","ping_status":"closed","template":"","meta":{"footnotes":""},"class_list":["post-11811","page","type-page","status-publish","hentry"],"_links":{"self":[{"href":"https:\/\/www.kloster-metten.com\/index.php?rest_route=\/wp\/v2\/pages\/11811","targetHints":{"allow":["GET"]}}],"collection":[{"href":"https:\/\/www.kloster-metten.com\/index.php?rest_route=\/wp\/v2\/pages"}],"about":[{"href":"https:\/\/www.kloster-metten.com\/index.php?rest_route=\/wp\/v2\/types\/page"}],"author":[{"embeddable":true,"href":"https:\/\/www.kloster-metten.com\/index.php?rest_route=\/wp\/v2\/users\/5"}],"replies":[{"embeddable":true,"href":"https:\/\/www.kloster-metten.com\/index.php?rest_route=%2Fwp%2Fv2%2Fcomments&post=11811"}],"version-history":[{"count":9,"href":"https:\/\/www.kloster-metten.com\/index.php?rest_route=\/wp\/v2\/pages\/11811\/revisions"}],"predecessor-version":[{"id":49348,"href":"https:\/\/www.kloster-metten.com\/index.php?rest_route=\/wp\/v2\/pages\/11811\/revisions\/49348"}],"up":[{"embeddable":true,"href":"https:\/\/www.kloster-metten.com\/index.php?rest_route=\/wp\/v2\/pages\/9"}],"wp:attachment":[{"href":"https:\/\/www.kloster-metten.com\/index.php?rest_route=%2Fwp%2Fv2%2Fmedia&parent=11811"}],"curies":[{"name":"wp","href":"https:\/\/api.w.org\/{rel}","templated":true}]}}