{"id":11830,"date":"2018-10-15T23:01:30","date_gmt":"2018-10-15T21:01:30","guid":{"rendered":"http:\/\/www.kloster-metten.de\/?page_id=11830"},"modified":"2019-10-28T11:16:47","modified_gmt":"2019-10-28T10:16:47","slug":"musikfest-der-gymnasien-in-niederbayern","status":"publish","type":"page","link":"https:\/\/www.kloster-metten.com\/?page_id=11830","title":{"rendered":"Musikfest der Gymnasien in Niederbayern"},"content":{"rendered":"<a href=\"https:\/\/www.kloster-metten.com\/wp-content\/uploads\/2018\/10\/PA086363_.jpg\"><img loading=\"lazy\" decoding=\"async\" class=\"size-medium wp-image-11837 alignnone\" title=\"PA086363_\" src=\"https:\/\/www.kloster-metten.com\/wp-content\/uploads\/2018\/10\/PA086363_-500x334.jpg\" alt=\"\" width=\"500\" height=\"334\" srcset=\"https:\/\/www.kloster-metten.com\/wp-content\/uploads\/2018\/10\/PA086363_-500x334.jpg 500w, https:\/\/www.kloster-metten.com\/wp-content\/uploads\/2018\/10\/PA086363_-170x115.jpg 170w, https:\/\/www.kloster-metten.com\/wp-content\/uploads\/2018\/10\/PA086363_-768x512.jpg 768w, https:\/\/www.kloster-metten.com\/wp-content\/uploads\/2018\/10\/PA086363_-1024x683.jpg 1024w, https:\/\/www.kloster-metten.com\/wp-content\/uploads\/2018\/10\/PA086363_.jpg 1382w\" sizes=\"auto, (max-width: 500px) 100vw, 500px\" \/><\/a><h2>Musikfest der Gymnasien in Niederbayern<\/h2><p><\/p>\n<p>Zw\u00f6lf niederbayerische Gymnasien trafen sich am 8. Oktober 2018 zu einem Musikfest in den R\u00e4umen unseres St.-Michaels-Gymnasiums. Nach der Begr\u00fc\u00dfung durch Schulleiter P. Erhard Hinrainer OSB und den Bayerischen Staatsminister f\u00fcr Unterricht und Kultus, Herrn Bernd Sibler gestalteten verschiedene Ensembles aus den Gymnasien in Bogen, Deggendorf, Dingolfing, Niederalteich, Passau, Straubing, Untergriesbach, Viechtach, Vilshofen, Zwiesel und Metten einen kurzweiligen musikalischen Abend im Festsaal, im Alten Kinosaal im Wittelsbachersaal, im Sudhaus und in der Turnhalle.<\/p>\n\r\n\t\t<style type='text\/css'>\r\n\t\t\t#gallery-1 {\r\n\t\t\t\tmargin: auto;\r\n\t\t\t}\r\n\t\t\t#gallery-1 .gallery-item {\r\n\t\t\t\tfloat: left;\r\n\t\t\t\tmargin-top: 10px;\r\n\t\t\t\ttext-align: center;\r\n\t\t\t\twidth: 33%;\r\n\t\t\t}\r\n\t\t\t#gallery-1 hr {\r\n\t\t\t\theight: 1px;\r\n\t\t\t}\r\n\t\t\t#gallery-1 .gallery-caption {\r\n\t\t\t\tmargin-left: 0;\r\n\t\t\t}\r\n\t\t\t\/* see gallery_shortcode() in wp-includes\/media.php *\/\r\n\t\t<\/style>\n\t\t<div id='gallery-1' class='gallery galleryid-11830 gallery-columns-3 gallery-size-thumbnail'><hr class='null'><dl class='gallery-item'>\r\n\t\t\t<dt class='gallery-icon landscape'>\r\n\t\t\t\t<a title=\"PA086374_\"  href='https:\/\/www.kloster-metten.com\/?attachment_id=11840'><img loading=\"lazy\" decoding=\"async\" width=\"170\" height=\"115\" src=\"https:\/\/www.kloster-metten.com\/wp-content\/uploads\/2018\/10\/PA086374_-170x115.jpg\" class=\"attachment-thumbnail size-thumbnail\" alt=\"\" \/><\/a>\r\n\t\t\t<\/dt><\/dl><dl class='gallery-item'>\r\n\t\t\t<dt class='gallery-icon landscape'>\r\n\t\t\t\t<a title=\"PA086371_\"  href='https:\/\/www.kloster-metten.com\/?attachment_id=11839'><img loading=\"lazy\" decoding=\"async\" width=\"170\" height=\"115\" src=\"https:\/\/www.kloster-metten.com\/wp-content\/uploads\/2018\/10\/PA086371_-170x115.jpg\" class=\"attachment-thumbnail size-thumbnail\" alt=\"\" srcset=\"https:\/\/www.kloster-metten.com\/wp-content\/uploads\/2018\/10\/PA086371_-170x115.jpg 170w, https:\/\/www.kloster-metten.com\/wp-content\/uploads\/2018\/10\/PA086371_-500x334.jpg 500w\" sizes=\"auto, (max-width: 170px) 100vw, 170px\" \/><\/a>\r\n\t\t\t<\/dt><\/dl><dl class='gallery-item'>\r\n\t\t\t<dt class='gallery-icon landscape'>\r\n\t\t\t\t<a title=\"PA086368_\"  href='https:\/\/www.kloster-metten.com\/?attachment_id=11838'><img loading=\"lazy\" decoding=\"async\" width=\"170\" height=\"115\" src=\"https:\/\/www.kloster-metten.com\/wp-content\/uploads\/2018\/10\/PA086368_-170x115.jpg\" class=\"attachment-thumbnail size-thumbnail\" alt=\"\" \/><\/a>\r\n\t\t\t<\/dt><\/dl><br style=\"clear: both\" \/><dl class='gallery-item'>\r\n\t\t\t<dt class='gallery-icon landscape'>\r\n\t\t\t\t<a title=\"PA086362_\"  href='https:\/\/www.kloster-metten.com\/?attachment_id=11836'><img loading=\"lazy\" decoding=\"async\" width=\"170\" height=\"115\" src=\"https:\/\/www.kloster-metten.com\/wp-content\/uploads\/2018\/10\/PA086362_-170x115.jpg\" class=\"attachment-thumbnail size-thumbnail\" alt=\"\" \/><\/a>\r\n\t\t\t<\/dt><\/dl><dl class='gallery-item'>\r\n\t\t\t<dt class='gallery-icon landscape'>\r\n\t\t\t\t<a title=\"PA086353_\"  href='https:\/\/www.kloster-metten.com\/?attachment_id=11835'><img loading=\"lazy\" decoding=\"async\" width=\"170\" height=\"115\" src=\"https:\/\/www.kloster-metten.com\/wp-content\/uploads\/2018\/10\/PA086353_-170x115.jpg\" class=\"attachment-thumbnail size-thumbnail\" alt=\"\" srcset=\"https:\/\/www.kloster-metten.com\/wp-content\/uploads\/2018\/10\/PA086353_-170x115.jpg 170w, https:\/\/www.kloster-metten.com\/wp-content\/uploads\/2018\/10\/PA086353_-500x334.jpg 500w\" sizes=\"auto, (max-width: 170px) 100vw, 170px\" \/><\/a>\r\n\t\t\t<\/dt><\/dl><dl class='gallery-item'>\r\n\t\t\t<dt class='gallery-icon landscape'>\r\n\t\t\t\t<a title=\"PA086336_\"  href='https:\/\/www.kloster-metten.com\/?attachment_id=11834'><img loading=\"lazy\" decoding=\"async\" width=\"170\" height=\"115\" src=\"https:\/\/www.kloster-metten.com\/wp-content\/uploads\/2018\/10\/PA086336_-170x115.jpg\" class=\"attachment-thumbnail size-thumbnail\" alt=\"\" srcset=\"https:\/\/www.kloster-metten.com\/wp-content\/uploads\/2018\/10\/PA086336_-170x115.jpg 170w, https:\/\/www.kloster-metten.com\/wp-content\/uploads\/2018\/10\/PA086336_-500x334.jpg 500w\" sizes=\"auto, (max-width: 170px) 100vw, 170px\" \/><\/a>\r\n\t\t\t<\/dt><\/dl><br style=\"clear: both\" \/><dl class='gallery-item'>\r\n\t\t\t<dt class='gallery-icon landscape'>\r\n\t\t\t\t<a title=\"PA086330_\"  href='https:\/\/www.kloster-metten.com\/?attachment_id=11833'><img loading=\"lazy\" decoding=\"async\" width=\"170\" height=\"115\" src=\"https:\/\/www.kloster-metten.com\/wp-content\/uploads\/2018\/10\/PA086330_-170x115.jpg\" class=\"attachment-thumbnail size-thumbnail\" alt=\"\" srcset=\"https:\/\/www.kloster-metten.com\/wp-content\/uploads\/2018\/10\/PA086330_-170x115.jpg 170w, https:\/\/www.kloster-metten.com\/wp-content\/uploads\/2018\/10\/PA086330_-500x334.jpg 500w\" sizes=\"auto, (max-width: 170px) 100vw, 170px\" \/><\/a>\r\n\t\t\t<\/dt><\/dl><dl class='gallery-item'>\r\n\t\t\t<dt class='gallery-icon landscape'>\r\n\t\t\t\t<a title=\"PA086328_\"  href='https:\/\/www.kloster-metten.com\/?attachment_id=11832'><img loading=\"lazy\" decoding=\"async\" width=\"170\" height=\"115\" src=\"https:\/\/www.kloster-metten.com\/wp-content\/uploads\/2018\/10\/PA086328_-170x115.jpg\" class=\"attachment-thumbnail size-thumbnail\" alt=\"\" srcset=\"https:\/\/www.kloster-metten.com\/wp-content\/uploads\/2018\/10\/PA086328_-170x115.jpg 170w, https:\/\/www.kloster-metten.com\/wp-content\/uploads\/2018\/10\/PA086328_-500x334.jpg 500w\" sizes=\"auto, (max-width: 170px) 100vw, 170px\" \/><\/a>\r\n\t\t\t<\/dt><\/dl><dl class='gallery-item'>\r\n\t\t\t<dt class='gallery-icon landscape'>\r\n\t\t\t\t<a title=\"PA086283_\"  href='https:\/\/www.kloster-metten.com\/?attachment_id=11831'><img loading=\"lazy\" decoding=\"async\" width=\"170\" height=\"115\" src=\"https:\/\/www.kloster-metten.com\/wp-content\/uploads\/2018\/10\/PA086283_-170x115.jpg\" class=\"attachment-thumbnail size-thumbnail\" alt=\"\" \/><\/a>\r\n\t\t\t<\/dt><\/dl><br style=\"clear: both\" \/>\r\n\t\t<\/div>\n\n<p>&nbsp;<\/p>\n","protected":false},"excerpt":{"rendered":"<p>Musikfest der Gymnasien in Niederbayern Zw\u00f6lf niederbayerische Gymnasien trafen sich am 8. Oktober 2018 zu einem Musikfest in den R\u00e4umen unseres St.-Michaels-Gymnasiums. Nach der Begr\u00fc\u00dfung durch Schulleiter P. Erhard Hinrainer OSB und den Bayerischen Staatsminister f\u00fcr Unterricht und Kultus, Herrn Bernd Sibler gestalteten verschiedene Ensembles aus den Gymnasien in Bogen, Deggendorf, Dingolfing, Niederalteich, Passau, Straubing, [&hellip;]<\/p>\n","protected":false},"author":5,"featured_media":0,"parent":12589,"menu_order":45,"comment_status":"closed","ping_status":"closed","template":"","meta":{"footnotes":""},"class_list":["post-11830","page","type-page","status-publish","hentry"],"_links":{"self":[{"href":"https:\/\/www.kloster-metten.com\/index.php?rest_route=\/wp\/v2\/pages\/11830","targetHints":{"allow":["GET"]}}],"collection":[{"href":"https:\/\/www.kloster-metten.com\/index.php?rest_route=\/wp\/v2\/pages"}],"about":[{"href":"https:\/\/www.kloster-metten.com\/index.php?rest_route=\/wp\/v2\/types\/page"}],"author":[{"embeddable":true,"href":"https:\/\/www.kloster-metten.com\/index.php?rest_route=\/wp\/v2\/users\/5"}],"replies":[{"embeddable":true,"href":"https:\/\/www.kloster-metten.com\/index.php?rest_route=%2Fwp%2Fv2%2Fcomments&post=11830"}],"version-history":[{"count":3,"href":"https:\/\/www.kloster-metten.com\/index.php?rest_route=\/wp\/v2\/pages\/11830\/revisions"}],"predecessor-version":[{"id":12695,"href":"https:\/\/www.kloster-metten.com\/index.php?rest_route=\/wp\/v2\/pages\/11830\/revisions\/12695"}],"up":[{"embeddable":true,"href":"https:\/\/www.kloster-metten.com\/index.php?rest_route=\/wp\/v2\/pages\/12589"}],"wp:attachment":[{"href":"https:\/\/www.kloster-metten.com\/index.php?rest_route=%2Fwp%2Fv2%2Fmedia&parent=11830"}],"curies":[{"name":"wp","href":"https:\/\/api.w.org\/{rel}","templated":true}]}}