{"id":11855,"date":"2018-10-29T11:25:03","date_gmt":"2018-10-29T10:25:03","guid":{"rendered":"http:\/\/www.kloster-metten.de\/?page_id=11855"},"modified":"2019-10-28T11:17:31","modified_gmt":"2019-10-28T10:17:31","slug":"eine-woche-voller-erlebnisse","status":"publish","type":"page","link":"https:\/\/www.kloster-metten.com\/?page_id=11855","title":{"rendered":"Eine Woche voller Erlebnisse"},"content":{"rendered":"<h2>Eine Woche voller Erlebnisse<\/h2><h4><strong><a href=\"https:\/\/www.kloster-metten.com\/wp-content\/uploads\/2018\/10\/SLH-2_.jpg\"><img loading=\"lazy\" decoding=\"async\" class=\"size-medium wp-image-11857 alignnone\" title=\"SLH 2_\" src=\"https:\/\/www.kloster-metten.com\/wp-content\/uploads\/2018\/10\/SLH-2_-500x323.jpg\" alt=\"\" width=\"500\" height=\"323\" srcset=\"https:\/\/www.kloster-metten.com\/wp-content\/uploads\/2018\/10\/SLH-2_-500x323.jpg 500w, https:\/\/www.kloster-metten.com\/wp-content\/uploads\/2018\/10\/SLH-2_-768x496.jpg 768w, https:\/\/www.kloster-metten.com\/wp-content\/uploads\/2018\/10\/SLH-2_-1024x661.jpg 1024w, https:\/\/www.kloster-metten.com\/wp-content\/uploads\/2018\/10\/SLH-2_.jpg 1294w\" sizes=\"auto, (max-width: 500px) 100vw, 500px\" \/><\/a><\/strong><\/h4>\n<h4>Kennenlerntage des St.-Michaels-Gymnasiums Metten<\/h4>\n<p>Mit gro\u00dfer Vorfreude, teilweise aber auch ein bisschen unsicher machten sich vergangenen Montag 78 F\u00fcnftkl\u00e4ssler des St.-Michaels-Gymnasiums Metten auf den Weg zu den Kennenlerntagen an den Hintersee. \u201eWas werde ich alles erleben? Wie werde ich eine Woche ohne Eltern zurecht kommen?\u201c, so mag sich der eine oder andere gefragt haben.<\/p>\n<p>In der Tat war es eine ereignisreiche Woche, in der die Kinder zusammen mit ihren Lehrkr\u00e4ften und den Tutoren unterhaltsame, aber auch lehrreiche Tage verbrachten.<\/p>\n<p>Denn es wurden nicht nur Wanderungen auf die Halsalm oder in den Zauberwald, sondern auch Ausfl\u00fcge ins Salzbergwerk Berchtesgaden und an den K\u00f6nigssee unternommen. Dar\u00fcber hinaus wurde gelesen, gesungen und gespielt. So vermissten die Sch\u00fclerinnen und Sch\u00fcler ihr Handy, das zu Hause geblieben war, gar nicht, es gab ja so viele Dinge \u201elive\u201c zu erleben. Wenn das Wetter zwischendurch einmal nicht so sch\u00f6n war, wurden die Kinder spielerisch \u00fcber Lerntechniken, Benimmregeln und Stressbew\u00e4ltigung informiert, auch f\u00fcr die Abende gab es genug Ablenkung, wie z.B. einen Kinoabend, eine Nachtwanderung und zu guter Letzt den \u201eBunten Abend\u201c, an dem man die Erlebnisse der Woche nochmal Revue passieren lie\u00df. Am Ende waren sich alle einig, dass diese Woche ein voller Erfolg gewesen war.<\/p>\n\r\n\t\t<style type='text\/css'>\r\n\t\t\t#gallery-1 {\r\n\t\t\t\tmargin: auto;\r\n\t\t\t}\r\n\t\t\t#gallery-1 .gallery-item {\r\n\t\t\t\tfloat: left;\r\n\t\t\t\tmargin-top: 10px;\r\n\t\t\t\ttext-align: center;\r\n\t\t\t\twidth: 33%;\r\n\t\t\t}\r\n\t\t\t#gallery-1 hr {\r\n\t\t\t\theight: 1px;\r\n\t\t\t}\r\n\t\t\t#gallery-1 .gallery-caption {\r\n\t\t\t\tmargin-left: 0;\r\n\t\t\t}\r\n\t\t\t\/* see gallery_shortcode() in wp-includes\/media.php *\/\r\n\t\t<\/style>\n\t\t<div id='gallery-1' class='gallery galleryid-11855 gallery-columns-3 gallery-size-thumbnail'><hr class='null'><dl class='gallery-item'>\r\n\t\t\t<dt class='gallery-icon landscape'>\r\n\t\t\t\t<a title=\"SLH 6\"  href='https:\/\/www.kloster-metten.com\/?attachment_id=11861'><img loading=\"lazy\" decoding=\"async\" width=\"170\" height=\"115\" src=\"https:\/\/www.kloster-metten.com\/wp-content\/uploads\/2018\/10\/SLH-6-170x115.jpg\" class=\"attachment-thumbnail size-thumbnail\" alt=\"\" \/><\/a>\r\n\t\t\t<\/dt><\/dl><dl class='gallery-item'>\r\n\t\t\t<dt class='gallery-icon landscape'>\r\n\t\t\t\t<a title=\"SLH 5_\"  href='https:\/\/www.kloster-metten.com\/?attachment_id=11860'><img loading=\"lazy\" decoding=\"async\" width=\"170\" height=\"115\" src=\"https:\/\/www.kloster-metten.com\/wp-content\/uploads\/2018\/10\/SLH-5_-170x115.jpg\" class=\"attachment-thumbnail size-thumbnail\" alt=\"\" \/><\/a>\r\n\t\t\t<\/dt><\/dl><dl class='gallery-item'>\r\n\t\t\t<dt class='gallery-icon landscape'>\r\n\t\t\t\t<a title=\"SLH 4_\"  href='https:\/\/www.kloster-metten.com\/?attachment_id=11859'><img loading=\"lazy\" decoding=\"async\" width=\"170\" height=\"115\" src=\"https:\/\/www.kloster-metten.com\/wp-content\/uploads\/2018\/10\/SLH-4_-170x115.jpg\" class=\"attachment-thumbnail size-thumbnail\" alt=\"\" \/><\/a>\r\n\t\t\t<\/dt><\/dl><br style=\"clear: both\" \/><dl class='gallery-item'>\r\n\t\t\t<dt class='gallery-icon landscape'>\r\n\t\t\t\t<a title=\"SLH 3_\"  href='https:\/\/www.kloster-metten.com\/?attachment_id=11858'><img loading=\"lazy\" decoding=\"async\" width=\"170\" height=\"115\" src=\"https:\/\/www.kloster-metten.com\/wp-content\/uploads\/2018\/10\/SLH-3_-170x115.jpg\" class=\"attachment-thumbnail size-thumbnail\" alt=\"\" \/><\/a>\r\n\t\t\t<\/dt><\/dl><dl class='gallery-item'>\r\n\t\t\t<dt class='gallery-icon landscape'>\r\n\t\t\t\t<a title=\"SLH 1_\"  href='https:\/\/www.kloster-metten.com\/?attachment_id=11856'><img loading=\"lazy\" decoding=\"async\" width=\"170\" height=\"115\" src=\"https:\/\/www.kloster-metten.com\/wp-content\/uploads\/2018\/10\/SLH-1_-170x115.jpg\" class=\"attachment-thumbnail size-thumbnail\" alt=\"\" \/><\/a>\r\n\t\t\t<\/dt><\/dl>\r\n\t\t\t<br style='clear: both' \/>\r\n\t\t<\/div>\n\n","protected":false},"excerpt":{"rendered":"<p>Eine Woche voller Erlebnisse Kennenlerntage des St.-Michaels-Gymnasiums Metten Mit gro\u00dfer Vorfreude, teilweise aber auch ein bisschen unsicher machten sich vergangenen Montag 78 F\u00fcnftkl\u00e4ssler des St.-Michaels-Gymnasiums Metten auf den Weg zu den Kennenlerntagen an den Hintersee. \u201eWas werde ich alles erleben? Wie werde ich eine Woche ohne Eltern zurecht kommen?\u201c, so mag sich der eine oder [&hellip;]<\/p>\n","protected":false},"author":5,"featured_media":0,"parent":12589,"menu_order":43,"comment_status":"closed","ping_status":"closed","template":"","meta":{"footnotes":""},"class_list":["post-11855","page","type-page","status-publish","hentry"],"_links":{"self":[{"href":"https:\/\/www.kloster-metten.com\/index.php?rest_route=\/wp\/v2\/pages\/11855","targetHints":{"allow":["GET"]}}],"collection":[{"href":"https:\/\/www.kloster-metten.com\/index.php?rest_route=\/wp\/v2\/pages"}],"about":[{"href":"https:\/\/www.kloster-metten.com\/index.php?rest_route=\/wp\/v2\/types\/page"}],"author":[{"embeddable":true,"href":"https:\/\/www.kloster-metten.com\/index.php?rest_route=\/wp\/v2\/users\/5"}],"replies":[{"embeddable":true,"href":"https:\/\/www.kloster-metten.com\/index.php?rest_route=%2Fwp%2Fv2%2Fcomments&post=11855"}],"version-history":[{"count":2,"href":"https:\/\/www.kloster-metten.com\/index.php?rest_route=\/wp\/v2\/pages\/11855\/revisions"}],"predecessor-version":[{"id":12696,"href":"https:\/\/www.kloster-metten.com\/index.php?rest_route=\/wp\/v2\/pages\/11855\/revisions\/12696"}],"up":[{"embeddable":true,"href":"https:\/\/www.kloster-metten.com\/index.php?rest_route=\/wp\/v2\/pages\/12589"}],"wp:attachment":[{"href":"https:\/\/www.kloster-metten.com\/index.php?rest_route=%2Fwp%2Fv2%2Fmedia&parent=11855"}],"curies":[{"name":"wp","href":"https:\/\/api.w.org\/{rel}","templated":true}]}}