{"id":11880,"date":"2018-11-05T22:36:49","date_gmt":"2018-11-05T21:36:49","guid":{"rendered":"http:\/\/www.kloster-metten.de\/?page_id=11880"},"modified":"2019-09-20T20:54:11","modified_gmt":"2019-09-20T18:54:11","slug":"naturwissenschaftliche-sommerakademie-der-basf-2018","status":"publish","type":"page","link":"https:\/\/www.kloster-metten.com\/?page_id=11880","title":{"rendered":"Naturwissenschaftliche Sommerakademie der BASF 2018"},"content":{"rendered":"<h2>Naturwissenschaftliche Sommerakademie der BASF 2018<\/h2><p><strong><u>vom 25.07. \u2013 03.08.2018<\/u><\/strong><\/p>\n<p>Am Mittwoch, den 25.07.2018, machte ich mich mit dem Zug auf den Weg nach Ludwigshafen am Rhein zum Hauptsitz der BASF SE, dem derzeit gr\u00f6\u00dften Chemiekonzern der Welt, um dort an einer eineinhalbw\u00f6chigen Sommerakademie teilzunehmen. Dort angekommen, habe ich mich mit den anderen 19 von der Deutschen Sch\u00fclerakademie sorgf\u00e4ltig ausgew\u00e4hlten Teilnehmern in einem B\u00fcrogeb\u00e4ude der BASF getroffen. Nach der Begr\u00fc\u00dfung wurden wir bei einem gemeinsamen Kennenlernen auch mit unserem Betreuer Dr. Joachim W\u00fcnn vertraut gemacht. Dieser erl\u00e4uterte uns im Anschluss wichtige Infos und den Zeitplan f\u00fcr die n\u00e4chsten eineinhalb Wochen. Zum Abschluss des Tages unternahmen wir eine ca. einst\u00fcndige Rundfahrt durch das 10 km\u00b2 gro\u00dfe Werksgel\u00e4nde und konnten so schon kleine Einblicke in erste Prozesse und Produktionsanlagen bekommen.<\/p>\n<p>Die n\u00e4chsten Tage waren mit zahlreichen Workshops wie dem Pr\u00e4sentations- und Argumentationstraining, mit Vortr\u00e4gen zum Thema \u201eStart in den Beruf bei BASF\u201c und mit Fachvortr\u00e4gen \u00fcber biologisch abbaubare Polymere, Stickstoff-Effizienz, Gentechnik, Agrarforschung sowie Bioinformatik gef\u00fcllt. Neben den wissenschaftlichen Einheiten kam auch das kulturelle Programm nicht zu kurz. Am Wochenende besichtigten wir die beiden St\u00e4dte Speyer und Heidelberg mit Dom-, Schloss- und Stadtf\u00fchrung sowie dem Besuch der Universit\u00e4t in Heidelberg, wo wir von Studenten einen exklusiven Einblick in das Chemiestudium erhielten.<\/p>\n<p>Die n\u00e4chste Woche startete erneut mit zahlreichen sehr interessanten Fach- und Experimentalvortr\u00e4gen \u00fcber \u201eMaterials for a better life\u201c, \u201e\u00dcberblick \u00fcber die Forschung der BASF\u201c sowie einem FAQ-Gespr\u00e4ch mit dem Personalleiter Dr. Hans Oberschulte \u00fcber Bewerbung und Karriere bei der BASF. An den Nachmittagen konnten wir selbstst\u00e4ndig experimentieren. So machten wir am Montag im Teens&#8216; Lab Oberstufe Chemie eine ganze Reihe an chemischen Versuchen zum Thema \u201eModerne Kunststoffe\u201c, und am Mittwoch standen im Teens&#8216; Lab Mittelstufe \u201eBiotechnologie\u201c und \u201eGentechnik\u201c auf der Tagesordnung. Mein pers\u00f6nliches Highlight dieser Akademie war die Betriebsbesichtigung der ecoflex\u00ae-Fabrik am Dienstag. Wir erfuhren dort von Dr. Jens-Uwe Schierholz, dem Betriebsleiter dieser Produktionsanlage, welche Produkte dort mit welchen Verfahren hergestellt werden, wie Verfahrenstechnik und Chemie mit Logistik und Betriebswirtschaft zusammenspielen und wie sich das riesige Werk mit \u00fcber 2800 km Rohrleitungen irgendwie von selbst steuert.<\/p>\n<p>Im Anschluss konnten wir im Rahmen des Schnuppervormittags einen direkten Einblick in die t\u00e4gliche Arbeit in den Bereichen Chemie, Biologie, Physik und Ingenieurwesen bei der BASF bekommen. Dabei teilten wir uns in kleine Gruppen auf und wurden dann f\u00fcr ein paar Stunden von den jeweiligen Mitarbeitern auf deren Arbeitsstelle mitgenommen und konnten so einen Einblick in den Arbeitsalltag eines Chemikers, Biologen und Ingenieurs erlangen. Begleitet wurde das bestens organisierte Programm von erstklassiger Verpflegung, durch Freizeitangebote in der N\u00e4he unseres Hotels sowie durch Abend- und Sportveranstaltungen.<\/p>\n<p>F\u00fcr mich pers\u00f6nlich war es wirklich eine sehr sch\u00f6ne Zeit und eine Erfahrung, die man nur einmal im Leben machen kann! Ich kann die Sommerakademie der BASF den Sch\u00fclern, die sich f\u00fcr die Bereiche Chemie, Biologie, Physik sowie Ingenieurwesen und Verfahrenstechnik interessieren, nur empfehlen.<\/p>\n<p>(Simon Weber, Q12)<\/p>\n","protected":false},"excerpt":{"rendered":"<p>Naturwissenschaftliche Sommerakademie der BASF 2018vom 25.07. \u2013 03.08.2018 Am Mittwoch, den 25.07.2018, machte ich mich mit dem Zug auf den Weg nach Ludwigshafen am Rhein zum Hauptsitz der BASF SE, dem derzeit gr\u00f6\u00dften Chemiekonzern der Welt, um dort an einer eineinhalbw\u00f6chigen Sommerakademie teilzunehmen. Dort angekommen, habe ich mich mit den anderen 19 von der Deutschen [&hellip;]<\/p>\n","protected":false},"author":5,"featured_media":0,"parent":12589,"menu_order":44,"comment_status":"closed","ping_status":"closed","template":"","meta":{"footnotes":""},"class_list":["post-11880","page","type-page","status-publish","hentry"],"_links":{"self":[{"href":"https:\/\/www.kloster-metten.com\/index.php?rest_route=\/wp\/v2\/pages\/11880","targetHints":{"allow":["GET"]}}],"collection":[{"href":"https:\/\/www.kloster-metten.com\/index.php?rest_route=\/wp\/v2\/pages"}],"about":[{"href":"https:\/\/www.kloster-metten.com\/index.php?rest_route=\/wp\/v2\/types\/page"}],"author":[{"embeddable":true,"href":"https:\/\/www.kloster-metten.com\/index.php?rest_route=\/wp\/v2\/users\/5"}],"replies":[{"embeddable":true,"href":"https:\/\/www.kloster-metten.com\/index.php?rest_route=%2Fwp%2Fv2%2Fcomments&post=11880"}],"version-history":[{"count":2,"href":"https:\/\/www.kloster-metten.com\/index.php?rest_route=\/wp\/v2\/pages\/11880\/revisions"}],"predecessor-version":[{"id":12614,"href":"https:\/\/www.kloster-metten.com\/index.php?rest_route=\/wp\/v2\/pages\/11880\/revisions\/12614"}],"up":[{"embeddable":true,"href":"https:\/\/www.kloster-metten.com\/index.php?rest_route=\/wp\/v2\/pages\/12589"}],"wp:attachment":[{"href":"https:\/\/www.kloster-metten.com\/index.php?rest_route=%2Fwp%2Fv2%2Fmedia&parent=11880"}],"curies":[{"name":"wp","href":"https:\/\/api.w.org\/{rel}","templated":true}]}}