{"id":119,"date":"2008-08-11T16:42:27","date_gmt":"2008-08-11T14:42:27","guid":{"rendered":"http:\/\/kloster-metten.de\/?page_id=119"},"modified":"2008-08-11T16:42:27","modified_gmt":"2008-08-11T14:42:27","slug":"arbeitsbereiche","status":"publish","type":"page","link":"https:\/\/www.kloster-metten.com\/?page_id=119","title":{"rendered":"Arbeitsbereiche"},"content":{"rendered":"<a href=\"http:\/\/kloster-metten.de\/wp-content\/uploads\/2008\/09\/_atk4731.jpg\"><img loading=\"lazy\" decoding=\"async\" class=\"alignleft size-medium wp-image-1276\" title=\"_atk4731\" src=\"http:\/\/kloster-metten.de\/wp-content\/uploads\/2008\/09\/_atk4731-500x332.jpg\" alt=\"\" width=\"300\" height=\"199\" srcset=\"https:\/\/www.kloster-metten.com\/wp-content\/uploads\/2008\/09\/_atk4731-500x332.jpg 500w, https:\/\/www.kloster-metten.com\/wp-content\/uploads\/2008\/09\/_atk4731.jpg 1000w\" sizes=\"auto, (max-width: 300px) 100vw, 300px\" \/><\/a><h2>Arbeitsbereiche<\/h2><p>Der Wechsel von Gebet und Arbeit gibt dem benediktinischen Leben die innere Dynamik. Es gibt ihm die Ausgeglichenheit, h\u00e4lt ab von der Flucht in Scheinwelten. Dabei werden die M\u00f6nche mit ganz unterschiedlichen Aufgaben betraut. Im Kloster Metten sind nat\u00fcrlich schon aus Traditionsgr\u00fcnden viele der Mitbr\u00fcder als Lehrer im ordenseigenen Gymnasium t\u00e4tig. Au\u00dferdem wirken sie in der Seelsorge. Zur Abtei geh\u00f6ren nach wie vor auch einige handwerkliche Betriebe. Die Aufgaben dort sind in den meisten F\u00e4llen heute jedoch weltlichen Mitarbeitern anvertraut. So bietet das Kloster mehr als 80 stabile Arbeitspl\u00e4tze.<\/p>\n","protected":false},"excerpt":{"rendered":"<p>ArbeitsbereicheDer Wechsel von Gebet und Arbeit gibt dem benediktinischen Leben die innere Dynamik. Es gibt ihm die Ausgeglichenheit, h\u00e4lt ab von der Flucht in Scheinwelten. Dabei werden die M\u00f6nche mit ganz unterschiedlichen Aufgaben betraut. Im Kloster Metten sind nat\u00fcrlich schon aus Traditionsgr\u00fcnden viele der Mitbr\u00fcder als Lehrer im ordenseigenen Gymnasium t\u00e4tig. Au\u00dferdem wirken sie in [&hellip;]<\/p>\n","protected":false},"author":5,"featured_media":0,"parent":13,"menu_order":4,"comment_status":"closed","ping_status":"closed","template":"","meta":{"footnotes":""},"class_list":["post-119","page","type-page","status-publish","hentry"],"_links":{"self":[{"href":"https:\/\/www.kloster-metten.com\/index.php?rest_route=\/wp\/v2\/pages\/119","targetHints":{"allow":["GET"]}}],"collection":[{"href":"https:\/\/www.kloster-metten.com\/index.php?rest_route=\/wp\/v2\/pages"}],"about":[{"href":"https:\/\/www.kloster-metten.com\/index.php?rest_route=\/wp\/v2\/types\/page"}],"author":[{"embeddable":true,"href":"https:\/\/www.kloster-metten.com\/index.php?rest_route=\/wp\/v2\/users\/5"}],"replies":[{"embeddable":true,"href":"https:\/\/www.kloster-metten.com\/index.php?rest_route=%2Fwp%2Fv2%2Fcomments&post=119"}],"version-history":[{"count":0,"href":"https:\/\/www.kloster-metten.com\/index.php?rest_route=\/wp\/v2\/pages\/119\/revisions"}],"up":[{"embeddable":true,"href":"https:\/\/www.kloster-metten.com\/index.php?rest_route=\/wp\/v2\/pages\/13"}],"wp:attachment":[{"href":"https:\/\/www.kloster-metten.com\/index.php?rest_route=%2Fwp%2Fv2%2Fmedia&parent=119"}],"curies":[{"name":"wp","href":"https:\/\/api.w.org\/{rel}","templated":true}]}}