{"id":11908,"date":"2018-11-19T08:40:11","date_gmt":"2018-11-19T07:40:11","guid":{"rendered":"http:\/\/www.kloster-metten.de\/?page_id=11908"},"modified":"2018-11-19T08:41:04","modified_gmt":"2018-11-19T07:41:04","slug":"ferienprogramm-tasting-an-der-th-deggendorf","status":"publish","type":"page","link":"https:\/\/www.kloster-metten.com\/?page_id=11908","title":{"rendered":"Ferienprogramm TastING an der TH Deggendorf"},"content":{"rendered":"<a href=\"https:\/\/www.kloster-metten.com\/wp-content\/uploads\/2018\/11\/08_InteraktiveSysteme_Roboter_2.jpg\"><img class=\"wp-image-11902 size-medium\" title=\"08_InteraktiveSysteme_Roboter_2\" src=\"https:\/\/www.kloster-metten.com\/wp-content\/uploads\/2018\/11\/08_InteraktiveSysteme_Roboter_2-500x484.jpg\" alt=\"\" width=\"500\" height=\"484\" \/><\/a><h2>Ferienprogramm TastING an der TH Deggendorf<\/h2><p><\/p>\n<p>An einer zweit\u00e4gigen Veranstaltung der Technischen Hochschule Deggendorf, die TastING (= Ingenieur\/in sein probieren) genannt wird, haben 6 Sch\u00fclerinnen und Sch\u00fcler des St.-Michaels-Gymnasiums in Metten w\u00e4hrend der Herbstferien im Schuljahr 2018\/19 teilgenommen. Im Rahmen dieses Ferienprogramms haben sie spannende Vorlesungen, interessante Lernpraktika, praktische Workshops in den Bereichen Software-Engineering, Sensorik, Roboter und Rhetorik besucht. Bei einem so genannten \u201eRound-Table-Dating\u201c mit Studierenden und Ingenieure\/-innen der TH Deggendorf und durch diverse pers\u00f6nliche Gespr\u00e4che bekamen sie zudem einen intensiven Einblick in den Studienalltag und das sp\u00e4tere Berufsleben. Des Weiteren durften sie die Werkstatt vom Rennstall \u201eFast Forest\u201c, welcher regelm\u00e4\u00dfig Preise in der Formula Student gewinnt, besichtigen. Letztlich rundete eine Art \u201eSchnupperstudium\u201c das Ferienprogramm TastlNG ab.<\/p>\n<p>Im Nachgespr\u00e4ch hat sich herausgestellt, dass den teilnehmenden Sch\u00fclerinnen und Sch\u00fcler im theoretischen Teil des Ferienprogramms der fachlich fundierte und mitrei\u00dfend pr\u00e4sentierte Vortrag von Herrn Prof. Peter Johann Schmieder mit dem Titel \u201eBastelst du noch, oder sprichst Du schon\u2026- Rhetorik f\u00fcr Ingenieure\u201c am besten gefallen hat.<\/p>\n<p>Beim praktischen Teil konnte die Vorstellung des Workshops \u201e\u201eSensorik-Praktikum: Testen von Sensoren (Kinect, Leap Motion) zur Steuerung von Spieleanwendungen\u201c aufgrund des Einblicks in die vielf\u00e4ltigen Verwendungsm\u00f6glichkeiten von Sensoren im Alltag die Teilnehmer am meisten \u00fcberzeugen.<\/p>\n<p>F\u00fcr die Zukunft ist zu hoffen, dass weiterhin Sch\u00fcler und Sch\u00fclerinnen Angebote dieser Art wahrnehmen und so auch die f\u00fcr beide Seiten gewinnbringende Zusammenarbeit zwischen dem St.-Michaels-Gymnasium Metten und der Technischen Hochschule Deggendorf vertieft wird.<\/p>\n<p>Verfasst von Jonas Raum im Namen der weiteren Teilnehmer: Mika Bachmeier, Pia Bachmeier, Stefan Michl, Simon Reimer, Paul Zauner<\/p>\n<p>\r\n\t\t<style type='text\/css'>\r\n\t\t\t#gallery-1 {\r\n\t\t\t\tmargin: auto;\r\n\t\t\t}\r\n\t\t\t#gallery-1 .gallery-item {\r\n\t\t\t\tfloat: left;\r\n\t\t\t\tmargin-top: 10px;\r\n\t\t\t\ttext-align: center;\r\n\t\t\t\twidth: 33%;\r\n\t\t\t}\r\n\t\t\t#gallery-1 hr {\r\n\t\t\t\theight: 1px;\r\n\t\t\t}\r\n\t\t\t#gallery-1 .gallery-caption {\r\n\t\t\t\tmargin-left: 0;\r\n\t\t\t}\r\n\t\t\t\/* see gallery_shortcode() in wp-includes\/media.php *\/\r\n\t\t<\/style>\n\t\t<div id='gallery-1' class='gallery galleryid-11908 gallery-columns-3 gallery-size-thumbnail'><hr class='null'><dl class='gallery-item'>\r\n\t\t\t<dt class='gallery-icon landscape'>\r\n\t\t\t\t<a title=\"Unbenannte Anlage 00013\"  href='https:\/\/www.kloster-metten.com\/?attachment_id=11906'><img width=\"170\" height=\"115\" src=\"https:\/\/www.kloster-metten.com\/wp-content\/uploads\/2018\/11\/Unbenannte-Anlage-00013-170x115.jpg\" class=\"attachment-thumbnail size-thumbnail\" alt=\"\" \/><\/a>\r\n\t\t\t<\/dt><\/dl><dl class='gallery-item'>\r\n\t\t\t<dt class='gallery-icon portrait'>\r\n\t\t\t\t<a title=\"11_Round-Table-Dating_2\"  href='https:\/\/www.kloster-metten.com\/?attachment_id=11905'><img width=\"170\" height=\"115\" src=\"https:\/\/www.kloster-metten.com\/wp-content\/uploads\/2018\/11\/11_Round-Table-Dating_2-170x115.jpg\" class=\"attachment-thumbnail size-thumbnail\" alt=\"\" \/><\/a>\r\n\t\t\t<\/dt><\/dl><dl class='gallery-item'>\r\n\t\t\t<dt class='gallery-icon landscape'>\r\n\t\t\t\t<a title=\"10_Round-Table-Dating\"  href='https:\/\/www.kloster-metten.com\/?attachment_id=11904'><img width=\"170\" height=\"115\" src=\"https:\/\/www.kloster-metten.com\/wp-content\/uploads\/2018\/11\/10_Round-Table-Dating-170x115.jpg\" class=\"attachment-thumbnail size-thumbnail\" alt=\"\" \/><\/a>\r\n\t\t\t<\/dt><\/dl><br style=\"clear: both\" \/><dl class='gallery-item'>\r\n\t\t\t<dt class='gallery-icon landscape'>\r\n\t\t\t\t<a title=\"09_Rhetorik_ProfSchmieder\"  href='https:\/\/www.kloster-metten.com\/?attachment_id=11903'><img width=\"170\" height=\"115\" src=\"https:\/\/www.kloster-metten.com\/wp-content\/uploads\/2018\/11\/09_Rhetorik_ProfSchmieder-170x115.jpg\" class=\"attachment-thumbnail size-thumbnail\" alt=\"\" \/><\/a>\r\n\t\t\t<\/dt><\/dl><dl class='gallery-item'>\r\n\t\t\t<dt class='gallery-icon landscape'>\r\n\t\t\t\t<a title=\"07_InteraktiveSysteme_Roboter_\"  href='https:\/\/www.kloster-metten.com\/?attachment_id=11901'><img width=\"170\" height=\"115\" src=\"https:\/\/www.kloster-metten.com\/wp-content\/uploads\/2018\/11\/07_InteraktiveSysteme_Roboter_-170x115.jpg\" class=\"attachment-thumbnail size-thumbnail\" alt=\"\" \/><\/a>\r\n\t\t\t<\/dt><\/dl><dl class='gallery-item'>\r\n\t\t\t<dt class='gallery-icon portrait'>\r\n\t\t\t\t<a title=\"06_InteraktiveSysteme_Roboter\"  href='https:\/\/www.kloster-metten.com\/?attachment_id=11900'><img width=\"170\" height=\"115\" src=\"https:\/\/www.kloster-metten.com\/wp-content\/uploads\/2018\/11\/06_InteraktiveSysteme_Roboter-170x115.jpg\" class=\"attachment-thumbnail size-thumbnail\" alt=\"\" \/><\/a>\r\n\t\t\t<\/dt><\/dl><br style=\"clear: both\" \/><dl class='gallery-item'>\r\n\t\t\t<dt class='gallery-icon landscape'>\r\n\t\t\t\t<a title=\"05_Galileoteleskop\"  href='https:\/\/www.kloster-metten.com\/?attachment_id=11899'><img width=\"170\" height=\"115\" src=\"https:\/\/www.kloster-metten.com\/wp-content\/uploads\/2018\/11\/05_Galileoteleskop-170x115.jpg\" class=\"attachment-thumbnail size-thumbnail\" alt=\"\" \/><\/a>\r\n\t\t\t<\/dt><\/dl><dl class='gallery-item'>\r\n\t\t\t<dt class='gallery-icon portrait'>\r\n\t\t\t\t<a title=\"04_FastForrest\"  href='https:\/\/www.kloster-metten.com\/?attachment_id=11898'><img width=\"170\" height=\"115\" src=\"https:\/\/www.kloster-metten.com\/wp-content\/uploads\/2018\/11\/04_FastForrest-170x115.jpg\" class=\"attachment-thumbnail size-thumbnail\" alt=\"\" \/><\/a>\r\n\t\t\t<\/dt><\/dl><dl class='gallery-item'>\r\n\t\t\t<dt class='gallery-icon landscape'>\r\n\t\t\t\t<a title=\"02_CAD_Programmierung\"  href='https:\/\/www.kloster-metten.com\/?attachment_id=11897'><img width=\"170\" height=\"115\" src=\"https:\/\/www.kloster-metten.com\/wp-content\/uploads\/2018\/11\/02_CAD_Programmierung-170x115.jpg\" class=\"attachment-thumbnail size-thumbnail\" alt=\"\" \/><\/a>\r\n\t\t\t<\/dt><\/dl><br style=\"clear: both\" \/><dl class='gallery-item'>\r\n\t\t\t<dt class='gallery-icon landscape'>\r\n\t\t\t\t<a title=\"01_Bau eines Galileoteleskops\"  href='https:\/\/www.kloster-metten.com\/?attachment_id=11896'><img width=\"170\" height=\"115\" src=\"https:\/\/www.kloster-metten.com\/wp-content\/uploads\/2018\/11\/01_Bau-eines-Galileoteleskops-170x115.jpg\" class=\"attachment-thumbnail size-thumbnail\" alt=\"\" \/><\/a>\r\n\t\t\t<\/dt><\/dl>\r\n\t\t\t<br style='clear: both' \/>\r\n\t\t<\/div>\n<\/p>\n<p>&nbsp;<\/p>\n","protected":false},"excerpt":{"rendered":"<p>Ferienprogramm TastING an der TH Deggendorf An einer zweit\u00e4gigen Veranstaltung der Technischen Hochschule Deggendorf, die TastING (= Ingenieur\/in sein probieren) genannt wird, haben 6 Sch\u00fclerinnen und Sch\u00fcler des St.-Michaels-Gymnasiums in Metten w\u00e4hrend der Herbstferien im Schuljahr 2018\/19 teilgenommen. Im Rahmen dieses Ferienprogramms haben sie spannende Vorlesungen, interessante Lernpraktika, praktische Workshops in den Bereichen Software-Engineering, Sensorik, [&hellip;]<\/p>\n","protected":false},"author":5,"featured_media":0,"parent":5394,"menu_order":-67,"comment_status":"closed","ping_status":"closed","template":"","meta":{"footnotes":""},"class_list":["post-11908","page","type-page","status-publish","hentry"],"_links":{"self":[{"href":"https:\/\/www.kloster-metten.com\/index.php?rest_route=\/wp\/v2\/pages\/11908","targetHints":{"allow":["GET"]}}],"collection":[{"href":"https:\/\/www.kloster-metten.com\/index.php?rest_route=\/wp\/v2\/pages"}],"about":[{"href":"https:\/\/www.kloster-metten.com\/index.php?rest_route=\/wp\/v2\/types\/page"}],"author":[{"embeddable":true,"href":"https:\/\/www.kloster-metten.com\/index.php?rest_route=\/wp\/v2\/users\/5"}],"replies":[{"embeddable":true,"href":"https:\/\/www.kloster-metten.com\/index.php?rest_route=%2Fwp%2Fv2%2Fcomments&post=11908"}],"version-history":[{"count":1,"href":"https:\/\/www.kloster-metten.com\/index.php?rest_route=\/wp\/v2\/pages\/11908\/revisions"}],"predecessor-version":[{"id":11909,"href":"https:\/\/www.kloster-metten.com\/index.php?rest_route=\/wp\/v2\/pages\/11908\/revisions\/11909"}],"up":[{"embeddable":true,"href":"https:\/\/www.kloster-metten.com\/index.php?rest_route=\/wp\/v2\/pages\/5394"}],"wp:attachment":[{"href":"https:\/\/www.kloster-metten.com\/index.php?rest_route=%2Fwp%2Fv2%2Fmedia&parent=11908"}],"curies":[{"name":"wp","href":"https:\/\/api.w.org\/{rel}","templated":true}]}}