{"id":11928,"date":"2018-11-25T20:52:01","date_gmt":"2018-11-25T19:52:01","guid":{"rendered":"http:\/\/www.kloster-metten.de\/?page_id=11928"},"modified":"2020-07-26T09:32:15","modified_gmt":"2020-07-26T07:32:15","slug":"sponsorenlauf","status":"publish","type":"page","link":"https:\/\/www.kloster-metten.com\/?page_id=11928","title":{"rendered":"Mehr als 30.000 \u20ac f\u00fcr einen guten Zweck \u2013 Herausragendes Engagement beim Sponsorenlauf"},"content":{"rendered":"<a href=\"https:\/\/www.kloster-metten.com\/wp-content\/uploads\/2018\/11\/SAM_3837_.jpg\"><img loading=\"lazy\" decoding=\"async\" class=\"alignnone wp-image-11938 size-medium\" title=\"SAM_3837_\" src=\"https:\/\/www.kloster-metten.com\/wp-content\/uploads\/2018\/11\/SAM_3837_-500x375.jpg\" alt=\"\" width=\"500\" height=\"375\" srcset=\"https:\/\/www.kloster-metten.com\/wp-content\/uploads\/2018\/11\/SAM_3837_-500x375.jpg 500w, https:\/\/www.kloster-metten.com\/wp-content\/uploads\/2018\/11\/SAM_3837_-768x576.jpg 768w, https:\/\/www.kloster-metten.com\/wp-content\/uploads\/2018\/11\/SAM_3837_-1024x768.jpg 1024w, https:\/\/www.kloster-metten.com\/wp-content\/uploads\/2018\/11\/SAM_3837_.jpg 1459w\" sizes=\"auto, (max-width: 500px) 100vw, 500px\" \/><\/a><h2>Mehr als 30.000 \u20ac f\u00fcr einen guten Zweck \u2013 Herausragendes Engagement beim Sponsorenlauf<\/h2><p><\/p>\n<p>Sportliche Aktivit\u00e4t und soziales Engagement standen gemeinsam auf dem Programm, als am 5. Oktober die Fachschaft Sport zum bisher vierten Sponsorenlauf an unserem Gymnasium aufrief. Im Vorfeld des Sponsorenlaufs hatte Herr Dr. G\u00fcck alle Sch\u00fclerinnen und Sch\u00fcler \u00fcber die Situation in Nepal und die Notwendigkeit von neuen Bildungseinrichtungen informiert.<\/p>\n<p>So setzten dann die Organisatoren auch alle Hebel in Bewegung, um die ganze Schulfamilie zum Mitwirken zu mobilisieren \u2013 als aktive Teilnehmer, Helfer und als Sponsoren, die f\u00fcr jede gelaufene Runde einen bestimmten Spendenbetrag zusagten.<\/p>\n<p>Am Tag des Laufs spielte dann auch das Wetter mit: Trotz etwas k\u00fchler Morgentemperatur wurde die Aktion bei strahlendem Sonnenschein ein voller Erfolg. Die gut 500 Meter lange Strecke, die im Laufen oder auch im Gehen zur\u00fcckzulegen war, lag an der Nordseite des Gymnasiums und f\u00fchrte an den Sportanlagen, der R\u00fcckseite des E-Werks und der Wetterstation vorbei. An zwei Stellen wurden die Laufkarten der Sportler gestempelt, die gut zwei Stunden Zeit hatten, um m\u00f6glichst viele Runden zu absolvieren.<\/p>\n<p>F\u00fcr die Mitwirkenden war in jeder Weise gesorgt: Der Sanit\u00e4tsdienst, der jedoch nicht ben\u00f6tigt wurde, drehte Kontrollrunden in der Gegenrichtung, es gab kostenlos Semmeln und Getr\u00e4nke, f\u00fcr die Stimmung sorgte Herr Sebastian Liebl, der die L\u00e4ufer unerm\u00fcdlich anfeuerte. Einen besonderen Ansporn zum Durchhalten boten Abt Wolfgang und P. Erhard, die gemeinsam mit den Sch\u00fclern und Lehrern ihre Runden drehten, auch Dr. G\u00fcck war unter den L\u00e4ufern. Als Publikum waren etliche Eltern gekommen, um ihre Spr\u00f6sslinge anzufeuern. Nach Ablauf der Zeit wurden die Sch\u00fcler, welche die meisten Runden geschafft hatten, ermittelt und mit Preisen belohnt. Die weiteste Strecke legte Florian Nickl, Klasse 9b, zur\u00fcck, der 51 Runden gelaufen war.<\/p>\n<p>So war der Sponsorenlauf von einer ausgesprochen positiven Atmosph\u00e4re gepr\u00e4gt und hatte durchaus den Charakter eines gemeinsamen Sportfestes, das noch dazu einem guten Zweck diente. Als Erl\u00f6s aus der Veranstaltung konnte Herrn Dr. G\u00fcck ein Scheck \u00fcber 30.076,42 \u20ac \u00fcberreicht werden. Ein herzliches \u201eVergelt\u2019s Gott\u201c gilt allen Mitwirkenden und Sponsoren, besonders aber der Fachschaft Sport unter der Leitung von Herrn Karg f\u00fcr die Organisation dieser sehr gelungenen Schulveranstaltung.<\/p>\n\r\n\t\t<style type='text\/css'>\r\n\t\t\t#gallery-1 {\r\n\t\t\t\tmargin: auto;\r\n\t\t\t}\r\n\t\t\t#gallery-1 .gallery-item {\r\n\t\t\t\tfloat: left;\r\n\t\t\t\tmargin-top: 10px;\r\n\t\t\t\ttext-align: center;\r\n\t\t\t\twidth: 33%;\r\n\t\t\t}\r\n\t\t\t#gallery-1 hr {\r\n\t\t\t\theight: 1px;\r\n\t\t\t}\r\n\t\t\t#gallery-1 .gallery-caption {\r\n\t\t\t\tmargin-left: 0;\r\n\t\t\t}\r\n\t\t\t\/* see gallery_shortcode() in wp-includes\/media.php *\/\r\n\t\t<\/style>\n\t\t<div id='gallery-1' class='gallery galleryid-11928 gallery-columns-3 gallery-size-thumbnail'><hr class='null'><dl class='gallery-item'>\r\n\t\t\t<dt class='gallery-icon portrait'>\r\n\t\t\t\t<a title=\"SAM_3110_\"  href='https:\/\/www.kloster-metten.com\/?attachment_id=11929'><img loading=\"lazy\" decoding=\"async\" width=\"170\" height=\"115\" src=\"https:\/\/www.kloster-metten.com\/wp-content\/uploads\/2018\/11\/SAM_3110_-170x115.jpg\" class=\"attachment-thumbnail size-thumbnail\" alt=\"\" \/><\/a>\r\n\t\t\t<\/dt><\/dl><dl class='gallery-item'>\r\n\t\t\t<dt class='gallery-icon portrait'>\r\n\t\t\t\t<a title=\"SAM_3117_\"  href='https:\/\/www.kloster-metten.com\/?attachment_id=11930'><img loading=\"lazy\" decoding=\"async\" width=\"170\" height=\"115\" src=\"https:\/\/www.kloster-metten.com\/wp-content\/uploads\/2018\/11\/SAM_3117_-170x115.jpg\" class=\"attachment-thumbnail size-thumbnail\" alt=\"\" \/><\/a>\r\n\t\t\t<\/dt><\/dl><dl class='gallery-item'>\r\n\t\t\t<dt class='gallery-icon portrait'>\r\n\t\t\t\t<a title=\"SAM_3101_\"  href='https:\/\/www.kloster-metten.com\/?attachment_id=11931'><img loading=\"lazy\" decoding=\"async\" width=\"170\" height=\"115\" src=\"https:\/\/www.kloster-metten.com\/wp-content\/uploads\/2018\/11\/SAM_3101_-170x115.jpg\" class=\"attachment-thumbnail size-thumbnail\" alt=\"\" \/><\/a>\r\n\t\t\t<\/dt><\/dl><br style=\"clear: both\" \/><dl class='gallery-item'>\r\n\t\t\t<dt class='gallery-icon portrait'>\r\n\t\t\t\t<a title=\"SAM_3079_\"  href='https:\/\/www.kloster-metten.com\/?attachment_id=11932'><img loading=\"lazy\" decoding=\"async\" width=\"170\" height=\"115\" src=\"https:\/\/www.kloster-metten.com\/wp-content\/uploads\/2018\/11\/SAM_3079_-170x115.jpg\" class=\"attachment-thumbnail size-thumbnail\" alt=\"\" \/><\/a>\r\n\t\t\t<\/dt><\/dl><dl class='gallery-item'>\r\n\t\t\t<dt class='gallery-icon landscape'>\r\n\t\t\t\t<a title=\"SAM_3084_\"  href='https:\/\/www.kloster-metten.com\/?attachment_id=11933'><img loading=\"lazy\" decoding=\"async\" width=\"170\" height=\"115\" src=\"https:\/\/www.kloster-metten.com\/wp-content\/uploads\/2018\/11\/SAM_3084_-170x115.jpg\" class=\"attachment-thumbnail size-thumbnail\" alt=\"\" \/><\/a>\r\n\t\t\t<\/dt><\/dl><dl class='gallery-item'>\r\n\t\t\t<dt class='gallery-icon landscape'>\r\n\t\t\t\t<a title=\"SAM_3114_\"  href='https:\/\/www.kloster-metten.com\/?attachment_id=11934'><img loading=\"lazy\" decoding=\"async\" width=\"170\" height=\"115\" src=\"https:\/\/www.kloster-metten.com\/wp-content\/uploads\/2018\/11\/SAM_3114_-170x115.jpg\" class=\"attachment-thumbnail size-thumbnail\" alt=\"\" \/><\/a>\r\n\t\t\t<\/dt><\/dl><br style=\"clear: both\" \/><dl class='gallery-item'>\r\n\t\t\t<dt class='gallery-icon landscape'>\r\n\t\t\t\t<a title=\"SAM_3066_\"  href='https:\/\/www.kloster-metten.com\/?attachment_id=11935'><img loading=\"lazy\" decoding=\"async\" width=\"170\" height=\"115\" src=\"https:\/\/www.kloster-metten.com\/wp-content\/uploads\/2018\/11\/SAM_3066_-170x115.jpg\" class=\"attachment-thumbnail size-thumbnail\" alt=\"\" \/><\/a>\r\n\t\t\t<\/dt><\/dl><dl class='gallery-item'>\r\n\t\t\t<dt class='gallery-icon landscape'>\r\n\t\t\t\t<a title=\"SAM_3057_\"  href='https:\/\/www.kloster-metten.com\/?attachment_id=11936'><img loading=\"lazy\" decoding=\"async\" width=\"170\" height=\"115\" src=\"https:\/\/www.kloster-metten.com\/wp-content\/uploads\/2018\/11\/SAM_3057_-170x115.jpg\" class=\"attachment-thumbnail size-thumbnail\" alt=\"\" \/><\/a>\r\n\t\t\t<\/dt><\/dl><dl class='gallery-item'>\r\n\t\t\t<dt class='gallery-icon landscape'>\r\n\t\t\t\t<a title=\"SAM_3052_\"  href='https:\/\/www.kloster-metten.com\/?attachment_id=11937'><img loading=\"lazy\" decoding=\"async\" width=\"170\" height=\"115\" src=\"https:\/\/www.kloster-metten.com\/wp-content\/uploads\/2018\/11\/SAM_3052_-170x115.jpg\" class=\"attachment-thumbnail size-thumbnail\" alt=\"\" \/><\/a>\r\n\t\t\t<\/dt><\/dl><br style=\"clear: both\" \/>\r\n\t\t<\/div>\n\n","protected":false},"excerpt":{"rendered":"<p>Mehr als 30.000 \u20ac f\u00fcr einen guten Zweck \u2013 Herausragendes Engagement beim Sponsorenlauf Sportliche Aktivit\u00e4t und soziales Engagement standen gemeinsam auf dem Programm, als am 5. Oktober die Fachschaft Sport zum bisher vierten Sponsorenlauf an unserem Gymnasium aufrief. Im Vorfeld des Sponsorenlaufs hatte Herr Dr. G\u00fcck alle Sch\u00fclerinnen und Sch\u00fcler \u00fcber die Situation in Nepal [&hellip;]<\/p>\n","protected":false},"author":5,"featured_media":0,"parent":12589,"menu_order":38,"comment_status":"closed","ping_status":"closed","template":"","meta":{"footnotes":""},"class_list":["post-11928","page","type-page","status-publish","hentry"],"_links":{"self":[{"href":"https:\/\/www.kloster-metten.com\/index.php?rest_route=\/wp\/v2\/pages\/11928","targetHints":{"allow":["GET"]}}],"collection":[{"href":"https:\/\/www.kloster-metten.com\/index.php?rest_route=\/wp\/v2\/pages"}],"about":[{"href":"https:\/\/www.kloster-metten.com\/index.php?rest_route=\/wp\/v2\/types\/page"}],"author":[{"embeddable":true,"href":"https:\/\/www.kloster-metten.com\/index.php?rest_route=\/wp\/v2\/users\/5"}],"replies":[{"embeddable":true,"href":"https:\/\/www.kloster-metten.com\/index.php?rest_route=%2Fwp%2Fv2%2Fcomments&post=11928"}],"version-history":[{"count":7,"href":"https:\/\/www.kloster-metten.com\/index.php?rest_route=\/wp\/v2\/pages\/11928\/revisions"}],"predecessor-version":[{"id":13023,"href":"https:\/\/www.kloster-metten.com\/index.php?rest_route=\/wp\/v2\/pages\/11928\/revisions\/13023"}],"up":[{"embeddable":true,"href":"https:\/\/www.kloster-metten.com\/index.php?rest_route=\/wp\/v2\/pages\/12589"}],"wp:attachment":[{"href":"https:\/\/www.kloster-metten.com\/index.php?rest_route=%2Fwp%2Fv2%2Fmedia&parent=11928"}],"curies":[{"name":"wp","href":"https:\/\/api.w.org\/{rel}","templated":true}]}}