{"id":11944,"date":"2018-11-25T21:45:39","date_gmt":"2018-11-25T20:45:39","guid":{"rendered":"http:\/\/www.kloster-metten.de\/?page_id=11944"},"modified":"2019-11-23T09:31:05","modified_gmt":"2019-11-23T08:31:05","slug":"fahrt-zur-forscha-nach-muenchen","status":"publish","type":"page","link":"https:\/\/www.kloster-metten.com\/?page_id=11944","title":{"rendered":"Fahrt zur FORSCHA nach M\u00fcnchen"},"content":{"rendered":"<a href=\"https:\/\/www.kloster-metten.com\/wp-content\/uploads\/2018\/11\/SAM_3685_.jpg\"><img loading=\"lazy\" decoding=\"async\" class=\"size-medium wp-image-11945 alignnone\" title=\"SAM_3685_\" src=\"https:\/\/www.kloster-metten.com\/wp-content\/uploads\/2018\/11\/SAM_3685_-500x374.jpg\" alt=\"\" width=\"500\" height=\"374\" srcset=\"https:\/\/www.kloster-metten.com\/wp-content\/uploads\/2018\/11\/SAM_3685_-500x374.jpg 500w, https:\/\/www.kloster-metten.com\/wp-content\/uploads\/2018\/11\/SAM_3685_-768x574.jpg 768w, https:\/\/www.kloster-metten.com\/wp-content\/uploads\/2018\/11\/SAM_3685_-1024x765.jpg 1024w, https:\/\/www.kloster-metten.com\/wp-content\/uploads\/2018\/11\/SAM_3685_.jpg 1373w\" sizes=\"auto, (max-width: 500px) 100vw, 500px\" \/><\/a><h2>Fahrt zur FORSCHA nach M\u00fcnchen<\/h2><p><\/p>\n<p>Am 16. November\u00a0haben die Technische Hochschule Deggendorf (THD), die MINT-Region Niederbayern und das i!bk Institut f\u00fcr innovative Bildungskonzepte zu einer Fahrt zur Mitmachmesse FORSCHA nach M\u00fcnchen eingeladen.<\/p>\n<p>2019 findet in der Deggendorfer Stadthalle die erste regioFORSCHA in Niederbayern statt. Die Mitmachmesse setzt sich f\u00fcr die F\u00f6rderung des Interesses an MINT-Themen ein. Um sich einen Eindruck zu verschaffen, welche M\u00f6glichkeiten die regioFORSCHA Niederbayern bietet, haben Frau Prinz und P. Thomas die Gelegenheit ergriffen, bei der Er\u00f6ffnung der 9. FORSCHA im MOC M\u00fcnchen dabei zu sein. Bei der Er\u00f6ffnung war auch der erste \u00f6ffentliche Auftritt des neuen Kultusministers Prof. Dr. Michael Piazolo, mit dem im Anschluss\u00a0ein gemeinsamer Messerundgang stattfand. Vielleicht finden sich ja Sponsoren, so dass sich auch die MINT-Schulen auf der Messe zeigen k\u00f6nnen.<\/p>\n\r\n\t\t<style type='text\/css'>\r\n\t\t\t#gallery-1 {\r\n\t\t\t\tmargin: auto;\r\n\t\t\t}\r\n\t\t\t#gallery-1 .gallery-item {\r\n\t\t\t\tfloat: left;\r\n\t\t\t\tmargin-top: 10px;\r\n\t\t\t\ttext-align: center;\r\n\t\t\t\twidth: 33%;\r\n\t\t\t}\r\n\t\t\t#gallery-1 hr {\r\n\t\t\t\theight: 1px;\r\n\t\t\t}\r\n\t\t\t#gallery-1 .gallery-caption {\r\n\t\t\t\tmargin-left: 0;\r\n\t\t\t}\r\n\t\t\t\/* see gallery_shortcode() in wp-includes\/media.php *\/\r\n\t\t<\/style>\n\t\t<div id='gallery-1' class='gallery galleryid-11944 gallery-columns-3 gallery-size-thumbnail'><hr class='null'><dl class='gallery-item'>\r\n\t\t\t<dt class='gallery-icon landscape'>\r\n\t\t\t\t<a title=\"SAM_3595_\"  href='https:\/\/www.kloster-metten.com\/?attachment_id=11949'><img loading=\"lazy\" decoding=\"async\" width=\"170\" height=\"115\" src=\"https:\/\/www.kloster-metten.com\/wp-content\/uploads\/2018\/11\/SAM_3595_-170x115.jpg\" class=\"attachment-thumbnail size-thumbnail\" alt=\"\" \/><\/a>\r\n\t\t\t<\/dt><\/dl><dl class='gallery-item'>\r\n\t\t\t<dt class='gallery-icon portrait'>\r\n\t\t\t\t<a title=\"SAM_3580_\"  href='https:\/\/www.kloster-metten.com\/?attachment_id=11954'><img loading=\"lazy\" decoding=\"async\" width=\"170\" height=\"115\" src=\"https:\/\/www.kloster-metten.com\/wp-content\/uploads\/2018\/11\/SAM_3580_-170x115.jpg\" class=\"attachment-thumbnail size-thumbnail\" alt=\"\" \/><\/a>\r\n\t\t\t<\/dt><\/dl><dl class='gallery-item'>\r\n\t\t\t<dt class='gallery-icon landscape'>\r\n\t\t\t\t<a title=\"SAM_3667_\"  href='https:\/\/www.kloster-metten.com\/?attachment_id=11947'><img loading=\"lazy\" decoding=\"async\" width=\"170\" height=\"115\" src=\"https:\/\/www.kloster-metten.com\/wp-content\/uploads\/2018\/11\/SAM_3667_-170x115.jpg\" class=\"attachment-thumbnail size-thumbnail\" alt=\"\" \/><\/a>\r\n\t\t\t<\/dt><\/dl><br style=\"clear: both\" \/><dl class='gallery-item'>\r\n\t\t\t<dt class='gallery-icon landscape'>\r\n\t\t\t\t<a title=\"SAM_3680_\"  href='https:\/\/www.kloster-metten.com\/?attachment_id=11946'><img loading=\"lazy\" decoding=\"async\" width=\"170\" height=\"115\" src=\"https:\/\/www.kloster-metten.com\/wp-content\/uploads\/2018\/11\/SAM_3680_-170x115.jpg\" class=\"attachment-thumbnail size-thumbnail\" alt=\"\" \/><\/a>\r\n\t\t\t<\/dt><\/dl><dl class='gallery-item'>\r\n\t\t\t<dt class='gallery-icon portrait'>\r\n\t\t\t\t<a title=\"SAM_3664_\"  href='https:\/\/www.kloster-metten.com\/?attachment_id=11951'><img loading=\"lazy\" decoding=\"async\" width=\"170\" height=\"115\" src=\"https:\/\/www.kloster-metten.com\/wp-content\/uploads\/2018\/11\/SAM_3664_-170x115.jpg\" class=\"attachment-thumbnail size-thumbnail\" alt=\"\" \/><\/a>\r\n\t\t\t<\/dt><\/dl><dl class='gallery-item'>\r\n\t\t\t<dt class='gallery-icon landscape'>\r\n\t\t\t\t<a title=\"SAM_3551_\"  href='https:\/\/www.kloster-metten.com\/?attachment_id=11950'><img loading=\"lazy\" decoding=\"async\" width=\"170\" height=\"115\" src=\"https:\/\/www.kloster-metten.com\/wp-content\/uploads\/2018\/11\/SAM_3551_-170x115.jpg\" class=\"attachment-thumbnail size-thumbnail\" alt=\"\" \/><\/a>\r\n\t\t\t<\/dt><\/dl><br style=\"clear: both\" \/><dl class='gallery-item'>\r\n\t\t\t<dt class='gallery-icon landscape'>\r\n\t\t\t\t<a title=\"SAM_3609_\"  href='https:\/\/www.kloster-metten.com\/?attachment_id=11948'><img loading=\"lazy\" decoding=\"async\" width=\"170\" height=\"115\" src=\"https:\/\/www.kloster-metten.com\/wp-content\/uploads\/2018\/11\/SAM_3609_-170x115.jpg\" class=\"attachment-thumbnail size-thumbnail\" alt=\"\" \/><\/a>\r\n\t\t\t<\/dt><\/dl><dl class='gallery-item'>\r\n\t\t\t<dt class='gallery-icon portrait'>\r\n\t\t\t\t<a title=\"SAM_3635_\"  href='https:\/\/www.kloster-metten.com\/?attachment_id=11953'><img loading=\"lazy\" decoding=\"async\" width=\"170\" height=\"115\" src=\"https:\/\/www.kloster-metten.com\/wp-content\/uploads\/2018\/11\/SAM_3635_-170x115.jpg\" class=\"attachment-thumbnail size-thumbnail\" alt=\"\" \/><\/a>\r\n\t\t\t<\/dt><\/dl><dl class='gallery-item'>\r\n\t\t\t<dt class='gallery-icon portrait'>\r\n\t\t\t\t<a title=\"SAM_3632_\"  href='https:\/\/www.kloster-metten.com\/?attachment_id=11952'><img loading=\"lazy\" decoding=\"async\" width=\"170\" height=\"115\" src=\"https:\/\/www.kloster-metten.com\/wp-content\/uploads\/2018\/11\/SAM_3632_-170x115.jpg\" class=\"attachment-thumbnail size-thumbnail\" alt=\"\" \/><\/a>\r\n\t\t\t<\/dt><\/dl><br style=\"clear: both\" \/><dl class='gallery-item'>\r\n\t\t\t<dt class='gallery-icon landscape'>\r\n\t\t\t\t<a title=\"forscha2018_\"  href='https:\/\/www.kloster-metten.com\/?attachment_id=11959'><img loading=\"lazy\" decoding=\"async\" width=\"170\" height=\"115\" src=\"https:\/\/www.kloster-metten.com\/wp-content\/uploads\/2018\/11\/forscha2018_-170x115.jpg\" class=\"attachment-thumbnail size-thumbnail\" alt=\"\" \/><\/a>\r\n\t\t\t<\/dt><\/dl>\r\n\t\t\t<br style='clear: both' \/>\r\n\t\t<\/div>\n\n","protected":false},"excerpt":{"rendered":"<p>Fahrt zur FORSCHA nach M\u00fcnchen Am 16. November\u00a0haben die Technische Hochschule Deggendorf (THD), die MINT-Region Niederbayern und das i!bk Institut f\u00fcr innovative Bildungskonzepte zu einer Fahrt zur Mitmachmesse FORSCHA nach M\u00fcnchen eingeladen. 2019 findet in der Deggendorfer Stadthalle die erste regioFORSCHA in Niederbayern statt. Die Mitmachmesse setzt sich f\u00fcr die F\u00f6rderung des Interesses an MINT-Themen [&hellip;]<\/p>\n","protected":false},"author":5,"featured_media":0,"parent":12589,"menu_order":40,"comment_status":"closed","ping_status":"closed","template":"","meta":{"footnotes":""},"class_list":["post-11944","page","type-page","status-publish","hentry"],"_links":{"self":[{"href":"https:\/\/www.kloster-metten.com\/index.php?rest_route=\/wp\/v2\/pages\/11944","targetHints":{"allow":["GET"]}}],"collection":[{"href":"https:\/\/www.kloster-metten.com\/index.php?rest_route=\/wp\/v2\/pages"}],"about":[{"href":"https:\/\/www.kloster-metten.com\/index.php?rest_route=\/wp\/v2\/types\/page"}],"author":[{"embeddable":true,"href":"https:\/\/www.kloster-metten.com\/index.php?rest_route=\/wp\/v2\/users\/5"}],"replies":[{"embeddable":true,"href":"https:\/\/www.kloster-metten.com\/index.php?rest_route=%2Fwp%2Fv2%2Fcomments&post=11944"}],"version-history":[{"count":3,"href":"https:\/\/www.kloster-metten.com\/index.php?rest_route=\/wp\/v2\/pages\/11944\/revisions"}],"predecessor-version":[{"id":12744,"href":"https:\/\/www.kloster-metten.com\/index.php?rest_route=\/wp\/v2\/pages\/11944\/revisions\/12744"}],"up":[{"embeddable":true,"href":"https:\/\/www.kloster-metten.com\/index.php?rest_route=\/wp\/v2\/pages\/12589"}],"wp:attachment":[{"href":"https:\/\/www.kloster-metten.com\/index.php?rest_route=%2Fwp%2Fv2%2Fmedia&parent=11944"}],"curies":[{"name":"wp","href":"https:\/\/api.w.org\/{rel}","templated":true}]}}