{"id":11970,"date":"2018-11-27T16:57:07","date_gmt":"2018-11-27T15:57:07","guid":{"rendered":"http:\/\/www.kloster-metten.de\/?page_id=11970"},"modified":"2019-11-23T09:29:35","modified_gmt":"2019-11-23T08:29:35","slug":"heilige-hedwig-baierische-herzogin-wohltaetige-landesmutter","status":"publish","type":"page","link":"https:\/\/www.kloster-metten.com\/?page_id=11970","title":{"rendered":"Heilige Hedwig: Baierische Herzogin, Wohlt\u00e4tige Landesmutter"},"content":{"rendered":"<h2>Heilige Hedwig: Baierische Herzogin, Wohlt\u00e4tige Landesmutter<\/h2><p>&nbsp;<\/p>\n<p><img class=\"alignnone wp-image-11967 size-medium\" title=\"Hl. Hedwig Passau Niedernburg um 1410-1420_\" src=\"https:\/\/www.kloster-metten.com\/wp-content\/uploads\/2018\/11\/Hl.-Hedwig-Passau-Niedernburg-um-1410-1420_-311x500.jpg\" alt=\"\" width=\"311\" height=\"500\" \/><\/p>\n<p>\u201eDie k\u00e4mpferische K\u00e4mpferin\u201c \u2013 so wird die Bedeutung des Namens \u201eHedwig\u201c beschrieben. Vom Leben einer au\u00dfergew\u00f6hnlichen Frau \u2013 der Heiligen Hedwig \u2013 erz\u00e4hlt eine aktuelle Ausstellung in der neuen Bibliothek des Klosters Metten. Er\u00f6ffnet wurde die Ausstellung, die auf acht Pr\u00e4sentationstafeln den Inhalt des \u201eHedwig-Codex\u201c aus dem Jahr 1353 zeigt, von Initiator und Schlesienforscher J\u00fcrgen Schwanitz aus Metten.<\/p>\n<p>Um 1174 auf Schloss Andechs am Ammersee geboren, musste die Hl. Hedwig bereits im Jugendalter Herzog Heinrich I. \u201eDen B\u00e4rtigen\u201c heiraten. Sie veranlasste Herzog Heinrich I. zu zahlreichen Klostergr\u00fcndungen auf dem niederschlesischen Gebiet, das bis dahin noch kaum kultiviert war.<\/p>\n<p>Von ihrem starken Glauben zeugen nicht nur ihr Einsatz f\u00fcr Arme und Kranke oder ihre Gr\u00fcndungen von Kirchen und Kl\u00f6stern. Eine Marienstatue habe Hedwig immer bei sich gehabt, um sie immer betrachten zu k\u00f6nnen. Ihren unersch\u00fctterlichen Glauben dr\u00fcckte sie durch eine strenge Lebensf\u00fchrung aus, die unter anderem darin bestand, dass sie auch im Winter keine Schuhe trug. Als ihr das Tragen von Schuhen einmal vom Bischof aufgetragen wurde, kam sie dieser Aufforderung nach \u2013 allerdings dadurch, dass sie die Schuhe \u00fcber dem Arm trug und weiterhin barfu\u00df ging.<\/p>\n<p>So wird sie heute nicht nur als Tr\u00e4gerin einer Kirche dargestellt, sondern auch mit \u00fcber dem Arm h\u00e4ngenden Stiefeln oder mit einer Marienstatue in der Hand. Im Jahr 1267 wurde Hedwig von Papst Clemens IV. heiliggesprochen. Ihr Grab befindet sich in Trzebnica in Polen. Die Heilige Hedwig ist Patronin der Heimatvertriebenen, der Brautleute und von Schlesien.<\/p>\n<p>Zu sehen ist die Ausstellung in der neuen Bibliothek des Klosters Metten noch bis zum 19. Dezember. Der Eintritt ist frei.<\/p>\n<p>Passau, Kloster Niedernburg, Klosterkirche: Heilige Hedwig von Andechs, Steinskultpur, Niederbayern um 1410\/1420 (Foto: Andreas Praefcke\/Wikipedia)<\/p>\n","protected":false},"excerpt":{"rendered":"<p>Heilige Hedwig: Baierische Herzogin, Wohlt\u00e4tige Landesmutter&nbsp; \u201eDie k\u00e4mpferische K\u00e4mpferin\u201c \u2013 so wird die Bedeutung des Namens \u201eHedwig\u201c beschrieben. Vom Leben einer au\u00dfergew\u00f6hnlichen Frau \u2013 der Heiligen Hedwig \u2013 erz\u00e4hlt eine aktuelle Ausstellung in der neuen Bibliothek des Klosters Metten. Er\u00f6ffnet wurde die Ausstellung, die auf acht Pr\u00e4sentationstafeln den Inhalt des \u201eHedwig-Codex\u201c aus dem Jahr 1353 [&hellip;]<\/p>\n","protected":false},"author":5,"featured_media":0,"parent":12589,"menu_order":38,"comment_status":"closed","ping_status":"closed","template":"","meta":{"footnotes":""},"class_list":["post-11970","page","type-page","status-publish","hentry"],"_links":{"self":[{"href":"https:\/\/www.kloster-metten.com\/index.php?rest_route=\/wp\/v2\/pages\/11970","targetHints":{"allow":["GET"]}}],"collection":[{"href":"https:\/\/www.kloster-metten.com\/index.php?rest_route=\/wp\/v2\/pages"}],"about":[{"href":"https:\/\/www.kloster-metten.com\/index.php?rest_route=\/wp\/v2\/types\/page"}],"author":[{"embeddable":true,"href":"https:\/\/www.kloster-metten.com\/index.php?rest_route=\/wp\/v2\/users\/5"}],"replies":[{"embeddable":true,"href":"https:\/\/www.kloster-metten.com\/index.php?rest_route=%2Fwp%2Fv2%2Fcomments&post=11970"}],"version-history":[{"count":2,"href":"https:\/\/www.kloster-metten.com\/index.php?rest_route=\/wp\/v2\/pages\/11970\/revisions"}],"predecessor-version":[{"id":12741,"href":"https:\/\/www.kloster-metten.com\/index.php?rest_route=\/wp\/v2\/pages\/11970\/revisions\/12741"}],"up":[{"embeddable":true,"href":"https:\/\/www.kloster-metten.com\/index.php?rest_route=\/wp\/v2\/pages\/12589"}],"wp:attachment":[{"href":"https:\/\/www.kloster-metten.com\/index.php?rest_route=%2Fwp%2Fv2%2Fmedia&parent=11970"}],"curies":[{"name":"wp","href":"https:\/\/api.w.org\/{rel}","templated":true}]}}