{"id":12015,"date":"2018-12-09T22:50:59","date_gmt":"2018-12-09T21:50:59","guid":{"rendered":"http:\/\/www.kloster-metten.de\/?page_id=12015"},"modified":"2018-12-09T22:51:36","modified_gmt":"2018-12-09T21:51:36","slug":"begeistern-fuer-bionik-nur-spicken-fuehrt-zum-erfolg","status":"publish","type":"page","link":"https:\/\/www.kloster-metten.com\/?page_id=12015","title":{"rendered":"Begeistern f\u00fcr Bionik \u2013 Nur \u201eSpicken\u201c f\u00fchrt zum Erfolg!"},"content":{"rendered":"<a href=\"https:\/\/www.kloster-metten.com\/wp-content\/uploads\/2018\/12\/K800_2018-12-03-11.06.25.jpg\"><img class=\"size-medium wp-image-12012 alignnone\" title=\"K800_2018-12-03 11.06.25\" src=\"https:\/\/www.kloster-metten.com\/wp-content\/uploads\/2018\/12\/K800_2018-12-03-11.06.25-375x500.jpg\" alt=\"\" width=\"375\" height=\"500\" \/><\/a><h2>Begeistern f\u00fcr Bionik \u2013 Nur \u201eSpicken\u201c f\u00fchrt zum Erfolg!<\/h2><p><\/p>\n<h4>Schulbesuch der THD am St. Michaels-Gymnasium Metten mit Bionik-Experimenten<\/h4>\n<p>Anfang Dezember war es wieder soweit: Die 6. Kl\u00e4ssler des St. Michaels-Gymnasiums in Metten durften sich als Forscherinnen und Forscher im Themenbereich Bionik bew\u00e4hren.<\/p>\n<p>Hierzu wurde von der Biologielehrerin Carmen Prinz (Dipl. Biol. und MINT-Koordinatorin am St.-Michaels-Gymnasium) ein Studententeam der Technischen Hochschule Deggendorf eingeladen, das in einem Mitmach-Vortrag, das Themenfeld erst einmal vorstellte. Mit Spannung wurde dann die Experimentierstunde erwartet. Das Besondere an diesem Experimentiertag war, dass sich auch alle Sch\u00fclerinnen und Sch\u00fcler aus der Integrationsklasse der F\u00f6rderschule St.-Notker mit beteiligt haben!<\/p>\n<p>Bionik ist eine Forschungsrichtung, in der sich Naturwissenschaftler und Ingenieure Erkenntnisse aus der Natur zu Nutze machen, um neue technologische Erfindungen f\u00fcr unsere Zukunft zu entwickeln. Denn zu gerne w\u00fcrden auch wir Menschen fliegen k\u00f6nnen wie ein Vogel, blitzschnell durch Wasser gleiten wie ein Haifisch oder senkrecht die W\u00e4nde hochlaufen k\u00f6nnen wie ein Gecko!<\/p>\n<p>Mit viel Eifer entdeckten die Sch\u00fclerinnen und Sch\u00fcler dann z.B. unter dem Mikroskop die erstaunlichen Eigenschaften einer unscheinbaren Pflanze namens Klette und des aus unserem Leben nicht mehr wegzudenkenden Klettverschlusses. Selbst ausprobieren und experimentieren, wieviel schneller sich z.B. eine str\u00f6mungsg\u00fcnstige Form im Wasser bewegt (von den Fischen abgeschaute Bionik), das machte allen viel Spa\u00df! Und das schwierige Thema \u201eAuftrieb\u201c wurde mit dem F\u00f6n zu einem ganz leicht verst\u00e4ndlichen Experiment.<\/p>\n<p>Es war erstaunlich, wie toll auch die Sch\u00fclerinnen und Sch\u00fcler aus der Integrationsklasse z.B. ganz selbstverst\u00e4ndlich mit der Stoppuhr umgingen um die Geschwindigkeit der unterschiedlichen Holzk\u00f6rper im Wasser zu messen und zu vergleichen. Sie wurden dabei von den Mettener Gymnasiasten einf\u00fchlsam beim Experimentieren betreut.<\/p>\n<p>\r\n\t\t<style type='text\/css'>\r\n\t\t\t#gallery-1 {\r\n\t\t\t\tmargin: auto;\r\n\t\t\t}\r\n\t\t\t#gallery-1 .gallery-item {\r\n\t\t\t\tfloat: left;\r\n\t\t\t\tmargin-top: 10px;\r\n\t\t\t\ttext-align: center;\r\n\t\t\t\twidth: 33%;\r\n\t\t\t}\r\n\t\t\t#gallery-1 hr {\r\n\t\t\t\theight: 1px;\r\n\t\t\t}\r\n\t\t\t#gallery-1 .gallery-caption {\r\n\t\t\t\tmargin-left: 0;\r\n\t\t\t}\r\n\t\t\t\/* see gallery_shortcode() in wp-includes\/media.php *\/\r\n\t\t<\/style>\n\t\t<div id='gallery-1' class='gallery galleryid-12015 gallery-columns-3 gallery-size-thumbnail'><hr class='null'><dl class='gallery-item'>\r\n\t\t\t<dt class='gallery-icon landscape'>\r\n\t\t\t\t<a title=\"K800_2018-12-03 11.13.33\"  href='https:\/\/www.kloster-metten.com\/?attachment_id=12013'><img width=\"170\" height=\"115\" src=\"https:\/\/www.kloster-metten.com\/wp-content\/uploads\/2018\/12\/K800_2018-12-03-11.13.33-170x115.jpg\" class=\"attachment-thumbnail size-thumbnail\" alt=\"\" \/><\/a>\r\n\t\t\t<\/dt><\/dl><dl class='gallery-item'>\r\n\t\t\t<dt class='gallery-icon landscape'>\r\n\t\t\t\t<a title=\"K800_2018-12-03 11.05.06\"  href='https:\/\/www.kloster-metten.com\/?attachment_id=12011'><img width=\"170\" height=\"115\" src=\"https:\/\/www.kloster-metten.com\/wp-content\/uploads\/2018\/12\/K800_2018-12-03-11.05.06-170x115.jpg\" class=\"attachment-thumbnail size-thumbnail\" alt=\"\" \/><\/a>\r\n\t\t\t<\/dt><\/dl><dl class='gallery-item'>\r\n\t\t\t<dt class='gallery-icon landscape'>\r\n\t\t\t\t<a title=\"K800_2018-12-03 11.04.40\"  href='https:\/\/www.kloster-metten.com\/?attachment_id=12010'><img width=\"170\" height=\"115\" src=\"https:\/\/www.kloster-metten.com\/wp-content\/uploads\/2018\/12\/K800_2018-12-03-11.04.40-170x115.jpg\" class=\"attachment-thumbnail size-thumbnail\" alt=\"\" \/><\/a>\r\n\t\t\t<\/dt><\/dl><br style=\"clear: both\" \/><dl class='gallery-item'>\r\n\t\t\t<dt class='gallery-icon portrait'>\r\n\t\t\t\t<a title=\"K800_2018-12-03 10.01.24\"  href='https:\/\/www.kloster-metten.com\/?attachment_id=12009'><img width=\"170\" height=\"115\" src=\"https:\/\/www.kloster-metten.com\/wp-content\/uploads\/2018\/12\/K800_2018-12-03-10.01.24-170x115.jpg\" class=\"attachment-thumbnail size-thumbnail\" alt=\"\" \/><\/a>\r\n\t\t\t<\/dt><\/dl><dl class='gallery-item'>\r\n\t\t\t<dt class='gallery-icon landscape'>\r\n\t\t\t\t<a title=\"K800_2018-12-03 09.44.18\"  href='https:\/\/www.kloster-metten.com\/?attachment_id=12008'><img width=\"170\" height=\"115\" src=\"https:\/\/www.kloster-metten.com\/wp-content\/uploads\/2018\/12\/K800_2018-12-03-09.44.18-170x115.jpg\" class=\"attachment-thumbnail size-thumbnail\" alt=\"\" \/><\/a>\r\n\t\t\t<\/dt><\/dl>\r\n\t\t\t<br style='clear: both' \/>\r\n\t\t<\/div>\n<\/p>\n<p>&nbsp;<\/p>\n","protected":false},"excerpt":{"rendered":"<p>Begeistern f\u00fcr Bionik \u2013 Nur \u201eSpicken\u201c f\u00fchrt zum Erfolg! Schulbesuch der THD am St. Michaels-Gymnasium Metten mit Bionik-Experimenten Anfang Dezember war es wieder soweit: Die 6. Kl\u00e4ssler des St. Michaels-Gymnasiums in Metten durften sich als Forscherinnen und Forscher im Themenbereich Bionik bew\u00e4hren. Hierzu wurde von der Biologielehrerin Carmen Prinz (Dipl. Biol. und MINT-Koordinatorin am St.-Michaels-Gymnasium) [&hellip;]<\/p>\n","protected":false},"author":5,"featured_media":0,"parent":5394,"menu_order":-69,"comment_status":"closed","ping_status":"closed","template":"","meta":{"footnotes":""},"class_list":["post-12015","page","type-page","status-publish","hentry"],"_links":{"self":[{"href":"https:\/\/www.kloster-metten.com\/index.php?rest_route=\/wp\/v2\/pages\/12015","targetHints":{"allow":["GET"]}}],"collection":[{"href":"https:\/\/www.kloster-metten.com\/index.php?rest_route=\/wp\/v2\/pages"}],"about":[{"href":"https:\/\/www.kloster-metten.com\/index.php?rest_route=\/wp\/v2\/types\/page"}],"author":[{"embeddable":true,"href":"https:\/\/www.kloster-metten.com\/index.php?rest_route=\/wp\/v2\/users\/5"}],"replies":[{"embeddable":true,"href":"https:\/\/www.kloster-metten.com\/index.php?rest_route=%2Fwp%2Fv2%2Fcomments&post=12015"}],"version-history":[{"count":1,"href":"https:\/\/www.kloster-metten.com\/index.php?rest_route=\/wp\/v2\/pages\/12015\/revisions"}],"predecessor-version":[{"id":12016,"href":"https:\/\/www.kloster-metten.com\/index.php?rest_route=\/wp\/v2\/pages\/12015\/revisions\/12016"}],"up":[{"embeddable":true,"href":"https:\/\/www.kloster-metten.com\/index.php?rest_route=\/wp\/v2\/pages\/5394"}],"wp:attachment":[{"href":"https:\/\/www.kloster-metten.com\/index.php?rest_route=%2Fwp%2Fv2%2Fmedia&parent=12015"}],"curies":[{"name":"wp","href":"https:\/\/api.w.org\/{rel}","templated":true}]}}